{"id":5522,"date":"2024-04-07T16:50:13","date_gmt":"2024-04-07T16:50:13","guid":{"rendered":"https:\/\/waaqt-arabicdial.com\/?post_type=product&#038;p=5522"},"modified":"2024-05-28T14:33:50","modified_gmt":"2024-05-28T14:33:50","slug":"bruin-lederen-horlogeband-2","status":"publish","type":"product","link":"https:\/\/waaqt-arabicdial.com\/nl\/produit\/bracelet-montre-cuir-marron\/","title":{"rendered":"Vintage bruin leren horlogeband"},"content":{"rendered":"<h2>Voeg een vleugje elegantie toe aan je horloge met onze Vintage Bruin Leren Horlogeband voor heren. Onze Vintage Bruin Leren Horlogebanden zijn verkrijgbaar in de volgende maten om perfect op je horloge te passen: 12 mm, 14 mm, 16 mm, 18 mm, 20 mm, 22 mm en 24 mm. Vind de perfecte maat voor een perfecte pasvorm en optimaal comfort.<\/h2>\n<h3>Belangrijkste kenmerken:<\/h3>\n<ul>\n<li><strong>Echt leer van hoge kwaliteit<\/strong> Deze armband is gemaakt van echt kalfsleer en heeft een superieure nerf voor uitzonderlijke duurzaamheid en een luxe uitstraling.<\/li>\n<li><strong>Optimaal comfort<\/strong> Het zachte, comfortabele leer past zich perfect aan je pols aan, waardoor je hem de hele dag comfortabel kunt dragen.<\/li>\n<li><strong>Waterbestendig en ademend<\/strong> Deze armband is ontworpen om water te weerstaan en je huid te laten ademen, zodat je zelfs in natte omstandigheden optimaal comfort hebt.<\/li>\n<li><strong>Verzilverde roestvrijstalen gesp<\/strong> De zilverkleurige stalen gesp voegt een vleugje verfijning en robuustheid toe en vormt een perfecte aanvulling op het vintage bruine leer.<\/li>\n<\/ul>\n<h3>Waarom kiezen voor onze Vintage horlogeband van bruin leer?<\/h3>\n<p>Dit bruine leren horlogebandje is de ideale keuze voor wie op zoek is naar een mix van klassieke stijl en modern comfort. De hoogwaardige constructie van echt leer zorgt niet alleen voor een stijlvolle uitstraling, maar ook voor duurzaamheid op de lange termijn.<\/p>\n<p>Ontdek voor een nog verfijndere stijl de <a href=\"https:\/\/waaqt-arabicdial.com\/nl\/product-2\/zwart-krokodillenleren-horlogeband-2\/\">Zwart Krokodillenleren Horlogeband<\/a>Probeer het en je zult het geweldig vinden!<\/p>","protected":false},"excerpt":{"rendered":"<p>Onze horlogeband is <strong>compatibel met alle soorten en merken horloges<\/strong>. Het is <strong>geleverd met gereedschap<\/strong> Praktisch voor het eenvoudig aanbrengen en verwijderen van polsbandjes.<\/p>","protected":false},"featured_media":5972,"comment_status":"open","ping_status":"closed","template":"","meta":{"site-sidebar-layout":"default","site-content-layout":"","ast-site-content-layout":"default","site-content-style":"default","site-sidebar-style":"default","ast-global-header-display":"","ast-banner-title-visibility":"","ast-main-header-display":"","ast-hfb-above-header-display":"","ast-hfb-below-header-display":"","ast-hfb-mobile-header-display":"","site-post-title":"","ast-breadcrumbs-content":"","ast-featured-img":"","footer-sml-layout":"","ast-disable-related-posts":"","theme-transparent-header-meta":"default","adv-header-id-meta":"","stick-header-meta":"","header-above-stick-meta":"","header-main-stick-meta":"","header-below-stick-meta":"","astra-migrate-meta-layouts":"set","ast-page-background-enabled":"default","ast-page-background-meta":{"desktop":{"background-color":"","background-image":"","background-repeat":"repeat","background-position":"center center","background-size":"auto","background-attachment":"scroll","background-type":"","background-media":"","overlay-type":"","overlay-color":"","overlay-opacity":"","overlay-gradient":""},"tablet":{"background-color":"","background-image":"","background-repeat":"repeat","background-position":"center center","background-size":"auto","background-attachment":"scroll","background-type":"","background-media":"","overlay-type":"","overlay-color":"","overlay-opacity":"","overlay-gradient":""},"mobile":{"background-color":"","background-image":"","background-repeat":"repeat","background-position":"center center","background-size":"auto","background-attachment":"scroll","background-type":"","background-media":"","overlay-type":"","overlay-color":"","overlay-opacity":"","overlay-gradient":""}},"ast-content-background-meta":{"desktop":{"background-color":"var(--ast-global-color-5)","background-image":"","background-repeat":"repeat","background-position":"center center","background-size":"auto","background-attachment":"scroll","background-type":"","background-media":"","overlay-type":"","overlay-color":"","overlay-opacity":"","overlay-gradient":""},"tablet":{"background-color":"var(--ast-global-color-5)","background-image":"","background-repeat":"repeat","background-position":"center center","background-size":"auto","background-attachment":"scroll","background-type":"","background-media":"","overlay-type":"","overlay-color":"","overlay-opacity":"","overlay-gradient":""},"mobile":{"background-color":"var(--ast-global-color-5)","background-image":"","background-repeat":"repeat","background-position":"center center","background-size":"auto","background-attachment":"scroll","background-type":"","background-media":"","overlay-type":"","overlay-color":"","overlay-opacity":"","overlay-gradient":""}}},"product_brand":[],"product_cat":[110],"product_tag":[],"class_list":{"0":"post-5522","1":"product","2":"type-product","3":"status-publish","4":"has-post-thumbnail","6":"product_cat-bracelet-montre-seiko","7":"desktop-align-center","8":"tablet-align-center","9":"mobile-align-center","10":"ast-product-gallery-layout-vertical","11":"ast-product-gallery-with-no-image","12":"ast-product-single-variable","13":"ast-product-tabs-layout-accordion","15":"first","16":"instock","17":"taxable","18":"shipping-taxable","19":"purchasable","20":"product-type-variable"},"yoast_head":"<!-- This site is optimized with the Yoast SEO plugin v27.4 - https:\/\/yoast.com\/product\/yoast-seo-wordpress\/ -->\n<title>Bracelet Montre Cuir Marron Vintage | Livraison Offerte \u2611\ufe0f<\/title>\n<meta name=\"description\" content=\"D\u00e9couvrez notre bracelet montre en cuir marron vintage. Parfait pour les montres Seiko, ce bracelet en cuir v\u00e9ritable apporte une touche \u00e0 votre poignet \u2611\ufe0f\" \/>\n<meta name=\"robots\" content=\"index, follow, max-snippet:-1, max-image-preview:large, max-video-preview:-1\" \/>\n<link rel=\"canonical\" href=\"https:\/\/waaqt-arabicdial.com\/nl\/product-2\/bruin-lederen-horlogeband-2\/\" \/>\n<meta property=\"og:locale\" content=\"nl_NL\" \/>\n<meta property=\"og:type\" content=\"article\" \/>\n<meta property=\"og:title\" content=\"Bracelet Montre Cuir Marron Vintage | Livraison Offerte \u2611\ufe0f\" \/>\n<meta property=\"og:description\" content=\"D\u00e9couvrez notre bracelet montre en cuir marron vintage. Parfait pour les montres Seiko, ce bracelet en cuir v\u00e9ritable apporte une touche \u00e0 votre poignet \u2611\ufe0f\" \/>\n<meta property=\"og:url\" content=\"https:\/\/waaqt-arabicdial.com\/nl\/product-2\/bruin-lederen-horlogeband-2\/\" \/>\n<meta property=\"og:site_name\" content=\"Waaqt - Expert Seiko Arabic Dial\" \/>\n<meta property=\"article:modified_time\" content=\"2024-05-28T14:33:50+00:00\" \/>\n<meta property=\"og:image\" content=\"https:\/\/waaqt-arabicdial.com\/wp-content\/uploads\/2024\/04\/resized_image_1.png\" \/>\n\t<meta property=\"og:image:width\" content=\"500\" \/>\n\t<meta property=\"og:image:height\" content=\"500\" \/>\n\t<meta property=\"og:image:type\" content=\"image\/png\" \/>\n<meta name=\"twitter:card\" content=\"summary_large_image\" \/>\n<meta name=\"twitter:label1\" content=\"Geschatte leestijd\" \/>\n\t<meta name=\"twitter:data1\" content=\"2 minuten\" \/>\n<script type=\"application\/ld+json\" class=\"yoast-schema-graph\">{\"@context\":\"https:\\\/\\\/schema.org\",\"@graph\":[{\"@type\":\"WebPage\",\"@id\":\"https:\\\/\\\/waaqt-arabicdial.com\\\/produit\\\/bracelet-montre-cuir-marron\\\/\",\"url\":\"https:\\\/\\\/waaqt-arabicdial.com\\\/produit\\\/bracelet-montre-cuir-marron\\\/\",\"name\":\"Bracelet Montre Cuir Marron Vintage | Livraison Offerte \u2611\ufe0f\",\"isPartOf\":{\"@id\":\"https:\\\/\\\/waaqt-arabicdial.com\\\/#website\"},\"primaryImageOfPage\":{\"@id\":\"https:\\\/\\\/waaqt-arabicdial.com\\\/produit\\\/bracelet-montre-cuir-marron\\\/#primaryimage\"},\"image\":{\"@id\":\"https:\\\/\\\/waaqt-arabicdial.com\\\/produit\\\/bracelet-montre-cuir-marron\\\/#primaryimage\"},\"thumbnailUrl\":\"https:\\\/\\\/waaqt-arabicdial.com\\\/wp-content\\\/uploads\\\/2024\\\/04\\\/resized_image_1.png\",\"datePublished\":\"2024-04-07T16:50:13+00:00\",\"dateModified\":\"2024-05-28T14:33:50+00:00\",\"description\":\"D\u00e9couvrez notre bracelet montre en cuir marron vintage. Parfait pour les montres Seiko, ce bracelet en cuir v\u00e9ritable apporte une touche \u00e0 votre poignet \u2611\ufe0f\",\"breadcrumb\":{\"@id\":\"https:\\\/\\\/waaqt-arabicdial.com\\\/produit\\\/bracelet-montre-cuir-marron\\\/#breadcrumb\"},\"inLanguage\":\"nl-NL\",\"potentialAction\":[{\"@type\":\"ReadAction\",\"target\":[\"https:\\\/\\\/waaqt-arabicdial.com\\\/produit\\\/bracelet-montre-cuir-marron\\\/\"]}]},{\"@type\":\"ImageObject\",\"inLanguage\":\"nl-NL\",\"@id\":\"https:\\\/\\\/waaqt-arabicdial.com\\\/produit\\\/bracelet-montre-cuir-marron\\\/#primaryimage\",\"url\":\"https:\\\/\\\/waaqt-arabicdial.com\\\/wp-content\\\/uploads\\\/2024\\\/04\\\/resized_image_1.png\",\"contentUrl\":\"https:\\\/\\\/waaqt-arabicdial.com\\\/wp-content\\\/uploads\\\/2024\\\/04\\\/resized_image_1.png\",\"width\":500,\"height\":500,\"caption\":\"Bracelet montre cuir vintage marron\"},{\"@type\":\"BreadcrumbList\",\"@id\":\"https:\\\/\\\/waaqt-arabicdial.com\\\/produit\\\/bracelet-montre-cuir-marron\\\/#breadcrumb\",\"itemListElement\":[{\"@type\":\"ListItem\",\"position\":1,\"name\":\"Accueil\",\"item\":\"https:\\\/\\\/waaqt-arabicdial.com\\\/\"},{\"@type\":\"ListItem\",\"position\":2,\"name\":\"Montres Seiko Arabic Dial authentiques\",\"item\":\"https:\\\/\\\/waaqt-arabicdial.com\\\/shop\\\/\"},{\"@type\":\"ListItem\",\"position\":3,\"name\":\"Bracelet Montre Cuir Marron Vintage\"}]},{\"@type\":\"WebSite\",\"@id\":\"https:\\\/\\\/waaqt-arabicdial.com\\\/#website\",\"url\":\"https:\\\/\\\/waaqt-arabicdial.com\\\/\",\"name\":\"Waaqt - Expert Seiko Arabic Dial\",\"description\":\"Expert Seiko Arabic Dial en France\",\"publisher\":{\"@id\":\"https:\\\/\\\/waaqt-arabicdial.com\\\/#organization\"},\"potentialAction\":[{\"@type\":\"SearchAction\",\"target\":{\"@type\":\"EntryPoint\",\"urlTemplate\":\"https:\\\/\\\/waaqt-arabicdial.com\\\/?s={search_term_string}\"},\"query-input\":{\"@type\":\"PropertyValueSpecification\",\"valueRequired\":true,\"valueName\":\"search_term_string\"}}],\"inLanguage\":\"nl-NL\"},{\"@type\":\"Organization\",\"@id\":\"https:\\\/\\\/waaqt-arabicdial.com\\\/#organization\",\"name\":\"Waaqt - Expert Seiko Arabic Dial\",\"url\":\"https:\\\/\\\/waaqt-arabicdial.com\\\/\",\"logo\":{\"@type\":\"ImageObject\",\"inLanguage\":\"nl-NL\",\"@id\":\"https:\\\/\\\/waaqt-arabicdial.com\\\/#\\\/schema\\\/logo\\\/image\\\/\",\"url\":\"https:\\\/\\\/waaqt-arabicdial.com\\\/wp-content\\\/uploads\\\/2023\\\/06\\\/WhatsApp_Image_2023-05-26_a_22.33.08-removebg-preview.png\",\"contentUrl\":\"https:\\\/\\\/waaqt-arabicdial.com\\\/wp-content\\\/uploads\\\/2023\\\/06\\\/WhatsApp_Image_2023-05-26_a_22.33.08-removebg-preview.png\",\"width\":500,\"height\":500,\"caption\":\"Waaqt - Expert Seiko Arabic Dial\"},\"image\":{\"@id\":\"https:\\\/\\\/waaqt-arabicdial.com\\\/#\\\/schema\\\/logo\\\/image\\\/\"},\"sameAs\":[\"https:\\\/\\\/www.tiktok.com\\\/@waaqt.com?_t=8ctOXkcAvyV&_r=1\"]}]}<\/script>\n<!-- \/ Yoast SEO plugin. -->","yoast_head_json":{"title":"Bracelet Montre Cuir Marron Vintage | Livraison Offerte \u2611\ufe0f","description":"D\u00e9couvrez notre bracelet montre en cuir marron vintage. Parfait pour les montres Seiko, ce bracelet en cuir v\u00e9ritable apporte une touche \u00e0 votre poignet \u2611\ufe0f","robots":{"index":"index","follow":"follow","max-snippet":"max-snippet:-1","max-image-preview":"max-image-preview:large","max-video-preview":"max-video-preview:-1"},"canonical":"https:\/\/waaqt-arabicdial.com\/nl\/product-2\/bruin-lederen-horlogeband-2\/","og_locale":"nl_NL","og_type":"article","og_title":"Bracelet Montre Cuir Marron Vintage | Livraison Offerte \u2611\ufe0f","og_description":"D\u00e9couvrez notre bracelet montre en cuir marron vintage. Parfait pour les montres Seiko, ce bracelet en cuir v\u00e9ritable apporte une touche \u00e0 votre poignet \u2611\ufe0f","og_url":"https:\/\/waaqt-arabicdial.com\/nl\/product-2\/bruin-lederen-horlogeband-2\/","og_site_name":"Waaqt - Expert Seiko Arabic Dial","article_modified_time":"2024-05-28T14:33:50+00:00","og_image":[{"width":500,"height":500,"url":"https:\/\/waaqt-arabicdial.com\/wp-content\/uploads\/2024\/04\/resized_image_1.png","type":"image\/png"}],"twitter_card":"summary_large_image","twitter_misc":{"Geschatte leestijd":"2 minuten"},"schema":{"@context":"https:\/\/schema.org","@graph":[{"@type":"WebPage","@id":"https:\/\/waaqt-arabicdial.com\/produit\/bracelet-montre-cuir-marron\/","url":"https:\/\/waaqt-arabicdial.com\/produit\/bracelet-montre-cuir-marron\/","name":"Bracelet Montre Cuir Marron Vintage | Livraison Offerte \u2611\ufe0f","isPartOf":{"@id":"https:\/\/waaqt-arabicdial.com\/#website"},"primaryImageOfPage":{"@id":"https:\/\/waaqt-arabicdial.com\/produit\/bracelet-montre-cuir-marron\/#primaryimage"},"image":{"@id":"https:\/\/waaqt-arabicdial.com\/produit\/bracelet-montre-cuir-marron\/#primaryimage"},"thumbnailUrl":"https:\/\/waaqt-arabicdial.com\/wp-content\/uploads\/2024\/04\/resized_image_1.png","datePublished":"2024-04-07T16:50:13+00:00","dateModified":"2024-05-28T14:33:50+00:00","description":"D\u00e9couvrez notre bracelet montre en cuir marron vintage. Parfait pour les montres Seiko, ce bracelet en cuir v\u00e9ritable apporte une touche \u00e0 votre poignet \u2611\ufe0f","breadcrumb":{"@id":"https:\/\/waaqt-arabicdial.com\/produit\/bracelet-montre-cuir-marron\/#breadcrumb"},"inLanguage":"nl-NL","potentialAction":[{"@type":"ReadAction","target":["https:\/\/waaqt-arabicdial.com\/produit\/bracelet-montre-cuir-marron\/"]}]},{"@type":"ImageObject","inLanguage":"nl-NL","@id":"https:\/\/waaqt-arabicdial.com\/produit\/bracelet-montre-cuir-marron\/#primaryimage","url":"https:\/\/waaqt-arabicdial.com\/wp-content\/uploads\/2024\/04\/resized_image_1.png","contentUrl":"https:\/\/waaqt-arabicdial.com\/wp-content\/uploads\/2024\/04\/resized_image_1.png","width":500,"height":500,"caption":"Bracelet montre cuir vintage marron"},{"@type":"BreadcrumbList","@id":"https:\/\/waaqt-arabicdial.com\/produit\/bracelet-montre-cuir-marron\/#breadcrumb","itemListElement":[{"@type":"ListItem","position":1,"name":"Accueil","item":"https:\/\/waaqt-arabicdial.com\/"},{"@type":"ListItem","position":2,"name":"Montres Seiko Arabic Dial authentiques","item":"https:\/\/waaqt-arabicdial.com\/shop\/"},{"@type":"ListItem","position":3,"name":"Bracelet Montre Cuir Marron Vintage"}]},{"@type":"WebSite","@id":"https:\/\/waaqt-arabicdial.com\/#website","url":"https:\/\/waaqt-arabicdial.com\/","name":"Waaqt - Expert Seiko Arabic Dial","description":"Expert Seiko Arabic Dial en France","publisher":{"@id":"https:\/\/waaqt-arabicdial.com\/#organization"},"potentialAction":[{"@type":"SearchAction","target":{"@type":"EntryPoint","urlTemplate":"https:\/\/waaqt-arabicdial.com\/?s={search_term_string}"},"query-input":{"@type":"PropertyValueSpecification","valueRequired":true,"valueName":"search_term_string"}}],"inLanguage":"nl-NL"},{"@type":"Organization","@id":"https:\/\/waaqt-arabicdial.com\/#organization","name":"Waaqt - Expert Seiko Arabic Dial","url":"https:\/\/waaqt-arabicdial.com\/","logo":{"@type":"ImageObject","inLanguage":"nl-NL","@id":"https:\/\/waaqt-arabicdial.com\/#\/schema\/logo\/image\/","url":"https:\/\/waaqt-arabicdial.com\/wp-content\/uploads\/2023\/06\/WhatsApp_Image_2023-05-26_a_22.33.08-removebg-preview.png","contentUrl":"https:\/\/waaqt-arabicdial.com\/wp-content\/uploads\/2023\/06\/WhatsApp_Image_2023-05-26_a_22.33.08-removebg-preview.png","width":500,"height":500,"caption":"Waaqt - Expert Seiko Arabic Dial"},"image":{"@id":"https:\/\/waaqt-arabicdial.com\/#\/schema\/logo\/image\/"},"sameAs":["https:\/\/www.tiktok.com\/@waaqt.com?_t=8ctOXkcAvyV&_r=1"]}]}},"jetpack_sharing_enabled":true,"_links":{"self":[{"href":"https:\/\/waaqt-arabicdial.com\/nl\/wp-json\/wp\/v2\/product\/5522","targetHints":{"allow":["GET"]}}],"collection":[{"href":"https:\/\/waaqt-arabicdial.com\/nl\/wp-json\/wp\/v2\/product"}],"about":[{"href":"https:\/\/waaqt-arabicdial.com\/nl\/wp-json\/wp\/v2\/types\/product"}],"replies":[{"embeddable":true,"href":"https:\/\/waaqt-arabicdial.com\/nl\/wp-json\/wp\/v2\/comments?post=5522"}],"version-history":[{"count":6,"href":"https:\/\/waaqt-arabicdial.com\/nl\/wp-json\/wp\/v2\/product\/5522\/revisions"}],"predecessor-version":[{"id":6047,"href":"https:\/\/waaqt-arabicdial.com\/nl\/wp-json\/wp\/v2\/product\/5522\/revisions\/6047"}],"wp:featuredmedia":[{"embeddable":true,"href":"https:\/\/waaqt-arabicdial.com\/nl\/wp-json\/wp\/v2\/media\/5972"}],"wp:attachment":[{"href":"https:\/\/waaqt-arabicdial.com\/nl\/wp-json\/wp\/v2\/media?parent=5522"}],"wp:term":[{"taxonomy":"product_brand","embeddable":true,"href":"https:\/\/waaqt-arabicdial.com\/nl\/wp-json\/wp\/v2\/product_brand?post=5522"},{"taxonomy":"product_cat","embeddable":true,"href":"https:\/\/waaqt-arabicdial.com\/nl\/wp-json\/wp\/v2\/product_cat?post=5522"},{"taxonomy":"product_tag","embeddable":true,"href":"https:\/\/waaqt-arabicdial.com\/nl\/wp-json\/wp\/v2\/product_tag?post=5522"}],"curies":[{"name":"wp","href":"https:\/\/api.w.org\/{rel}","templated":true}]}}