{"id":5085,"date":"2024-09-08T21:58:23","date_gmt":"2024-09-08T21:58:23","guid":{"rendered":"https:\/\/waaqt-arabicdial.com\/?post_type=product&#038;p=5085"},"modified":"2024-09-09T09:52:50","modified_gmt":"2024-09-09T09:52:50","slug":"seiko-tank-swr066-femme","status":"publish","type":"product","link":"https:\/\/waaqt-arabicdial.com\/nl\/produit\/seiko-tank-swr066-femme\/","title":{"rendered":"Seiko Tank SWR066 Dames"},"content":{"rendered":"<p>Het Seiko Tank SWR066 dameshorloge is het ideale accessoire voor wie op zoek is naar een stijl die zowel gekleed als sportief is. Het traditionele rechthoekige ontwerp wordt aangevuld met een champagnekleurige sunray wijzerplaat, die een vleugje glans toevoegt voor dagelijks gebruik.<\/p>\n<h2><strong>Kenmerken van de Seiko Tank SWR066 :<\/strong><\/h2>\n<ul>\n<li><strong>Zaak<\/strong> 19 mm roestvrij staal, duurzaam en elegant.<\/li>\n<li><strong>Bel<\/strong> Champagne met een zonnestraal ontwerp dat het licht prachtig vangt.<\/li>\n<li><strong>Glas<\/strong> Hardlex kristal voor verbeterde krasbestendigheid.<\/li>\n<li><strong>Kroon<\/strong> Cabochonkroon: een verfijnd detail dat de elegantie van het horloge onderstreept.<\/li>\n<li><strong>Armband<\/strong> Bruin leer, comfortabel en chic, geschikt voor alle gelegenheden.<\/li>\n<li><strong>Waterbestendigheid<\/strong> Waterbestendigheid: 3 ATM, geschikt voor dagelijkse activiteiten zonder zorgen over water.<\/li>\n<\/ul>\n<p>Als je ons vrouwelijke model hebt gezien, mag je de <a href=\"https:\/\/waaqt-arabicdial.com\/nl\/product-2\/seiko-tank-swr052-unisexe\/\">Seiko Tank SWR052<\/a> Unisex, met een stijl die bij iedereen past, of bekijk ons volledige assortiment in de <a href=\"https:\/\/waaqt-arabicdial.com\/nl\/productcategorie\/seiko-tank\/\">Seiko Tank Unisex<\/a>.<\/p>","protected":false},"excerpt":{"rendered":"<p>Het Seiko Tank SWR066 dameshorloge is het ideale accessoire voor wie op zoek is naar een stijl die zowel gekleed als sportief is. Het traditionele rechthoekige ontwerp wordt aangevuld met een champagnekleurige sunray wijzerplaat, die een vleugje sprankeling toevoegt voor dagelijks gebruik. Kenmerken van de Seiko Tank SWR066: Kast: Gemaakt van roestvrij staal.<\/p>","protected":false},"featured_media":5100,"comment_status":"open","ping_status":"closed","template":"","meta":{"site-sidebar-layout":"default","site-content-layout":"","ast-site-content-layout":"default","site-content-style":"default","site-sidebar-style":"default","ast-global-header-display":"","ast-banner-title-visibility":"","ast-main-header-display":"","ast-hfb-above-header-display":"","ast-hfb-below-header-display":"","ast-hfb-mobile-header-display":"","site-post-title":"","ast-breadcrumbs-content":"","ast-featured-img":"","footer-sml-layout":"","ast-disable-related-posts":"","theme-transparent-header-meta":"default","adv-header-id-meta":"","stick-header-meta":"","header-above-stick-meta":"","header-main-stick-meta":"","header-below-stick-meta":"","astra-migrate-meta-layouts":"set","ast-page-background-enabled":"default","ast-page-background-meta":{"desktop":{"background-color":"","background-image":"","background-repeat":"repeat","background-position":"center center","background-size":"auto","background-attachment":"scroll","background-type":"","background-media":"","overlay-type":"","overlay-color":"","overlay-opacity":"","overlay-gradient":""},"tablet":{"background-color":"","background-image":"","background-repeat":"repeat","background-position":"center center","background-size":"auto","background-attachment":"scroll","background-type":"","background-media":"","overlay-type":"","overlay-color":"","overlay-opacity":"","overlay-gradient":""},"mobile":{"background-color":"","background-image":"","background-repeat":"repeat","background-position":"center center","background-size":"auto","background-attachment":"scroll","background-type":"","background-media":"","overlay-type":"","overlay-color":"","overlay-opacity":"","overlay-gradient":""}},"ast-content-background-meta":{"desktop":{"background-color":"var(--ast-global-color-5)","background-image":"","background-repeat":"repeat","background-position":"center center","background-size":"auto","background-attachment":"scroll","background-type":"","background-media":"","overlay-type":"","overlay-color":"","overlay-opacity":"","overlay-gradient":""},"tablet":{"background-color":"var(--ast-global-color-5)","background-image":"","background-repeat":"repeat","background-position":"center center","background-size":"auto","background-attachment":"scroll","background-type":"","background-media":"","overlay-type":"","overlay-color":"","overlay-opacity":"","overlay-gradient":""},"mobile":{"background-color":"var(--ast-global-color-5)","background-image":"","background-repeat":"repeat","background-position":"center center","background-size":"auto","background-attachment":"scroll","background-type":"","background-media":"","overlay-type":"","overlay-color":"","overlay-opacity":"","overlay-gradient":""}}},"product_brand":[],"product_cat":[154],"product_tag":[],"class_list":{"0":"post-5085","1":"product","2":"type-product","3":"status-publish","4":"has-post-thumbnail","6":"product_cat-seiko-tank","7":"desktop-align-center","8":"tablet-align-center","9":"mobile-align-center","10":"ast-product-gallery-layout-vertical","11":"ast-product-tabs-layout-accordion","13":"first","14":"instock","15":"taxable","16":"shipping-taxable","17":"purchasable","18":"product-type-simple"},"yoast_head":"<!-- This site is optimized with the Yoast SEO plugin v27.4 - https:\/\/yoast.com\/product\/yoast-seo-wordpress\/ -->\n<title>Seiko Tank SWR066 Femme | Livraison Offerte \u2611\ufe0f<\/title>\n<meta name=\"description\" content=\"\u00c9l\u00e9gance et fonctionnalit\u00e9 se rencontrent dans la montre Seiko Tank SWR066 pour femme, parfaite pour toute occasion. Authenticit\u00e9 Garantie \u2713\" \/>\n<meta name=\"robots\" content=\"index, follow, max-snippet:-1, max-image-preview:large, max-video-preview:-1\" \/>\n<link rel=\"canonical\" href=\"https:\/\/waaqt-arabicdial.com\/nl\/product-2\/seiko-tank-swr066-femme\/\" \/>\n<meta property=\"og:locale\" content=\"nl_NL\" \/>\n<meta property=\"og:type\" content=\"article\" \/>\n<meta property=\"og:title\" content=\"Seiko Tank SWR066 Femme | Livraison Offerte \u2611\ufe0f\" \/>\n<meta property=\"og:description\" content=\"\u00c9l\u00e9gance et fonctionnalit\u00e9 se rencontrent dans la montre Seiko Tank SWR066 pour femme, parfaite pour toute occasion. Authenticit\u00e9 Garantie \u2713\" \/>\n<meta property=\"og:url\" content=\"https:\/\/waaqt-arabicdial.com\/nl\/product-2\/seiko-tank-swr066-femme\/\" \/>\n<meta property=\"og:site_name\" content=\"Waaqt - Expert Seiko Arabic Dial\" \/>\n<meta property=\"article:modified_time\" content=\"2024-09-09T09:52:50+00:00\" \/>\n<meta property=\"og:image\" content=\"https:\/\/waaqt-arabicdial.com\/wp-content\/uploads\/2024\/01\/54.png\" \/>\n\t<meta property=\"og:image:width\" content=\"500\" \/>\n\t<meta property=\"og:image:height\" content=\"500\" \/>\n\t<meta property=\"og:image:type\" content=\"image\/png\" \/>\n<meta name=\"twitter:card\" content=\"summary_large_image\" \/>\n<meta name=\"twitter:label1\" content=\"Geschatte leestijd\" \/>\n\t<meta name=\"twitter:data1\" content=\"1 minuut\" \/>\n<script type=\"application\/ld+json\" class=\"yoast-schema-graph\">{\"@context\":\"https:\\\/\\\/schema.org\",\"@graph\":[{\"@type\":\"WebPage\",\"@id\":\"https:\\\/\\\/waaqt-arabicdial.com\\\/produit\\\/seiko-tank-swr066-femme\\\/\",\"url\":\"https:\\\/\\\/waaqt-arabicdial.com\\\/produit\\\/seiko-tank-swr066-femme\\\/\",\"name\":\"Seiko Tank SWR066 Femme | Livraison Offerte \u2611\ufe0f\",\"isPartOf\":{\"@id\":\"https:\\\/\\\/waaqt-arabicdial.com\\\/#website\"},\"primaryImageOfPage\":{\"@id\":\"https:\\\/\\\/waaqt-arabicdial.com\\\/produit\\\/seiko-tank-swr066-femme\\\/#primaryimage\"},\"image\":{\"@id\":\"https:\\\/\\\/waaqt-arabicdial.com\\\/produit\\\/seiko-tank-swr066-femme\\\/#primaryimage\"},\"thumbnailUrl\":\"https:\\\/\\\/waaqt-arabicdial.com\\\/wp-content\\\/uploads\\\/2024\\\/01\\\/54.png\",\"datePublished\":\"2024-09-08T21:58:23+00:00\",\"dateModified\":\"2024-09-09T09:52:50+00:00\",\"description\":\"\u00c9l\u00e9gance et fonctionnalit\u00e9 se rencontrent dans la montre Seiko Tank SWR066 pour femme, parfaite pour toute occasion. Authenticit\u00e9 Garantie \u2713\",\"breadcrumb\":{\"@id\":\"https:\\\/\\\/waaqt-arabicdial.com\\\/produit\\\/seiko-tank-swr066-femme\\\/#breadcrumb\"},\"inLanguage\":\"nl-NL\",\"potentialAction\":[{\"@type\":\"ReadAction\",\"target\":[\"https:\\\/\\\/waaqt-arabicdial.com\\\/produit\\\/seiko-tank-swr066-femme\\\/\"]}]},{\"@type\":\"ImageObject\",\"inLanguage\":\"nl-NL\",\"@id\":\"https:\\\/\\\/waaqt-arabicdial.com\\\/produit\\\/seiko-tank-swr066-femme\\\/#primaryimage\",\"url\":\"https:\\\/\\\/waaqt-arabicdial.com\\\/wp-content\\\/uploads\\\/2024\\\/01\\\/54.png\",\"contentUrl\":\"https:\\\/\\\/waaqt-arabicdial.com\\\/wp-content\\\/uploads\\\/2024\\\/01\\\/54.png\",\"width\":500,\"height\":500,\"caption\":\"seiko tank swr066 femme\"},{\"@type\":\"BreadcrumbList\",\"@id\":\"https:\\\/\\\/waaqt-arabicdial.com\\\/produit\\\/seiko-tank-swr066-femme\\\/#breadcrumb\",\"itemListElement\":[{\"@type\":\"ListItem\",\"position\":1,\"name\":\"Accueil\",\"item\":\"https:\\\/\\\/waaqt-arabicdial.com\\\/\"},{\"@type\":\"ListItem\",\"position\":2,\"name\":\"Montres Seiko Arabic Dial authentiques\",\"item\":\"https:\\\/\\\/waaqt-arabicdial.com\\\/shop\\\/\"},{\"@type\":\"ListItem\",\"position\":3,\"name\":\"Seiko Tank SWR066 Femme\"}]},{\"@type\":\"WebSite\",\"@id\":\"https:\\\/\\\/waaqt-arabicdial.com\\\/#website\",\"url\":\"https:\\\/\\\/waaqt-arabicdial.com\\\/\",\"name\":\"Waaqt - Expert Seiko Arabic Dial\",\"description\":\"Expert Seiko Arabic Dial en France\",\"publisher\":{\"@id\":\"https:\\\/\\\/waaqt-arabicdial.com\\\/#organization\"},\"potentialAction\":[{\"@type\":\"SearchAction\",\"target\":{\"@type\":\"EntryPoint\",\"urlTemplate\":\"https:\\\/\\\/waaqt-arabicdial.com\\\/?s={search_term_string}\"},\"query-input\":{\"@type\":\"PropertyValueSpecification\",\"valueRequired\":true,\"valueName\":\"search_term_string\"}}],\"inLanguage\":\"nl-NL\"},{\"@type\":\"Organization\",\"@id\":\"https:\\\/\\\/waaqt-arabicdial.com\\\/#organization\",\"name\":\"Waaqt - Expert Seiko Arabic Dial\",\"url\":\"https:\\\/\\\/waaqt-arabicdial.com\\\/\",\"logo\":{\"@type\":\"ImageObject\",\"inLanguage\":\"nl-NL\",\"@id\":\"https:\\\/\\\/waaqt-arabicdial.com\\\/#\\\/schema\\\/logo\\\/image\\\/\",\"url\":\"https:\\\/\\\/waaqt-arabicdial.com\\\/wp-content\\\/uploads\\\/2023\\\/06\\\/WhatsApp_Image_2023-05-26_a_22.33.08-removebg-preview.png\",\"contentUrl\":\"https:\\\/\\\/waaqt-arabicdial.com\\\/wp-content\\\/uploads\\\/2023\\\/06\\\/WhatsApp_Image_2023-05-26_a_22.33.08-removebg-preview.png\",\"width\":500,\"height\":500,\"caption\":\"Waaqt - Expert Seiko Arabic Dial\"},\"image\":{\"@id\":\"https:\\\/\\\/waaqt-arabicdial.com\\\/#\\\/schema\\\/logo\\\/image\\\/\"},\"sameAs\":[\"https:\\\/\\\/www.tiktok.com\\\/@waaqt.com?_t=8ctOXkcAvyV&_r=1\"]}]}<\/script>\n<!-- \/ Yoast SEO plugin. -->","yoast_head_json":{"title":"Seiko Tank SWR066 Femme | Livraison Offerte \u2611\ufe0f","description":"\u00c9l\u00e9gance et fonctionnalit\u00e9 se rencontrent dans la montre Seiko Tank SWR066 pour femme, parfaite pour toute occasion. Authenticit\u00e9 Garantie \u2713","robots":{"index":"index","follow":"follow","max-snippet":"max-snippet:-1","max-image-preview":"max-image-preview:large","max-video-preview":"max-video-preview:-1"},"canonical":"https:\/\/waaqt-arabicdial.com\/nl\/product-2\/seiko-tank-swr066-femme\/","og_locale":"nl_NL","og_type":"article","og_title":"Seiko Tank SWR066 Femme | Livraison Offerte \u2611\ufe0f","og_description":"\u00c9l\u00e9gance et fonctionnalit\u00e9 se rencontrent dans la montre Seiko Tank SWR066 pour femme, parfaite pour toute occasion. Authenticit\u00e9 Garantie \u2713","og_url":"https:\/\/waaqt-arabicdial.com\/nl\/product-2\/seiko-tank-swr066-femme\/","og_site_name":"Waaqt - Expert Seiko Arabic Dial","article_modified_time":"2024-09-09T09:52:50+00:00","og_image":[{"width":500,"height":500,"url":"https:\/\/waaqt-arabicdial.com\/wp-content\/uploads\/2024\/01\/54.png","type":"image\/png"}],"twitter_card":"summary_large_image","twitter_misc":{"Geschatte leestijd":"1 minuut"},"schema":{"@context":"https:\/\/schema.org","@graph":[{"@type":"WebPage","@id":"https:\/\/waaqt-arabicdial.com\/produit\/seiko-tank-swr066-femme\/","url":"https:\/\/waaqt-arabicdial.com\/produit\/seiko-tank-swr066-femme\/","name":"Seiko Tank SWR066 Femme | Livraison Offerte \u2611\ufe0f","isPartOf":{"@id":"https:\/\/waaqt-arabicdial.com\/#website"},"primaryImageOfPage":{"@id":"https:\/\/waaqt-arabicdial.com\/produit\/seiko-tank-swr066-femme\/#primaryimage"},"image":{"@id":"https:\/\/waaqt-arabicdial.com\/produit\/seiko-tank-swr066-femme\/#primaryimage"},"thumbnailUrl":"https:\/\/waaqt-arabicdial.com\/wp-content\/uploads\/2024\/01\/54.png","datePublished":"2024-09-08T21:58:23+00:00","dateModified":"2024-09-09T09:52:50+00:00","description":"\u00c9l\u00e9gance et fonctionnalit\u00e9 se rencontrent dans la montre Seiko Tank SWR066 pour femme, parfaite pour toute occasion. Authenticit\u00e9 Garantie \u2713","breadcrumb":{"@id":"https:\/\/waaqt-arabicdial.com\/produit\/seiko-tank-swr066-femme\/#breadcrumb"},"inLanguage":"nl-NL","potentialAction":[{"@type":"ReadAction","target":["https:\/\/waaqt-arabicdial.com\/produit\/seiko-tank-swr066-femme\/"]}]},{"@type":"ImageObject","inLanguage":"nl-NL","@id":"https:\/\/waaqt-arabicdial.com\/produit\/seiko-tank-swr066-femme\/#primaryimage","url":"https:\/\/waaqt-arabicdial.com\/wp-content\/uploads\/2024\/01\/54.png","contentUrl":"https:\/\/waaqt-arabicdial.com\/wp-content\/uploads\/2024\/01\/54.png","width":500,"height":500,"caption":"seiko tank swr066 femme"},{"@type":"BreadcrumbList","@id":"https:\/\/waaqt-arabicdial.com\/produit\/seiko-tank-swr066-femme\/#breadcrumb","itemListElement":[{"@type":"ListItem","position":1,"name":"Accueil","item":"https:\/\/waaqt-arabicdial.com\/"},{"@type":"ListItem","position":2,"name":"Montres Seiko Arabic Dial authentiques","item":"https:\/\/waaqt-arabicdial.com\/shop\/"},{"@type":"ListItem","position":3,"name":"Seiko Tank SWR066 Femme"}]},{"@type":"WebSite","@id":"https:\/\/waaqt-arabicdial.com\/#website","url":"https:\/\/waaqt-arabicdial.com\/","name":"Waaqt - Expert Seiko Arabic Dial","description":"Expert Seiko Arabic Dial en France","publisher":{"@id":"https:\/\/waaqt-arabicdial.com\/#organization"},"potentialAction":[{"@type":"SearchAction","target":{"@type":"EntryPoint","urlTemplate":"https:\/\/waaqt-arabicdial.com\/?s={search_term_string}"},"query-input":{"@type":"PropertyValueSpecification","valueRequired":true,"valueName":"search_term_string"}}],"inLanguage":"nl-NL"},{"@type":"Organization","@id":"https:\/\/waaqt-arabicdial.com\/#organization","name":"Waaqt - Expert Seiko Arabic Dial","url":"https:\/\/waaqt-arabicdial.com\/","logo":{"@type":"ImageObject","inLanguage":"nl-NL","@id":"https:\/\/waaqt-arabicdial.com\/#\/schema\/logo\/image\/","url":"https:\/\/waaqt-arabicdial.com\/wp-content\/uploads\/2023\/06\/WhatsApp_Image_2023-05-26_a_22.33.08-removebg-preview.png","contentUrl":"https:\/\/waaqt-arabicdial.com\/wp-content\/uploads\/2023\/06\/WhatsApp_Image_2023-05-26_a_22.33.08-removebg-preview.png","width":500,"height":500,"caption":"Waaqt - Expert Seiko Arabic Dial"},"image":{"@id":"https:\/\/waaqt-arabicdial.com\/#\/schema\/logo\/image\/"},"sameAs":["https:\/\/www.tiktok.com\/@waaqt.com?_t=8ctOXkcAvyV&_r=1"]}]}},"jetpack_sharing_enabled":true,"_links":{"self":[{"href":"https:\/\/waaqt-arabicdial.com\/nl\/wp-json\/wp\/v2\/product\/5085","targetHints":{"allow":["GET"]}}],"collection":[{"href":"https:\/\/waaqt-arabicdial.com\/nl\/wp-json\/wp\/v2\/product"}],"about":[{"href":"https:\/\/waaqt-arabicdial.com\/nl\/wp-json\/wp\/v2\/types\/product"}],"replies":[{"embeddable":true,"href":"https:\/\/waaqt-arabicdial.com\/nl\/wp-json\/wp\/v2\/comments?post=5085"}],"version-history":[{"count":4,"href":"https:\/\/waaqt-arabicdial.com\/nl\/wp-json\/wp\/v2\/product\/5085\/revisions"}],"predecessor-version":[{"id":6946,"href":"https:\/\/waaqt-arabicdial.com\/nl\/wp-json\/wp\/v2\/product\/5085\/revisions\/6946"}],"wp:featuredmedia":[{"embeddable":true,"href":"https:\/\/waaqt-arabicdial.com\/nl\/wp-json\/wp\/v2\/media\/5100"}],"wp:attachment":[{"href":"https:\/\/waaqt-arabicdial.com\/nl\/wp-json\/wp\/v2\/media?parent=5085"}],"wp:term":[{"taxonomy":"product_brand","embeddable":true,"href":"https:\/\/waaqt-arabicdial.com\/nl\/wp-json\/wp\/v2\/product_brand?post=5085"},{"taxonomy":"product_cat","embeddable":true,"href":"https:\/\/waaqt-arabicdial.com\/nl\/wp-json\/wp\/v2\/product_cat?post=5085"},{"taxonomy":"product_tag","embeddable":true,"href":"https:\/\/waaqt-arabicdial.com\/nl\/wp-json\/wp\/v2\/product_tag?post=5085"}],"curies":[{"name":"wp","href":"https:\/\/api.w.org\/{rel}","templated":true}]}}