{"id":5013,"date":"2024-09-08T21:58:17","date_gmt":"2024-09-08T21:58:17","guid":{"rendered":"https:\/\/waaqt-arabicdial.com\/?post_type=product&#038;p=5013"},"modified":"2024-09-09T09:53:54","modified_gmt":"2024-09-09T09:53:54","slug":"seiko-tank-swr049-homme","status":"publish","type":"product","link":"https:\/\/waaqt-arabicdial.com\/nl\/produit\/seiko-tank-swr049-homme\/","title":{"rendered":"Seiko Tank SWR049 Heren"},"content":{"rendered":"<p>De Seiko Tank SWR049 is een horloge dat een eerbetoon is aan het emblematische ontwerp van de Cartier Tank. Met zijn vierkante verchroomde kast en krokodillenleren band combineert dit horloge verfijning en functionaliteit voor de moderne gentleman.<\/p>\n<h3>Kenmerken van de Seiko Tank SWR049P1<\/h3>\n<ul>\n<li><strong>Zaak<\/strong> Vierkant en verchroomd, 28 mm breed en 6 mm dik. Dit ontwerp biedt een elegante, gemakkelijk te dragen look.<\/li>\n<li><strong>Bel<\/strong> Hij is zilverkleurig en versierd met Romeinse cijfers die een klassieke touch toevoegen.<\/li>\n<li><strong>Kroon<\/strong> Versierd met een zwarte cabochon, voegt het een verfijnde afwerking toe en is het gemakkelijk te hanteren.<\/li>\n<li><strong>Armband<\/strong> Zwart krokodillenleer met een robuuste, elegante gesp voor comfort en duurzaamheid.<\/li>\n<li><strong>Waterbestendigheid<\/strong> Waterbestendigheid: Het horloge is waterbestendig tot 3 ATM, waardoor het geschikt is voor alledaagse spatjes.<\/li>\n<\/ul>\n<p>Lees meer over onze <a href=\"https:\/\/waaqt-arabicdial.com\/nl\/product-2\/seiko-tank-swr053-femme\/\">Seiko Tank SWR053<\/a> Dameshorloge, perfect voor wie op zoek is naar een elegant en discreet horloge, of bezoek de <a href=\"https:\/\/waaqt-arabicdial.com\/nl\/productcategorie\/seiko-tank\/\">Seiko Tank vintage<\/a> om andere modellen te ontdekken.<\/p>","protected":false},"excerpt":{"rendered":"<p>De Seiko Tank SWR049 is een horloge dat een eerbetoon is aan het emblematische ontwerp van de Cartier Tank. Met zijn vierkante verchroomde kast en krokodillenleren band combineert dit horloge verfijning en functionaliteit voor de moderne gentleman. Kenmerken van de Seiko Tank SWR049P1 Kast: Vierkant en verchroomd, met een diameter van 28 mm.<\/p>","protected":false},"featured_media":5038,"comment_status":"open","ping_status":"closed","template":"","meta":{"site-sidebar-layout":"default","site-content-layout":"","ast-site-content-layout":"default","site-content-style":"default","site-sidebar-style":"default","ast-global-header-display":"","ast-banner-title-visibility":"","ast-main-header-display":"","ast-hfb-above-header-display":"","ast-hfb-below-header-display":"","ast-hfb-mobile-header-display":"","site-post-title":"","ast-breadcrumbs-content":"","ast-featured-img":"","footer-sml-layout":"","ast-disable-related-posts":"","theme-transparent-header-meta":"default","adv-header-id-meta":"","stick-header-meta":"","header-above-stick-meta":"","header-main-stick-meta":"","header-below-stick-meta":"","astra-migrate-meta-layouts":"set","ast-page-background-enabled":"default","ast-page-background-meta":{"desktop":{"background-color":"","background-image":"","background-repeat":"repeat","background-position":"center center","background-size":"auto","background-attachment":"scroll","background-type":"","background-media":"","overlay-type":"","overlay-color":"","overlay-opacity":"","overlay-gradient":""},"tablet":{"background-color":"","background-image":"","background-repeat":"repeat","background-position":"center center","background-size":"auto","background-attachment":"scroll","background-type":"","background-media":"","overlay-type":"","overlay-color":"","overlay-opacity":"","overlay-gradient":""},"mobile":{"background-color":"","background-image":"","background-repeat":"repeat","background-position":"center center","background-size":"auto","background-attachment":"scroll","background-type":"","background-media":"","overlay-type":"","overlay-color":"","overlay-opacity":"","overlay-gradient":""}},"ast-content-background-meta":{"desktop":{"background-color":"var(--ast-global-color-5)","background-image":"","background-repeat":"repeat","background-position":"center center","background-size":"auto","background-attachment":"scroll","background-type":"","background-media":"","overlay-type":"","overlay-color":"","overlay-opacity":"","overlay-gradient":""},"tablet":{"background-color":"var(--ast-global-color-5)","background-image":"","background-repeat":"repeat","background-position":"center center","background-size":"auto","background-attachment":"scroll","background-type":"","background-media":"","overlay-type":"","overlay-color":"","overlay-opacity":"","overlay-gradient":""},"mobile":{"background-color":"var(--ast-global-color-5)","background-image":"","background-repeat":"repeat","background-position":"center center","background-size":"auto","background-attachment":"scroll","background-type":"","background-media":"","overlay-type":"","overlay-color":"","overlay-opacity":"","overlay-gradient":""}}},"product_brand":[],"product_cat":[154],"product_tag":[],"class_list":{"0":"post-5013","1":"product","2":"type-product","3":"status-publish","4":"has-post-thumbnail","6":"product_cat-seiko-tank","7":"desktop-align-center","8":"tablet-align-center","9":"mobile-align-center","10":"ast-product-gallery-layout-vertical","11":"ast-product-tabs-layout-accordion","13":"first","14":"instock","15":"taxable","16":"shipping-taxable","17":"purchasable","18":"product-type-simple"},"yoast_head":"<!-- This site is optimized with the Yoast SEO plugin v27.4 - https:\/\/yoast.com\/product\/yoast-seo-wordpress\/ -->\n<title>Seiko Tank SWR049 Homme | Livraison Offerte \u2611\ufe0f<\/title>\n<meta name=\"description\" content=\"Explorez la montre Seiko Tank SWR049 pour homme avec un bo\u00eetier carr\u00e9 \u00e9l\u00e9gant et un bracelet en cuir noir. Authenticit\u00e9 Garantie \u2713\" \/>\n<meta name=\"robots\" content=\"index, follow, max-snippet:-1, max-image-preview:large, max-video-preview:-1\" \/>\n<link rel=\"canonical\" href=\"https:\/\/waaqt-arabicdial.com\/nl\/product-2\/seiko-tank-swr049-homme\/\" \/>\n<meta property=\"og:locale\" content=\"nl_NL\" \/>\n<meta property=\"og:type\" content=\"article\" \/>\n<meta property=\"og:title\" content=\"Seiko Tank SWR049 Homme | Livraison Offerte \u2611\ufe0f\" \/>\n<meta property=\"og:description\" content=\"Explorez la montre Seiko Tank SWR049 pour homme avec un bo\u00eetier carr\u00e9 \u00e9l\u00e9gant et un bracelet en cuir noir. Authenticit\u00e9 Garantie \u2713\" \/>\n<meta property=\"og:url\" content=\"https:\/\/waaqt-arabicdial.com\/nl\/product-2\/seiko-tank-swr049-homme\/\" \/>\n<meta property=\"og:site_name\" content=\"Waaqt - Expert Seiko Arabic Dial\" \/>\n<meta property=\"article:modified_time\" content=\"2024-09-09T09:53:54+00:00\" \/>\n<meta property=\"og:image\" content=\"https:\/\/waaqt-arabicdial.com\/wp-content\/uploads\/2024\/01\/swr049-1.png\" \/>\n\t<meta property=\"og:image:width\" content=\"500\" \/>\n\t<meta property=\"og:image:height\" content=\"500\" \/>\n\t<meta property=\"og:image:type\" content=\"image\/png\" \/>\n<meta name=\"twitter:card\" content=\"summary_large_image\" \/>\n<meta name=\"twitter:label1\" content=\"Geschatte leestijd\" \/>\n\t<meta name=\"twitter:data1\" content=\"2 minuten\" \/>\n<script type=\"application\/ld+json\" class=\"yoast-schema-graph\">{\"@context\":\"https:\\\/\\\/schema.org\",\"@graph\":[{\"@type\":\"WebPage\",\"@id\":\"https:\\\/\\\/waaqt-arabicdial.com\\\/produit\\\/seiko-tank-swr049-homme\\\/\",\"url\":\"https:\\\/\\\/waaqt-arabicdial.com\\\/produit\\\/seiko-tank-swr049-homme\\\/\",\"name\":\"Seiko Tank SWR049 Homme | Livraison Offerte \u2611\ufe0f\",\"isPartOf\":{\"@id\":\"https:\\\/\\\/waaqt-arabicdial.com\\\/#website\"},\"primaryImageOfPage\":{\"@id\":\"https:\\\/\\\/waaqt-arabicdial.com\\\/produit\\\/seiko-tank-swr049-homme\\\/#primaryimage\"},\"image\":{\"@id\":\"https:\\\/\\\/waaqt-arabicdial.com\\\/produit\\\/seiko-tank-swr049-homme\\\/#primaryimage\"},\"thumbnailUrl\":\"https:\\\/\\\/waaqt-arabicdial.com\\\/wp-content\\\/uploads\\\/2024\\\/01\\\/swr049-1.png\",\"datePublished\":\"2024-09-08T21:58:17+00:00\",\"dateModified\":\"2024-09-09T09:53:54+00:00\",\"description\":\"Explorez la montre Seiko Tank SWR049 pour homme avec un bo\u00eetier carr\u00e9 \u00e9l\u00e9gant et un bracelet en cuir noir. Authenticit\u00e9 Garantie \u2713\",\"breadcrumb\":{\"@id\":\"https:\\\/\\\/waaqt-arabicdial.com\\\/produit\\\/seiko-tank-swr049-homme\\\/#breadcrumb\"},\"inLanguage\":\"nl-NL\",\"potentialAction\":[{\"@type\":\"ReadAction\",\"target\":[\"https:\\\/\\\/waaqt-arabicdial.com\\\/produit\\\/seiko-tank-swr049-homme\\\/\"]}]},{\"@type\":\"ImageObject\",\"inLanguage\":\"nl-NL\",\"@id\":\"https:\\\/\\\/waaqt-arabicdial.com\\\/produit\\\/seiko-tank-swr049-homme\\\/#primaryimage\",\"url\":\"https:\\\/\\\/waaqt-arabicdial.com\\\/wp-content\\\/uploads\\\/2024\\\/01\\\/swr049-1.png\",\"contentUrl\":\"https:\\\/\\\/waaqt-arabicdial.com\\\/wp-content\\\/uploads\\\/2024\\\/01\\\/swr049-1.png\",\"width\":500,\"height\":500,\"caption\":\"seiko tank swr049\"},{\"@type\":\"BreadcrumbList\",\"@id\":\"https:\\\/\\\/waaqt-arabicdial.com\\\/produit\\\/seiko-tank-swr049-homme\\\/#breadcrumb\",\"itemListElement\":[{\"@type\":\"ListItem\",\"position\":1,\"name\":\"Accueil\",\"item\":\"https:\\\/\\\/waaqt-arabicdial.com\\\/\"},{\"@type\":\"ListItem\",\"position\":2,\"name\":\"Montres Seiko Arabic Dial authentiques\",\"item\":\"https:\\\/\\\/waaqt-arabicdial.com\\\/shop\\\/\"},{\"@type\":\"ListItem\",\"position\":3,\"name\":\"Seiko Tank SWR049 Homme\"}]},{\"@type\":\"WebSite\",\"@id\":\"https:\\\/\\\/waaqt-arabicdial.com\\\/#website\",\"url\":\"https:\\\/\\\/waaqt-arabicdial.com\\\/\",\"name\":\"Waaqt - Expert Seiko Arabic Dial\",\"description\":\"Expert Seiko Arabic Dial en France\",\"publisher\":{\"@id\":\"https:\\\/\\\/waaqt-arabicdial.com\\\/#organization\"},\"potentialAction\":[{\"@type\":\"SearchAction\",\"target\":{\"@type\":\"EntryPoint\",\"urlTemplate\":\"https:\\\/\\\/waaqt-arabicdial.com\\\/?s={search_term_string}\"},\"query-input\":{\"@type\":\"PropertyValueSpecification\",\"valueRequired\":true,\"valueName\":\"search_term_string\"}}],\"inLanguage\":\"nl-NL\"},{\"@type\":\"Organization\",\"@id\":\"https:\\\/\\\/waaqt-arabicdial.com\\\/#organization\",\"name\":\"Waaqt - Expert Seiko Arabic Dial\",\"url\":\"https:\\\/\\\/waaqt-arabicdial.com\\\/\",\"logo\":{\"@type\":\"ImageObject\",\"inLanguage\":\"nl-NL\",\"@id\":\"https:\\\/\\\/waaqt-arabicdial.com\\\/#\\\/schema\\\/logo\\\/image\\\/\",\"url\":\"https:\\\/\\\/waaqt-arabicdial.com\\\/wp-content\\\/uploads\\\/2023\\\/06\\\/WhatsApp_Image_2023-05-26_a_22.33.08-removebg-preview.png\",\"contentUrl\":\"https:\\\/\\\/waaqt-arabicdial.com\\\/wp-content\\\/uploads\\\/2023\\\/06\\\/WhatsApp_Image_2023-05-26_a_22.33.08-removebg-preview.png\",\"width\":500,\"height\":500,\"caption\":\"Waaqt - Expert Seiko Arabic Dial\"},\"image\":{\"@id\":\"https:\\\/\\\/waaqt-arabicdial.com\\\/#\\\/schema\\\/logo\\\/image\\\/\"},\"sameAs\":[\"https:\\\/\\\/www.tiktok.com\\\/@waaqt.com?_t=8ctOXkcAvyV&_r=1\"]}]}<\/script>\n<!-- \/ Yoast SEO plugin. -->","yoast_head_json":{"title":"Seiko Tank SWR049 Homme | Livraison Offerte \u2611\ufe0f","description":"Explorez la montre Seiko Tank SWR049 pour homme avec un bo\u00eetier carr\u00e9 \u00e9l\u00e9gant et un bracelet en cuir noir. Authenticit\u00e9 Garantie \u2713","robots":{"index":"index","follow":"follow","max-snippet":"max-snippet:-1","max-image-preview":"max-image-preview:large","max-video-preview":"max-video-preview:-1"},"canonical":"https:\/\/waaqt-arabicdial.com\/nl\/product-2\/seiko-tank-swr049-homme\/","og_locale":"nl_NL","og_type":"article","og_title":"Seiko Tank SWR049 Homme | Livraison Offerte \u2611\ufe0f","og_description":"Explorez la montre Seiko Tank SWR049 pour homme avec un bo\u00eetier carr\u00e9 \u00e9l\u00e9gant et un bracelet en cuir noir. Authenticit\u00e9 Garantie \u2713","og_url":"https:\/\/waaqt-arabicdial.com\/nl\/product-2\/seiko-tank-swr049-homme\/","og_site_name":"Waaqt - Expert Seiko Arabic Dial","article_modified_time":"2024-09-09T09:53:54+00:00","og_image":[{"width":500,"height":500,"url":"https:\/\/waaqt-arabicdial.com\/wp-content\/uploads\/2024\/01\/swr049-1.png","type":"image\/png"}],"twitter_card":"summary_large_image","twitter_misc":{"Geschatte leestijd":"2 minuten"},"schema":{"@context":"https:\/\/schema.org","@graph":[{"@type":"WebPage","@id":"https:\/\/waaqt-arabicdial.com\/produit\/seiko-tank-swr049-homme\/","url":"https:\/\/waaqt-arabicdial.com\/produit\/seiko-tank-swr049-homme\/","name":"Seiko Tank SWR049 Homme | Livraison Offerte \u2611\ufe0f","isPartOf":{"@id":"https:\/\/waaqt-arabicdial.com\/#website"},"primaryImageOfPage":{"@id":"https:\/\/waaqt-arabicdial.com\/produit\/seiko-tank-swr049-homme\/#primaryimage"},"image":{"@id":"https:\/\/waaqt-arabicdial.com\/produit\/seiko-tank-swr049-homme\/#primaryimage"},"thumbnailUrl":"https:\/\/waaqt-arabicdial.com\/wp-content\/uploads\/2024\/01\/swr049-1.png","datePublished":"2024-09-08T21:58:17+00:00","dateModified":"2024-09-09T09:53:54+00:00","description":"Explorez la montre Seiko Tank SWR049 pour homme avec un bo\u00eetier carr\u00e9 \u00e9l\u00e9gant et un bracelet en cuir noir. Authenticit\u00e9 Garantie \u2713","breadcrumb":{"@id":"https:\/\/waaqt-arabicdial.com\/produit\/seiko-tank-swr049-homme\/#breadcrumb"},"inLanguage":"nl-NL","potentialAction":[{"@type":"ReadAction","target":["https:\/\/waaqt-arabicdial.com\/produit\/seiko-tank-swr049-homme\/"]}]},{"@type":"ImageObject","inLanguage":"nl-NL","@id":"https:\/\/waaqt-arabicdial.com\/produit\/seiko-tank-swr049-homme\/#primaryimage","url":"https:\/\/waaqt-arabicdial.com\/wp-content\/uploads\/2024\/01\/swr049-1.png","contentUrl":"https:\/\/waaqt-arabicdial.com\/wp-content\/uploads\/2024\/01\/swr049-1.png","width":500,"height":500,"caption":"seiko tank swr049"},{"@type":"BreadcrumbList","@id":"https:\/\/waaqt-arabicdial.com\/produit\/seiko-tank-swr049-homme\/#breadcrumb","itemListElement":[{"@type":"ListItem","position":1,"name":"Accueil","item":"https:\/\/waaqt-arabicdial.com\/"},{"@type":"ListItem","position":2,"name":"Montres Seiko Arabic Dial authentiques","item":"https:\/\/waaqt-arabicdial.com\/shop\/"},{"@type":"ListItem","position":3,"name":"Seiko Tank SWR049 Homme"}]},{"@type":"WebSite","@id":"https:\/\/waaqt-arabicdial.com\/#website","url":"https:\/\/waaqt-arabicdial.com\/","name":"Waaqt - Expert Seiko Arabic Dial","description":"Expert Seiko Arabic Dial en France","publisher":{"@id":"https:\/\/waaqt-arabicdial.com\/#organization"},"potentialAction":[{"@type":"SearchAction","target":{"@type":"EntryPoint","urlTemplate":"https:\/\/waaqt-arabicdial.com\/?s={search_term_string}"},"query-input":{"@type":"PropertyValueSpecification","valueRequired":true,"valueName":"search_term_string"}}],"inLanguage":"nl-NL"},{"@type":"Organization","@id":"https:\/\/waaqt-arabicdial.com\/#organization","name":"Waaqt - Expert Seiko Arabic Dial","url":"https:\/\/waaqt-arabicdial.com\/","logo":{"@type":"ImageObject","inLanguage":"nl-NL","@id":"https:\/\/waaqt-arabicdial.com\/#\/schema\/logo\/image\/","url":"https:\/\/waaqt-arabicdial.com\/wp-content\/uploads\/2023\/06\/WhatsApp_Image_2023-05-26_a_22.33.08-removebg-preview.png","contentUrl":"https:\/\/waaqt-arabicdial.com\/wp-content\/uploads\/2023\/06\/WhatsApp_Image_2023-05-26_a_22.33.08-removebg-preview.png","width":500,"height":500,"caption":"Waaqt - Expert Seiko Arabic Dial"},"image":{"@id":"https:\/\/waaqt-arabicdial.com\/#\/schema\/logo\/image\/"},"sameAs":["https:\/\/www.tiktok.com\/@waaqt.com?_t=8ctOXkcAvyV&_r=1"]}]}},"jetpack_sharing_enabled":true,"_links":{"self":[{"href":"https:\/\/waaqt-arabicdial.com\/nl\/wp-json\/wp\/v2\/product\/5013","targetHints":{"allow":["GET"]}}],"collection":[{"href":"https:\/\/waaqt-arabicdial.com\/nl\/wp-json\/wp\/v2\/product"}],"about":[{"href":"https:\/\/waaqt-arabicdial.com\/nl\/wp-json\/wp\/v2\/types\/product"}],"replies":[{"embeddable":true,"href":"https:\/\/waaqt-arabicdial.com\/nl\/wp-json\/wp\/v2\/comments?post=5013"}],"version-history":[{"count":4,"href":"https:\/\/waaqt-arabicdial.com\/nl\/wp-json\/wp\/v2\/product\/5013\/revisions"}],"predecessor-version":[{"id":6948,"href":"https:\/\/waaqt-arabicdial.com\/nl\/wp-json\/wp\/v2\/product\/5013\/revisions\/6948"}],"wp:featuredmedia":[{"embeddable":true,"href":"https:\/\/waaqt-arabicdial.com\/nl\/wp-json\/wp\/v2\/media\/5038"}],"wp:attachment":[{"href":"https:\/\/waaqt-arabicdial.com\/nl\/wp-json\/wp\/v2\/media?parent=5013"}],"wp:term":[{"taxonomy":"product_brand","embeddable":true,"href":"https:\/\/waaqt-arabicdial.com\/nl\/wp-json\/wp\/v2\/product_brand?post=5013"},{"taxonomy":"product_cat","embeddable":true,"href":"https:\/\/waaqt-arabicdial.com\/nl\/wp-json\/wp\/v2\/product_cat?post=5013"},{"taxonomy":"product_tag","embeddable":true,"href":"https:\/\/waaqt-arabicdial.com\/nl\/wp-json\/wp\/v2\/product_tag?post=5013"}],"curies":[{"name":"wp","href":"https:\/\/api.w.org\/{rel}","templated":true}]}}