{"id":121,"date":"2018-07-24T05:32:37","date_gmt":"2018-07-24T05:32:37","guid":{"rendered":"https:\/\/waaqt-arabicdial.com\/produit\/air-pro-x3-yellow\/"},"modified":"2026-03-03T16:53:47","modified_gmt":"2026-03-03T16:53:47","slug":"seiko-arabische-wijzerplaat-wit","status":"publish","type":"product","link":"https:\/\/waaqt-arabicdial.com\/nl\/produit\/seiko-arabic-dial-white\/","title":{"rendered":"Seiko Arabic Dial Wit SNKP22J1 42mm"},"content":{"rendered":"<p><strong>Seiko 5 Arabic Dial SNKP22J1 42mm Wit en Goud<\/strong> of \"De Prestigieuze\" variant <strong>wit<\/strong> &amp; <strong>gouden<\/strong>hier is de meest <b>claire<\/b> &amp; <strong>oogverblindend<\/strong> van Seiko Arabic Dial. Bezoek <b>wit<\/b> aanbiedingen <b>duidelijkheid<\/b> die zal fuseren met <b>zachtheid<\/b> om je pols.<\/p>\n<h2><strong>Wat zijn de kenmerken van de Seiko 5 Arabic Dial White? <\/strong>?<\/h2>\n<ul>\n<li><strong>Seiko Arabic Dial Wit <\/strong>De<strong> witte en gouden wijzerplaat <\/strong>van de SNKP22J1 benadrukt de <strong>Arabische cijfers.<\/strong><\/li>\n<li><strong>Onfeilbare precisie<\/strong> De <strong>Seiko 7S26 mechanisme<\/strong>bekend om zijn duurzaamheid en betrouwbaarheid.<\/li>\n<li><strong>Universele diameter<\/strong> De 42mm kast is gemaakt van roestvrij staal.<\/li>\n<li><b>Lumibrite <\/b>Zijn <strong>lichtgevende wijzers<\/strong> ervoor zorgen dat de tijd duidelijk en ondubbelzinnig kan worden afgelezen.<\/li>\n<li><strong>Waterdicht <\/strong>Tot <strong>30 meter waterdichtheid<\/strong>.<\/li>\n<li><strong>Krasbestendigheid <\/strong>De<strong> Hardlex saffierglas van Seiko<\/strong> houdt glas krasvrij.<\/li>\n<\/ul>\n<p>Past gebroken wit niet helemaal bij jouw levensstijl? Je hebt precies het tegenovergestelde nodig, een diepgrijze zwarte wijzerplaat met de <a href=\"https:\/\/waaqt-arabicdial.com\/nl\/product-2\/seiko-arabische-wijzerplaat-grijs\/\">Seiko Arabic Dial Grijs SRPH47 40mm<\/a>. De verzameling van <a href=\"https:\/\/waaqt-arabicdial.com\/nl\/productcategorie\/seiko-arabische-wijzerplaat\/\">Arabic Dial Seiko horloges<\/a> genoeg om iedereen aan te spreken.<\/p>\n<p>&#8212;&#8211;<\/p>\n<p><em><strong>Levering met volledige set, directe plastic wikkels &amp; stickers<\/strong> Als je bij Waaqt koopt, wordt elk Seiko horloge geleverd in een complete set. <strong>Dit is wat je ontvangt:<\/strong><\/em><\/p>\n<ul>\n<li><strong>Seiko originele doos &amp; omhulsel<\/strong> Een elegante presentatie om uw kostbare uurwerk te bewaren en te verfraaien.<\/li>\n<li><strong>Seiko onderhoudsboekje<\/strong> Om je te begeleiden bij het onderhoud van je horloge, met alle aanbevelingen van de fabrikant.<\/li>\n<li><strong>Internationaal Garantiecertificaat<\/strong> Dit certificaat bevestigt de echtheid van je horloge en bevat de aankoopdatum.<\/li>\n<\/ul>\n<p>Maak je geen zorgen. <strong>Je horloge wacht op je, beschermd, vastgeplakt en klaar om te dragen.<\/strong><\/p>","protected":false},"excerpt":{"rendered":"<p>Seiko 5 Arabic Dial SNKP22J1 42mm Wit en Goud of \"De Prestigieuze\" wit en gouden versie, dit is de helderste en meest oogverblindende van de Seiko Arabic Dials. Wit biedt een helderheid die soepel op je pols past. Wat zijn de kenmerken van de Seiko 5 Arabic Dial White? Seiko Arabic Dial White [...]<\/p>","protected":false},"featured_media":6727,"comment_status":"open","ping_status":"closed","template":"","meta":{"site-sidebar-layout":"default","site-content-layout":"default","ast-site-content-layout":"default","site-content-style":"default","site-sidebar-style":"default","ast-global-header-display":"","ast-banner-title-visibility":"","ast-main-header-display":"","ast-hfb-above-header-display":"","ast-hfb-below-header-display":"","ast-hfb-mobile-header-display":"","site-post-title":"","ast-breadcrumbs-content":"","ast-featured-img":"","footer-sml-layout":"","ast-disable-related-posts":"","theme-transparent-header-meta":"default","adv-header-id-meta":"","stick-header-meta":"default","header-above-stick-meta":"","header-main-stick-meta":"","header-below-stick-meta":"","astra-migrate-meta-layouts":"set","ast-page-background-enabled":"default","ast-page-background-meta":{"desktop":{"background-color":"","background-image":"","background-repeat":"repeat","background-position":"center center","background-size":"auto","background-attachment":"scroll","background-type":"","background-media":"","overlay-type":"","overlay-color":"","overlay-opacity":"","overlay-gradient":""},"tablet":{"background-color":"","background-image":"","background-repeat":"repeat","background-position":"center center","background-size":"auto","background-attachment":"scroll","background-type":"","background-media":"","overlay-type":"","overlay-color":"","overlay-opacity":"","overlay-gradient":""},"mobile":{"background-color":"","background-image":"","background-repeat":"repeat","background-position":"center center","background-size":"auto","background-attachment":"scroll","background-type":"","background-media":"","overlay-type":"","overlay-color":"","overlay-opacity":"","overlay-gradient":""}},"ast-content-background-meta":{"desktop":{"background-color":"var(--ast-global-color-5)","background-image":"","background-repeat":"repeat","background-position":"center center","background-size":"auto","background-attachment":"scroll","background-type":"","background-media":"","overlay-type":"","overlay-color":"","overlay-opacity":"","overlay-gradient":""},"tablet":{"background-color":"var(--ast-global-color-5)","background-image":"","background-repeat":"repeat","background-position":"center center","background-size":"auto","background-attachment":"scroll","background-type":"","background-media":"","overlay-type":"","overlay-color":"","overlay-opacity":"","overlay-gradient":""},"mobile":{"background-color":"var(--ast-global-color-5)","background-image":"","background-repeat":"repeat","background-position":"center center","background-size":"auto","background-attachment":"scroll","background-type":"","background-media":"","overlay-type":"","overlay-color":"","overlay-opacity":"","overlay-gradient":""}}},"product_brand":[],"product_cat":[74],"product_tag":[],"class_list":{"0":"post-121","1":"product","2":"type-product","3":"status-publish","4":"has-post-thumbnail","6":"product_cat-seiko-arabic-dial","7":"product_shipping_class-montres-seiko-arabic-dial","8":"desktop-align-center","9":"tablet-align-center","10":"mobile-align-center","11":"ast-product-gallery-layout-vertical","12":"ast-product-tabs-layout-accordion","14":"first","15":"instock","16":"taxable","17":"shipping-taxable","18":"purchasable","19":"product-type-simple"},"yoast_head":"<!-- This site is optimized with the Yoast SEO plugin v27.4 - https:\/\/yoast.com\/product\/yoast-seo-wordpress\/ -->\n<title>Seiko Arabic Dial Blanc SNKP22J1 42mm | Livraison Offerte \u2611\ufe0f<\/title>\n<meta name=\"description\" content=\"D\u00e9couvrez la Seiko Arabic Dial SNKP22J1 White 42mm, avec son cadran blanc et or \u00e9pur\u00e9 et sa pr\u00e9cision horlog\u00e8re in\u00e9gal\u00e9e.\" \/>\n<meta name=\"robots\" content=\"index, follow, max-snippet:-1, max-image-preview:large, max-video-preview:-1\" \/>\n<link rel=\"canonical\" href=\"https:\/\/waaqt-arabicdial.com\/nl\/product-2\/seiko-arabische-wijzerplaat-wit\/\" \/>\n<meta property=\"og:locale\" content=\"nl_NL\" \/>\n<meta property=\"og:type\" content=\"article\" \/>\n<meta property=\"og:title\" content=\"Seiko Arabic Dial Blanc SNKP22J1 42mm | Livraison Offerte \u2611\ufe0f\" \/>\n<meta property=\"og:description\" content=\"D\u00e9couvrez la Seiko Arabic Dial SNKP22J1 White 42mm, avec son cadran blanc et or \u00e9pur\u00e9 et sa pr\u00e9cision horlog\u00e8re in\u00e9gal\u00e9e.\" \/>\n<meta property=\"og:url\" content=\"https:\/\/waaqt-arabicdial.com\/nl\/product-2\/seiko-arabische-wijzerplaat-wit\/\" \/>\n<meta property=\"og:site_name\" content=\"Waaqt - Expert Seiko Arabic Dial\" \/>\n<meta property=\"article:modified_time\" content=\"2026-03-03T16:53:47+00:00\" \/>\n<meta property=\"og:image\" content=\"https:\/\/waaqt-arabicdial.com\/wp-content\/uploads\/2018\/07\/Montre-Seiko-chiffres-arabes-9.webp\" \/>\n\t<meta property=\"og:image:width\" content=\"500\" \/>\n\t<meta property=\"og:image:height\" content=\"500\" \/>\n\t<meta property=\"og:image:type\" content=\"image\/webp\" \/>\n<meta name=\"twitter:card\" content=\"summary_large_image\" \/>\n<meta name=\"twitter:label1\" content=\"Geschatte leestijd\" \/>\n\t<meta name=\"twitter:data1\" content=\"2 minuten\" \/>\n<script type=\"application\/ld+json\" class=\"yoast-schema-graph\">{\"@context\":\"https:\\\/\\\/schema.org\",\"@graph\":[{\"@type\":\"WebPage\",\"@id\":\"https:\\\/\\\/waaqt-arabicdial.com\\\/produit\\\/seiko-arabic-dial-white\\\/\",\"url\":\"https:\\\/\\\/waaqt-arabicdial.com\\\/produit\\\/seiko-arabic-dial-white\\\/\",\"name\":\"Seiko Arabic Dial Blanc SNKP22J1 42mm | Livraison Offerte \u2611\ufe0f\",\"isPartOf\":{\"@id\":\"https:\\\/\\\/waaqt-arabicdial.com\\\/#website\"},\"primaryImageOfPage\":{\"@id\":\"https:\\\/\\\/waaqt-arabicdial.com\\\/produit\\\/seiko-arabic-dial-white\\\/#primaryimage\"},\"image\":{\"@id\":\"https:\\\/\\\/waaqt-arabicdial.com\\\/produit\\\/seiko-arabic-dial-white\\\/#primaryimage\"},\"thumbnailUrl\":\"https:\\\/\\\/waaqt-arabicdial.com\\\/wp-content\\\/uploads\\\/2018\\\/07\\\/Montre-Seiko-chiffres-arabes-9.webp\",\"datePublished\":\"2018-07-24T05:32:37+00:00\",\"dateModified\":\"2026-03-03T16:53:47+00:00\",\"description\":\"D\u00e9couvrez la Seiko Arabic Dial SNKP22J1 White 42mm, avec son cadran blanc et or \u00e9pur\u00e9 et sa pr\u00e9cision horlog\u00e8re in\u00e9gal\u00e9e.\",\"breadcrumb\":{\"@id\":\"https:\\\/\\\/waaqt-arabicdial.com\\\/produit\\\/seiko-arabic-dial-white\\\/#breadcrumb\"},\"inLanguage\":\"nl-NL\",\"potentialAction\":[{\"@type\":\"ReadAction\",\"target\":[\"https:\\\/\\\/waaqt-arabicdial.com\\\/produit\\\/seiko-arabic-dial-white\\\/\"]}]},{\"@type\":\"ImageObject\",\"inLanguage\":\"nl-NL\",\"@id\":\"https:\\\/\\\/waaqt-arabicdial.com\\\/produit\\\/seiko-arabic-dial-white\\\/#primaryimage\",\"url\":\"https:\\\/\\\/waaqt-arabicdial.com\\\/wp-content\\\/uploads\\\/2018\\\/07\\\/Montre-Seiko-chiffres-arabes-9.webp\",\"contentUrl\":\"https:\\\/\\\/waaqt-arabicdial.com\\\/wp-content\\\/uploads\\\/2018\\\/07\\\/Montre-Seiko-chiffres-arabes-9.webp\",\"width\":500,\"height\":500,\"caption\":\"Seiko Arabic Dial White SNKP22J1\"},{\"@type\":\"BreadcrumbList\",\"@id\":\"https:\\\/\\\/waaqt-arabicdial.com\\\/produit\\\/seiko-arabic-dial-white\\\/#breadcrumb\",\"itemListElement\":[{\"@type\":\"ListItem\",\"position\":1,\"name\":\"Accueil\",\"item\":\"https:\\\/\\\/waaqt-arabicdial.com\\\/\"},{\"@type\":\"ListItem\",\"position\":2,\"name\":\"Montres Seiko Arabic Dial authentiques\",\"item\":\"https:\\\/\\\/waaqt-arabicdial.com\\\/shop\\\/\"},{\"@type\":\"ListItem\",\"position\":3,\"name\":\"Seiko Arabic Dial Blanc SNKP22J1 42mm\"}]},{\"@type\":\"WebSite\",\"@id\":\"https:\\\/\\\/waaqt-arabicdial.com\\\/#website\",\"url\":\"https:\\\/\\\/waaqt-arabicdial.com\\\/\",\"name\":\"Waaqt - Expert Seiko Arabic Dial\",\"description\":\"Expert Seiko Arabic Dial en France\",\"publisher\":{\"@id\":\"https:\\\/\\\/waaqt-arabicdial.com\\\/#organization\"},\"potentialAction\":[{\"@type\":\"SearchAction\",\"target\":{\"@type\":\"EntryPoint\",\"urlTemplate\":\"https:\\\/\\\/waaqt-arabicdial.com\\\/?s={search_term_string}\"},\"query-input\":{\"@type\":\"PropertyValueSpecification\",\"valueRequired\":true,\"valueName\":\"search_term_string\"}}],\"inLanguage\":\"nl-NL\"},{\"@type\":\"Organization\",\"@id\":\"https:\\\/\\\/waaqt-arabicdial.com\\\/#organization\",\"name\":\"Waaqt - Expert Seiko Arabic Dial\",\"url\":\"https:\\\/\\\/waaqt-arabicdial.com\\\/\",\"logo\":{\"@type\":\"ImageObject\",\"inLanguage\":\"nl-NL\",\"@id\":\"https:\\\/\\\/waaqt-arabicdial.com\\\/#\\\/schema\\\/logo\\\/image\\\/\",\"url\":\"https:\\\/\\\/waaqt-arabicdial.com\\\/wp-content\\\/uploads\\\/2023\\\/06\\\/WhatsApp_Image_2023-05-26_a_22.33.08-removebg-preview.png\",\"contentUrl\":\"https:\\\/\\\/waaqt-arabicdial.com\\\/wp-content\\\/uploads\\\/2023\\\/06\\\/WhatsApp_Image_2023-05-26_a_22.33.08-removebg-preview.png\",\"width\":500,\"height\":500,\"caption\":\"Waaqt - Expert Seiko Arabic Dial\"},\"image\":{\"@id\":\"https:\\\/\\\/waaqt-arabicdial.com\\\/#\\\/schema\\\/logo\\\/image\\\/\"},\"sameAs\":[\"https:\\\/\\\/www.tiktok.com\\\/@waaqt.com?_t=8ctOXkcAvyV&_r=1\"]}]}<\/script>\n<!-- \/ Yoast SEO plugin. -->","yoast_head_json":{"title":"Seiko Arabic Dial Blanc SNKP22J1 42mm | Livraison Offerte \u2611\ufe0f","description":"D\u00e9couvrez la Seiko Arabic Dial SNKP22J1 White 42mm, avec son cadran blanc et or \u00e9pur\u00e9 et sa pr\u00e9cision horlog\u00e8re in\u00e9gal\u00e9e.","robots":{"index":"index","follow":"follow","max-snippet":"max-snippet:-1","max-image-preview":"max-image-preview:large","max-video-preview":"max-video-preview:-1"},"canonical":"https:\/\/waaqt-arabicdial.com\/nl\/product-2\/seiko-arabische-wijzerplaat-wit\/","og_locale":"nl_NL","og_type":"article","og_title":"Seiko Arabic Dial Blanc SNKP22J1 42mm | Livraison Offerte \u2611\ufe0f","og_description":"D\u00e9couvrez la Seiko Arabic Dial SNKP22J1 White 42mm, avec son cadran blanc et or \u00e9pur\u00e9 et sa pr\u00e9cision horlog\u00e8re in\u00e9gal\u00e9e.","og_url":"https:\/\/waaqt-arabicdial.com\/nl\/product-2\/seiko-arabische-wijzerplaat-wit\/","og_site_name":"Waaqt - Expert Seiko Arabic Dial","article_modified_time":"2026-03-03T16:53:47+00:00","og_image":[{"width":500,"height":500,"url":"https:\/\/waaqt-arabicdial.com\/wp-content\/uploads\/2018\/07\/Montre-Seiko-chiffres-arabes-9.webp","type":"image\/webp"}],"twitter_card":"summary_large_image","twitter_misc":{"Geschatte leestijd":"2 minuten"},"schema":{"@context":"https:\/\/schema.org","@graph":[{"@type":"WebPage","@id":"https:\/\/waaqt-arabicdial.com\/produit\/seiko-arabic-dial-white\/","url":"https:\/\/waaqt-arabicdial.com\/produit\/seiko-arabic-dial-white\/","name":"Seiko Arabic Dial Blanc SNKP22J1 42mm | Livraison Offerte \u2611\ufe0f","isPartOf":{"@id":"https:\/\/waaqt-arabicdial.com\/#website"},"primaryImageOfPage":{"@id":"https:\/\/waaqt-arabicdial.com\/produit\/seiko-arabic-dial-white\/#primaryimage"},"image":{"@id":"https:\/\/waaqt-arabicdial.com\/produit\/seiko-arabic-dial-white\/#primaryimage"},"thumbnailUrl":"https:\/\/waaqt-arabicdial.com\/wp-content\/uploads\/2018\/07\/Montre-Seiko-chiffres-arabes-9.webp","datePublished":"2018-07-24T05:32:37+00:00","dateModified":"2026-03-03T16:53:47+00:00","description":"D\u00e9couvrez la Seiko Arabic Dial SNKP22J1 White 42mm, avec son cadran blanc et or \u00e9pur\u00e9 et sa pr\u00e9cision horlog\u00e8re in\u00e9gal\u00e9e.","breadcrumb":{"@id":"https:\/\/waaqt-arabicdial.com\/produit\/seiko-arabic-dial-white\/#breadcrumb"},"inLanguage":"nl-NL","potentialAction":[{"@type":"ReadAction","target":["https:\/\/waaqt-arabicdial.com\/produit\/seiko-arabic-dial-white\/"]}]},{"@type":"ImageObject","inLanguage":"nl-NL","@id":"https:\/\/waaqt-arabicdial.com\/produit\/seiko-arabic-dial-white\/#primaryimage","url":"https:\/\/waaqt-arabicdial.com\/wp-content\/uploads\/2018\/07\/Montre-Seiko-chiffres-arabes-9.webp","contentUrl":"https:\/\/waaqt-arabicdial.com\/wp-content\/uploads\/2018\/07\/Montre-Seiko-chiffres-arabes-9.webp","width":500,"height":500,"caption":"Seiko Arabic Dial White SNKP22J1"},{"@type":"BreadcrumbList","@id":"https:\/\/waaqt-arabicdial.com\/produit\/seiko-arabic-dial-white\/#breadcrumb","itemListElement":[{"@type":"ListItem","position":1,"name":"Accueil","item":"https:\/\/waaqt-arabicdial.com\/"},{"@type":"ListItem","position":2,"name":"Montres Seiko Arabic Dial authentiques","item":"https:\/\/waaqt-arabicdial.com\/shop\/"},{"@type":"ListItem","position":3,"name":"Seiko Arabic Dial Blanc SNKP22J1 42mm"}]},{"@type":"WebSite","@id":"https:\/\/waaqt-arabicdial.com\/#website","url":"https:\/\/waaqt-arabicdial.com\/","name":"Waaqt - Expert Seiko Arabic Dial","description":"Expert Seiko Arabic Dial en France","publisher":{"@id":"https:\/\/waaqt-arabicdial.com\/#organization"},"potentialAction":[{"@type":"SearchAction","target":{"@type":"EntryPoint","urlTemplate":"https:\/\/waaqt-arabicdial.com\/?s={search_term_string}"},"query-input":{"@type":"PropertyValueSpecification","valueRequired":true,"valueName":"search_term_string"}}],"inLanguage":"nl-NL"},{"@type":"Organization","@id":"https:\/\/waaqt-arabicdial.com\/#organization","name":"Waaqt - Expert Seiko Arabic Dial","url":"https:\/\/waaqt-arabicdial.com\/","logo":{"@type":"ImageObject","inLanguage":"nl-NL","@id":"https:\/\/waaqt-arabicdial.com\/#\/schema\/logo\/image\/","url":"https:\/\/waaqt-arabicdial.com\/wp-content\/uploads\/2023\/06\/WhatsApp_Image_2023-05-26_a_22.33.08-removebg-preview.png","contentUrl":"https:\/\/waaqt-arabicdial.com\/wp-content\/uploads\/2023\/06\/WhatsApp_Image_2023-05-26_a_22.33.08-removebg-preview.png","width":500,"height":500,"caption":"Waaqt - Expert Seiko Arabic Dial"},"image":{"@id":"https:\/\/waaqt-arabicdial.com\/#\/schema\/logo\/image\/"},"sameAs":["https:\/\/www.tiktok.com\/@waaqt.com?_t=8ctOXkcAvyV&_r=1"]}]}},"jetpack_sharing_enabled":true,"_links":{"self":[{"href":"https:\/\/waaqt-arabicdial.com\/nl\/wp-json\/wp\/v2\/product\/121","targetHints":{"allow":["GET"]}}],"collection":[{"href":"https:\/\/waaqt-arabicdial.com\/nl\/wp-json\/wp\/v2\/product"}],"about":[{"href":"https:\/\/waaqt-arabicdial.com\/nl\/wp-json\/wp\/v2\/types\/product"}],"replies":[{"embeddable":true,"href":"https:\/\/waaqt-arabicdial.com\/nl\/wp-json\/wp\/v2\/comments?post=121"}],"version-history":[{"count":23,"href":"https:\/\/waaqt-arabicdial.com\/nl\/wp-json\/wp\/v2\/product\/121\/revisions"}],"predecessor-version":[{"id":8094,"href":"https:\/\/waaqt-arabicdial.com\/nl\/wp-json\/wp\/v2\/product\/121\/revisions\/8094"}],"wp:featuredmedia":[{"embeddable":true,"href":"https:\/\/waaqt-arabicdial.com\/nl\/wp-json\/wp\/v2\/media\/6727"}],"wp:attachment":[{"href":"https:\/\/waaqt-arabicdial.com\/nl\/wp-json\/wp\/v2\/media?parent=121"}],"wp:term":[{"taxonomy":"product_brand","embeddable":true,"href":"https:\/\/waaqt-arabicdial.com\/nl\/wp-json\/wp\/v2\/product_brand?post=121"},{"taxonomy":"product_cat","embeddable":true,"href":"https:\/\/waaqt-arabicdial.com\/nl\/wp-json\/wp\/v2\/product_cat?post=121"},{"taxonomy":"product_tag","embeddable":true,"href":"https:\/\/waaqt-arabicdial.com\/nl\/wp-json\/wp\/v2\/product_tag?post=121"}],"curies":[{"name":"wp","href":"https:\/\/api.w.org\/{rel}","templated":true}]}}