{"id":7189,"date":"2024-11-28T15:36:37","date_gmt":"2024-11-28T15:36:37","guid":{"rendered":"https:\/\/waaqt-arabicdial.com\/?post_type=product&#038;p=7189"},"modified":"2024-12-09T16:24:27","modified_gmt":"2024-12-09T16:24:27","slug":"exaequo-softwatch-montre-salvador-dali-pvd-or","status":"publish","type":"product","link":"https:\/\/waaqt-arabicdial.com\/en\/produit\/exaequo-softwatch-montre-salvador-dali-pvd-or\/","title":{"rendered":"Exaequo Softwatch Salvador Dali Melting Watch - PVD Gold"},"content":{"rendered":"<p>The watch <strong>Exaequo by Softwatch<\/strong>inspired by the iconic work of Salvador Dal\u00ed <strong>\"The Persistence of Memory<\/strong>is much more than just a timepiece. It embodies a fascinating blend of art and elegance, defying traditional conventions. Its PVD Gold finish adds a touch of luxury that sublimates its bold, timeless design.<\/p>\n<h3><strong>Dali watch features:<\/strong><\/h3>\n<ul>\n<li><strong>Housing material :<\/strong> 316L stainless steel with PVD Gold coating for long-lasting brilliance.<\/li>\n<li><strong>Dimensions :<\/strong> 47 mm long x 28 mm wide, asymmetrical and bold.<\/li>\n<li><strong>Dial :<\/strong> Available in several colors (black, white, blue, gold, green) with contrasting Roman numerals and unique indices.<\/li>\n<li><strong>Glass :<\/strong> Curved in plastic for an elegant vintage effect.<\/li>\n<li><strong>Movement:<\/strong> Quartz Ronda Far East 751, offering precision and reliability.<\/li>\n<li><strong>Bracelet :<\/strong> Crocodile pattern leather, matching the dial (black, brown or blue), with tone-on-tone stitching and engraved gold PVD buckle.<\/li>\n<li><strong>Water resistance :<\/strong> 3 ATM (splash- and rain-resistant).<\/li>\n<\/ul>\n<h3><strong>Find out more:<\/strong><\/h3>\n<p>Since its initial launch in the 1990s, the Exaequo Softwatch has left its mark on watchmaking history by bringing a touch of the surreal to an everyday accessory. <strong>Arrested in 1998<\/strong>This unique watch quickly became a prized collector's item.<\/p>\n<p>In <strong>2024<\/strong>The Exaequo brand is reborn, offering a modernized and refined version of this legendary piece. True to its heritage, it celebrates authenticity and style while embracing contemporary materials and techniques.<\/p>","protected":false},"excerpt":{"rendered":"<p>The Exaequo by Softwatch watch, inspired by Salvador Dal\u00ed's iconic work \"La Persistance de la M\u00e9moire\", is much more than just a timepiece. It embodies a fascinating blend of art and elegance, defying traditional conventions. Its PVD Gold finish adds a touch of luxury that sublimates its bold, timeless design. Features of the [...]<\/p>","protected":false},"featured_media":7191,"comment_status":"open","ping_status":"closed","template":"","meta":{"site-sidebar-layout":"default","site-content-layout":"","ast-site-content-layout":"default","site-content-style":"default","site-sidebar-style":"default","ast-global-header-display":"","ast-banner-title-visibility":"","ast-main-header-display":"","ast-hfb-above-header-display":"","ast-hfb-below-header-display":"","ast-hfb-mobile-header-display":"","site-post-title":"","ast-breadcrumbs-content":"","ast-featured-img":"","footer-sml-layout":"","ast-disable-related-posts":"","theme-transparent-header-meta":"default","adv-header-id-meta":"","stick-header-meta":"","header-above-stick-meta":"","header-main-stick-meta":"","header-below-stick-meta":"","astra-migrate-meta-layouts":"set","ast-page-background-enabled":"default","ast-page-background-meta":{"desktop":{"background-color":"","background-image":"","background-repeat":"repeat","background-position":"center center","background-size":"auto","background-attachment":"scroll","background-type":"","background-media":"","overlay-type":"","overlay-color":"","overlay-opacity":"","overlay-gradient":""},"tablet":{"background-color":"","background-image":"","background-repeat":"repeat","background-position":"center center","background-size":"auto","background-attachment":"scroll","background-type":"","background-media":"","overlay-type":"","overlay-color":"","overlay-opacity":"","overlay-gradient":""},"mobile":{"background-color":"","background-image":"","background-repeat":"repeat","background-position":"center center","background-size":"auto","background-attachment":"scroll","background-type":"","background-media":"","overlay-type":"","overlay-color":"","overlay-opacity":"","overlay-gradient":""}},"ast-content-background-meta":{"desktop":{"background-color":"var(--ast-global-color-5)","background-image":"","background-repeat":"repeat","background-position":"center center","background-size":"auto","background-attachment":"scroll","background-type":"","background-media":"","overlay-type":"","overlay-color":"","overlay-opacity":"","overlay-gradient":""},"tablet":{"background-color":"var(--ast-global-color-5)","background-image":"","background-repeat":"repeat","background-position":"center center","background-size":"auto","background-attachment":"scroll","background-type":"","background-media":"","overlay-type":"","overlay-color":"","overlay-opacity":"","overlay-gradient":""},"mobile":{"background-color":"var(--ast-global-color-5)","background-image":"","background-repeat":"repeat","background-position":"center center","background-size":"auto","background-attachment":"scroll","background-type":"","background-media":"","overlay-type":"","overlay-color":"","overlay-opacity":"","overlay-gradient":""}}},"product_brand":[],"product_cat":[351],"product_tag":[],"class_list":{"0":"post-7189","1":"product","2":"type-product","3":"status-publish","4":"has-post-thumbnail","6":"product_cat-exaequo-softwatch","7":"desktop-align-center","8":"tablet-align-center","9":"mobile-align-center","10":"ast-product-gallery-layout-vertical","11":"ast-product-single-variable","12":"ast-product-tabs-layout-accordion","14":"first","15":"outofstock","16":"taxable","17":"shipping-taxable","18":"purchasable","19":"product-type-variable"},"yoast_head":"<!-- This site is optimized with the Yoast SEO plugin v27.4 - https:\/\/yoast.com\/product\/yoast-seo-wordpress\/ -->\n<title>Exaequo Softwatch Montre Salvador Dali - PVD Or<\/title>\n<meta name=\"robots\" content=\"index, follow, max-snippet:-1, max-image-preview:large, max-video-preview:-1\" \/>\n<link rel=\"canonical\" href=\"https:\/\/waaqt-arabicdial.com\/en\/product-2\/exaequo-softwatch-montre-salvador-dali-pvd-or\/\" \/>\n<meta property=\"og:locale\" content=\"en_US\" \/>\n<meta property=\"og:type\" content=\"article\" \/>\n<meta property=\"og:title\" content=\"Exaequo Softwatch Montre Salvador Dali - PVD Or\" \/>\n<meta property=\"og:description\" content=\"La montre Exaequo by Softwatch, inspir\u00e9e par l&rsquo;\u0153uvre embl\u00e9matique de Salvador Dal\u00ed \u00ab\u00a0La Persistance de la M\u00e9moire\u00a0\u00bb, est bien plus qu\u2019un simple garde-temps. Elle incarne un m\u00e9lange fascinant d&rsquo;art et d&rsquo;\u00e9l\u00e9gance, d\u00e9fiant les conventions traditionnelles. Sa finition en PVD Or ajoute une touche de luxe qui sublime son design audacieux et intemporel. Caract\u00e9ristiques de la [&hellip;]\" \/>\n<meta property=\"og:url\" content=\"https:\/\/waaqt-arabicdial.com\/en\/product-2\/exaequo-softwatch-montre-salvador-dali-pvd-or\/\" \/>\n<meta property=\"og:site_name\" content=\"Waaqt - Expert Seiko Arabic Dial\" \/>\n<meta property=\"article:modified_time\" content=\"2024-12-09T16:24:27+00:00\" \/>\n<meta property=\"og:image\" content=\"https:\/\/waaqt-arabicdial.com\/wp-content\/uploads\/2024\/11\/OR-MARRON-FOND-JAUNE-1.webp\" \/>\n\t<meta property=\"og:image:width\" content=\"850\" \/>\n\t<meta property=\"og:image:height\" content=\"850\" \/>\n\t<meta property=\"og:image:type\" content=\"image\/webp\" \/>\n<meta name=\"twitter:card\" content=\"summary_large_image\" \/>\n<meta name=\"twitter:label1\" content=\"Est. reading time\" \/>\n\t<meta name=\"twitter:data1\" content=\"2 minutes\" \/>\n<script type=\"application\/ld+json\" class=\"yoast-schema-graph\">{\"@context\":\"https:\\\/\\\/schema.org\",\"@graph\":[{\"@type\":\"WebPage\",\"@id\":\"https:\\\/\\\/waaqt-arabicdial.com\\\/produit\\\/exaequo-softwatch-montre-salvador-dali-pvd-or\\\/\",\"url\":\"https:\\\/\\\/waaqt-arabicdial.com\\\/produit\\\/exaequo-softwatch-montre-salvador-dali-pvd-or\\\/\",\"name\":\"Exaequo Softwatch Montre Salvador Dali - PVD Or\",\"isPartOf\":{\"@id\":\"https:\\\/\\\/waaqt-arabicdial.com\\\/#website\"},\"primaryImageOfPage\":{\"@id\":\"https:\\\/\\\/waaqt-arabicdial.com\\\/produit\\\/exaequo-softwatch-montre-salvador-dali-pvd-or\\\/#primaryimage\"},\"image\":{\"@id\":\"https:\\\/\\\/waaqt-arabicdial.com\\\/produit\\\/exaequo-softwatch-montre-salvador-dali-pvd-or\\\/#primaryimage\"},\"thumbnailUrl\":\"https:\\\/\\\/waaqt-arabicdial.com\\\/wp-content\\\/uploads\\\/2024\\\/11\\\/OR-MARRON-FOND-JAUNE-1.webp\",\"datePublished\":\"2024-11-28T15:36:37+00:00\",\"dateModified\":\"2024-12-09T16:24:27+00:00\",\"breadcrumb\":{\"@id\":\"https:\\\/\\\/waaqt-arabicdial.com\\\/produit\\\/exaequo-softwatch-montre-salvador-dali-pvd-or\\\/#breadcrumb\"},\"inLanguage\":\"en-US\",\"potentialAction\":[{\"@type\":\"ReadAction\",\"target\":[\"https:\\\/\\\/waaqt-arabicdial.com\\\/produit\\\/exaequo-softwatch-montre-salvador-dali-pvd-or\\\/\"]}]},{\"@type\":\"ImageObject\",\"inLanguage\":\"en-US\",\"@id\":\"https:\\\/\\\/waaqt-arabicdial.com\\\/produit\\\/exaequo-softwatch-montre-salvador-dali-pvd-or\\\/#primaryimage\",\"url\":\"https:\\\/\\\/waaqt-arabicdial.com\\\/wp-content\\\/uploads\\\/2024\\\/11\\\/OR-MARRON-FOND-JAUNE-1.webp\",\"contentUrl\":\"https:\\\/\\\/waaqt-arabicdial.com\\\/wp-content\\\/uploads\\\/2024\\\/11\\\/OR-MARRON-FOND-JAUNE-1.webp\",\"width\":850,\"height\":850,\"caption\":\"Exaequo softwatch Or marron fond jaune\"},{\"@type\":\"BreadcrumbList\",\"@id\":\"https:\\\/\\\/waaqt-arabicdial.com\\\/produit\\\/exaequo-softwatch-montre-salvador-dali-pvd-or\\\/#breadcrumb\",\"itemListElement\":[{\"@type\":\"ListItem\",\"position\":1,\"name\":\"Accueil\",\"item\":\"https:\\\/\\\/waaqt-arabicdial.com\\\/\"},{\"@type\":\"ListItem\",\"position\":2,\"name\":\"Montres Seiko Arabic Dial authentiques\",\"item\":\"https:\\\/\\\/waaqt-arabicdial.com\\\/shop\\\/\"},{\"@type\":\"ListItem\",\"position\":3,\"name\":\"Exaequo Softwatch Montre Salvador Dali &#8211; PVD Or\"}]},{\"@type\":\"WebSite\",\"@id\":\"https:\\\/\\\/waaqt-arabicdial.com\\\/#website\",\"url\":\"https:\\\/\\\/waaqt-arabicdial.com\\\/\",\"name\":\"Waaqt - Expert Seiko Arabic Dial\",\"description\":\"Expert Seiko Arabic Dial en France\",\"publisher\":{\"@id\":\"https:\\\/\\\/waaqt-arabicdial.com\\\/#organization\"},\"potentialAction\":[{\"@type\":\"SearchAction\",\"target\":{\"@type\":\"EntryPoint\",\"urlTemplate\":\"https:\\\/\\\/waaqt-arabicdial.com\\\/?s={search_term_string}\"},\"query-input\":{\"@type\":\"PropertyValueSpecification\",\"valueRequired\":true,\"valueName\":\"search_term_string\"}}],\"inLanguage\":\"en-US\"},{\"@type\":\"Organization\",\"@id\":\"https:\\\/\\\/waaqt-arabicdial.com\\\/#organization\",\"name\":\"Waaqt - Expert Seiko Arabic Dial\",\"url\":\"https:\\\/\\\/waaqt-arabicdial.com\\\/\",\"logo\":{\"@type\":\"ImageObject\",\"inLanguage\":\"en-US\",\"@id\":\"https:\\\/\\\/waaqt-arabicdial.com\\\/#\\\/schema\\\/logo\\\/image\\\/\",\"url\":\"https:\\\/\\\/waaqt-arabicdial.com\\\/wp-content\\\/uploads\\\/2023\\\/06\\\/WhatsApp_Image_2023-05-26_a_22.33.08-removebg-preview.png\",\"contentUrl\":\"https:\\\/\\\/waaqt-arabicdial.com\\\/wp-content\\\/uploads\\\/2023\\\/06\\\/WhatsApp_Image_2023-05-26_a_22.33.08-removebg-preview.png\",\"width\":500,\"height\":500,\"caption\":\"Waaqt - Expert Seiko Arabic Dial\"},\"image\":{\"@id\":\"https:\\\/\\\/waaqt-arabicdial.com\\\/#\\\/schema\\\/logo\\\/image\\\/\"},\"sameAs\":[\"https:\\\/\\\/www.tiktok.com\\\/@waaqt.com?_t=8ctOXkcAvyV&_r=1\"]}]}<\/script>\n<!-- \/ Yoast SEO plugin. -->","yoast_head_json":{"title":"Exaequo Softwatch Montre Salvador Dali - PVD Or","robots":{"index":"index","follow":"follow","max-snippet":"max-snippet:-1","max-image-preview":"max-image-preview:large","max-video-preview":"max-video-preview:-1"},"canonical":"https:\/\/waaqt-arabicdial.com\/en\/product-2\/exaequo-softwatch-montre-salvador-dali-pvd-or\/","og_locale":"en_US","og_type":"article","og_title":"Exaequo Softwatch Montre Salvador Dali - PVD Or","og_description":"La montre Exaequo by Softwatch, inspir\u00e9e par l&rsquo;\u0153uvre embl\u00e9matique de Salvador Dal\u00ed \u00ab\u00a0La Persistance de la M\u00e9moire\u00a0\u00bb, est bien plus qu\u2019un simple garde-temps. Elle incarne un m\u00e9lange fascinant d&rsquo;art et d&rsquo;\u00e9l\u00e9gance, d\u00e9fiant les conventions traditionnelles. Sa finition en PVD Or ajoute une touche de luxe qui sublime son design audacieux et intemporel. Caract\u00e9ristiques de la [&hellip;]","og_url":"https:\/\/waaqt-arabicdial.com\/en\/product-2\/exaequo-softwatch-montre-salvador-dali-pvd-or\/","og_site_name":"Waaqt - Expert Seiko Arabic Dial","article_modified_time":"2024-12-09T16:24:27+00:00","og_image":[{"width":850,"height":850,"url":"https:\/\/waaqt-arabicdial.com\/wp-content\/uploads\/2024\/11\/OR-MARRON-FOND-JAUNE-1.webp","type":"image\/webp"}],"twitter_card":"summary_large_image","twitter_misc":{"Est. reading time":"2 minutes"},"schema":{"@context":"https:\/\/schema.org","@graph":[{"@type":"WebPage","@id":"https:\/\/waaqt-arabicdial.com\/produit\/exaequo-softwatch-montre-salvador-dali-pvd-or\/","url":"https:\/\/waaqt-arabicdial.com\/produit\/exaequo-softwatch-montre-salvador-dali-pvd-or\/","name":"Exaequo Softwatch Montre Salvador Dali - PVD Or","isPartOf":{"@id":"https:\/\/waaqt-arabicdial.com\/#website"},"primaryImageOfPage":{"@id":"https:\/\/waaqt-arabicdial.com\/produit\/exaequo-softwatch-montre-salvador-dali-pvd-or\/#primaryimage"},"image":{"@id":"https:\/\/waaqt-arabicdial.com\/produit\/exaequo-softwatch-montre-salvador-dali-pvd-or\/#primaryimage"},"thumbnailUrl":"https:\/\/waaqt-arabicdial.com\/wp-content\/uploads\/2024\/11\/OR-MARRON-FOND-JAUNE-1.webp","datePublished":"2024-11-28T15:36:37+00:00","dateModified":"2024-12-09T16:24:27+00:00","breadcrumb":{"@id":"https:\/\/waaqt-arabicdial.com\/produit\/exaequo-softwatch-montre-salvador-dali-pvd-or\/#breadcrumb"},"inLanguage":"en-US","potentialAction":[{"@type":"ReadAction","target":["https:\/\/waaqt-arabicdial.com\/produit\/exaequo-softwatch-montre-salvador-dali-pvd-or\/"]}]},{"@type":"ImageObject","inLanguage":"en-US","@id":"https:\/\/waaqt-arabicdial.com\/produit\/exaequo-softwatch-montre-salvador-dali-pvd-or\/#primaryimage","url":"https:\/\/waaqt-arabicdial.com\/wp-content\/uploads\/2024\/11\/OR-MARRON-FOND-JAUNE-1.webp","contentUrl":"https:\/\/waaqt-arabicdial.com\/wp-content\/uploads\/2024\/11\/OR-MARRON-FOND-JAUNE-1.webp","width":850,"height":850,"caption":"Exaequo softwatch Or marron fond jaune"},{"@type":"BreadcrumbList","@id":"https:\/\/waaqt-arabicdial.com\/produit\/exaequo-softwatch-montre-salvador-dali-pvd-or\/#breadcrumb","itemListElement":[{"@type":"ListItem","position":1,"name":"Accueil","item":"https:\/\/waaqt-arabicdial.com\/"},{"@type":"ListItem","position":2,"name":"Montres Seiko Arabic Dial authentiques","item":"https:\/\/waaqt-arabicdial.com\/shop\/"},{"@type":"ListItem","position":3,"name":"Exaequo Softwatch Montre Salvador Dali &#8211; PVD Or"}]},{"@type":"WebSite","@id":"https:\/\/waaqt-arabicdial.com\/#website","url":"https:\/\/waaqt-arabicdial.com\/","name":"Waaqt - Expert Seiko Arabic Dial","description":"Expert Seiko Arabic Dial en France","publisher":{"@id":"https:\/\/waaqt-arabicdial.com\/#organization"},"potentialAction":[{"@type":"SearchAction","target":{"@type":"EntryPoint","urlTemplate":"https:\/\/waaqt-arabicdial.com\/?s={search_term_string}"},"query-input":{"@type":"PropertyValueSpecification","valueRequired":true,"valueName":"search_term_string"}}],"inLanguage":"en-US"},{"@type":"Organization","@id":"https:\/\/waaqt-arabicdial.com\/#organization","name":"Waaqt - Expert Seiko Arabic Dial","url":"https:\/\/waaqt-arabicdial.com\/","logo":{"@type":"ImageObject","inLanguage":"en-US","@id":"https:\/\/waaqt-arabicdial.com\/#\/schema\/logo\/image\/","url":"https:\/\/waaqt-arabicdial.com\/wp-content\/uploads\/2023\/06\/WhatsApp_Image_2023-05-26_a_22.33.08-removebg-preview.png","contentUrl":"https:\/\/waaqt-arabicdial.com\/wp-content\/uploads\/2023\/06\/WhatsApp_Image_2023-05-26_a_22.33.08-removebg-preview.png","width":500,"height":500,"caption":"Waaqt - Expert Seiko Arabic Dial"},"image":{"@id":"https:\/\/waaqt-arabicdial.com\/#\/schema\/logo\/image\/"},"sameAs":["https:\/\/www.tiktok.com\/@waaqt.com?_t=8ctOXkcAvyV&_r=1"]}]}},"jetpack_sharing_enabled":true,"_links":{"self":[{"href":"https:\/\/waaqt-arabicdial.com\/en\/wp-json\/wp\/v2\/product\/7189","targetHints":{"allow":["GET"]}}],"collection":[{"href":"https:\/\/waaqt-arabicdial.com\/en\/wp-json\/wp\/v2\/product"}],"about":[{"href":"https:\/\/waaqt-arabicdial.com\/en\/wp-json\/wp\/v2\/types\/product"}],"replies":[{"embeddable":true,"href":"https:\/\/waaqt-arabicdial.com\/en\/wp-json\/wp\/v2\/comments?post=7189"}],"version-history":[{"count":2,"href":"https:\/\/waaqt-arabicdial.com\/en\/wp-json\/wp\/v2\/product\/7189\/revisions"}],"predecessor-version":[{"id":7257,"href":"https:\/\/waaqt-arabicdial.com\/en\/wp-json\/wp\/v2\/product\/7189\/revisions\/7257"}],"wp:featuredmedia":[{"embeddable":true,"href":"https:\/\/waaqt-arabicdial.com\/en\/wp-json\/wp\/v2\/media\/7191"}],"wp:attachment":[{"href":"https:\/\/waaqt-arabicdial.com\/en\/wp-json\/wp\/v2\/media?parent=7189"}],"wp:term":[{"taxonomy":"product_brand","embeddable":true,"href":"https:\/\/waaqt-arabicdial.com\/en\/wp-json\/wp\/v2\/product_brand?post=7189"},{"taxonomy":"product_cat","embeddable":true,"href":"https:\/\/waaqt-arabicdial.com\/en\/wp-json\/wp\/v2\/product_cat?post=7189"},{"taxonomy":"product_tag","embeddable":true,"href":"https:\/\/waaqt-arabicdial.com\/en\/wp-json\/wp\/v2\/product_tag?post=7189"}],"curies":[{"name":"wp","href":"https:\/\/api.w.org\/{rel}","templated":true}]}}