{"id":65,"date":"2018-07-23T11:12:14","date_gmt":"2018-07-23T11:12:14","guid":{"rendered":"https:\/\/waaqt-arabicdial.com\/produit\/air-pro-x3-whole-green\/"},"modified":"2025-11-03T17:02:28","modified_gmt":"2025-11-03T17:02:28","slug":"seiko-arabic-dial-grey","status":"publish","type":"product","link":"https:\/\/waaqt-arabicdial.com\/en\/produit\/seiko-arabic-dial-grey\/","title":{"rendered":"Seiko Arabic Dial Grey SRPH47 40mm"},"content":{"rendered":"<p><strong>Seiko Arabic Dial Gray SRPH47K1 40mm<\/strong> or \u201cLa Moderne\u201d, do you like the finishes of the Seiko 5 Arabic Dial? But you prefer <strong>sobriety<\/strong> of a <strong>black-rhodium dial<\/strong> ? With his <strong>timeless design and its refined dial,<\/strong> the SRPH47K1 is made for you.<\/p>\n<h3><strong>Main Features<\/strong> :<\/h3>\n<ul>\n<li><strong>Sophisticated Gray Dial<\/strong> : There <strong>gray tint of the Arabic dial<\/strong>, subtle and contemporary, offers <strong>a neutral base<\/strong> which highlights traditional Arabic numerals.<\/li>\n<li><strong>Seiko 5 Precision Movement<\/strong> : True to <strong>Seiko&#039;s commitment to excellence,<\/strong> the SRPH47K1 is powered by a precision movement, guaranteeing both reliability and durability.<\/li>\n<li><strong>Impeccable 40mm case<\/strong> : Its diameter of 40mm is <strong>ideally proportioned for all wrists<\/strong>, ensuring comfort and elegance in all circumstances.<\/li>\n<li><strong>Night Clarity<\/strong> : Thanks to <strong>luminescent hands and markers<\/strong>, this watch offers flawless readability in the dark.<\/li>\n<\/ul>\n<h2>Why choose<strong> the Seiko Arabic Dial Gray SRPH47K1 40mm?<\/strong><\/h2>\n<p>There <strong>Seiko 5 Arabic Dial Gray SRPH47K1 40mm<\/strong> is the incarnation of watchmaking tradition combined with modernity. Her <strong>gray arabic dial<\/strong>, both discreet and elegant, is magnified by Arabic numerals. While the <strong>Seiko 5 mechanism<\/strong> guarantees a <strong>time accuracy<\/strong>.<\/p>\n<p>For an even more original style, to draw even more attention to your wrist, Waaqt Arabic Dial invites you to discover in the same range the <a href=\"https:\/\/waaqt-arabicdial.com\/en\/product-2\/seiko-arabic-dial-blue\/\">Seiko Arabic Dial Blue SRPH50 40mm<\/a> they have the same basis, yes. But its sapphire blue and gold finishes end up setting it apart wonderfully. THE <a href=\"https:\/\/waaqt-arabicdial.com\/en\/product-category\/seiko-arabic-dial\/\">Seiko 5 Arabic Dial watches<\/a> SRPH with Arabic numerals are 3 in number, you can choose your favorite on the Waaqt website.<\/p>\n<p>&#8212;&#8211;<\/p>\n<p><em><strong>Delivery Full Set, Under Plastic<\/strong> : When you buy from Waaqt, each watch Seiko comes in a complete set. <strong>Here is what you will receive :<\/strong><\/em><\/p>\n<ul>\n<li><strong>Original box &amp; On-box Seiko<\/strong> : An elegant presentation to preserve and enhance your precious timepiece.<\/li>\n<li><strong>Maintenance book Seiko<\/strong> : To guide you in the maintenance of your watch, with all of the recommendations of the manufacturer.<\/li>\n<li><strong>International Warranty certificate<\/strong> : This certificate attests the authenticity of your watch, stamped with the date of your purchase.<\/li>\n<\/ul>\n<p>Don't worry. <strong>Your watch is waiting for you, protected and ready to be worn.<\/strong><\/p>","protected":false},"excerpt":{"rendered":"<div style=\"background-color: #eef2f7; padding: 20px; border: 2px solid #c1c7d0; border-radius: 10px;\">\n<div style=\"color: #14134c; font-weight: bold; text-align: center; font-size: 1.5em; margin-bottom: 15px;\">\ud83d\udea8 Restock en cours\ud83d\udea8 : SEIKO ARABIC GRISE<\/div>\n<p style=\"font-size: 1.3em; color: #333; text-align: center;\">Please contact us by email at <span style=\"color: #000080;\">contact@waaqt-arabicdial.com<\/span> to check if the watch can be ordered and the quantity required.<br \/>\n<strong>The watch is brand new, full-set &amp; accompanied by all its papers.<\/strong><\/p>\n<p style=\"text-align: center;\"><strong>Delivery: December 10-15<\/strong><\/p>\n<\/div>","protected":false},"featured_media":6729,"comment_status":"open","ping_status":"closed","template":"","meta":{"site-sidebar-layout":"default","site-content-layout":"default","ast-site-content-layout":"default","site-content-style":"default","site-sidebar-style":"default","ast-global-header-display":"","ast-banner-title-visibility":"","ast-main-header-display":"","ast-hfb-above-header-display":"","ast-hfb-below-header-display":"","ast-hfb-mobile-header-display":"","site-post-title":"","ast-breadcrumbs-content":"","ast-featured-img":"","footer-sml-layout":"","ast-disable-related-posts":"","theme-transparent-header-meta":"default","adv-header-id-meta":"","stick-header-meta":"default","header-above-stick-meta":"","header-main-stick-meta":"","header-below-stick-meta":"","astra-migrate-meta-layouts":"set","ast-page-background-enabled":"default","ast-page-background-meta":{"desktop":{"background-color":"","background-image":"","background-repeat":"repeat","background-position":"center center","background-size":"auto","background-attachment":"scroll","background-type":"","background-media":"","overlay-type":"","overlay-color":"","overlay-opacity":"","overlay-gradient":""},"tablet":{"background-color":"","background-image":"","background-repeat":"repeat","background-position":"center center","background-size":"auto","background-attachment":"scroll","background-type":"","background-media":"","overlay-type":"","overlay-color":"","overlay-opacity":"","overlay-gradient":""},"mobile":{"background-color":"","background-image":"","background-repeat":"repeat","background-position":"center center","background-size":"auto","background-attachment":"scroll","background-type":"","background-media":"","overlay-type":"","overlay-color":"","overlay-opacity":"","overlay-gradient":""}},"ast-content-background-meta":{"desktop":{"background-color":"var(--ast-global-color-5)","background-image":"","background-repeat":"repeat","background-position":"center center","background-size":"auto","background-attachment":"scroll","background-type":"","background-media":"","overlay-type":"","overlay-color":"","overlay-opacity":"","overlay-gradient":""},"tablet":{"background-color":"var(--ast-global-color-5)","background-image":"","background-repeat":"repeat","background-position":"center center","background-size":"auto","background-attachment":"scroll","background-type":"","background-media":"","overlay-type":"","overlay-color":"","overlay-opacity":"","overlay-gradient":""},"mobile":{"background-color":"var(--ast-global-color-5)","background-image":"","background-repeat":"repeat","background-position":"center center","background-size":"auto","background-attachment":"scroll","background-type":"","background-media":"","overlay-type":"","overlay-color":"","overlay-opacity":"","overlay-gradient":""}}},"product_brand":[],"product_cat":[74],"product_tag":[],"class_list":{"0":"post-65","1":"product","2":"type-product","3":"status-publish","4":"has-post-thumbnail","6":"product_cat-seiko-arabic-dial","7":"product_shipping_class-montres-seiko-arabic-dial","8":"desktop-align-center","9":"tablet-align-center","10":"mobile-align-center","11":"ast-product-gallery-layout-vertical","12":"ast-product-tabs-layout-accordion","14":"first","15":"instock","16":"taxable","17":"shipping-taxable","18":"purchasable","19":"product-type-simple"},"yoast_head":"<!-- This site is optimized with the Yoast SEO plugin v27.4 - https:\/\/yoast.com\/product\/yoast-seo-wordpress\/ -->\n<title>Seiko Arabic Dial Grey SRPH47 40mm - Waaqt<\/title>\n<meta name=\"description\" content=\"La Seiko Arabic Dial Grey SRPH47K1 40mm : alliant tradition horlog\u00e8re et modernit\u00e9 avec un cadran gris \u00e9l\u00e9gant, chiffres arabes et la pr\u00e9cision Seiko.\" \/>\n<meta name=\"robots\" content=\"index, follow, max-snippet:-1, max-image-preview:large, max-video-preview:-1\" \/>\n<link rel=\"canonical\" href=\"https:\/\/waaqt-arabicdial.com\/en\/product-2\/seiko-arabic-dial-grey\/\" \/>\n<meta property=\"og:locale\" content=\"en_US\" \/>\n<meta property=\"og:type\" content=\"article\" \/>\n<meta property=\"og:title\" content=\"Seiko Arabic Dial Grey SRPH47 40mm - Waaqt\" \/>\n<meta property=\"og:description\" content=\"La Seiko Arabic Dial Grey SRPH47K1 40mm : alliant tradition horlog\u00e8re et modernit\u00e9 avec un cadran gris \u00e9l\u00e9gant, chiffres arabes et la pr\u00e9cision Seiko.\" \/>\n<meta property=\"og:url\" content=\"https:\/\/waaqt-arabicdial.com\/en\/product-2\/seiko-arabic-dial-grey\/\" \/>\n<meta property=\"og:site_name\" content=\"Waaqt - Expert Seiko Arabic Dial\" \/>\n<meta property=\"article:modified_time\" content=\"2025-11-03T17:02:28+00:00\" \/>\n<meta property=\"og:image\" content=\"https:\/\/waaqt-arabicdial.com\/wp-content\/uploads\/2018\/07\/Seiko-Arabic-Grey.webp\" \/>\n\t<meta property=\"og:image:width\" content=\"500\" \/>\n\t<meta property=\"og:image:height\" content=\"500\" \/>\n\t<meta property=\"og:image:type\" content=\"image\/webp\" \/>\n<meta name=\"twitter:card\" content=\"summary_large_image\" \/>\n<meta name=\"twitter:label1\" content=\"Est. reading time\" \/>\n\t<meta name=\"twitter:data1\" content=\"3 minutes\" \/>\n<script type=\"application\/ld+json\" class=\"yoast-schema-graph\">{\"@context\":\"https:\\\/\\\/schema.org\",\"@graph\":[{\"@type\":\"WebPage\",\"@id\":\"https:\\\/\\\/waaqt-arabicdial.com\\\/produit\\\/seiko-arabic-dial-grey\\\/\",\"url\":\"https:\\\/\\\/waaqt-arabicdial.com\\\/produit\\\/seiko-arabic-dial-grey\\\/\",\"name\":\"Seiko Arabic Dial Grey SRPH47 40mm - Waaqt\",\"isPartOf\":{\"@id\":\"https:\\\/\\\/waaqt-arabicdial.com\\\/#website\"},\"primaryImageOfPage\":{\"@id\":\"https:\\\/\\\/waaqt-arabicdial.com\\\/produit\\\/seiko-arabic-dial-grey\\\/#primaryimage\"},\"image\":{\"@id\":\"https:\\\/\\\/waaqt-arabicdial.com\\\/produit\\\/seiko-arabic-dial-grey\\\/#primaryimage\"},\"thumbnailUrl\":\"https:\\\/\\\/waaqt-arabicdial.com\\\/wp-content\\\/uploads\\\/2018\\\/07\\\/Seiko-Arabic-Grey.webp\",\"datePublished\":\"2018-07-23T11:12:14+00:00\",\"dateModified\":\"2025-11-03T17:02:28+00:00\",\"description\":\"La Seiko Arabic Dial Grey SRPH47K1 40mm : alliant tradition horlog\u00e8re et modernit\u00e9 avec un cadran gris \u00e9l\u00e9gant, chiffres arabes et la pr\u00e9cision Seiko.\",\"breadcrumb\":{\"@id\":\"https:\\\/\\\/waaqt-arabicdial.com\\\/produit\\\/seiko-arabic-dial-grey\\\/#breadcrumb\"},\"inLanguage\":\"en-US\",\"potentialAction\":[{\"@type\":\"ReadAction\",\"target\":[\"https:\\\/\\\/waaqt-arabicdial.com\\\/produit\\\/seiko-arabic-dial-grey\\\/\"]}]},{\"@type\":\"ImageObject\",\"inLanguage\":\"en-US\",\"@id\":\"https:\\\/\\\/waaqt-arabicdial.com\\\/produit\\\/seiko-arabic-dial-grey\\\/#primaryimage\",\"url\":\"https:\\\/\\\/waaqt-arabicdial.com\\\/wp-content\\\/uploads\\\/2018\\\/07\\\/Seiko-Arabic-Grey.webp\",\"contentUrl\":\"https:\\\/\\\/waaqt-arabicdial.com\\\/wp-content\\\/uploads\\\/2018\\\/07\\\/Seiko-Arabic-Grey.webp\",\"width\":500,\"height\":500,\"caption\":\"Seiko Arabic Dial SRPH47 Grey\"},{\"@type\":\"BreadcrumbList\",\"@id\":\"https:\\\/\\\/waaqt-arabicdial.com\\\/produit\\\/seiko-arabic-dial-grey\\\/#breadcrumb\",\"itemListElement\":[{\"@type\":\"ListItem\",\"position\":1,\"name\":\"Accueil\",\"item\":\"https:\\\/\\\/waaqt-arabicdial.com\\\/\"},{\"@type\":\"ListItem\",\"position\":2,\"name\":\"Montres Seiko Arabic Dial authentiques\",\"item\":\"https:\\\/\\\/waaqt-arabicdial.com\\\/shop\\\/\"},{\"@type\":\"ListItem\",\"position\":3,\"name\":\"Seiko Arabic Dial Grey SRPH47 40mm\"}]},{\"@type\":\"WebSite\",\"@id\":\"https:\\\/\\\/waaqt-arabicdial.com\\\/#website\",\"url\":\"https:\\\/\\\/waaqt-arabicdial.com\\\/\",\"name\":\"Waaqt - Expert Seiko Arabic Dial\",\"description\":\"Expert Seiko Arabic Dial en France\",\"publisher\":{\"@id\":\"https:\\\/\\\/waaqt-arabicdial.com\\\/#organization\"},\"potentialAction\":[{\"@type\":\"SearchAction\",\"target\":{\"@type\":\"EntryPoint\",\"urlTemplate\":\"https:\\\/\\\/waaqt-arabicdial.com\\\/?s={search_term_string}\"},\"query-input\":{\"@type\":\"PropertyValueSpecification\",\"valueRequired\":true,\"valueName\":\"search_term_string\"}}],\"inLanguage\":\"en-US\"},{\"@type\":\"Organization\",\"@id\":\"https:\\\/\\\/waaqt-arabicdial.com\\\/#organization\",\"name\":\"Waaqt - Expert Seiko Arabic Dial\",\"url\":\"https:\\\/\\\/waaqt-arabicdial.com\\\/\",\"logo\":{\"@type\":\"ImageObject\",\"inLanguage\":\"en-US\",\"@id\":\"https:\\\/\\\/waaqt-arabicdial.com\\\/#\\\/schema\\\/logo\\\/image\\\/\",\"url\":\"https:\\\/\\\/waaqt-arabicdial.com\\\/wp-content\\\/uploads\\\/2023\\\/06\\\/WhatsApp_Image_2023-05-26_a_22.33.08-removebg-preview.png\",\"contentUrl\":\"https:\\\/\\\/waaqt-arabicdial.com\\\/wp-content\\\/uploads\\\/2023\\\/06\\\/WhatsApp_Image_2023-05-26_a_22.33.08-removebg-preview.png\",\"width\":500,\"height\":500,\"caption\":\"Waaqt - Expert Seiko Arabic Dial\"},\"image\":{\"@id\":\"https:\\\/\\\/waaqt-arabicdial.com\\\/#\\\/schema\\\/logo\\\/image\\\/\"},\"sameAs\":[\"https:\\\/\\\/www.tiktok.com\\\/@waaqt.com?_t=8ctOXkcAvyV&_r=1\"]}]}<\/script>\n<!-- \/ Yoast SEO plugin. -->","yoast_head_json":{"title":"Seiko Arabic Dial Grey SRPH47 40mm - Waaqt","description":"La Seiko Arabic Dial Grey SRPH47K1 40mm : alliant tradition horlog\u00e8re et modernit\u00e9 avec un cadran gris \u00e9l\u00e9gant, chiffres arabes et la pr\u00e9cision Seiko.","robots":{"index":"index","follow":"follow","max-snippet":"max-snippet:-1","max-image-preview":"max-image-preview:large","max-video-preview":"max-video-preview:-1"},"canonical":"https:\/\/waaqt-arabicdial.com\/en\/product-2\/seiko-arabic-dial-grey\/","og_locale":"en_US","og_type":"article","og_title":"Seiko Arabic Dial Grey SRPH47 40mm - Waaqt","og_description":"La Seiko Arabic Dial Grey SRPH47K1 40mm : alliant tradition horlog\u00e8re et modernit\u00e9 avec un cadran gris \u00e9l\u00e9gant, chiffres arabes et la pr\u00e9cision Seiko.","og_url":"https:\/\/waaqt-arabicdial.com\/en\/product-2\/seiko-arabic-dial-grey\/","og_site_name":"Waaqt - Expert Seiko Arabic Dial","article_modified_time":"2025-11-03T17:02:28+00:00","og_image":[{"width":500,"height":500,"url":"https:\/\/waaqt-arabicdial.com\/wp-content\/uploads\/2018\/07\/Seiko-Arabic-Grey.webp","type":"image\/webp"}],"twitter_card":"summary_large_image","twitter_misc":{"Est. reading time":"3 minutes"},"schema":{"@context":"https:\/\/schema.org","@graph":[{"@type":"WebPage","@id":"https:\/\/waaqt-arabicdial.com\/produit\/seiko-arabic-dial-grey\/","url":"https:\/\/waaqt-arabicdial.com\/produit\/seiko-arabic-dial-grey\/","name":"Seiko Arabic Dial Grey SRPH47 40mm - Waaqt","isPartOf":{"@id":"https:\/\/waaqt-arabicdial.com\/#website"},"primaryImageOfPage":{"@id":"https:\/\/waaqt-arabicdial.com\/produit\/seiko-arabic-dial-grey\/#primaryimage"},"image":{"@id":"https:\/\/waaqt-arabicdial.com\/produit\/seiko-arabic-dial-grey\/#primaryimage"},"thumbnailUrl":"https:\/\/waaqt-arabicdial.com\/wp-content\/uploads\/2018\/07\/Seiko-Arabic-Grey.webp","datePublished":"2018-07-23T11:12:14+00:00","dateModified":"2025-11-03T17:02:28+00:00","description":"La Seiko Arabic Dial Grey SRPH47K1 40mm : alliant tradition horlog\u00e8re et modernit\u00e9 avec un cadran gris \u00e9l\u00e9gant, chiffres arabes et la pr\u00e9cision Seiko.","breadcrumb":{"@id":"https:\/\/waaqt-arabicdial.com\/produit\/seiko-arabic-dial-grey\/#breadcrumb"},"inLanguage":"en-US","potentialAction":[{"@type":"ReadAction","target":["https:\/\/waaqt-arabicdial.com\/produit\/seiko-arabic-dial-grey\/"]}]},{"@type":"ImageObject","inLanguage":"en-US","@id":"https:\/\/waaqt-arabicdial.com\/produit\/seiko-arabic-dial-grey\/#primaryimage","url":"https:\/\/waaqt-arabicdial.com\/wp-content\/uploads\/2018\/07\/Seiko-Arabic-Grey.webp","contentUrl":"https:\/\/waaqt-arabicdial.com\/wp-content\/uploads\/2018\/07\/Seiko-Arabic-Grey.webp","width":500,"height":500,"caption":"Seiko Arabic Dial SRPH47 Grey"},{"@type":"BreadcrumbList","@id":"https:\/\/waaqt-arabicdial.com\/produit\/seiko-arabic-dial-grey\/#breadcrumb","itemListElement":[{"@type":"ListItem","position":1,"name":"Accueil","item":"https:\/\/waaqt-arabicdial.com\/"},{"@type":"ListItem","position":2,"name":"Montres Seiko Arabic Dial authentiques","item":"https:\/\/waaqt-arabicdial.com\/shop\/"},{"@type":"ListItem","position":3,"name":"Seiko Arabic Dial Grey SRPH47 40mm"}]},{"@type":"WebSite","@id":"https:\/\/waaqt-arabicdial.com\/#website","url":"https:\/\/waaqt-arabicdial.com\/","name":"Waaqt - Expert Seiko Arabic Dial","description":"Expert Seiko Arabic Dial en France","publisher":{"@id":"https:\/\/waaqt-arabicdial.com\/#organization"},"potentialAction":[{"@type":"SearchAction","target":{"@type":"EntryPoint","urlTemplate":"https:\/\/waaqt-arabicdial.com\/?s={search_term_string}"},"query-input":{"@type":"PropertyValueSpecification","valueRequired":true,"valueName":"search_term_string"}}],"inLanguage":"en-US"},{"@type":"Organization","@id":"https:\/\/waaqt-arabicdial.com\/#organization","name":"Waaqt - Expert Seiko Arabic Dial","url":"https:\/\/waaqt-arabicdial.com\/","logo":{"@type":"ImageObject","inLanguage":"en-US","@id":"https:\/\/waaqt-arabicdial.com\/#\/schema\/logo\/image\/","url":"https:\/\/waaqt-arabicdial.com\/wp-content\/uploads\/2023\/06\/WhatsApp_Image_2023-05-26_a_22.33.08-removebg-preview.png","contentUrl":"https:\/\/waaqt-arabicdial.com\/wp-content\/uploads\/2023\/06\/WhatsApp_Image_2023-05-26_a_22.33.08-removebg-preview.png","width":500,"height":500,"caption":"Waaqt - Expert Seiko Arabic Dial"},"image":{"@id":"https:\/\/waaqt-arabicdial.com\/#\/schema\/logo\/image\/"},"sameAs":["https:\/\/www.tiktok.com\/@waaqt.com?_t=8ctOXkcAvyV&_r=1"]}]}},"jetpack_sharing_enabled":true,"_links":{"self":[{"href":"https:\/\/waaqt-arabicdial.com\/en\/wp-json\/wp\/v2\/product\/65","targetHints":{"allow":["GET"]}}],"collection":[{"href":"https:\/\/waaqt-arabicdial.com\/en\/wp-json\/wp\/v2\/product"}],"about":[{"href":"https:\/\/waaqt-arabicdial.com\/en\/wp-json\/wp\/v2\/types\/product"}],"replies":[{"embeddable":true,"href":"https:\/\/waaqt-arabicdial.com\/en\/wp-json\/wp\/v2\/comments?post=65"}],"version-history":[{"count":12,"href":"https:\/\/waaqt-arabicdial.com\/en\/wp-json\/wp\/v2\/product\/65\/revisions"}],"predecessor-version":[{"id":8255,"href":"https:\/\/waaqt-arabicdial.com\/en\/wp-json\/wp\/v2\/product\/65\/revisions\/8255"}],"wp:featuredmedia":[{"embeddable":true,"href":"https:\/\/waaqt-arabicdial.com\/en\/wp-json\/wp\/v2\/media\/6729"}],"wp:attachment":[{"href":"https:\/\/waaqt-arabicdial.com\/en\/wp-json\/wp\/v2\/media?parent=65"}],"wp:term":[{"taxonomy":"product_brand","embeddable":true,"href":"https:\/\/waaqt-arabicdial.com\/en\/wp-json\/wp\/v2\/product_brand?post=65"},{"taxonomy":"product_cat","embeddable":true,"href":"https:\/\/waaqt-arabicdial.com\/en\/wp-json\/wp\/v2\/product_cat?post=65"},{"taxonomy":"product_tag","embeddable":true,"href":"https:\/\/waaqt-arabicdial.com\/en\/wp-json\/wp\/v2\/product_tag?post=65"}],"curies":[{"name":"wp","href":"https:\/\/api.w.org\/{rel}","templated":true}]}}