{"id":5944,"date":"2024-05-27T05:34:38","date_gmt":"2024-05-27T05:34:38","guid":{"rendered":"https:\/\/waaqt-arabicdial.com\/?post_type=product&#038;p=5944"},"modified":"2024-12-11T16:46:11","modified_gmt":"2024-12-11T16:46:11","slug":"salvador-dali-clock-2","status":"publish","type":"product","link":"https:\/\/waaqt-arabicdial.com\/en\/produit\/horloge-salvador-dali\/","title":{"rendered":"Salvador Dali clock"},"content":{"rendered":"<h2>Transform your home with our Salvador Dali Wall Clock, an artistic clock that combines style and originality. Inspired by Salvador Dali's famous painting \"La Persistance de la M\u00e9moire\" (The Persistence of Memory), this wall clock is much more than a simple tool for telling the time; it's a true tribute to surrealism.<\/h2>\n<p><strong>Main Features :<\/strong><\/p>\n<ul>\n<li><strong>Surrealist design<\/strong> The Dali wall clock is designed to resemble a melting watch, capturing the essence of Dali's famous masterpiece.<\/li>\n<li><strong>Quality materials<\/strong> Made from high-quality, durable materials, this clock guarantees long life and reliable performance.<\/li>\n<li><strong>Perfect dimensions<\/strong> With dimensions of 15 x 12 x 18 cm, this clock is large enough to be a focal point without being too imposing.<\/li>\n<li><strong>Easy to install<\/strong> : Put it down &amp; it's installed! Requires 1 AA battery (not included)<\/li>\n<li><strong>Quiet<\/strong> : Silent quartz mechanism for undisturbed peace and quiet.<\/li>\n<\/ul>\n<h3>The Salvador Dali Wall Clock on your desk is a tribute to the surrealist genius of Dali. The silver finish &amp; Roman numerals on this wall clock make it easy to tell the time.<\/h3>\n<p>Don't miss the opportunity to acquire a <a href=\"https:\/\/waaqt-arabicdial.com\/en\/product-2\/salvador-dali-watch-2\/\">Dali watch<\/a> in addition to your clock for a harmonious, surreal ensemble. Order now and let time melt into your d\u00e9cor with elegance and style.<\/p>","protected":false},"excerpt":{"rendered":"<p>Transform your home with our Salvador Dali Wall Clock, an artistic clock that combines style and originality. Inspired by Salvador Dali's famous painting \"La Persistance de la M\u00e9moire\", this wall clock is much more than a simple tool for telling the time; it's a true tribute to surrealism. Key features : Surrealist design [...]<\/p>","protected":false},"featured_media":5950,"comment_status":"open","ping_status":"closed","template":"","meta":{"site-sidebar-layout":"default","site-content-layout":"","ast-site-content-layout":"default","site-content-style":"default","site-sidebar-style":"default","ast-global-header-display":"","ast-banner-title-visibility":"","ast-main-header-display":"","ast-hfb-above-header-display":"","ast-hfb-below-header-display":"","ast-hfb-mobile-header-display":"","site-post-title":"","ast-breadcrumbs-content":"","ast-featured-img":"","footer-sml-layout":"","ast-disable-related-posts":"","theme-transparent-header-meta":"default","adv-header-id-meta":"","stick-header-meta":"","header-above-stick-meta":"","header-main-stick-meta":"","header-below-stick-meta":"","astra-migrate-meta-layouts":"set","ast-page-background-enabled":"default","ast-page-background-meta":{"desktop":{"background-color":"","background-image":"","background-repeat":"repeat","background-position":"center center","background-size":"auto","background-attachment":"scroll","background-type":"","background-media":"","overlay-type":"","overlay-color":"","overlay-opacity":"","overlay-gradient":""},"tablet":{"background-color":"","background-image":"","background-repeat":"repeat","background-position":"center center","background-size":"auto","background-attachment":"scroll","background-type":"","background-media":"","overlay-type":"","overlay-color":"","overlay-opacity":"","overlay-gradient":""},"mobile":{"background-color":"","background-image":"","background-repeat":"repeat","background-position":"center center","background-size":"auto","background-attachment":"scroll","background-type":"","background-media":"","overlay-type":"","overlay-color":"","overlay-opacity":"","overlay-gradient":""}},"ast-content-background-meta":{"desktop":{"background-color":"var(--ast-global-color-5)","background-image":"","background-repeat":"repeat","background-position":"center center","background-size":"auto","background-attachment":"scroll","background-type":"","background-media":"","overlay-type":"","overlay-color":"","overlay-opacity":"","overlay-gradient":""},"tablet":{"background-color":"var(--ast-global-color-5)","background-image":"","background-repeat":"repeat","background-position":"center center","background-size":"auto","background-attachment":"scroll","background-type":"","background-media":"","overlay-type":"","overlay-color":"","overlay-opacity":"","overlay-gradient":""},"mobile":{"background-color":"var(--ast-global-color-5)","background-image":"","background-repeat":"repeat","background-position":"center center","background-size":"auto","background-attachment":"scroll","background-type":"","background-media":"","overlay-type":"","overlay-color":"","overlay-opacity":"","overlay-gradient":""}}},"product_brand":[],"product_cat":[82],"product_tag":[],"class_list":{"0":"post-5944","1":"product","2":"type-product","3":"status-publish","4":"has-post-thumbnail","6":"product_cat-accessoires-montre","7":"desktop-align-center","8":"tablet-align-center","9":"mobile-align-center","10":"ast-product-gallery-layout-vertical","11":"ast-product-tabs-layout-accordion","13":"first","14":"instock","15":"taxable","16":"shipping-taxable","17":"purchasable","18":"product-type-simple"},"yoast_head":"<!-- This site is optimized with the Yoast SEO plugin v27.4 - https:\/\/yoast.com\/product\/yoast-seo-wordpress\/ -->\n<title>Horloge Salvador Dali | Livraison Offerte \u2611\ufe0f<\/title>\n<meta name=\"description\" content=\"D\u00e9couvrez l&#039;Horloge Murale Salvador Dali, une pi\u00e8ce d&#039;art unique inspir\u00e9e par le surr\u00e9alisme. Ajoutez une touche artistique \u00e0 votre int\u00e9rieur \u2611\ufe0f\" \/>\n<meta name=\"robots\" content=\"index, follow, max-snippet:-1, max-image-preview:large, max-video-preview:-1\" \/>\n<link rel=\"canonical\" href=\"https:\/\/waaqt-arabicdial.com\/en\/product-2\/salvador-dali-clock-2\/\" \/>\n<meta property=\"og:locale\" content=\"en_US\" \/>\n<meta property=\"og:type\" content=\"article\" \/>\n<meta property=\"og:title\" content=\"Horloge Salvador Dali | Livraison Offerte \u2611\ufe0f\" \/>\n<meta property=\"og:description\" content=\"D\u00e9couvrez l&#039;Horloge Murale Salvador Dali, une pi\u00e8ce d&#039;art unique inspir\u00e9e par le surr\u00e9alisme. Ajoutez une touche artistique \u00e0 votre int\u00e9rieur \u2611\ufe0f\" \/>\n<meta property=\"og:url\" content=\"https:\/\/waaqt-arabicdial.com\/en\/product-2\/salvador-dali-clock-2\/\" \/>\n<meta property=\"og:site_name\" content=\"Waaqt - Expert Seiko Arabic Dial\" \/>\n<meta property=\"article:modified_time\" content=\"2024-12-11T16:46:11+00:00\" \/>\n<meta property=\"og:image\" content=\"https:\/\/waaqt-arabicdial.com\/wp-content\/uploads\/2024\/05\/resized_image_2.jpg\" \/>\n\t<meta property=\"og:image:width\" content=\"500\" \/>\n\t<meta property=\"og:image:height\" content=\"500\" \/>\n\t<meta property=\"og:image:type\" content=\"image\/jpeg\" \/>\n<meta name=\"twitter:card\" content=\"summary_large_image\" \/>\n<meta name=\"twitter:label1\" content=\"Est. reading time\" \/>\n\t<meta name=\"twitter:data1\" content=\"2 minutes\" \/>\n<script type=\"application\/ld+json\" class=\"yoast-schema-graph\">{\"@context\":\"https:\\\/\\\/schema.org\",\"@graph\":[{\"@type\":\"WebPage\",\"@id\":\"https:\\\/\\\/waaqt-arabicdial.com\\\/produit\\\/horloge-salvador-dali\\\/\",\"url\":\"https:\\\/\\\/waaqt-arabicdial.com\\\/produit\\\/horloge-salvador-dali\\\/\",\"name\":\"Horloge Salvador Dali | Livraison Offerte \u2611\ufe0f\",\"isPartOf\":{\"@id\":\"https:\\\/\\\/waaqt-arabicdial.com\\\/#website\"},\"primaryImageOfPage\":{\"@id\":\"https:\\\/\\\/waaqt-arabicdial.com\\\/produit\\\/horloge-salvador-dali\\\/#primaryimage\"},\"image\":{\"@id\":\"https:\\\/\\\/waaqt-arabicdial.com\\\/produit\\\/horloge-salvador-dali\\\/#primaryimage\"},\"thumbnailUrl\":\"https:\\\/\\\/waaqt-arabicdial.com\\\/wp-content\\\/uploads\\\/2024\\\/05\\\/resized_image_2.jpg\",\"datePublished\":\"2024-05-27T05:34:38+00:00\",\"dateModified\":\"2024-12-11T16:46:11+00:00\",\"description\":\"D\u00e9couvrez l'Horloge Murale Salvador Dali, une pi\u00e8ce d'art unique inspir\u00e9e par le surr\u00e9alisme. Ajoutez une touche artistique \u00e0 votre int\u00e9rieur \u2611\ufe0f\",\"breadcrumb\":{\"@id\":\"https:\\\/\\\/waaqt-arabicdial.com\\\/produit\\\/horloge-salvador-dali\\\/#breadcrumb\"},\"inLanguage\":\"en-US\",\"potentialAction\":[{\"@type\":\"ReadAction\",\"target\":[\"https:\\\/\\\/waaqt-arabicdial.com\\\/produit\\\/horloge-salvador-dali\\\/\"]}]},{\"@type\":\"ImageObject\",\"inLanguage\":\"en-US\",\"@id\":\"https:\\\/\\\/waaqt-arabicdial.com\\\/produit\\\/horloge-salvador-dali\\\/#primaryimage\",\"url\":\"https:\\\/\\\/waaqt-arabicdial.com\\\/wp-content\\\/uploads\\\/2024\\\/05\\\/resized_image_2.jpg\",\"contentUrl\":\"https:\\\/\\\/waaqt-arabicdial.com\\\/wp-content\\\/uploads\\\/2024\\\/05\\\/resized_image_2.jpg\",\"width\":500,\"height\":500,\"caption\":\"Horloge Salvador Dali\"},{\"@type\":\"BreadcrumbList\",\"@id\":\"https:\\\/\\\/waaqt-arabicdial.com\\\/produit\\\/horloge-salvador-dali\\\/#breadcrumb\",\"itemListElement\":[{\"@type\":\"ListItem\",\"position\":1,\"name\":\"Accueil\",\"item\":\"https:\\\/\\\/waaqt-arabicdial.com\\\/\"},{\"@type\":\"ListItem\",\"position\":2,\"name\":\"Montres Seiko Arabic Dial authentiques\",\"item\":\"https:\\\/\\\/waaqt-arabicdial.com\\\/shop\\\/\"},{\"@type\":\"ListItem\",\"position\":3,\"name\":\"Horloge Salvador Dali\"}]},{\"@type\":\"WebSite\",\"@id\":\"https:\\\/\\\/waaqt-arabicdial.com\\\/#website\",\"url\":\"https:\\\/\\\/waaqt-arabicdial.com\\\/\",\"name\":\"Waaqt - Expert Seiko Arabic Dial\",\"description\":\"Expert Seiko Arabic Dial en France\",\"publisher\":{\"@id\":\"https:\\\/\\\/waaqt-arabicdial.com\\\/#organization\"},\"potentialAction\":[{\"@type\":\"SearchAction\",\"target\":{\"@type\":\"EntryPoint\",\"urlTemplate\":\"https:\\\/\\\/waaqt-arabicdial.com\\\/?s={search_term_string}\"},\"query-input\":{\"@type\":\"PropertyValueSpecification\",\"valueRequired\":true,\"valueName\":\"search_term_string\"}}],\"inLanguage\":\"en-US\"},{\"@type\":\"Organization\",\"@id\":\"https:\\\/\\\/waaqt-arabicdial.com\\\/#organization\",\"name\":\"Waaqt - Expert Seiko Arabic Dial\",\"url\":\"https:\\\/\\\/waaqt-arabicdial.com\\\/\",\"logo\":{\"@type\":\"ImageObject\",\"inLanguage\":\"en-US\",\"@id\":\"https:\\\/\\\/waaqt-arabicdial.com\\\/#\\\/schema\\\/logo\\\/image\\\/\",\"url\":\"https:\\\/\\\/waaqt-arabicdial.com\\\/wp-content\\\/uploads\\\/2023\\\/06\\\/WhatsApp_Image_2023-05-26_a_22.33.08-removebg-preview.png\",\"contentUrl\":\"https:\\\/\\\/waaqt-arabicdial.com\\\/wp-content\\\/uploads\\\/2023\\\/06\\\/WhatsApp_Image_2023-05-26_a_22.33.08-removebg-preview.png\",\"width\":500,\"height\":500,\"caption\":\"Waaqt - Expert Seiko Arabic Dial\"},\"image\":{\"@id\":\"https:\\\/\\\/waaqt-arabicdial.com\\\/#\\\/schema\\\/logo\\\/image\\\/\"},\"sameAs\":[\"https:\\\/\\\/www.tiktok.com\\\/@waaqt.com?_t=8ctOXkcAvyV&_r=1\"]}]}<\/script>\n<!-- \/ Yoast SEO plugin. -->","yoast_head_json":{"title":"Horloge Salvador Dali | Livraison Offerte \u2611\ufe0f","description":"D\u00e9couvrez l'Horloge Murale Salvador Dali, une pi\u00e8ce d'art unique inspir\u00e9e par le surr\u00e9alisme. Ajoutez une touche artistique \u00e0 votre int\u00e9rieur \u2611\ufe0f","robots":{"index":"index","follow":"follow","max-snippet":"max-snippet:-1","max-image-preview":"max-image-preview:large","max-video-preview":"max-video-preview:-1"},"canonical":"https:\/\/waaqt-arabicdial.com\/en\/product-2\/salvador-dali-clock-2\/","og_locale":"en_US","og_type":"article","og_title":"Horloge Salvador Dali | Livraison Offerte \u2611\ufe0f","og_description":"D\u00e9couvrez l'Horloge Murale Salvador Dali, une pi\u00e8ce d'art unique inspir\u00e9e par le surr\u00e9alisme. Ajoutez une touche artistique \u00e0 votre int\u00e9rieur \u2611\ufe0f","og_url":"https:\/\/waaqt-arabicdial.com\/en\/product-2\/salvador-dali-clock-2\/","og_site_name":"Waaqt - Expert Seiko Arabic Dial","article_modified_time":"2024-12-11T16:46:11+00:00","og_image":[{"width":500,"height":500,"url":"https:\/\/waaqt-arabicdial.com\/wp-content\/uploads\/2024\/05\/resized_image_2.jpg","type":"image\/jpeg"}],"twitter_card":"summary_large_image","twitter_misc":{"Est. reading time":"2 minutes"},"schema":{"@context":"https:\/\/schema.org","@graph":[{"@type":"WebPage","@id":"https:\/\/waaqt-arabicdial.com\/produit\/horloge-salvador-dali\/","url":"https:\/\/waaqt-arabicdial.com\/produit\/horloge-salvador-dali\/","name":"Horloge Salvador Dali | Livraison Offerte \u2611\ufe0f","isPartOf":{"@id":"https:\/\/waaqt-arabicdial.com\/#website"},"primaryImageOfPage":{"@id":"https:\/\/waaqt-arabicdial.com\/produit\/horloge-salvador-dali\/#primaryimage"},"image":{"@id":"https:\/\/waaqt-arabicdial.com\/produit\/horloge-salvador-dali\/#primaryimage"},"thumbnailUrl":"https:\/\/waaqt-arabicdial.com\/wp-content\/uploads\/2024\/05\/resized_image_2.jpg","datePublished":"2024-05-27T05:34:38+00:00","dateModified":"2024-12-11T16:46:11+00:00","description":"D\u00e9couvrez l'Horloge Murale Salvador Dali, une pi\u00e8ce d'art unique inspir\u00e9e par le surr\u00e9alisme. Ajoutez une touche artistique \u00e0 votre int\u00e9rieur \u2611\ufe0f","breadcrumb":{"@id":"https:\/\/waaqt-arabicdial.com\/produit\/horloge-salvador-dali\/#breadcrumb"},"inLanguage":"en-US","potentialAction":[{"@type":"ReadAction","target":["https:\/\/waaqt-arabicdial.com\/produit\/horloge-salvador-dali\/"]}]},{"@type":"ImageObject","inLanguage":"en-US","@id":"https:\/\/waaqt-arabicdial.com\/produit\/horloge-salvador-dali\/#primaryimage","url":"https:\/\/waaqt-arabicdial.com\/wp-content\/uploads\/2024\/05\/resized_image_2.jpg","contentUrl":"https:\/\/waaqt-arabicdial.com\/wp-content\/uploads\/2024\/05\/resized_image_2.jpg","width":500,"height":500,"caption":"Horloge Salvador Dali"},{"@type":"BreadcrumbList","@id":"https:\/\/waaqt-arabicdial.com\/produit\/horloge-salvador-dali\/#breadcrumb","itemListElement":[{"@type":"ListItem","position":1,"name":"Accueil","item":"https:\/\/waaqt-arabicdial.com\/"},{"@type":"ListItem","position":2,"name":"Montres Seiko Arabic Dial authentiques","item":"https:\/\/waaqt-arabicdial.com\/shop\/"},{"@type":"ListItem","position":3,"name":"Horloge Salvador Dali"}]},{"@type":"WebSite","@id":"https:\/\/waaqt-arabicdial.com\/#website","url":"https:\/\/waaqt-arabicdial.com\/","name":"Waaqt - Expert Seiko Arabic Dial","description":"Expert Seiko Arabic Dial en France","publisher":{"@id":"https:\/\/waaqt-arabicdial.com\/#organization"},"potentialAction":[{"@type":"SearchAction","target":{"@type":"EntryPoint","urlTemplate":"https:\/\/waaqt-arabicdial.com\/?s={search_term_string}"},"query-input":{"@type":"PropertyValueSpecification","valueRequired":true,"valueName":"search_term_string"}}],"inLanguage":"en-US"},{"@type":"Organization","@id":"https:\/\/waaqt-arabicdial.com\/#organization","name":"Waaqt - Expert Seiko Arabic Dial","url":"https:\/\/waaqt-arabicdial.com\/","logo":{"@type":"ImageObject","inLanguage":"en-US","@id":"https:\/\/waaqt-arabicdial.com\/#\/schema\/logo\/image\/","url":"https:\/\/waaqt-arabicdial.com\/wp-content\/uploads\/2023\/06\/WhatsApp_Image_2023-05-26_a_22.33.08-removebg-preview.png","contentUrl":"https:\/\/waaqt-arabicdial.com\/wp-content\/uploads\/2023\/06\/WhatsApp_Image_2023-05-26_a_22.33.08-removebg-preview.png","width":500,"height":500,"caption":"Waaqt - Expert Seiko Arabic Dial"},"image":{"@id":"https:\/\/waaqt-arabicdial.com\/#\/schema\/logo\/image\/"},"sameAs":["https:\/\/www.tiktok.com\/@waaqt.com?_t=8ctOXkcAvyV&_r=1"]}]}},"jetpack_sharing_enabled":true,"_links":{"self":[{"href":"https:\/\/waaqt-arabicdial.com\/en\/wp-json\/wp\/v2\/product\/5944","targetHints":{"allow":["GET"]}}],"collection":[{"href":"https:\/\/waaqt-arabicdial.com\/en\/wp-json\/wp\/v2\/product"}],"about":[{"href":"https:\/\/waaqt-arabicdial.com\/en\/wp-json\/wp\/v2\/types\/product"}],"replies":[{"embeddable":true,"href":"https:\/\/waaqt-arabicdial.com\/en\/wp-json\/wp\/v2\/comments?post=5944"}],"version-history":[{"count":4,"href":"https:\/\/waaqt-arabicdial.com\/en\/wp-json\/wp\/v2\/product\/5944\/revisions"}],"predecessor-version":[{"id":5957,"href":"https:\/\/waaqt-arabicdial.com\/en\/wp-json\/wp\/v2\/product\/5944\/revisions\/5957"}],"wp:featuredmedia":[{"embeddable":true,"href":"https:\/\/waaqt-arabicdial.com\/en\/wp-json\/wp\/v2\/media\/5950"}],"wp:attachment":[{"href":"https:\/\/waaqt-arabicdial.com\/en\/wp-json\/wp\/v2\/media?parent=5944"}],"wp:term":[{"taxonomy":"product_brand","embeddable":true,"href":"https:\/\/waaqt-arabicdial.com\/en\/wp-json\/wp\/v2\/product_brand?post=5944"},{"taxonomy":"product_cat","embeddable":true,"href":"https:\/\/waaqt-arabicdial.com\/en\/wp-json\/wp\/v2\/product_cat?post=5944"},{"taxonomy":"product_tag","embeddable":true,"href":"https:\/\/waaqt-arabicdial.com\/en\/wp-json\/wp\/v2\/product_tag?post=5944"}],"curies":[{"name":"wp","href":"https:\/\/api.w.org\/{rel}","templated":true}]}}