{"id":5663,"date":"2024-05-26T17:20:29","date_gmt":"2024-05-26T17:20:29","guid":{"rendered":"https:\/\/waaqt-arabicdial.com\/?post_type=product&#038;p=5663"},"modified":"2025-12-08T21:47:07","modified_gmt":"2025-12-08T21:47:07","slug":"salvador-dali-watch-2","status":"publish","type":"product","link":"https:\/\/waaqt-arabicdial.com\/en\/produit\/montre-salvador-dali\/","title":{"rendered":"Salvador Dali watch - Melting watch"},"content":{"rendered":"<h2><span style=\"font-size: 14pt;\">Embrace the dreamlike world of Salvador Dal\u00ed with our <em>Melting watch by Salvador Dali<\/em>. Inspired by Dal\u00ed's iconic depiction of soft watches in his work \"La Persistencia de la Memoria \/ The Persistence of Memory\", this watch is not just a time-measuring instrument, but a portable piece of art.<\/span><\/h2>\n<p>Cette <strong>1st creation by Waaqt now available for purchase<\/strong>designed to be <strong>unisex<\/strong>This timepiece speaks to both men and women who appreciate art and style. Case details and colors are available in 2 elegant shades <strong>silver \/ gold<\/strong>. The timepiece features a <strong>cabochon adorned with a stone<\/strong>inspired by the finest Cartier watches.<\/p>\n<h3><span style=\"font-size: 12pt;\">Considered an alternative to the Cartier Crash, the irregular watch with its dial that seems to melt on your wrist gives free rein to your imagination - just like the Spanish painter in 1931. Its quartz movement, high-quality leather strap and pin buckle will win you over.\u00a0<\/span><\/h3>\n<p>&nbsp;<\/p>\n<table>\n<thead>\n<tr>\n<th>Technical data<\/th>\n<th>Dali Watch<\/th>\n<\/tr>\n<\/thead>\n<tbody>\n<tr>\n<td>Movement type<\/td>\n<td>Quartz movement (Japanese)<\/td>\n<\/tr>\n<tr>\n<td>Case thickness<\/td>\n<td>8mm<\/td>\n<\/tr>\n<tr>\n<td>Housing material<\/td>\n<td>Stainless steel<\/td>\n<\/tr>\n<tr>\n<td>Type of glass used<\/td>\n<td>Synthetic sapphire crystal<\/td>\n<\/tr>\n<tr>\n<td>Dial diameter<\/td>\n<td>30mm<\/td>\n<\/tr>\n<tr>\n<td>Type<\/td>\n<td>Man \/ Woman - Unisex watch<\/td>\n<\/tr>\n<tr>\n<td>Waterproofing<\/td>\n<td>Up to 3 ATM (30 meters)<\/td>\n<\/tr>\n<tr>\n<td>Sealing depth<\/td>\n<td>Waterproof to 30 metres for everyday use<\/td>\n<\/tr>\n<tr>\n<td>Bracelet material<\/td>\n<td>Genuine leather<\/td>\n<\/tr>\n<tr>\n<td>Color classification<\/td>\n<td>Gold \/ silver plated metal<\/td>\n<\/tr>\n<tr>\n<td>Display method<\/td>\n<td>Hands (hour \/ minute \/ second)<\/td>\n<\/tr>\n<tr>\n<td>Watch type<\/td>\n<td>Neutral<\/td>\n<\/tr>\n<tr>\n<td>Background type<\/td>\n<td>Standard<\/td>\n<\/tr>\n<tr>\n<td>Loop style<\/td>\n<td>Akrone folding clasp<\/td>\n<\/tr>\n<\/tbody>\n<\/table>\n<div class=\"flex flex-grow flex-col max-w-full\">\n<div class=\"min-h-[20px] text-message flex flex-col items-start whitespace-pre-wrap break-words [.text-message+&amp;]:mt-5 juice:w-full juice:items-end overflow-x-auto gap-2\" dir=\"auto\" data-message-author-role=\"assistant\" data-message-id=\"925ea374-a6d0-4578-97eb-1d0c0d57f204\">\n<div class=\"flex w-full flex-col gap-1 juice:empty:hidden juice:first:pt-[3px]\">\n<div class=\"markdown prose w-full break-words dark:prose-invert dark\">\n<p>In the same inspiration, you can find the<a href=\"https:\/\/waaqt-arabicdial.com\/en\/product-2\/salvador-dali-clock-2\/\">Salvador Dali clock<\/a>A must-have accessory to add a surreal, artistic touch to your home decor.<\/p>\n<\/div>\n<\/div>\n<\/div>\n<\/div>","protected":false},"excerpt":{"rendered":"<p>Embrace the dream world with our Watch by Waaqt. Inspired by the iconic depiction of soft watches in his work \"La Persistencia de la Memoria \/ The Persistence of Memory\", this watch is not just a time-measuring instrument, but a portable piece of art. This 1st [...]<\/p>","protected":false},"featured_media":5901,"comment_status":"open","ping_status":"closed","template":"","meta":{"site-sidebar-layout":"default","site-content-layout":"","ast-site-content-layout":"default","site-content-style":"default","site-sidebar-style":"default","ast-global-header-display":"","ast-banner-title-visibility":"","ast-main-header-display":"","ast-hfb-above-header-display":"","ast-hfb-below-header-display":"","ast-hfb-mobile-header-display":"","site-post-title":"","ast-breadcrumbs-content":"","ast-featured-img":"","footer-sml-layout":"","ast-disable-related-posts":"","theme-transparent-header-meta":"default","adv-header-id-meta":"","stick-header-meta":"","header-above-stick-meta":"","header-main-stick-meta":"","header-below-stick-meta":"","astra-migrate-meta-layouts":"set","ast-page-background-enabled":"default","ast-page-background-meta":{"desktop":{"background-color":"","background-image":"","background-repeat":"repeat","background-position":"center center","background-size":"auto","background-attachment":"scroll","background-type":"","background-media":"","overlay-type":"","overlay-color":"","overlay-opacity":"","overlay-gradient":""},"tablet":{"background-color":"","background-image":"","background-repeat":"repeat","background-position":"center center","background-size":"auto","background-attachment":"scroll","background-type":"","background-media":"","overlay-type":"","overlay-color":"","overlay-opacity":"","overlay-gradient":""},"mobile":{"background-color":"","background-image":"","background-repeat":"repeat","background-position":"center center","background-size":"auto","background-attachment":"scroll","background-type":"","background-media":"","overlay-type":"","overlay-color":"","overlay-opacity":"","overlay-gradient":""}},"ast-content-background-meta":{"desktop":{"background-color":"var(--ast-global-color-5)","background-image":"","background-repeat":"repeat","background-position":"center center","background-size":"auto","background-attachment":"scroll","background-type":"","background-media":"","overlay-type":"","overlay-color":"","overlay-opacity":"","overlay-gradient":""},"tablet":{"background-color":"var(--ast-global-color-5)","background-image":"","background-repeat":"repeat","background-position":"center center","background-size":"auto","background-attachment":"scroll","background-type":"","background-media":"","overlay-type":"","overlay-color":"","overlay-opacity":"","overlay-gradient":""},"mobile":{"background-color":"var(--ast-global-color-5)","background-image":"","background-repeat":"repeat","background-position":"center center","background-size":"auto","background-attachment":"scroll","background-type":"","background-media":"","overlay-type":"","overlay-color":"","overlay-opacity":"","overlay-gradient":""}}},"product_brand":[],"product_cat":[82],"product_tag":[],"class_list":{"0":"post-5663","1":"product","2":"type-product","3":"status-publish","4":"has-post-thumbnail","6":"product_cat-accessoires-montre","7":"desktop-align-center","8":"tablet-align-center","9":"mobile-align-center","10":"ast-product-gallery-layout-vertical","11":"ast-product-single-variable","12":"ast-product-tabs-layout-accordion","14":"first","15":"instock","16":"taxable","17":"shipping-taxable","18":"purchasable","19":"product-type-variable"},"yoast_head":"<!-- This site is optimized with the Yoast SEO plugin v27.4 - https:\/\/yoast.com\/product\/yoast-seo-wordpress\/ -->\n<title>Montre Salvador Dali | Livraison Offerte \u2611\ufe0f<\/title>\n<meta name=\"description\" content=\"D\u00e9couvrez la Montre Salvador Dali, un accessoire unique qui fusionne l&#039;art surr\u00e9aliste avec l&#039;\u00e9l\u00e9gance horlog\u00e8re. Inspir\u00e9e des c\u00e9l\u00e8bres \u0153uvres de Dali. \u2611\ufe0f\" \/>\n<meta name=\"robots\" content=\"index, follow, max-snippet:-1, max-image-preview:large, max-video-preview:-1\" \/>\n<link rel=\"canonical\" href=\"https:\/\/waaqt-arabicdial.com\/en\/product-2\/salvador-dali-watch-2\/\" \/>\n<meta property=\"og:locale\" content=\"en_US\" \/>\n<meta property=\"og:type\" content=\"article\" \/>\n<meta property=\"og:title\" content=\"Montre Salvador Dali | Livraison Offerte \u2611\ufe0f\" \/>\n<meta property=\"og:description\" content=\"D\u00e9couvrez la Montre Salvador Dali, un accessoire unique qui fusionne l&#039;art surr\u00e9aliste avec l&#039;\u00e9l\u00e9gance horlog\u00e8re. Inspir\u00e9e des c\u00e9l\u00e8bres \u0153uvres de Dali. \u2611\ufe0f\" \/>\n<meta property=\"og:url\" content=\"https:\/\/waaqt-arabicdial.com\/en\/product-2\/salvador-dali-watch-2\/\" \/>\n<meta property=\"og:site_name\" content=\"Waaqt - Expert Seiko Arabic Dial\" \/>\n<meta property=\"article:modified_time\" content=\"2025-12-08T21:47:07+00:00\" \/>\n<meta property=\"og:image\" content=\"https:\/\/waaqt-arabicdial.com\/wp-content\/uploads\/2024\/05\/Dali-4.jpg.png\" \/>\n\t<meta property=\"og:image:width\" content=\"500\" \/>\n\t<meta property=\"og:image:height\" content=\"500\" \/>\n\t<meta property=\"og:image:type\" content=\"image\/png\" \/>\n<meta name=\"twitter:card\" content=\"summary_large_image\" \/>\n<meta name=\"twitter:label1\" content=\"Est. reading time\" \/>\n\t<meta name=\"twitter:data1\" content=\"2 minutes\" \/>\n<script type=\"application\/ld+json\" class=\"yoast-schema-graph\">{\"@context\":\"https:\\\/\\\/schema.org\",\"@graph\":[{\"@type\":\"WebPage\",\"@id\":\"https:\\\/\\\/waaqt-arabicdial.com\\\/produit\\\/montre-salvador-dali\\\/\",\"url\":\"https:\\\/\\\/waaqt-arabicdial.com\\\/produit\\\/montre-salvador-dali\\\/\",\"name\":\"Montre Salvador Dali | Livraison Offerte \u2611\ufe0f\",\"isPartOf\":{\"@id\":\"https:\\\/\\\/waaqt-arabicdial.com\\\/#website\"},\"primaryImageOfPage\":{\"@id\":\"https:\\\/\\\/waaqt-arabicdial.com\\\/produit\\\/montre-salvador-dali\\\/#primaryimage\"},\"image\":{\"@id\":\"https:\\\/\\\/waaqt-arabicdial.com\\\/produit\\\/montre-salvador-dali\\\/#primaryimage\"},\"thumbnailUrl\":\"https:\\\/\\\/waaqt-arabicdial.com\\\/wp-content\\\/uploads\\\/2024\\\/05\\\/Dali-4.jpg.png\",\"datePublished\":\"2024-05-26T17:20:29+00:00\",\"dateModified\":\"2025-12-08T21:47:07+00:00\",\"description\":\"D\u00e9couvrez la Montre Salvador Dali, un accessoire unique qui fusionne l'art surr\u00e9aliste avec l'\u00e9l\u00e9gance horlog\u00e8re. Inspir\u00e9e des c\u00e9l\u00e8bres \u0153uvres de Dali. \u2611\ufe0f\",\"breadcrumb\":{\"@id\":\"https:\\\/\\\/waaqt-arabicdial.com\\\/produit\\\/montre-salvador-dali\\\/#breadcrumb\"},\"inLanguage\":\"en-US\",\"potentialAction\":[{\"@type\":\"ReadAction\",\"target\":[\"https:\\\/\\\/waaqt-arabicdial.com\\\/produit\\\/montre-salvador-dali\\\/\"]}]},{\"@type\":\"ImageObject\",\"inLanguage\":\"en-US\",\"@id\":\"https:\\\/\\\/waaqt-arabicdial.com\\\/produit\\\/montre-salvador-dali\\\/#primaryimage\",\"url\":\"https:\\\/\\\/waaqt-arabicdial.com\\\/wp-content\\\/uploads\\\/2024\\\/05\\\/Dali-4.jpg.png\",\"contentUrl\":\"https:\\\/\\\/waaqt-arabicdial.com\\\/wp-content\\\/uploads\\\/2024\\\/05\\\/Dali-4.jpg.png\",\"width\":500,\"height\":500,\"caption\":\"Montre Salvador Dali\"},{\"@type\":\"BreadcrumbList\",\"@id\":\"https:\\\/\\\/waaqt-arabicdial.com\\\/produit\\\/montre-salvador-dali\\\/#breadcrumb\",\"itemListElement\":[{\"@type\":\"ListItem\",\"position\":1,\"name\":\"Accueil\",\"item\":\"https:\\\/\\\/waaqt-arabicdial.com\\\/\"},{\"@type\":\"ListItem\",\"position\":2,\"name\":\"Montres Seiko Arabic Dial authentiques\",\"item\":\"https:\\\/\\\/waaqt-arabicdial.com\\\/shop\\\/\"},{\"@type\":\"ListItem\",\"position\":3,\"name\":\"Montre Salvador Dali\"}]},{\"@type\":\"WebSite\",\"@id\":\"https:\\\/\\\/waaqt-arabicdial.com\\\/#website\",\"url\":\"https:\\\/\\\/waaqt-arabicdial.com\\\/\",\"name\":\"Waaqt - Expert Seiko Arabic Dial\",\"description\":\"Expert Seiko Arabic Dial en France\",\"publisher\":{\"@id\":\"https:\\\/\\\/waaqt-arabicdial.com\\\/#organization\"},\"potentialAction\":[{\"@type\":\"SearchAction\",\"target\":{\"@type\":\"EntryPoint\",\"urlTemplate\":\"https:\\\/\\\/waaqt-arabicdial.com\\\/?s={search_term_string}\"},\"query-input\":{\"@type\":\"PropertyValueSpecification\",\"valueRequired\":true,\"valueName\":\"search_term_string\"}}],\"inLanguage\":\"en-US\"},{\"@type\":\"Organization\",\"@id\":\"https:\\\/\\\/waaqt-arabicdial.com\\\/#organization\",\"name\":\"Waaqt - Expert Seiko Arabic Dial\",\"url\":\"https:\\\/\\\/waaqt-arabicdial.com\\\/\",\"logo\":{\"@type\":\"ImageObject\",\"inLanguage\":\"en-US\",\"@id\":\"https:\\\/\\\/waaqt-arabicdial.com\\\/#\\\/schema\\\/logo\\\/image\\\/\",\"url\":\"https:\\\/\\\/waaqt-arabicdial.com\\\/wp-content\\\/uploads\\\/2023\\\/06\\\/WhatsApp_Image_2023-05-26_a_22.33.08-removebg-preview.png\",\"contentUrl\":\"https:\\\/\\\/waaqt-arabicdial.com\\\/wp-content\\\/uploads\\\/2023\\\/06\\\/WhatsApp_Image_2023-05-26_a_22.33.08-removebg-preview.png\",\"width\":500,\"height\":500,\"caption\":\"Waaqt - Expert Seiko Arabic Dial\"},\"image\":{\"@id\":\"https:\\\/\\\/waaqt-arabicdial.com\\\/#\\\/schema\\\/logo\\\/image\\\/\"},\"sameAs\":[\"https:\\\/\\\/www.tiktok.com\\\/@waaqt.com?_t=8ctOXkcAvyV&_r=1\"]}]}<\/script>\n<!-- \/ Yoast SEO plugin. -->","yoast_head_json":{"title":"Montre Salvador Dali | Livraison Offerte \u2611\ufe0f","description":"D\u00e9couvrez la Montre Salvador Dali, un accessoire unique qui fusionne l'art surr\u00e9aliste avec l'\u00e9l\u00e9gance horlog\u00e8re. Inspir\u00e9e des c\u00e9l\u00e8bres \u0153uvres de Dali. \u2611\ufe0f","robots":{"index":"index","follow":"follow","max-snippet":"max-snippet:-1","max-image-preview":"max-image-preview:large","max-video-preview":"max-video-preview:-1"},"canonical":"https:\/\/waaqt-arabicdial.com\/en\/product-2\/salvador-dali-watch-2\/","og_locale":"en_US","og_type":"article","og_title":"Montre Salvador Dali | Livraison Offerte \u2611\ufe0f","og_description":"D\u00e9couvrez la Montre Salvador Dali, un accessoire unique qui fusionne l'art surr\u00e9aliste avec l'\u00e9l\u00e9gance horlog\u00e8re. Inspir\u00e9e des c\u00e9l\u00e8bres \u0153uvres de Dali. \u2611\ufe0f","og_url":"https:\/\/waaqt-arabicdial.com\/en\/product-2\/salvador-dali-watch-2\/","og_site_name":"Waaqt - Expert Seiko Arabic Dial","article_modified_time":"2025-12-08T21:47:07+00:00","og_image":[{"width":500,"height":500,"url":"https:\/\/waaqt-arabicdial.com\/wp-content\/uploads\/2024\/05\/Dali-4.jpg.png","type":"image\/png"}],"twitter_card":"summary_large_image","twitter_misc":{"Est. reading time":"2 minutes"},"schema":{"@context":"https:\/\/schema.org","@graph":[{"@type":"WebPage","@id":"https:\/\/waaqt-arabicdial.com\/produit\/montre-salvador-dali\/","url":"https:\/\/waaqt-arabicdial.com\/produit\/montre-salvador-dali\/","name":"Montre Salvador Dali | Livraison Offerte \u2611\ufe0f","isPartOf":{"@id":"https:\/\/waaqt-arabicdial.com\/#website"},"primaryImageOfPage":{"@id":"https:\/\/waaqt-arabicdial.com\/produit\/montre-salvador-dali\/#primaryimage"},"image":{"@id":"https:\/\/waaqt-arabicdial.com\/produit\/montre-salvador-dali\/#primaryimage"},"thumbnailUrl":"https:\/\/waaqt-arabicdial.com\/wp-content\/uploads\/2024\/05\/Dali-4.jpg.png","datePublished":"2024-05-26T17:20:29+00:00","dateModified":"2025-12-08T21:47:07+00:00","description":"D\u00e9couvrez la Montre Salvador Dali, un accessoire unique qui fusionne l'art surr\u00e9aliste avec l'\u00e9l\u00e9gance horlog\u00e8re. Inspir\u00e9e des c\u00e9l\u00e8bres \u0153uvres de Dali. \u2611\ufe0f","breadcrumb":{"@id":"https:\/\/waaqt-arabicdial.com\/produit\/montre-salvador-dali\/#breadcrumb"},"inLanguage":"en-US","potentialAction":[{"@type":"ReadAction","target":["https:\/\/waaqt-arabicdial.com\/produit\/montre-salvador-dali\/"]}]},{"@type":"ImageObject","inLanguage":"en-US","@id":"https:\/\/waaqt-arabicdial.com\/produit\/montre-salvador-dali\/#primaryimage","url":"https:\/\/waaqt-arabicdial.com\/wp-content\/uploads\/2024\/05\/Dali-4.jpg.png","contentUrl":"https:\/\/waaqt-arabicdial.com\/wp-content\/uploads\/2024\/05\/Dali-4.jpg.png","width":500,"height":500,"caption":"Montre Salvador Dali"},{"@type":"BreadcrumbList","@id":"https:\/\/waaqt-arabicdial.com\/produit\/montre-salvador-dali\/#breadcrumb","itemListElement":[{"@type":"ListItem","position":1,"name":"Accueil","item":"https:\/\/waaqt-arabicdial.com\/"},{"@type":"ListItem","position":2,"name":"Montres Seiko Arabic Dial authentiques","item":"https:\/\/waaqt-arabicdial.com\/shop\/"},{"@type":"ListItem","position":3,"name":"Montre Salvador Dali"}]},{"@type":"WebSite","@id":"https:\/\/waaqt-arabicdial.com\/#website","url":"https:\/\/waaqt-arabicdial.com\/","name":"Waaqt - Expert Seiko Arabic Dial","description":"Expert Seiko Arabic Dial en France","publisher":{"@id":"https:\/\/waaqt-arabicdial.com\/#organization"},"potentialAction":[{"@type":"SearchAction","target":{"@type":"EntryPoint","urlTemplate":"https:\/\/waaqt-arabicdial.com\/?s={search_term_string}"},"query-input":{"@type":"PropertyValueSpecification","valueRequired":true,"valueName":"search_term_string"}}],"inLanguage":"en-US"},{"@type":"Organization","@id":"https:\/\/waaqt-arabicdial.com\/#organization","name":"Waaqt - Expert Seiko Arabic Dial","url":"https:\/\/waaqt-arabicdial.com\/","logo":{"@type":"ImageObject","inLanguage":"en-US","@id":"https:\/\/waaqt-arabicdial.com\/#\/schema\/logo\/image\/","url":"https:\/\/waaqt-arabicdial.com\/wp-content\/uploads\/2023\/06\/WhatsApp_Image_2023-05-26_a_22.33.08-removebg-preview.png","contentUrl":"https:\/\/waaqt-arabicdial.com\/wp-content\/uploads\/2023\/06\/WhatsApp_Image_2023-05-26_a_22.33.08-removebg-preview.png","width":500,"height":500,"caption":"Waaqt - Expert Seiko Arabic Dial"},"image":{"@id":"https:\/\/waaqt-arabicdial.com\/#\/schema\/logo\/image\/"},"sameAs":["https:\/\/www.tiktok.com\/@waaqt.com?_t=8ctOXkcAvyV&_r=1"]}]}},"jetpack_sharing_enabled":true,"_links":{"self":[{"href":"https:\/\/waaqt-arabicdial.com\/en\/wp-json\/wp\/v2\/product\/5663","targetHints":{"allow":["GET"]}}],"collection":[{"href":"https:\/\/waaqt-arabicdial.com\/en\/wp-json\/wp\/v2\/product"}],"about":[{"href":"https:\/\/waaqt-arabicdial.com\/en\/wp-json\/wp\/v2\/types\/product"}],"replies":[{"embeddable":true,"href":"https:\/\/waaqt-arabicdial.com\/en\/wp-json\/wp\/v2\/comments?post=5663"}],"version-history":[{"count":10,"href":"https:\/\/waaqt-arabicdial.com\/en\/wp-json\/wp\/v2\/product\/5663\/revisions"}],"predecessor-version":[{"id":7285,"href":"https:\/\/waaqt-arabicdial.com\/en\/wp-json\/wp\/v2\/product\/5663\/revisions\/7285"}],"wp:featuredmedia":[{"embeddable":true,"href":"https:\/\/waaqt-arabicdial.com\/en\/wp-json\/wp\/v2\/media\/5901"}],"wp:attachment":[{"href":"https:\/\/waaqt-arabicdial.com\/en\/wp-json\/wp\/v2\/media?parent=5663"}],"wp:term":[{"taxonomy":"product_brand","embeddable":true,"href":"https:\/\/waaqt-arabicdial.com\/en\/wp-json\/wp\/v2\/product_brand?post=5663"},{"taxonomy":"product_cat","embeddable":true,"href":"https:\/\/waaqt-arabicdial.com\/en\/wp-json\/wp\/v2\/product_cat?post=5663"},{"taxonomy":"product_tag","embeddable":true,"href":"https:\/\/waaqt-arabicdial.com\/en\/wp-json\/wp\/v2\/product_tag?post=5663"}],"curies":[{"name":"wp","href":"https:\/\/api.w.org\/{rel}","templated":true}]}}