{"id":5526,"date":"2024-05-28T13:57:56","date_gmt":"2024-05-28T13:57:56","guid":{"rendered":"https:\/\/waaqt-arabicdial.com\/?post_type=product&#038;p=5526"},"modified":"2024-07-08T22:30:54","modified_gmt":"2024-07-08T22:30:54","slug":"black-crocodile-leather-watchband-2","status":"publish","type":"product","link":"https:\/\/waaqt-arabicdial.com\/en\/produit\/bracelet-montre-cuir-noir-crocodile\/","title":{"rendered":"Black Crocodile Leather Watch Band"},"content":{"rendered":"<h2>Add a touch of refinement to your watch with our Men's Black Crocodile Leather Watch Band. Available in a range of sizes: 12mm, 14mm, 16mm, 18mm, 20mm, 22mm, and 24mm, our bracelets adapt perfectly to your watch for an ideal fit and exceptional comfort.<\/h2>\n<p><strong>Main Features :<\/strong><\/p>\n<ul>\n<li><strong>High-quality genuine leather<\/strong> : Made from genuine calf leather with a crocodile pattern, this bracelet offers a luxurious texture and exceptional durability.<\/li>\n<li><strong>Optimum comfort<\/strong> Soft, supple leather hugs your wrist for unrivalled all-day comfort.<\/li>\n<li><strong>Water-resistant and breathable<\/strong> Designed to resist water and allow your skin to breathe, this bracelet ensures optimum comfort even in wet conditions.<\/li>\n<li><strong>Silver-plated stainless steel buckle<\/strong> The silver-tone steel buckle adds a touch of sophistication and robustness, harmonizing perfectly with the black crocodile leather.<\/li>\n<li><strong>Elegant finish<\/strong> The crocodile pattern and black color lend an elegant, timeless look to any occasion, whether formal or casual.<\/li>\n<\/ul>\n<h2>Why choose our Black Crocodile Leather Watch Band ?<\/h2>\n<p>This black crocodile leather watch strap is ideal for those seeking a combination of classic style and modern comfort. Its high-quality genuine leather design offers not only an elegant appearance but also remarkable durability.<\/p>\n<p>Transform your watch and enhance your style with this <a href=\"https:\/\/waaqt-arabicdial.com\/en\/product-2\/brown-crocodile-leather-watchband-2\/\">Brown Crocodile Leather Watch Band<\/a>. Add a touch of elegance to your accessories collection and enjoy superior comfort every day.<\/p>","protected":false},"excerpt":{"rendered":"<p><span style=\"font-size: 16px;\">Our watch strap is <\/span><strong style=\"font-size: 16px;\">compatible with all watch types and brands<\/strong><span style=\"font-size: 16px;\">. It is <\/span><strong style=\"font-size: 16px;\">supplied with tool<\/strong><span style=\"font-size: 16px;\"> for easy installation and removal of bracelets.<\/span><\/p>","protected":false},"featured_media":5997,"comment_status":"open","ping_status":"closed","template":"","meta":{"site-sidebar-layout":"default","site-content-layout":"","ast-site-content-layout":"default","site-content-style":"default","site-sidebar-style":"default","ast-global-header-display":"","ast-banner-title-visibility":"","ast-main-header-display":"","ast-hfb-above-header-display":"","ast-hfb-below-header-display":"","ast-hfb-mobile-header-display":"","site-post-title":"","ast-breadcrumbs-content":"","ast-featured-img":"","footer-sml-layout":"","ast-disable-related-posts":"","theme-transparent-header-meta":"default","adv-header-id-meta":"","stick-header-meta":"","header-above-stick-meta":"","header-main-stick-meta":"","header-below-stick-meta":"","astra-migrate-meta-layouts":"set","ast-page-background-enabled":"default","ast-page-background-meta":{"desktop":{"background-color":"","background-image":"","background-repeat":"repeat","background-position":"center center","background-size":"auto","background-attachment":"scroll","background-type":"","background-media":"","overlay-type":"","overlay-color":"","overlay-opacity":"","overlay-gradient":""},"tablet":{"background-color":"","background-image":"","background-repeat":"repeat","background-position":"center center","background-size":"auto","background-attachment":"scroll","background-type":"","background-media":"","overlay-type":"","overlay-color":"","overlay-opacity":"","overlay-gradient":""},"mobile":{"background-color":"","background-image":"","background-repeat":"repeat","background-position":"center center","background-size":"auto","background-attachment":"scroll","background-type":"","background-media":"","overlay-type":"","overlay-color":"","overlay-opacity":"","overlay-gradient":""}},"ast-content-background-meta":{"desktop":{"background-color":"var(--ast-global-color-5)","background-image":"","background-repeat":"repeat","background-position":"center center","background-size":"auto","background-attachment":"scroll","background-type":"","background-media":"","overlay-type":"","overlay-color":"","overlay-opacity":"","overlay-gradient":""},"tablet":{"background-color":"var(--ast-global-color-5)","background-image":"","background-repeat":"repeat","background-position":"center center","background-size":"auto","background-attachment":"scroll","background-type":"","background-media":"","overlay-type":"","overlay-color":"","overlay-opacity":"","overlay-gradient":""},"mobile":{"background-color":"var(--ast-global-color-5)","background-image":"","background-repeat":"repeat","background-position":"center center","background-size":"auto","background-attachment":"scroll","background-type":"","background-media":"","overlay-type":"","overlay-color":"","overlay-opacity":"","overlay-gradient":""}}},"product_brand":[],"product_cat":[110],"product_tag":[],"class_list":{"0":"post-5526","1":"product","2":"type-product","3":"status-publish","4":"has-post-thumbnail","6":"product_cat-bracelet-montre-seiko","7":"desktop-align-center","8":"tablet-align-center","9":"mobile-align-center","10":"ast-product-gallery-layout-vertical","11":"ast-product-single-variable","12":"ast-product-tabs-layout-accordion","14":"first","15":"instock","16":"taxable","17":"shipping-taxable","18":"purchasable","19":"product-type-variable"},"yoast_head":"<!-- This site is optimized with the Yoast SEO plugin v27.4 - https:\/\/yoast.com\/product\/yoast-seo-wordpress\/ -->\n<title>Bracelet Montre Cuir Noir Crocodile | Livraison Offerte \u2611\ufe0f<\/title>\n<meta name=\"description\" content=\"D\u00e9couvrez notre bracelet montre en cuir noir crocodile. Parfait pour les montres Seiko, ce bracelet en cuir v\u00e9ritable apporte une touche \u00e0 votre poignet \u2611\ufe0f\" \/>\n<meta name=\"robots\" content=\"index, follow, max-snippet:-1, max-image-preview:large, max-video-preview:-1\" \/>\n<link rel=\"canonical\" href=\"https:\/\/waaqt-arabicdial.com\/en\/product-2\/black-crocodile-leather-watchband-2\/\" \/>\n<meta property=\"og:locale\" content=\"en_US\" \/>\n<meta property=\"og:type\" content=\"article\" \/>\n<meta property=\"og:title\" content=\"Bracelet Montre Cuir Noir Crocodile | Livraison Offerte \u2611\ufe0f\" \/>\n<meta property=\"og:description\" content=\"D\u00e9couvrez notre bracelet montre en cuir noir crocodile. Parfait pour les montres Seiko, ce bracelet en cuir v\u00e9ritable apporte une touche \u00e0 votre poignet \u2611\ufe0f\" \/>\n<meta property=\"og:url\" content=\"https:\/\/waaqt-arabicdial.com\/en\/product-2\/black-crocodile-leather-watchband-2\/\" \/>\n<meta property=\"og:site_name\" content=\"Waaqt - Expert Seiko Arabic Dial\" \/>\n<meta property=\"article:modified_time\" content=\"2024-07-08T22:30:54+00:00\" \/>\n<meta property=\"og:image\" content=\"https:\/\/waaqt-arabicdial.com\/wp-content\/uploads\/2024\/05\/resized_image_9.webp\" \/>\n\t<meta property=\"og:image:width\" content=\"500\" \/>\n\t<meta property=\"og:image:height\" content=\"500\" \/>\n\t<meta property=\"og:image:type\" content=\"image\/webp\" \/>\n<meta name=\"twitter:card\" content=\"summary_large_image\" \/>\n<meta name=\"twitter:label1\" content=\"Est. reading time\" \/>\n\t<meta name=\"twitter:data1\" content=\"2 minutes\" \/>\n<script type=\"application\/ld+json\" class=\"yoast-schema-graph\">{\"@context\":\"https:\\\/\\\/schema.org\",\"@graph\":[{\"@type\":\"WebPage\",\"@id\":\"https:\\\/\\\/waaqt-arabicdial.com\\\/produit\\\/bracelet-montre-cuir-noir-crocodile\\\/\",\"url\":\"https:\\\/\\\/waaqt-arabicdial.com\\\/produit\\\/bracelet-montre-cuir-noir-crocodile\\\/\",\"name\":\"Bracelet Montre Cuir Noir Crocodile | Livraison Offerte \u2611\ufe0f\",\"isPartOf\":{\"@id\":\"https:\\\/\\\/waaqt-arabicdial.com\\\/#website\"},\"primaryImageOfPage\":{\"@id\":\"https:\\\/\\\/waaqt-arabicdial.com\\\/produit\\\/bracelet-montre-cuir-noir-crocodile\\\/#primaryimage\"},\"image\":{\"@id\":\"https:\\\/\\\/waaqt-arabicdial.com\\\/produit\\\/bracelet-montre-cuir-noir-crocodile\\\/#primaryimage\"},\"thumbnailUrl\":\"https:\\\/\\\/waaqt-arabicdial.com\\\/wp-content\\\/uploads\\\/2024\\\/05\\\/resized_image_9.webp\",\"datePublished\":\"2024-05-28T13:57:56+00:00\",\"dateModified\":\"2024-07-08T22:30:54+00:00\",\"description\":\"D\u00e9couvrez notre bracelet montre en cuir noir crocodile. Parfait pour les montres Seiko, ce bracelet en cuir v\u00e9ritable apporte une touche \u00e0 votre poignet \u2611\ufe0f\",\"breadcrumb\":{\"@id\":\"https:\\\/\\\/waaqt-arabicdial.com\\\/produit\\\/bracelet-montre-cuir-noir-crocodile\\\/#breadcrumb\"},\"inLanguage\":\"en-US\",\"potentialAction\":[{\"@type\":\"ReadAction\",\"target\":[\"https:\\\/\\\/waaqt-arabicdial.com\\\/produit\\\/bracelet-montre-cuir-noir-crocodile\\\/\"]}]},{\"@type\":\"ImageObject\",\"inLanguage\":\"en-US\",\"@id\":\"https:\\\/\\\/waaqt-arabicdial.com\\\/produit\\\/bracelet-montre-cuir-noir-crocodile\\\/#primaryimage\",\"url\":\"https:\\\/\\\/waaqt-arabicdial.com\\\/wp-content\\\/uploads\\\/2024\\\/05\\\/resized_image_9.webp\",\"contentUrl\":\"https:\\\/\\\/waaqt-arabicdial.com\\\/wp-content\\\/uploads\\\/2024\\\/05\\\/resized_image_9.webp\",\"width\":500,\"height\":500,\"caption\":\"Bracelet Montre Cuir Noir Crocodile Homme\"},{\"@type\":\"BreadcrumbList\",\"@id\":\"https:\\\/\\\/waaqt-arabicdial.com\\\/produit\\\/bracelet-montre-cuir-noir-crocodile\\\/#breadcrumb\",\"itemListElement\":[{\"@type\":\"ListItem\",\"position\":1,\"name\":\"Accueil\",\"item\":\"https:\\\/\\\/waaqt-arabicdial.com\\\/\"},{\"@type\":\"ListItem\",\"position\":2,\"name\":\"Montres Seiko Arabic Dial authentiques\",\"item\":\"https:\\\/\\\/waaqt-arabicdial.com\\\/shop\\\/\"},{\"@type\":\"ListItem\",\"position\":3,\"name\":\"Bracelet Montre Cuir Noir Crocodile\"}]},{\"@type\":\"WebSite\",\"@id\":\"https:\\\/\\\/waaqt-arabicdial.com\\\/#website\",\"url\":\"https:\\\/\\\/waaqt-arabicdial.com\\\/\",\"name\":\"Waaqt - Expert Seiko Arabic Dial\",\"description\":\"Expert Seiko Arabic Dial en France\",\"publisher\":{\"@id\":\"https:\\\/\\\/waaqt-arabicdial.com\\\/#organization\"},\"potentialAction\":[{\"@type\":\"SearchAction\",\"target\":{\"@type\":\"EntryPoint\",\"urlTemplate\":\"https:\\\/\\\/waaqt-arabicdial.com\\\/?s={search_term_string}\"},\"query-input\":{\"@type\":\"PropertyValueSpecification\",\"valueRequired\":true,\"valueName\":\"search_term_string\"}}],\"inLanguage\":\"en-US\"},{\"@type\":\"Organization\",\"@id\":\"https:\\\/\\\/waaqt-arabicdial.com\\\/#organization\",\"name\":\"Waaqt - Expert Seiko Arabic Dial\",\"url\":\"https:\\\/\\\/waaqt-arabicdial.com\\\/\",\"logo\":{\"@type\":\"ImageObject\",\"inLanguage\":\"en-US\",\"@id\":\"https:\\\/\\\/waaqt-arabicdial.com\\\/#\\\/schema\\\/logo\\\/image\\\/\",\"url\":\"https:\\\/\\\/waaqt-arabicdial.com\\\/wp-content\\\/uploads\\\/2023\\\/06\\\/WhatsApp_Image_2023-05-26_a_22.33.08-removebg-preview.png\",\"contentUrl\":\"https:\\\/\\\/waaqt-arabicdial.com\\\/wp-content\\\/uploads\\\/2023\\\/06\\\/WhatsApp_Image_2023-05-26_a_22.33.08-removebg-preview.png\",\"width\":500,\"height\":500,\"caption\":\"Waaqt - Expert Seiko Arabic Dial\"},\"image\":{\"@id\":\"https:\\\/\\\/waaqt-arabicdial.com\\\/#\\\/schema\\\/logo\\\/image\\\/\"},\"sameAs\":[\"https:\\\/\\\/www.tiktok.com\\\/@waaqt.com?_t=8ctOXkcAvyV&_r=1\"]}]}<\/script>\n<!-- \/ Yoast SEO plugin. -->","yoast_head_json":{"title":"Bracelet Montre Cuir Noir Crocodile | Livraison Offerte \u2611\ufe0f","description":"D\u00e9couvrez notre bracelet montre en cuir noir crocodile. Parfait pour les montres Seiko, ce bracelet en cuir v\u00e9ritable apporte une touche \u00e0 votre poignet \u2611\ufe0f","robots":{"index":"index","follow":"follow","max-snippet":"max-snippet:-1","max-image-preview":"max-image-preview:large","max-video-preview":"max-video-preview:-1"},"canonical":"https:\/\/waaqt-arabicdial.com\/en\/product-2\/black-crocodile-leather-watchband-2\/","og_locale":"en_US","og_type":"article","og_title":"Bracelet Montre Cuir Noir Crocodile | Livraison Offerte \u2611\ufe0f","og_description":"D\u00e9couvrez notre bracelet montre en cuir noir crocodile. Parfait pour les montres Seiko, ce bracelet en cuir v\u00e9ritable apporte une touche \u00e0 votre poignet \u2611\ufe0f","og_url":"https:\/\/waaqt-arabicdial.com\/en\/product-2\/black-crocodile-leather-watchband-2\/","og_site_name":"Waaqt - Expert Seiko Arabic Dial","article_modified_time":"2024-07-08T22:30:54+00:00","og_image":[{"width":500,"height":500,"url":"https:\/\/waaqt-arabicdial.com\/wp-content\/uploads\/2024\/05\/resized_image_9.webp","type":"image\/webp"}],"twitter_card":"summary_large_image","twitter_misc":{"Est. reading time":"2 minutes"},"schema":{"@context":"https:\/\/schema.org","@graph":[{"@type":"WebPage","@id":"https:\/\/waaqt-arabicdial.com\/produit\/bracelet-montre-cuir-noir-crocodile\/","url":"https:\/\/waaqt-arabicdial.com\/produit\/bracelet-montre-cuir-noir-crocodile\/","name":"Bracelet Montre Cuir Noir Crocodile | Livraison Offerte \u2611\ufe0f","isPartOf":{"@id":"https:\/\/waaqt-arabicdial.com\/#website"},"primaryImageOfPage":{"@id":"https:\/\/waaqt-arabicdial.com\/produit\/bracelet-montre-cuir-noir-crocodile\/#primaryimage"},"image":{"@id":"https:\/\/waaqt-arabicdial.com\/produit\/bracelet-montre-cuir-noir-crocodile\/#primaryimage"},"thumbnailUrl":"https:\/\/waaqt-arabicdial.com\/wp-content\/uploads\/2024\/05\/resized_image_9.webp","datePublished":"2024-05-28T13:57:56+00:00","dateModified":"2024-07-08T22:30:54+00:00","description":"D\u00e9couvrez notre bracelet montre en cuir noir crocodile. Parfait pour les montres Seiko, ce bracelet en cuir v\u00e9ritable apporte une touche \u00e0 votre poignet \u2611\ufe0f","breadcrumb":{"@id":"https:\/\/waaqt-arabicdial.com\/produit\/bracelet-montre-cuir-noir-crocodile\/#breadcrumb"},"inLanguage":"en-US","potentialAction":[{"@type":"ReadAction","target":["https:\/\/waaqt-arabicdial.com\/produit\/bracelet-montre-cuir-noir-crocodile\/"]}]},{"@type":"ImageObject","inLanguage":"en-US","@id":"https:\/\/waaqt-arabicdial.com\/produit\/bracelet-montre-cuir-noir-crocodile\/#primaryimage","url":"https:\/\/waaqt-arabicdial.com\/wp-content\/uploads\/2024\/05\/resized_image_9.webp","contentUrl":"https:\/\/waaqt-arabicdial.com\/wp-content\/uploads\/2024\/05\/resized_image_9.webp","width":500,"height":500,"caption":"Bracelet Montre Cuir Noir Crocodile Homme"},{"@type":"BreadcrumbList","@id":"https:\/\/waaqt-arabicdial.com\/produit\/bracelet-montre-cuir-noir-crocodile\/#breadcrumb","itemListElement":[{"@type":"ListItem","position":1,"name":"Accueil","item":"https:\/\/waaqt-arabicdial.com\/"},{"@type":"ListItem","position":2,"name":"Montres Seiko Arabic Dial authentiques","item":"https:\/\/waaqt-arabicdial.com\/shop\/"},{"@type":"ListItem","position":3,"name":"Bracelet Montre Cuir Noir Crocodile"}]},{"@type":"WebSite","@id":"https:\/\/waaqt-arabicdial.com\/#website","url":"https:\/\/waaqt-arabicdial.com\/","name":"Waaqt - Expert Seiko Arabic Dial","description":"Expert Seiko Arabic Dial en France","publisher":{"@id":"https:\/\/waaqt-arabicdial.com\/#organization"},"potentialAction":[{"@type":"SearchAction","target":{"@type":"EntryPoint","urlTemplate":"https:\/\/waaqt-arabicdial.com\/?s={search_term_string}"},"query-input":{"@type":"PropertyValueSpecification","valueRequired":true,"valueName":"search_term_string"}}],"inLanguage":"en-US"},{"@type":"Organization","@id":"https:\/\/waaqt-arabicdial.com\/#organization","name":"Waaqt - Expert Seiko Arabic Dial","url":"https:\/\/waaqt-arabicdial.com\/","logo":{"@type":"ImageObject","inLanguage":"en-US","@id":"https:\/\/waaqt-arabicdial.com\/#\/schema\/logo\/image\/","url":"https:\/\/waaqt-arabicdial.com\/wp-content\/uploads\/2023\/06\/WhatsApp_Image_2023-05-26_a_22.33.08-removebg-preview.png","contentUrl":"https:\/\/waaqt-arabicdial.com\/wp-content\/uploads\/2023\/06\/WhatsApp_Image_2023-05-26_a_22.33.08-removebg-preview.png","width":500,"height":500,"caption":"Waaqt - Expert Seiko Arabic Dial"},"image":{"@id":"https:\/\/waaqt-arabicdial.com\/#\/schema\/logo\/image\/"},"sameAs":["https:\/\/www.tiktok.com\/@waaqt.com?_t=8ctOXkcAvyV&_r=1"]}]}},"jetpack_sharing_enabled":true,"_links":{"self":[{"href":"https:\/\/waaqt-arabicdial.com\/en\/wp-json\/wp\/v2\/product\/5526","targetHints":{"allow":["GET"]}}],"collection":[{"href":"https:\/\/waaqt-arabicdial.com\/en\/wp-json\/wp\/v2\/product"}],"about":[{"href":"https:\/\/waaqt-arabicdial.com\/en\/wp-json\/wp\/v2\/types\/product"}],"replies":[{"embeddable":true,"href":"https:\/\/waaqt-arabicdial.com\/en\/wp-json\/wp\/v2\/comments?post=5526"}],"version-history":[{"count":5,"href":"https:\/\/waaqt-arabicdial.com\/en\/wp-json\/wp\/v2\/product\/5526\/revisions"}],"predecessor-version":[{"id":6049,"href":"https:\/\/waaqt-arabicdial.com\/en\/wp-json\/wp\/v2\/product\/5526\/revisions\/6049"}],"wp:featuredmedia":[{"embeddable":true,"href":"https:\/\/waaqt-arabicdial.com\/en\/wp-json\/wp\/v2\/media\/5997"}],"wp:attachment":[{"href":"https:\/\/waaqt-arabicdial.com\/en\/wp-json\/wp\/v2\/media?parent=5526"}],"wp:term":[{"taxonomy":"product_brand","embeddable":true,"href":"https:\/\/waaqt-arabicdial.com\/en\/wp-json\/wp\/v2\/product_brand?post=5526"},{"taxonomy":"product_cat","embeddable":true,"href":"https:\/\/waaqt-arabicdial.com\/en\/wp-json\/wp\/v2\/product_cat?post=5526"},{"taxonomy":"product_tag","embeddable":true,"href":"https:\/\/waaqt-arabicdial.com\/en\/wp-json\/wp\/v2\/product_tag?post=5526"}],"curies":[{"name":"wp","href":"https:\/\/api.w.org\/{rel}","templated":true}]}}