{"id":3510,"date":"2023-10-22T15:12:04","date_gmt":"2023-10-22T15:12:04","guid":{"rendered":"https:\/\/waaqt-arabicdial.com\/?post_type=product&#038;p=3510"},"modified":"2024-11-03T13:13:39","modified_gmt":"2024-11-03T13:13:39","slug":"seiko-arabic-dial-srpf90k1","status":"publish","type":"product","link":"https:\/\/waaqt-arabicdial.com\/en\/produit\/seiko-arabic-dial-srpf90k1\/","title":{"rendered":"Seiko Arabic Dial SRPF90K1 Gold"},"content":{"rendered":"<p><em>This product is currently back in stock, shipping times may be extended. Do not hesitate to contact us for more information.<\/em><\/p>\n<p>Discover a brand new Seiko Arabic Dial SRPF90. This automatic timepiece embodies <strong>the precision of Maison Seiko<\/strong> This automatic watch embodies the very essence of luxury and authenticity, while offering cutting-edge watchmaking performance. Do you still need some? <strong>It can display the date in Arabic and English!<\/strong><\/p>\n<p>&nbsp;<\/p>\n<h3><strong>Main Features :<\/strong><\/h3>\n<ul>\n<li><strong>Automatic Movement:<\/strong> The Seiko is composed of a movement with <strong>high precision manual winding (4R36)<\/strong>. Very reliable, this movement has proven itself on numerous watches.<\/li>\n<li><strong>Arabic Dial:<\/strong> The <strong>lush dial<\/strong> is decorated with golden Arabic numerals, creating a <strong>visually captivating contrast.<\/strong><\/li>\n<li><strong>Seiko Diver:<\/strong> The watch is water resistant up to 100 meters, making it suitable for various water activities.<\/li>\n<li><strong>Hardlex glass:<\/strong> Hardlex glass protects the watch face from scratches.<\/li>\n<li><strong>Arabic &amp; English date:<\/strong> The SRPF90 allows you to read the date in Arabic and English, adding an even more Arabic dimension to the watch.<\/li>\n<\/ul>\n<h2><strong>Why Choose the Seiko Arabic Dial SRPF90K1 Men&#039;s Gold Watch:<\/strong><\/h2>\n<p>The Seiko Arabic Dial SRPF90K1 Gold Watch is a masterpiece of beauty and performance. It is designed for those who appreciate luxury, authenticity and watchmaking excellence. Also for those looking for a Seiko Arabic Dial Green.<br \/>\nThis is the only Arab watch from Seiko that is completely gold.<\/p>\n<p>Because the gold color is too little for you, you need a more sober design and dial. You can discover the big sister in black, the <a href=\"https:\/\/waaqt-arabicdial.com\/en\/product-2\/seiko-arabic-dial-srpf89k1\/\">Seiko Arabic Dial SRPF89K1 Black<\/a> beige and black variant. For a totally different style you can browse the others <a href=\"https:\/\/waaqt-arabicdial.com\/en\/product-category\/seiko-arabic-dial\/\">Seiko Arabic Watches<\/a> produced by Seiko in Japan!<\/p>\n<p>&#8212;&#8211;<\/p>\n<p><em><strong>Delivery Full Set, Under Plastic<\/strong> : When you buy from Waaqt, each watch Seiko comes in a complete set. <strong>Here is what you will receive :<\/strong><\/em><\/p>\n<ul>\n<li><strong>Original box &amp; On-box Seiko<\/strong> : An elegant presentation to preserve and enhance your precious timepiece.<\/li>\n<li><strong>Maintenance book Seiko<\/strong> : To guide you in the maintenance of your watch, with all of the recommendations of the manufacturer.<\/li>\n<li><strong>International Warranty certificate<\/strong> : This certificate attests the authenticity of your watch, stamped with the date of your purchase.<\/li>\n<\/ul>\n<p>Don't worry. <strong>Your watch is waiting for you, protected and ready to be worn.<\/strong><\/p>","protected":false},"excerpt":{"rendered":"<div style=\"background-color: #eef2f7; padding: 20px; border: 2px solid #c1c7d0; border-radius: 10px;\">\n<div style=\"color: #14134c; font-weight: bold; text-align: center; font-size: 1.5em; margin-bottom: 15px;\">\ud83d\udea8 Restock en cours\ud83d\udea8 : SEIKO ARABIC OR<\/div>\n<p style=\"font-size: 1.3em; color: #333; text-align: center;\">Please contact us by email at <span style=\"color: #000080;\">contact@waaqt-arabicdial.com<\/span> to check if the watch can be ordered and the quantity required.<br \/>\n<strong>The watch is brand new, full-set &amp; accompanied by all its papers.<\/strong><\/p>\n<p style=\"text-align: center;\"><strong>(Pre-order price)<\/strong><\/p>\n<\/div>","protected":false},"featured_media":6726,"comment_status":"open","ping_status":"closed","template":"","meta":{"site-sidebar-layout":"default","site-content-layout":"default","ast-site-content-layout":"default","site-content-style":"default","site-sidebar-style":"default","ast-global-header-display":"","ast-banner-title-visibility":"","ast-main-header-display":"","ast-hfb-above-header-display":"","ast-hfb-below-header-display":"","ast-hfb-mobile-header-display":"","site-post-title":"","ast-breadcrumbs-content":"","ast-featured-img":"","footer-sml-layout":"","ast-disable-related-posts":"","theme-transparent-header-meta":"default","adv-header-id-meta":"","stick-header-meta":"","header-above-stick-meta":"","header-main-stick-meta":"","header-below-stick-meta":"","astra-migrate-meta-layouts":"set","ast-page-background-enabled":"default","ast-page-background-meta":{"desktop":{"background-color":"","background-image":"","background-repeat":"repeat","background-position":"center center","background-size":"auto","background-attachment":"scroll","background-type":"","background-media":"","overlay-type":"","overlay-color":"","overlay-opacity":"","overlay-gradient":""},"tablet":{"background-color":"","background-image":"","background-repeat":"repeat","background-position":"center center","background-size":"auto","background-attachment":"scroll","background-type":"","background-media":"","overlay-type":"","overlay-color":"","overlay-opacity":"","overlay-gradient":""},"mobile":{"background-color":"","background-image":"","background-repeat":"repeat","background-position":"center center","background-size":"auto","background-attachment":"scroll","background-type":"","background-media":"","overlay-type":"","overlay-color":"","overlay-opacity":"","overlay-gradient":""}},"ast-content-background-meta":{"desktop":{"background-color":"var(--ast-global-color-5)","background-image":"","background-repeat":"repeat","background-position":"center center","background-size":"auto","background-attachment":"scroll","background-type":"","background-media":"","overlay-type":"","overlay-color":"","overlay-opacity":"","overlay-gradient":""},"tablet":{"background-color":"var(--ast-global-color-5)","background-image":"","background-repeat":"repeat","background-position":"center center","background-size":"auto","background-attachment":"scroll","background-type":"","background-media":"","overlay-type":"","overlay-color":"","overlay-opacity":"","overlay-gradient":""},"mobile":{"background-color":"var(--ast-global-color-5)","background-image":"","background-repeat":"repeat","background-position":"center center","background-size":"auto","background-attachment":"scroll","background-type":"","background-media":"","overlay-type":"","overlay-color":"","overlay-opacity":"","overlay-gradient":""}}},"product_brand":[],"product_cat":[74],"product_tag":[],"class_list":{"0":"post-3510","1":"product","2":"type-product","3":"status-publish","4":"has-post-thumbnail","6":"product_cat-seiko-arabic-dial","7":"product_shipping_class-montres-seiko-arabic-dial","8":"desktop-align-center","9":"tablet-align-center","10":"mobile-align-center","11":"ast-product-gallery-layout-vertical","12":"ast-product-tabs-layout-accordion","14":"first","15":"onbackorder","16":"taxable","17":"shipping-taxable","18":"purchasable","19":"product-type-simple"},"yoast_head":"<!-- This site is optimized with the Yoast SEO plugin v27.4 - https:\/\/yoast.com\/product\/yoast-seo-wordpress\/ -->\n<title>Seiko Arabic Dial SRPF90K1 Or - Waaqt<\/title>\n<meta name=\"description\" content=\"D\u00e9couvrez une toute nouvelle Seiko Arabic Dial Verte. La SRPH89K1 est la seule Seiko enti\u00e8rement dor\u00e9e. Faisant ressortir son cadran vert\" \/>\n<meta name=\"robots\" content=\"index, follow, max-snippet:-1, max-image-preview:large, max-video-preview:-1\" \/>\n<link rel=\"canonical\" href=\"https:\/\/waaqt-arabicdial.com\/en\/product-2\/seiko-arabic-dial-srpf90k1\/\" \/>\n<meta property=\"og:locale\" content=\"en_US\" \/>\n<meta property=\"og:type\" content=\"article\" \/>\n<meta property=\"og:title\" content=\"Seiko Arabic Dial SRPF90K1 Or - Waaqt\" \/>\n<meta property=\"og:description\" content=\"D\u00e9couvrez une toute nouvelle Seiko Arabic Dial Verte. La SRPH89K1 est la seule Seiko enti\u00e8rement dor\u00e9e. Faisant ressortir son cadran vert\" \/>\n<meta property=\"og:url\" content=\"https:\/\/waaqt-arabicdial.com\/en\/product-2\/seiko-arabic-dial-srpf90k1\/\" \/>\n<meta property=\"og:site_name\" content=\"Waaqt - Expert Seiko Arabic Dial\" \/>\n<meta property=\"article:modified_time\" content=\"2024-11-03T13:13:39+00:00\" \/>\n<meta property=\"og:image\" content=\"https:\/\/waaqt-arabicdial.com\/wp-content\/uploads\/2018\/07\/Montre-Seiko-chiffres-arabes-8.webp\" \/>\n\t<meta property=\"og:image:width\" content=\"500\" \/>\n\t<meta property=\"og:image:height\" content=\"500\" \/>\n\t<meta property=\"og:image:type\" content=\"image\/webp\" \/>\n<meta name=\"twitter:card\" content=\"summary_large_image\" \/>\n<meta name=\"twitter:label1\" content=\"Est. reading time\" \/>\n\t<meta name=\"twitter:data1\" content=\"3 minutes\" \/>\n<script type=\"application\/ld+json\" class=\"yoast-schema-graph\">{\"@context\":\"https:\\\/\\\/schema.org\",\"@graph\":[{\"@type\":\"WebPage\",\"@id\":\"https:\\\/\\\/waaqt-arabicdial.com\\\/produit\\\/seiko-arabic-dial-srpf90k1\\\/\",\"url\":\"https:\\\/\\\/waaqt-arabicdial.com\\\/produit\\\/seiko-arabic-dial-srpf90k1\\\/\",\"name\":\"Seiko Arabic Dial SRPF90K1 Or - Waaqt\",\"isPartOf\":{\"@id\":\"https:\\\/\\\/waaqt-arabicdial.com\\\/#website\"},\"primaryImageOfPage\":{\"@id\":\"https:\\\/\\\/waaqt-arabicdial.com\\\/produit\\\/seiko-arabic-dial-srpf90k1\\\/#primaryimage\"},\"image\":{\"@id\":\"https:\\\/\\\/waaqt-arabicdial.com\\\/produit\\\/seiko-arabic-dial-srpf90k1\\\/#primaryimage\"},\"thumbnailUrl\":\"https:\\\/\\\/waaqt-arabicdial.com\\\/wp-content\\\/uploads\\\/2018\\\/07\\\/Montre-Seiko-chiffres-arabes-8.webp\",\"datePublished\":\"2023-10-22T15:12:04+00:00\",\"dateModified\":\"2024-11-03T13:13:39+00:00\",\"description\":\"D\u00e9couvrez une toute nouvelle Seiko Arabic Dial Verte. La SRPH89K1 est la seule Seiko enti\u00e8rement dor\u00e9e. Faisant ressortir son cadran vert\",\"breadcrumb\":{\"@id\":\"https:\\\/\\\/waaqt-arabicdial.com\\\/produit\\\/seiko-arabic-dial-srpf90k1\\\/#breadcrumb\"},\"inLanguage\":\"en-US\",\"potentialAction\":[{\"@type\":\"ReadAction\",\"target\":[\"https:\\\/\\\/waaqt-arabicdial.com\\\/produit\\\/seiko-arabic-dial-srpf90k1\\\/\"]}]},{\"@type\":\"ImageObject\",\"inLanguage\":\"en-US\",\"@id\":\"https:\\\/\\\/waaqt-arabicdial.com\\\/produit\\\/seiko-arabic-dial-srpf90k1\\\/#primaryimage\",\"url\":\"https:\\\/\\\/waaqt-arabicdial.com\\\/wp-content\\\/uploads\\\/2018\\\/07\\\/Montre-Seiko-chiffres-arabes-8.webp\",\"contentUrl\":\"https:\\\/\\\/waaqt-arabicdial.com\\\/wp-content\\\/uploads\\\/2018\\\/07\\\/Montre-Seiko-chiffres-arabes-8.webp\",\"width\":500,\"height\":500,\"caption\":\"Seiko Arabic Dial SRPF90K1\"},{\"@type\":\"BreadcrumbList\",\"@id\":\"https:\\\/\\\/waaqt-arabicdial.com\\\/produit\\\/seiko-arabic-dial-srpf90k1\\\/#breadcrumb\",\"itemListElement\":[{\"@type\":\"ListItem\",\"position\":1,\"name\":\"Accueil\",\"item\":\"https:\\\/\\\/waaqt-arabicdial.com\\\/\"},{\"@type\":\"ListItem\",\"position\":2,\"name\":\"Montres Seiko Arabic Dial authentiques\",\"item\":\"https:\\\/\\\/waaqt-arabicdial.com\\\/shop\\\/\"},{\"@type\":\"ListItem\",\"position\":3,\"name\":\"Seiko Arabic Dial SRPF90K1 Or\"}]},{\"@type\":\"WebSite\",\"@id\":\"https:\\\/\\\/waaqt-arabicdial.com\\\/#website\",\"url\":\"https:\\\/\\\/waaqt-arabicdial.com\\\/\",\"name\":\"Waaqt - Expert Seiko Arabic Dial\",\"description\":\"Expert Seiko Arabic Dial en France\",\"publisher\":{\"@id\":\"https:\\\/\\\/waaqt-arabicdial.com\\\/#organization\"},\"potentialAction\":[{\"@type\":\"SearchAction\",\"target\":{\"@type\":\"EntryPoint\",\"urlTemplate\":\"https:\\\/\\\/waaqt-arabicdial.com\\\/?s={search_term_string}\"},\"query-input\":{\"@type\":\"PropertyValueSpecification\",\"valueRequired\":true,\"valueName\":\"search_term_string\"}}],\"inLanguage\":\"en-US\"},{\"@type\":\"Organization\",\"@id\":\"https:\\\/\\\/waaqt-arabicdial.com\\\/#organization\",\"name\":\"Waaqt - Expert Seiko Arabic Dial\",\"url\":\"https:\\\/\\\/waaqt-arabicdial.com\\\/\",\"logo\":{\"@type\":\"ImageObject\",\"inLanguage\":\"en-US\",\"@id\":\"https:\\\/\\\/waaqt-arabicdial.com\\\/#\\\/schema\\\/logo\\\/image\\\/\",\"url\":\"https:\\\/\\\/waaqt-arabicdial.com\\\/wp-content\\\/uploads\\\/2023\\\/06\\\/WhatsApp_Image_2023-05-26_a_22.33.08-removebg-preview.png\",\"contentUrl\":\"https:\\\/\\\/waaqt-arabicdial.com\\\/wp-content\\\/uploads\\\/2023\\\/06\\\/WhatsApp_Image_2023-05-26_a_22.33.08-removebg-preview.png\",\"width\":500,\"height\":500,\"caption\":\"Waaqt - Expert Seiko Arabic Dial\"},\"image\":{\"@id\":\"https:\\\/\\\/waaqt-arabicdial.com\\\/#\\\/schema\\\/logo\\\/image\\\/\"},\"sameAs\":[\"https:\\\/\\\/www.tiktok.com\\\/@waaqt.com?_t=8ctOXkcAvyV&_r=1\"]}]}<\/script>\n<!-- \/ Yoast SEO plugin. -->","yoast_head_json":{"title":"Seiko Arabic Dial SRPF90K1 Or - Waaqt","description":"D\u00e9couvrez une toute nouvelle Seiko Arabic Dial Verte. La SRPH89K1 est la seule Seiko enti\u00e8rement dor\u00e9e. Faisant ressortir son cadran vert","robots":{"index":"index","follow":"follow","max-snippet":"max-snippet:-1","max-image-preview":"max-image-preview:large","max-video-preview":"max-video-preview:-1"},"canonical":"https:\/\/waaqt-arabicdial.com\/en\/product-2\/seiko-arabic-dial-srpf90k1\/","og_locale":"en_US","og_type":"article","og_title":"Seiko Arabic Dial SRPF90K1 Or - Waaqt","og_description":"D\u00e9couvrez une toute nouvelle Seiko Arabic Dial Verte. La SRPH89K1 est la seule Seiko enti\u00e8rement dor\u00e9e. Faisant ressortir son cadran vert","og_url":"https:\/\/waaqt-arabicdial.com\/en\/product-2\/seiko-arabic-dial-srpf90k1\/","og_site_name":"Waaqt - Expert Seiko Arabic Dial","article_modified_time":"2024-11-03T13:13:39+00:00","og_image":[{"width":500,"height":500,"url":"https:\/\/waaqt-arabicdial.com\/wp-content\/uploads\/2018\/07\/Montre-Seiko-chiffres-arabes-8.webp","type":"image\/webp"}],"twitter_card":"summary_large_image","twitter_misc":{"Est. reading time":"3 minutes"},"schema":{"@context":"https:\/\/schema.org","@graph":[{"@type":"WebPage","@id":"https:\/\/waaqt-arabicdial.com\/produit\/seiko-arabic-dial-srpf90k1\/","url":"https:\/\/waaqt-arabicdial.com\/produit\/seiko-arabic-dial-srpf90k1\/","name":"Seiko Arabic Dial SRPF90K1 Or - Waaqt","isPartOf":{"@id":"https:\/\/waaqt-arabicdial.com\/#website"},"primaryImageOfPage":{"@id":"https:\/\/waaqt-arabicdial.com\/produit\/seiko-arabic-dial-srpf90k1\/#primaryimage"},"image":{"@id":"https:\/\/waaqt-arabicdial.com\/produit\/seiko-arabic-dial-srpf90k1\/#primaryimage"},"thumbnailUrl":"https:\/\/waaqt-arabicdial.com\/wp-content\/uploads\/2018\/07\/Montre-Seiko-chiffres-arabes-8.webp","datePublished":"2023-10-22T15:12:04+00:00","dateModified":"2024-11-03T13:13:39+00:00","description":"D\u00e9couvrez une toute nouvelle Seiko Arabic Dial Verte. La SRPH89K1 est la seule Seiko enti\u00e8rement dor\u00e9e. Faisant ressortir son cadran vert","breadcrumb":{"@id":"https:\/\/waaqt-arabicdial.com\/produit\/seiko-arabic-dial-srpf90k1\/#breadcrumb"},"inLanguage":"en-US","potentialAction":[{"@type":"ReadAction","target":["https:\/\/waaqt-arabicdial.com\/produit\/seiko-arabic-dial-srpf90k1\/"]}]},{"@type":"ImageObject","inLanguage":"en-US","@id":"https:\/\/waaqt-arabicdial.com\/produit\/seiko-arabic-dial-srpf90k1\/#primaryimage","url":"https:\/\/waaqt-arabicdial.com\/wp-content\/uploads\/2018\/07\/Montre-Seiko-chiffres-arabes-8.webp","contentUrl":"https:\/\/waaqt-arabicdial.com\/wp-content\/uploads\/2018\/07\/Montre-Seiko-chiffres-arabes-8.webp","width":500,"height":500,"caption":"Seiko Arabic Dial SRPF90K1"},{"@type":"BreadcrumbList","@id":"https:\/\/waaqt-arabicdial.com\/produit\/seiko-arabic-dial-srpf90k1\/#breadcrumb","itemListElement":[{"@type":"ListItem","position":1,"name":"Accueil","item":"https:\/\/waaqt-arabicdial.com\/"},{"@type":"ListItem","position":2,"name":"Montres Seiko Arabic Dial authentiques","item":"https:\/\/waaqt-arabicdial.com\/shop\/"},{"@type":"ListItem","position":3,"name":"Seiko Arabic Dial SRPF90K1 Or"}]},{"@type":"WebSite","@id":"https:\/\/waaqt-arabicdial.com\/#website","url":"https:\/\/waaqt-arabicdial.com\/","name":"Waaqt - Expert Seiko Arabic Dial","description":"Expert Seiko Arabic Dial en France","publisher":{"@id":"https:\/\/waaqt-arabicdial.com\/#organization"},"potentialAction":[{"@type":"SearchAction","target":{"@type":"EntryPoint","urlTemplate":"https:\/\/waaqt-arabicdial.com\/?s={search_term_string}"},"query-input":{"@type":"PropertyValueSpecification","valueRequired":true,"valueName":"search_term_string"}}],"inLanguage":"en-US"},{"@type":"Organization","@id":"https:\/\/waaqt-arabicdial.com\/#organization","name":"Waaqt - Expert Seiko Arabic Dial","url":"https:\/\/waaqt-arabicdial.com\/","logo":{"@type":"ImageObject","inLanguage":"en-US","@id":"https:\/\/waaqt-arabicdial.com\/#\/schema\/logo\/image\/","url":"https:\/\/waaqt-arabicdial.com\/wp-content\/uploads\/2023\/06\/WhatsApp_Image_2023-05-26_a_22.33.08-removebg-preview.png","contentUrl":"https:\/\/waaqt-arabicdial.com\/wp-content\/uploads\/2023\/06\/WhatsApp_Image_2023-05-26_a_22.33.08-removebg-preview.png","width":500,"height":500,"caption":"Waaqt - Expert Seiko Arabic Dial"},"image":{"@id":"https:\/\/waaqt-arabicdial.com\/#\/schema\/logo\/image\/"},"sameAs":["https:\/\/www.tiktok.com\/@waaqt.com?_t=8ctOXkcAvyV&_r=1"]}]}},"jetpack_sharing_enabled":true,"_links":{"self":[{"href":"https:\/\/waaqt-arabicdial.com\/en\/wp-json\/wp\/v2\/product\/3510","targetHints":{"allow":["GET"]}}],"collection":[{"href":"https:\/\/waaqt-arabicdial.com\/en\/wp-json\/wp\/v2\/product"}],"about":[{"href":"https:\/\/waaqt-arabicdial.com\/en\/wp-json\/wp\/v2\/types\/product"}],"replies":[{"embeddable":true,"href":"https:\/\/waaqt-arabicdial.com\/en\/wp-json\/wp\/v2\/comments?post=3510"}],"version-history":[{"count":8,"href":"https:\/\/waaqt-arabicdial.com\/en\/wp-json\/wp\/v2\/product\/3510\/revisions"}],"predecessor-version":[{"id":7114,"href":"https:\/\/waaqt-arabicdial.com\/en\/wp-json\/wp\/v2\/product\/3510\/revisions\/7114"}],"wp:featuredmedia":[{"embeddable":true,"href":"https:\/\/waaqt-arabicdial.com\/en\/wp-json\/wp\/v2\/media\/6726"}],"wp:attachment":[{"href":"https:\/\/waaqt-arabicdial.com\/en\/wp-json\/wp\/v2\/media?parent=3510"}],"wp:term":[{"taxonomy":"product_brand","embeddable":true,"href":"https:\/\/waaqt-arabicdial.com\/en\/wp-json\/wp\/v2\/product_brand?post=3510"},{"taxonomy":"product_cat","embeddable":true,"href":"https:\/\/waaqt-arabicdial.com\/en\/wp-json\/wp\/v2\/product_cat?post=3510"},{"taxonomy":"product_tag","embeddable":true,"href":"https:\/\/waaqt-arabicdial.com\/en\/wp-json\/wp\/v2\/product_tag?post=3510"}],"curies":[{"name":"wp","href":"https:\/\/api.w.org\/{rel}","templated":true}]}}