{"id":3469,"date":"2023-10-22T13:01:33","date_gmt":"2023-10-22T13:01:33","guid":{"rendered":"https:\/\/waaqt-arabicdial.com\/?post_type=product&#038;p=3469"},"modified":"2025-01-20T19:09:52","modified_gmt":"2025-01-20T19:09:52","slug":"automatic-watch-winder","status":"publish","type":"product","link":"https:\/\/waaqt-arabicdial.com\/en\/produit\/remontoir-montre-automatique\/","title":{"rendered":"Automatic Watch Winder"},"content":{"rendered":"<p>The Automatic Watch Winder is the perfect accessory for watch lovers. Designed to maintain the precision of your automatic watches, this elegant and functional watch winder is a must-have for any collector.<\/p>\n<h3><strong>Main Features :<\/strong><\/h3>\n<ol>\n<li><strong>Quiet technology:<\/strong> Our watch winder uses quiet technology to keep your watches running without disturbing your surroundings.<\/li>\n<li><strong>Elegant design:<\/strong> Made with high quality materials, this watch winder is not only functional, but also aesthetically pleasing. Available in modern Black and classic Wood.<\/li>\n<li><strong>Universal Compatibility:<\/strong> It is suitable for Seiko Arabic Dial but also for a wide variety of automatic watches.<\/li>\n<li><strong>Protection against Magnetism:<\/strong> The watch winder is equipped with advanced technology to <strong>prevent magnetic disturbances<\/strong> which could affect the accuracy of your automatic watches.<\/li>\n<li><strong>Easy charging:<\/strong> You can charge the winder by adding AA batteries or by charging it directly via the cable provided!<\/li>\n<\/ol>\n<h2><strong>Why Choose Our Automatic Watch Winder:<\/strong><\/h2>\n<ul>\n<li><strong>Utility :<\/strong> It allows you to keep your automatic watches active,<strong> even after a weekend<\/strong> without having worn watches.<\/li>\n<li><strong>Keep Your Watches Ready to Wear:<\/strong> Your watches are always<strong> ready to wear, without the need for manual winding.<\/strong><\/li>\n<li><strong>Elegance and Precision:<\/strong> Our winder ensures that <strong>your watches stay on time<\/strong> while bringing<strong> a touch of elegance<\/strong> to your collection.<\/li>\n<\/ul>\n<p><strong>Keep your watches accurate in style\u2026<\/strong><\/p>\n<p>Add the Black\/Wood Automatic Watch Winder to your collection of watch accessories for quality maintenance and exceptional style. Order now to protect and enhance your automatic watches.<\/p>","protected":false},"excerpt":{"rendered":"<p>The Automatic Watch Winder is the perfect accessory for watch lovers. Designed to maintain the precision of your automatic watches, this elegant and functional winder is a must-have for any collector. Key Features : Silent technology : Our watch winder uses silent technology to keep your watches running without disturbing your environment. [...]<\/p>","protected":false},"featured_media":3477,"comment_status":"open","ping_status":"closed","template":"","meta":{"site-sidebar-layout":"default","site-content-layout":"default","ast-site-content-layout":"default","site-content-style":"default","site-sidebar-style":"default","ast-global-header-display":"","ast-banner-title-visibility":"","ast-main-header-display":"","ast-hfb-above-header-display":"","ast-hfb-below-header-display":"","ast-hfb-mobile-header-display":"","site-post-title":"","ast-breadcrumbs-content":"","ast-featured-img":"","footer-sml-layout":"","ast-disable-related-posts":"","theme-transparent-header-meta":"default","adv-header-id-meta":"","stick-header-meta":"","header-above-stick-meta":"","header-main-stick-meta":"","header-below-stick-meta":"","astra-migrate-meta-layouts":"default","ast-page-background-enabled":"default","ast-page-background-meta":{"desktop":{"background-color":"","background-image":"","background-repeat":"repeat","background-position":"center center","background-size":"auto","background-attachment":"scroll","background-type":"","background-media":"","overlay-type":"","overlay-color":"","overlay-opacity":"","overlay-gradient":""},"tablet":{"background-color":"","background-image":"","background-repeat":"repeat","background-position":"center center","background-size":"auto","background-attachment":"scroll","background-type":"","background-media":"","overlay-type":"","overlay-color":"","overlay-opacity":"","overlay-gradient":""},"mobile":{"background-color":"","background-image":"","background-repeat":"repeat","background-position":"center center","background-size":"auto","background-attachment":"scroll","background-type":"","background-media":"","overlay-type":"","overlay-color":"","overlay-opacity":"","overlay-gradient":""}},"ast-content-background-meta":{"desktop":{"background-color":"var(--ast-global-color-5)","background-image":"","background-repeat":"repeat","background-position":"center center","background-size":"auto","background-attachment":"scroll","background-type":"","background-media":"","overlay-type":"","overlay-color":"","overlay-opacity":"","overlay-gradient":""},"tablet":{"background-color":"var(--ast-global-color-5)","background-image":"","background-repeat":"repeat","background-position":"center center","background-size":"auto","background-attachment":"scroll","background-type":"","background-media":"","overlay-type":"","overlay-color":"","overlay-opacity":"","overlay-gradient":""},"mobile":{"background-color":"var(--ast-global-color-5)","background-image":"","background-repeat":"repeat","background-position":"center center","background-size":"auto","background-attachment":"scroll","background-type":"","background-media":"","overlay-type":"","overlay-color":"","overlay-opacity":"","overlay-gradient":""}}},"product_brand":[],"product_cat":[82],"product_tag":[],"class_list":{"0":"post-3469","1":"product","2":"type-product","3":"status-publish","4":"has-post-thumbnail","6":"product_cat-accessoires-montre","7":"desktop-align-center","8":"tablet-align-center","9":"mobile-align-center","10":"ast-product-gallery-layout-vertical","11":"ast-product-single-variable","12":"ast-product-tabs-layout-accordion","14":"first","15":"instock","16":"taxable","17":"shipping-taxable","18":"purchasable","19":"product-type-variable"},"yoast_head":"<!-- This site is optimized with the Yoast SEO plugin v27.4 - https:\/\/yoast.com\/product\/yoast-seo-wordpress\/ -->\n<title>Remontoir Montre Automatique - Waaqt<\/title>\n<meta name=\"description\" content=\"Mettez en valeur vos montres automatiques pr\u00e9f\u00e9r\u00e9es avec le Remontoir de Montre Automatique, connu aussi sous le nom de Tourne Montre.\" \/>\n<meta name=\"robots\" content=\"index, follow, max-snippet:-1, max-image-preview:large, max-video-preview:-1\" \/>\n<link rel=\"canonical\" href=\"https:\/\/waaqt-arabicdial.com\/en\/product-2\/automatic-watch-winder\/\" \/>\n<meta property=\"og:locale\" content=\"en_US\" \/>\n<meta property=\"og:type\" content=\"article\" \/>\n<meta property=\"og:title\" content=\"Remontoir Montre Automatique - Waaqt\" \/>\n<meta property=\"og:description\" content=\"Mettez en valeur vos montres automatiques pr\u00e9f\u00e9r\u00e9es avec le Remontoir de Montre Automatique, connu aussi sous le nom de Tourne Montre.\" \/>\n<meta property=\"og:url\" content=\"https:\/\/waaqt-arabicdial.com\/en\/product-2\/automatic-watch-winder\/\" \/>\n<meta property=\"og:site_name\" content=\"Waaqt - Expert Seiko Arabic Dial\" \/>\n<meta property=\"article:modified_time\" content=\"2025-01-20T19:09:52+00:00\" \/>\n<meta property=\"og:image\" content=\"https:\/\/waaqt-arabicdial.com\/wp-content\/uploads\/2023\/10\/main-image-11.jpeg\" \/>\n\t<meta property=\"og:image:width\" content=\"800\" \/>\n\t<meta property=\"og:image:height\" content=\"800\" \/>\n\t<meta property=\"og:image:type\" content=\"image\/jpeg\" \/>\n<meta name=\"twitter:card\" content=\"summary_large_image\" \/>\n<meta name=\"twitter:label1\" content=\"Est. reading time\" \/>\n\t<meta name=\"twitter:data1\" content=\"2 minutes\" \/>\n<script type=\"application\/ld+json\" class=\"yoast-schema-graph\">{\"@context\":\"https:\\\/\\\/schema.org\",\"@graph\":[{\"@type\":\"WebPage\",\"@id\":\"https:\\\/\\\/waaqt-arabicdial.com\\\/produit\\\/remontoir-montre-automatique\\\/\",\"url\":\"https:\\\/\\\/waaqt-arabicdial.com\\\/produit\\\/remontoir-montre-automatique\\\/\",\"name\":\"Remontoir Montre Automatique - Waaqt\",\"isPartOf\":{\"@id\":\"https:\\\/\\\/waaqt-arabicdial.com\\\/#website\"},\"primaryImageOfPage\":{\"@id\":\"https:\\\/\\\/waaqt-arabicdial.com\\\/produit\\\/remontoir-montre-automatique\\\/#primaryimage\"},\"image\":{\"@id\":\"https:\\\/\\\/waaqt-arabicdial.com\\\/produit\\\/remontoir-montre-automatique\\\/#primaryimage\"},\"thumbnailUrl\":\"https:\\\/\\\/waaqt-arabicdial.com\\\/wp-content\\\/uploads\\\/2023\\\/10\\\/main-image-11.jpeg\",\"datePublished\":\"2023-10-22T13:01:33+00:00\",\"dateModified\":\"2025-01-20T19:09:52+00:00\",\"description\":\"Mettez en valeur vos montres automatiques pr\u00e9f\u00e9r\u00e9es avec le Remontoir de Montre Automatique, connu aussi sous le nom de Tourne Montre.\",\"breadcrumb\":{\"@id\":\"https:\\\/\\\/waaqt-arabicdial.com\\\/produit\\\/remontoir-montre-automatique\\\/#breadcrumb\"},\"inLanguage\":\"en-US\",\"potentialAction\":[{\"@type\":\"ReadAction\",\"target\":[\"https:\\\/\\\/waaqt-arabicdial.com\\\/produit\\\/remontoir-montre-automatique\\\/\"]}]},{\"@type\":\"ImageObject\",\"inLanguage\":\"en-US\",\"@id\":\"https:\\\/\\\/waaqt-arabicdial.com\\\/produit\\\/remontoir-montre-automatique\\\/#primaryimage\",\"url\":\"https:\\\/\\\/waaqt-arabicdial.com\\\/wp-content\\\/uploads\\\/2023\\\/10\\\/main-image-11.jpeg\",\"contentUrl\":\"https:\\\/\\\/waaqt-arabicdial.com\\\/wp-content\\\/uploads\\\/2023\\\/10\\\/main-image-11.jpeg\",\"width\":800,\"height\":800,\"caption\":\"Remontoir montre automatique\"},{\"@type\":\"BreadcrumbList\",\"@id\":\"https:\\\/\\\/waaqt-arabicdial.com\\\/produit\\\/remontoir-montre-automatique\\\/#breadcrumb\",\"itemListElement\":[{\"@type\":\"ListItem\",\"position\":1,\"name\":\"Accueil\",\"item\":\"https:\\\/\\\/waaqt-arabicdial.com\\\/\"},{\"@type\":\"ListItem\",\"position\":2,\"name\":\"Montres Seiko Arabic Dial authentiques\",\"item\":\"https:\\\/\\\/waaqt-arabicdial.com\\\/shop\\\/\"},{\"@type\":\"ListItem\",\"position\":3,\"name\":\"Remontoir Montre Automatique\"}]},{\"@type\":\"WebSite\",\"@id\":\"https:\\\/\\\/waaqt-arabicdial.com\\\/#website\",\"url\":\"https:\\\/\\\/waaqt-arabicdial.com\\\/\",\"name\":\"Waaqt - Expert Seiko Arabic Dial\",\"description\":\"Expert Seiko Arabic Dial en France\",\"publisher\":{\"@id\":\"https:\\\/\\\/waaqt-arabicdial.com\\\/#organization\"},\"potentialAction\":[{\"@type\":\"SearchAction\",\"target\":{\"@type\":\"EntryPoint\",\"urlTemplate\":\"https:\\\/\\\/waaqt-arabicdial.com\\\/?s={search_term_string}\"},\"query-input\":{\"@type\":\"PropertyValueSpecification\",\"valueRequired\":true,\"valueName\":\"search_term_string\"}}],\"inLanguage\":\"en-US\"},{\"@type\":\"Organization\",\"@id\":\"https:\\\/\\\/waaqt-arabicdial.com\\\/#organization\",\"name\":\"Waaqt - Expert Seiko Arabic Dial\",\"url\":\"https:\\\/\\\/waaqt-arabicdial.com\\\/\",\"logo\":{\"@type\":\"ImageObject\",\"inLanguage\":\"en-US\",\"@id\":\"https:\\\/\\\/waaqt-arabicdial.com\\\/#\\\/schema\\\/logo\\\/image\\\/\",\"url\":\"https:\\\/\\\/waaqt-arabicdial.com\\\/wp-content\\\/uploads\\\/2023\\\/06\\\/WhatsApp_Image_2023-05-26_a_22.33.08-removebg-preview.png\",\"contentUrl\":\"https:\\\/\\\/waaqt-arabicdial.com\\\/wp-content\\\/uploads\\\/2023\\\/06\\\/WhatsApp_Image_2023-05-26_a_22.33.08-removebg-preview.png\",\"width\":500,\"height\":500,\"caption\":\"Waaqt - Expert Seiko Arabic Dial\"},\"image\":{\"@id\":\"https:\\\/\\\/waaqt-arabicdial.com\\\/#\\\/schema\\\/logo\\\/image\\\/\"},\"sameAs\":[\"https:\\\/\\\/www.tiktok.com\\\/@waaqt.com?_t=8ctOXkcAvyV&_r=1\"]}]}<\/script>\n<!-- \/ Yoast SEO plugin. -->","yoast_head_json":{"title":"Remontoir Montre Automatique - Waaqt","description":"Mettez en valeur vos montres automatiques pr\u00e9f\u00e9r\u00e9es avec le Remontoir de Montre Automatique, connu aussi sous le nom de Tourne Montre.","robots":{"index":"index","follow":"follow","max-snippet":"max-snippet:-1","max-image-preview":"max-image-preview:large","max-video-preview":"max-video-preview:-1"},"canonical":"https:\/\/waaqt-arabicdial.com\/en\/product-2\/automatic-watch-winder\/","og_locale":"en_US","og_type":"article","og_title":"Remontoir Montre Automatique - Waaqt","og_description":"Mettez en valeur vos montres automatiques pr\u00e9f\u00e9r\u00e9es avec le Remontoir de Montre Automatique, connu aussi sous le nom de Tourne Montre.","og_url":"https:\/\/waaqt-arabicdial.com\/en\/product-2\/automatic-watch-winder\/","og_site_name":"Waaqt - Expert Seiko Arabic Dial","article_modified_time":"2025-01-20T19:09:52+00:00","og_image":[{"width":800,"height":800,"url":"https:\/\/waaqt-arabicdial.com\/wp-content\/uploads\/2023\/10\/main-image-11.jpeg","type":"image\/jpeg"}],"twitter_card":"summary_large_image","twitter_misc":{"Est. reading time":"2 minutes"},"schema":{"@context":"https:\/\/schema.org","@graph":[{"@type":"WebPage","@id":"https:\/\/waaqt-arabicdial.com\/produit\/remontoir-montre-automatique\/","url":"https:\/\/waaqt-arabicdial.com\/produit\/remontoir-montre-automatique\/","name":"Remontoir Montre Automatique - Waaqt","isPartOf":{"@id":"https:\/\/waaqt-arabicdial.com\/#website"},"primaryImageOfPage":{"@id":"https:\/\/waaqt-arabicdial.com\/produit\/remontoir-montre-automatique\/#primaryimage"},"image":{"@id":"https:\/\/waaqt-arabicdial.com\/produit\/remontoir-montre-automatique\/#primaryimage"},"thumbnailUrl":"https:\/\/waaqt-arabicdial.com\/wp-content\/uploads\/2023\/10\/main-image-11.jpeg","datePublished":"2023-10-22T13:01:33+00:00","dateModified":"2025-01-20T19:09:52+00:00","description":"Mettez en valeur vos montres automatiques pr\u00e9f\u00e9r\u00e9es avec le Remontoir de Montre Automatique, connu aussi sous le nom de Tourne Montre.","breadcrumb":{"@id":"https:\/\/waaqt-arabicdial.com\/produit\/remontoir-montre-automatique\/#breadcrumb"},"inLanguage":"en-US","potentialAction":[{"@type":"ReadAction","target":["https:\/\/waaqt-arabicdial.com\/produit\/remontoir-montre-automatique\/"]}]},{"@type":"ImageObject","inLanguage":"en-US","@id":"https:\/\/waaqt-arabicdial.com\/produit\/remontoir-montre-automatique\/#primaryimage","url":"https:\/\/waaqt-arabicdial.com\/wp-content\/uploads\/2023\/10\/main-image-11.jpeg","contentUrl":"https:\/\/waaqt-arabicdial.com\/wp-content\/uploads\/2023\/10\/main-image-11.jpeg","width":800,"height":800,"caption":"Remontoir montre automatique"},{"@type":"BreadcrumbList","@id":"https:\/\/waaqt-arabicdial.com\/produit\/remontoir-montre-automatique\/#breadcrumb","itemListElement":[{"@type":"ListItem","position":1,"name":"Accueil","item":"https:\/\/waaqt-arabicdial.com\/"},{"@type":"ListItem","position":2,"name":"Montres Seiko Arabic Dial authentiques","item":"https:\/\/waaqt-arabicdial.com\/shop\/"},{"@type":"ListItem","position":3,"name":"Remontoir Montre Automatique"}]},{"@type":"WebSite","@id":"https:\/\/waaqt-arabicdial.com\/#website","url":"https:\/\/waaqt-arabicdial.com\/","name":"Waaqt - Expert Seiko Arabic Dial","description":"Expert Seiko Arabic Dial en France","publisher":{"@id":"https:\/\/waaqt-arabicdial.com\/#organization"},"potentialAction":[{"@type":"SearchAction","target":{"@type":"EntryPoint","urlTemplate":"https:\/\/waaqt-arabicdial.com\/?s={search_term_string}"},"query-input":{"@type":"PropertyValueSpecification","valueRequired":true,"valueName":"search_term_string"}}],"inLanguage":"en-US"},{"@type":"Organization","@id":"https:\/\/waaqt-arabicdial.com\/#organization","name":"Waaqt - Expert Seiko Arabic Dial","url":"https:\/\/waaqt-arabicdial.com\/","logo":{"@type":"ImageObject","inLanguage":"en-US","@id":"https:\/\/waaqt-arabicdial.com\/#\/schema\/logo\/image\/","url":"https:\/\/waaqt-arabicdial.com\/wp-content\/uploads\/2023\/06\/WhatsApp_Image_2023-05-26_a_22.33.08-removebg-preview.png","contentUrl":"https:\/\/waaqt-arabicdial.com\/wp-content\/uploads\/2023\/06\/WhatsApp_Image_2023-05-26_a_22.33.08-removebg-preview.png","width":500,"height":500,"caption":"Waaqt - Expert Seiko Arabic Dial"},"image":{"@id":"https:\/\/waaqt-arabicdial.com\/#\/schema\/logo\/image\/"},"sameAs":["https:\/\/www.tiktok.com\/@waaqt.com?_t=8ctOXkcAvyV&_r=1"]}]}},"jetpack_sharing_enabled":true,"_links":{"self":[{"href":"https:\/\/waaqt-arabicdial.com\/en\/wp-json\/wp\/v2\/product\/3469","targetHints":{"allow":["GET"]}}],"collection":[{"href":"https:\/\/waaqt-arabicdial.com\/en\/wp-json\/wp\/v2\/product"}],"about":[{"href":"https:\/\/waaqt-arabicdial.com\/en\/wp-json\/wp\/v2\/types\/product"}],"replies":[{"embeddable":true,"href":"https:\/\/waaqt-arabicdial.com\/en\/wp-json\/wp\/v2\/comments?post=3469"}],"version-history":[{"count":4,"href":"https:\/\/waaqt-arabicdial.com\/en\/wp-json\/wp\/v2\/product\/3469\/revisions"}],"predecessor-version":[{"id":3482,"href":"https:\/\/waaqt-arabicdial.com\/en\/wp-json\/wp\/v2\/product\/3469\/revisions\/3482"}],"wp:featuredmedia":[{"embeddable":true,"href":"https:\/\/waaqt-arabicdial.com\/en\/wp-json\/wp\/v2\/media\/3477"}],"wp:attachment":[{"href":"https:\/\/waaqt-arabicdial.com\/en\/wp-json\/wp\/v2\/media?parent=3469"}],"wp:term":[{"taxonomy":"product_brand","embeddable":true,"href":"https:\/\/waaqt-arabicdial.com\/en\/wp-json\/wp\/v2\/product_brand?post=3469"},{"taxonomy":"product_cat","embeddable":true,"href":"https:\/\/waaqt-arabicdial.com\/en\/wp-json\/wp\/v2\/product_cat?post=3469"},{"taxonomy":"product_tag","embeddable":true,"href":"https:\/\/waaqt-arabicdial.com\/en\/wp-json\/wp\/v2\/product_tag?post=3469"}],"curies":[{"name":"wp","href":"https:\/\/api.w.org\/{rel}","templated":true}]}}