{"id":1887,"date":"2023-05-26T23:25:03","date_gmt":"2023-05-26T23:25:03","guid":{"rendered":"https:\/\/waaqt-arabicdial.com\/?page_id=1887"},"modified":"2026-04-16T13:24:31","modified_gmt":"2026-04-16T13:24:31","slug":"terms-and-conditions-of-sale","status":"publish","type":"page","link":"https:\/\/waaqt-arabicdial.com\/en\/conditions-generales-de-vente\/","title":{"rendered":"Terms and conditions \/ Legal notice"},"content":{"rendered":"<p><br>Apply from 26 may 2022<\/p>\n\n\n\n<p class=\"has-medium-font-size\"><strong>OVERVIEW<\/strong><\/p>\n\n\n\n<p>This website is operated by&nbsp;<strong>Waaqt Arabic Dial (https:\/\/waaqt-arabicdial.com\/)<\/strong>. Throughout the site, the terms \u201cwe\u201d, \u201cus\u201d and \u201cour\u201d refer to&nbsp;<strong><strong>Waaqt Arabic Dial<\/strong><\/strong>.&nbsp;<strong><strong><strong>Waaqt Arabic Dial<\/strong><\/strong><\/strong>&nbsp;offers this website, including all information, tools and services available from this website to you, the user, conditioned upon your acceptance of all terms, conditions, policies and notices stated here. By visiting this site and\/or purchasing any of our products, you are engaging in our \"Service\" and agree to be bound by the terms and conditions \"Terms and Conditions of Sale\", including any additional terms, conditions and policies referenced herein and\/or hyperlinked from the footer. These Terms and Conditions apply to all users of this site, including, but not limited to, users who browse the site, are sellers, customers, merchants, and\/or content contributors. Please read these Terms and Conditions of Sale and Use carefully before accessing or using our website. By accessing or using any part of this site, you agree to be bound by these Terms and Conditions. If you do not agree to all of the terms and conditions of this agreement, then you must not access the website or use any of the services offered on it. If these Terms and Conditions are considered an offer, acceptance is expressly limited to these Terms and Conditions. All new features and tools added to this store in the future will also be subject to these General Terms and Conditions of Sale and Use. You can consult the most recent version of the General Terms and Conditions of Sale and Use at any time on this page. We reserve the right to update, change or replace any part of these Terms and Conditions of Sale and Use by posting updates and\/or modifications on our website. It is your responsibility to check this page regularly for changes. Your continued use of or access to the website following the posting of any changes constitutes your acceptance of those changes.<\/p>\n\n\n\n<p><strong>Third Party Links: <\/strong><br>Certain content, products and services available through our Service may include materials from third parties. Third-party links on this site may direct you to third-party websites that are not affiliated with us. We are under no obligation to examine or evaluate the content or accuracy of such sites, and we do not warrant or assume any liability for any content, websites, products, services or other materials accessible on or from these third party sites. We are not liable for any harm or damages related to the purchase or use of goods, services, resources, content, or any other transactions made in connection with any such third-party websites. Please review the third-party policies and practices carefully and make sure you understand them before engaging in any transaction. Complaints, claims, concerns, or questions regarding these third parties&#039; products should be referred to the same third parties.<\/p>\n\n\n\n<p><strong>Prohibited use: <\/strong><br>In addition to the prohibitions set out in the General Conditions of Sale and Use, you are prohibited from using the site or its content: (a) for illegal purposes; (b) to incite others to perform or participate in illegal acts; (c) to violate any regional ordinance or any international, federal, provincial or state law, rule or regulation; (d) to infringe or violate our intellectual property rights or those of third parties; (e) to harass, abuse, insult, harm, defame, slander, disparage, intimidate, or discriminate against anyone based on gender, sexual orientation, religion, ethnicity, race, age, national origin, or disability; (f) to submit false or misleading information; (g) to upload or transmit viruses or any other type of malicious code that will or may be used in any way that will compromise the functionality or operation of the Service or of any related website, independent website, or the Internet; (h) to collect or track the personal information of others; (i) to spam, phish, hijack, extort, crawl, crawl or scan the web (or any other resource); (j) for lewd or immoral purposes; or (k) to violate or circumvent the security measures of our Service, any other website, or the Internet. We reserve the right to terminate your use of the Service or any related website for violating any prohibited uses.<\/p>\n\n\n\n<p><strong>Clause 1 : Purpose and scope<br><\/strong>These general conditions of sale (CGV) constitute the basis of the commercial negotiation.<br>The general conditions of sale described below detail the rights and obligations of the company and its customer in the context of the sale of goods subject to the General Conditions of Sale.<br>Any acceptance of the purchase order, including the clause \u201cI acknowledge having read and accept the general conditions of sale attached hereto\u201d implies the buyer\u2019s unreserved acceptance of these general conditions of sale. The clause is present in the payment page, it must be completed so that the order can be placed.<\/p>\n\n\n\n<p>By accepting these General Conditions of Sale and Use, you declare that you have reached the age of majority in your country, state or province of residence, and that you have given us your consent to allow any person of age minor in your charge to use this website. The use of our products for any illegal or unauthorized purpose is prohibited nor may you, in the use of the Service, violate any laws in your jurisdiction (including but not limited to the laws relating to copyright). You must not transmit any worms, viruses or any other code of a destructive nature. Any infringement or violation of these General Conditions of Sale and Use will result in the immediate termination of your Services.<\/p>\n\n\n\n<p><strong>Clause n\u00b0 2 : Price<br><\/strong>The price of goods sold are those in force on the date of the order. They are calculated in euros and inclusive of all taxes.<br>The company grants itself the right to modify its prices at any time. However, it undertakes to invoice the goods ordered at the prices indicated when the order is registered.<\/p>\n\n\n\n<p><strong>Clause n\u00b0 3 : Discounts and bonuses<br><\/strong>The proposed rates include discounts and rebates that the Waaqt would have to be granted on account of its results, or the assumption by the buyer of certain benefits.<\/p>\n\n\n\n<p><strong>Clause n\u00b0 4 : Discount<br><\/strong>No discount will be granted in case of early payment.<\/p>\n\n\n\n<p><strong>Clause n\u00b0 5 : Terms of payment<br><\/strong>The settlement of orders is carried out :<br>\u2022 by credit card ;<br>\u2022 by bank transfer ;<br>\u2022 by PayPal ;<\/p>\n\n\n\n<p><strong>Clause n\u00b0 6 : retention of title Clause<br><\/strong>The company Waaqt retains ownership of the goods sold until full payment of the price, in principal and accessories. For this reason, if the buyer is subject to a bankruptcy or a judicial liquidation, the company Waaqt reserves the right to claim, in the framework of the collective proceedings, the goods sold and remained unpaid.<\/p>\n\n\n\n<p><strong>Clause n\u00b0 7 : Delivery<br><\/strong>In accordance with the \u201cOverview\u201d, the T&amp;Cs include the \u201cReturn Policy\u201d &amp; \u201cShipping Policy\u201d present on the site.<br>Delivery is carried out by the deposit of the goods at the place indicated by the buyer on the order.<br>The delivery time specified during the registration of the command is given as a guide only and is not guaranteed.<br>Consequently any reasonable delay in the delivery of products may not give rise to the benefit of the purchaser, to :<br>\u2022 the allocation of damages ;<br>\u2022 the cancellation of the order.<br>The merchandise is shipped from our head office. This allows us to control the quality and speed of the shipment. However, in order to guarantee greater flexibility and efficiency in our delivery process, it may happen that certain items are shipped directly from our suppliers. This allows us to expand our product catalog while offering competitive delivery rates. In the event of missing or damaged goods during transport, the buyer must make all necessary reservations on the order form upon receipt of said goods. These reservations must also be confirmed in writing within five days of delivery, by registered mail addressed to the company.<\/p>\n\n\n\n<p><strong>Clause n\u00b0 8 : Force majeure<br><\/strong>The liability of the company Waaqt will not be able to be implemented if the non-performance or delay in performance of any of its obligations described in the present general conditions of sale is made pursuant to a case of force majeure. In this respect, the force majeure includes all external event unpredictable and irresistible within the meaning of article 1148 of the civil Code.<\/p>\n\n\n\n<p><strong>Clause n\u00b0 9 : Court of competent jurisdiction<br><\/strong>Any dispute relating to the interpretation and execution of these general conditions of sale are subject to French law.<br>In the absence of an amicable resolution, the dispute will be brought before the commercial Court nearest you.<\/p>\n\n\n\n<p><strong>Clause n\u00b0 10 : Accuracy, Completeness And Timeliness Of Information<br><\/strong>We cannot be held responsible if the information provided on this website is incorrect, incomplete or outdated. The contents of this web site is provided for general information only and should not be construed or used as the sole basis for making decisions without consulting sources of information more important, more accurate, more complete or more current. If you rely on the content of this site, you do so at your own risk.<br>This site may contain certain historical information. By definition, the historical data are not current and is provided for reference purposes only. We reserve the right to modify the contents of this site at any time, but we have no obligation to update the information that it contains, whatever they may be. You acknowledge that it is your responsibility to monitor changes to our site. <\/p>\n\n\n\n<p><strong>Clause 11: Accuracy of Billing and Account Information<br><\/strong>We reserve the right to refuse any order you place with us. We may, in our sole discretion, reduce or cancel the quantities purchased per person, per household or per order. These restrictions may include orders placed by or from the same customer account, the same credit card, and\/or orders that use the same billing and\/or shipping address. In the event that we make a change to or cancel an order, we may attempt to notify you by contacting the e-mail and\/or billing address\/phone number provided at the time. the order has been placed. We reserve the right to limit or prohibit orders that, in our sole judgment, appear to be from merchants, resellers or distributors. You agree to provide current, complete and accurate order and account information for all orders placed on our store. You agree to promptly update your account and other information, including your email address and credit card numbers and expiration dates, so that we can complete your transactions and contact you as needed. For further details, please see our Returns Policy.<\/p>\n\n\n\n<p><strong>Clause No. 12: Errors, inaccuracies and omissions<\/strong>s<br>Occasionally there may be information on our site or in the Service that contains typographical errors, inaccuracies or omissions that may relate to product descriptions, pricing, promotions, offers, charges or fees. shipping of products, delivery times and availability. We reserve the right to correct any errors, inaccuracies or omissions, and to change or update information or cancel orders if any information in the Service or on any related website is inaccurate. , at any time and without notice (including after you have placed your order). We undertake no obligation to update, amend or clarify information in the Service or on any related website, including without limitation, pricing information, except as required by law. No specified update or refresh date in the Service or on any related website, should be taken into account in concluding that information in the Service or on any related website has been modified or updated.<\/p>\n\n\n\n<p><strong>Clause n\u00b013: Severability<\/strong><br>In the event that a provision of these General Conditions of Sale and Use is deemed to be illegal, void or inapplicable, this provision may nevertheless be applied to the fullest extent permitted by law, and the non-applicable part must be considered as being dissociated from these General Conditions of Sale and Use, this dissociation should not affect the validity and applicability of all other remaining provisions.<\/p>\n\n\n\n<p><strong>Clause n\u00b014: Entire agreement<\/strong><br>Any failure on our part to exercise or apply any right or provision of these General Conditions of Sale and Use should not constitute a waiver of this right or provision. These General Conditions of Sale and Use or any other policy or operating rules that we publish on this site or in respect to the Service constitute the entire understanding and agreement between you and us and govern your use of the Service, and supersede all communications, proposals and all prior and contemporaneous agreements, oral or written, between you and us (including, but not limited to, any prior version of the General Conditions of Sale and Use). Any ambiguity regarding the interpretation of these General Conditions of Sale and Use must not be interpreted to the disadvantage of the drafting party.<\/p>\n\n\n\n<h5 class=\"wp-block-heading has-medium-font-size\">LEGAL NOTICES :<\/h5>\n\n\n\n<h5 class=\"wp-block-heading\">IDENTITY<\/h5>\n\n\n\n<p>Le site est cr\u00e9\u00e9 la soci\u00e9t\u00e9 UN POURCENT, SAS au capital de 1000\u20ac, immatricul\u00e9e sous le SIRET :\u00a093430307400017<\/p>\n\n\n\n<p>Si\u00e8ge social \/ Service commercial \/ Service apr\u00e8s-vente :\u00a017 rue de la Malafolie, Le Chambon Feugerolles, 42500 <\/p>\n\n\n\n<h5 class=\"wp-block-heading\">LEGAL REPRESENTATIVES :<\/h5>\n\n\n\n<p>Director : K. KHERACHI<\/p>\n\n\n\n<h5 class=\"wp-block-heading\">CONTACT :<\/h5>\n\n\n\n<p>Our customer service team is contactable by email at the address contact@waaqt-arabicial.com Monday to Friday from 9am to 18pm.<br>In case of emergency please contact us at: +33 6 52 57 22 27<\/p>\n\n\n\n<h5 class=\"wp-block-heading\">HOSTER<\/h5>\n\n\n\n<p>The web host is the company O2switch,<\/p>\n\n\n\n<p>This site is hosted by O2SWITCH<br>222-224 Boulevard Gustave Flaubert<br>63000 Clermont-Ferrand<br>SARL o2switch au capital de 7500\u20ac<br>RCS : Clermont-Ferrand, france \u2013 SIRET : 510 909 80700016 \u2013 VAT : FR35510909807<br>The brand o2switch is deposited INPI under the number 09 3 645 729.<\/p>\n\n\n\n<p>Our watches <a href=\"https:\/\/waaqt-arabicdial.com\/en\/product-category\/seiko-arabic-dial\/\">Seiko Arabic Dial<\/a> by clicking here. <\/p>","protected":false},"excerpt":{"rendered":"<p>Applicable from May 26, 2022 OVERVIEW This website is operated by Waaqt Arabic Dial (https:\/\/waaqt-arabicdial.com\/). On this site, the terms \"we\", \"us\" and \"our\" refer to Waaqt Arabic Dial. Waaqt Arabic Dial provides this website, including all information, tools and services available on it for you, [...].<\/p>","protected":false},"author":1,"featured_media":0,"parent":0,"menu_order":0,"comment_status":"closed","ping_status":"closed","template":"","meta":{"site-sidebar-layout":"default","site-content-layout":"","ast-site-content-layout":"default","site-content-style":"default","site-sidebar-style":"default","ast-global-header-display":"","ast-banner-title-visibility":"","ast-main-header-display":"","ast-hfb-above-header-display":"","ast-hfb-below-header-display":"","ast-hfb-mobile-header-display":"","site-post-title":"","ast-breadcrumbs-content":"","ast-featured-img":"","footer-sml-layout":"","ast-disable-related-posts":"","theme-transparent-header-meta":"","adv-header-id-meta":"","stick-header-meta":"","header-above-stick-meta":"","header-main-stick-meta":"","header-below-stick-meta":"","astra-migrate-meta-layouts":"set","ast-page-background-enabled":"default","ast-page-background-meta":{"desktop":{"background-color":"","background-image":"","background-repeat":"repeat","background-position":"center center","background-size":"auto","background-attachment":"scroll","background-type":"","background-media":"","overlay-type":"","overlay-color":"","overlay-opacity":"","overlay-gradient":""},"tablet":{"background-color":"","background-image":"","background-repeat":"repeat","background-position":"center center","background-size":"auto","background-attachment":"scroll","background-type":"","background-media":"","overlay-type":"","overlay-color":"","overlay-opacity":"","overlay-gradient":""},"mobile":{"background-color":"","background-image":"","background-repeat":"repeat","background-position":"center center","background-size":"auto","background-attachment":"scroll","background-type":"","background-media":"","overlay-type":"","overlay-color":"","overlay-opacity":"","overlay-gradient":""}},"ast-content-background-meta":{"desktop":{"background-color":"var(--ast-global-color-5)","background-image":"","background-repeat":"repeat","background-position":"center center","background-size":"auto","background-attachment":"scroll","background-type":"","background-media":"","overlay-type":"","overlay-color":"","overlay-opacity":"","overlay-gradient":""},"tablet":{"background-color":"var(--ast-global-color-5)","background-image":"","background-repeat":"repeat","background-position":"center center","background-size":"auto","background-attachment":"scroll","background-type":"","background-media":"","overlay-type":"","overlay-color":"","overlay-opacity":"","overlay-gradient":""},"mobile":{"background-color":"var(--ast-global-color-5)","background-image":"","background-repeat":"repeat","background-position":"center center","background-size":"auto","background-attachment":"scroll","background-type":"","background-media":"","overlay-type":"","overlay-color":"","overlay-opacity":"","overlay-gradient":""}},"footnotes":""},"class_list":["post-1887","page","type-page","status-publish","hentry"],"yoast_head":"<!-- This site is optimized with the Yoast SEO plugin v27.4 - https:\/\/yoast.com\/product\/yoast-seo-wordpress\/ -->\n<title>CGV \/ Mentions L\u00e9gales - Waaqt - Expert Seiko Arabic Dial<\/title>\n<meta name=\"robots\" content=\"noindex, follow\" \/>\n<meta property=\"og:locale\" content=\"en_US\" \/>\n<meta property=\"og:type\" content=\"article\" \/>\n<meta property=\"og:title\" content=\"CGV \/ Mentions L\u00e9gales - Waaqt - Expert Seiko Arabic Dial\" \/>\n<meta property=\"og:description\" content=\"Applicables \u00e0 compter du 26 mai 2022 VUE D\u2019ENSEMBLE Ce site web est exploit\u00e9 par&nbsp;Waaqt Arabic Dial (https:\/\/waaqt-arabicdial.com\/). Sur ce site, les termes \u00ab\u00a0nous\u00a0\u00bb, \u00ab\u00a0notre\u00a0\u00bb et \u00ab\u00a0nos\u00a0\u00bb font r\u00e9f\u00e9rence \u00e0&nbsp;Waaqt Arabic Dial.&nbsp;Waaqt Arabic Dial&nbsp;propose ce site web, y compris toutes les informations, tous les outils et tous les services qui y sont disponibles pour vous, [&hellip;]\" \/>\n<meta property=\"og:url\" content=\"https:\/\/waaqt-arabicdial.com\/en\/terms-and-conditions-of-sale\/\" \/>\n<meta property=\"og:site_name\" content=\"Waaqt - Expert Seiko Arabic Dial\" \/>\n<meta property=\"article:modified_time\" content=\"2026-04-16T13:24:31+00:00\" \/>\n<meta name=\"twitter:card\" content=\"summary_large_image\" \/>\n<meta name=\"twitter:label1\" content=\"Est. reading time\" \/>\n\t<meta name=\"twitter:data1\" content=\"13 minutes\" \/>\n<script type=\"application\/ld+json\" class=\"yoast-schema-graph\">{\"@context\":\"https:\\\/\\\/schema.org\",\"@graph\":[{\"@type\":\"WebPage\",\"@id\":\"https:\\\/\\\/waaqt-arabicdial.com\\\/conditions-generales-de-vente\\\/\",\"url\":\"https:\\\/\\\/waaqt-arabicdial.com\\\/conditions-generales-de-vente\\\/\",\"name\":\"CGV \\\/ Mentions L\u00e9gales - Waaqt - Expert Seiko Arabic Dial\",\"isPartOf\":{\"@id\":\"https:\\\/\\\/waaqt-arabicdial.com\\\/#website\"},\"datePublished\":\"2023-05-26T23:25:03+00:00\",\"dateModified\":\"2026-04-16T13:24:31+00:00\",\"breadcrumb\":{\"@id\":\"https:\\\/\\\/waaqt-arabicdial.com\\\/conditions-generales-de-vente\\\/#breadcrumb\"},\"inLanguage\":\"en-US\",\"potentialAction\":[{\"@type\":\"ReadAction\",\"target\":[\"https:\\\/\\\/waaqt-arabicdial.com\\\/conditions-generales-de-vente\\\/\"]}]},{\"@type\":\"BreadcrumbList\",\"@id\":\"https:\\\/\\\/waaqt-arabicdial.com\\\/conditions-generales-de-vente\\\/#breadcrumb\",\"itemListElement\":[{\"@type\":\"ListItem\",\"position\":1,\"name\":\"Accueil\",\"item\":\"https:\\\/\\\/waaqt-arabicdial.com\\\/\"},{\"@type\":\"ListItem\",\"position\":2,\"name\":\"CGV \\\/ Mentions L\u00e9gales\"}]},{\"@type\":\"WebSite\",\"@id\":\"https:\\\/\\\/waaqt-arabicdial.com\\\/#website\",\"url\":\"https:\\\/\\\/waaqt-arabicdial.com\\\/\",\"name\":\"Waaqt - Expert Seiko Arabic Dial\",\"description\":\"Expert Seiko Arabic Dial en France\",\"publisher\":{\"@id\":\"https:\\\/\\\/waaqt-arabicdial.com\\\/#organization\"},\"potentialAction\":[{\"@type\":\"SearchAction\",\"target\":{\"@type\":\"EntryPoint\",\"urlTemplate\":\"https:\\\/\\\/waaqt-arabicdial.com\\\/?s={search_term_string}\"},\"query-input\":{\"@type\":\"PropertyValueSpecification\",\"valueRequired\":true,\"valueName\":\"search_term_string\"}}],\"inLanguage\":\"en-US\"},{\"@type\":\"Organization\",\"@id\":\"https:\\\/\\\/waaqt-arabicdial.com\\\/#organization\",\"name\":\"Waaqt - Expert Seiko Arabic Dial\",\"url\":\"https:\\\/\\\/waaqt-arabicdial.com\\\/\",\"logo\":{\"@type\":\"ImageObject\",\"inLanguage\":\"en-US\",\"@id\":\"https:\\\/\\\/waaqt-arabicdial.com\\\/#\\\/schema\\\/logo\\\/image\\\/\",\"url\":\"https:\\\/\\\/waaqt-arabicdial.com\\\/wp-content\\\/uploads\\\/2023\\\/06\\\/WhatsApp_Image_2023-05-26_a_22.33.08-removebg-preview.png\",\"contentUrl\":\"https:\\\/\\\/waaqt-arabicdial.com\\\/wp-content\\\/uploads\\\/2023\\\/06\\\/WhatsApp_Image_2023-05-26_a_22.33.08-removebg-preview.png\",\"width\":500,\"height\":500,\"caption\":\"Waaqt - Expert Seiko Arabic Dial\"},\"image\":{\"@id\":\"https:\\\/\\\/waaqt-arabicdial.com\\\/#\\\/schema\\\/logo\\\/image\\\/\"},\"sameAs\":[\"https:\\\/\\\/www.tiktok.com\\\/@waaqt.com?_t=8ctOXkcAvyV&_r=1\"]}]}<\/script>\n<!-- \/ Yoast SEO plugin. -->","yoast_head_json":{"title":"CGV \/ Mentions L\u00e9gales - Waaqt - Expert Seiko Arabic Dial","robots":{"index":"noindex","follow":"follow"},"og_locale":"en_US","og_type":"article","og_title":"CGV \/ Mentions L\u00e9gales - Waaqt - Expert Seiko Arabic Dial","og_description":"Applicables \u00e0 compter du 26 mai 2022 VUE D\u2019ENSEMBLE Ce site web est exploit\u00e9 par&nbsp;Waaqt Arabic Dial (https:\/\/waaqt-arabicdial.com\/). Sur ce site, les termes \u00ab\u00a0nous\u00a0\u00bb, \u00ab\u00a0notre\u00a0\u00bb et \u00ab\u00a0nos\u00a0\u00bb font r\u00e9f\u00e9rence \u00e0&nbsp;Waaqt Arabic Dial.&nbsp;Waaqt Arabic Dial&nbsp;propose ce site web, y compris toutes les informations, tous les outils et tous les services qui y sont disponibles pour vous, [&hellip;]","og_url":"https:\/\/waaqt-arabicdial.com\/en\/terms-and-conditions-of-sale\/","og_site_name":"Waaqt - Expert Seiko Arabic Dial","article_modified_time":"2026-04-16T13:24:31+00:00","twitter_card":"summary_large_image","twitter_misc":{"Est. reading time":"13 minutes"},"schema":{"@context":"https:\/\/schema.org","@graph":[{"@type":"WebPage","@id":"https:\/\/waaqt-arabicdial.com\/conditions-generales-de-vente\/","url":"https:\/\/waaqt-arabicdial.com\/conditions-generales-de-vente\/","name":"CGV \/ Mentions L\u00e9gales - Waaqt - Expert Seiko Arabic Dial","isPartOf":{"@id":"https:\/\/waaqt-arabicdial.com\/#website"},"datePublished":"2023-05-26T23:25:03+00:00","dateModified":"2026-04-16T13:24:31+00:00","breadcrumb":{"@id":"https:\/\/waaqt-arabicdial.com\/conditions-generales-de-vente\/#breadcrumb"},"inLanguage":"en-US","potentialAction":[{"@type":"ReadAction","target":["https:\/\/waaqt-arabicdial.com\/conditions-generales-de-vente\/"]}]},{"@type":"BreadcrumbList","@id":"https:\/\/waaqt-arabicdial.com\/conditions-generales-de-vente\/#breadcrumb","itemListElement":[{"@type":"ListItem","position":1,"name":"Accueil","item":"https:\/\/waaqt-arabicdial.com\/"},{"@type":"ListItem","position":2,"name":"CGV \/ Mentions L\u00e9gales"}]},{"@type":"WebSite","@id":"https:\/\/waaqt-arabicdial.com\/#website","url":"https:\/\/waaqt-arabicdial.com\/","name":"Waaqt - Expert Seiko Arabic Dial","description":"Expert Seiko Arabic Dial en France","publisher":{"@id":"https:\/\/waaqt-arabicdial.com\/#organization"},"potentialAction":[{"@type":"SearchAction","target":{"@type":"EntryPoint","urlTemplate":"https:\/\/waaqt-arabicdial.com\/?s={search_term_string}"},"query-input":{"@type":"PropertyValueSpecification","valueRequired":true,"valueName":"search_term_string"}}],"inLanguage":"en-US"},{"@type":"Organization","@id":"https:\/\/waaqt-arabicdial.com\/#organization","name":"Waaqt - Expert Seiko Arabic Dial","url":"https:\/\/waaqt-arabicdial.com\/","logo":{"@type":"ImageObject","inLanguage":"en-US","@id":"https:\/\/waaqt-arabicdial.com\/#\/schema\/logo\/image\/","url":"https:\/\/waaqt-arabicdial.com\/wp-content\/uploads\/2023\/06\/WhatsApp_Image_2023-05-26_a_22.33.08-removebg-preview.png","contentUrl":"https:\/\/waaqt-arabicdial.com\/wp-content\/uploads\/2023\/06\/WhatsApp_Image_2023-05-26_a_22.33.08-removebg-preview.png","width":500,"height":500,"caption":"Waaqt - Expert Seiko Arabic Dial"},"image":{"@id":"https:\/\/waaqt-arabicdial.com\/#\/schema\/logo\/image\/"},"sameAs":["https:\/\/www.tiktok.com\/@waaqt.com?_t=8ctOXkcAvyV&_r=1"]}]}},"jetpack_sharing_enabled":true,"_links":{"self":[{"href":"https:\/\/waaqt-arabicdial.com\/en\/wp-json\/wp\/v2\/pages\/1887","targetHints":{"allow":["GET"]}}],"collection":[{"href":"https:\/\/waaqt-arabicdial.com\/en\/wp-json\/wp\/v2\/pages"}],"about":[{"href":"https:\/\/waaqt-arabicdial.com\/en\/wp-json\/wp\/v2\/types\/page"}],"author":[{"embeddable":true,"href":"https:\/\/waaqt-arabicdial.com\/en\/wp-json\/wp\/v2\/users\/1"}],"replies":[{"embeddable":true,"href":"https:\/\/waaqt-arabicdial.com\/en\/wp-json\/wp\/v2\/comments?post=1887"}],"version-history":[{"count":15,"href":"https:\/\/waaqt-arabicdial.com\/en\/wp-json\/wp\/v2\/pages\/1887\/revisions"}],"predecessor-version":[{"id":8873,"href":"https:\/\/waaqt-arabicdial.com\/en\/wp-json\/wp\/v2\/pages\/1887\/revisions\/8873"}],"wp:attachment":[{"href":"https:\/\/waaqt-arabicdial.com\/en\/wp-json\/wp\/v2\/media?parent=1887"}],"curies":[{"name":"wp","href":"https:\/\/api.w.org\/{rel}","templated":true}]}}