{"id":1864,"date":"2023-05-26T23:06:13","date_gmt":"2023-05-26T23:06:13","guid":{"rendered":"https:\/\/waaqt-arabicdial.com\/?page_id=1864"},"modified":"2024-08-27T06:46:31","modified_gmt":"2024-08-27T06:46:31","slug":"shipping-policy","status":"publish","type":"page","link":"https:\/\/waaqt-arabicdial.com\/en\/politique-dexpedition\/","title":{"rendered":"Shipping policy"},"content":{"rendered":"<h2 class=\"wp-block-heading\">Find out all about our deliveries <\/h2>\n\n\n\n<h3 class=\"wp-block-heading\">Tracking control : <\/h3>\n\n\n\n<style>\n    .tracking-container {\n        text-align: center;\n        max-width: 600px; \/* Largeur augment\u00e9e *\/\n        margin: 30px auto;\n        padding: 30px; \/* Espacement interne augment\u00e9 *\/\n        background-color: #f9f9f9;\n        border-radius: 8px;\n        box-shadow: 0 4px 8px rgba(0,0,0,0.1);\n    }\n\n    .tracking-input, .tracking-button {\n        padding: 12px; \/* Augmentation du padding pour un meilleur visuel *\/\n        font-size: 16px;\n        border-radius: 4px;\n        border: 1px solid #ccc;\n        margin-top: 10px; \/* Espacement uniforme pour les \u00e9l\u00e9ments de formulaire *\/\n        transition: border 0.3s ease-in-out, box-shadow 0.3s ease-in-out; \/* Transition douce pour les effets *\/\n    }\n\n    .tracking-input {\n        width: calc(100% - 130px); \/* Ajustement de la largeur pour maintenir le bouton sur la m\u00eame ligne *\/\n    }\n\n    .tracking-input:hover, .tracking-button:hover {\n        border-color: #007BFF; \/* Changement de couleur de bordure au survol en bleu *\/\n        box-shadow: 0 2px 5px rgba(0, 123, 255, 0.5); \/* Ajout d'une ombre bleue pour un effet de profondeur *\/\n    }\n\n    .tracking-button {\n        background-color: #4CAF50;\n        color: white;\n        border: none;\n        cursor: pointer;\n        width: 100px; \/* Largeur fixe pour le bouton *\/\n    }\n\n    .tracking-button:hover {\n        background-color: #367B48; \/* Assombrissement du bouton au survol *\/\n    }\n\n    #YQContainer {\n        margin-top: 20px;\n        text-align: left;\n        width: 100%; \/* Assure que le conteneur s'adapte \u00e0 la largeur du parent *\/\n    }\n<\/style>\n\n<!--Instructions et formulaire de suivi dans un conteneur stylis\u00e9-->\n<div class=\"tracking-container\">\n    <div>\n        Please enter the tracking number received by email. The tracking number may take between <strong>12 and 72 working hours<\/strong> before being received.<br><br> If the tracking tool doesn't work, go to <strong>17track.net<\/strong> to track your order.<br><br> Make sure to enter the tracking number <strong>without spaces<\/strong> :\n    <\/div>\n\n    <div>\n        <input type=\"text\" id=\"YQNum\" maxlength=\"50\" class=\"tracking-input\"> \n        <input type=\"button\" value=\"Follow\" onclick=\"doTrack()\" class=\"tracking-button\">\n    <\/div>\n\n    <div id=\"YQContainer\"><\/div>\n<\/div>\n\n<script type=\"text\/javascript\" src=\"\/\/www.17track.net\/externalcall.js\"><\/script>\n<script type=\"text\/javascript\">\nfunction doTrack() {\n    var num = document.getElementById(\"YQNum\").value;\n    if(num === \"\"){\n        alert(\"Entrez votre num\u00e9ro.\"); \n        return;\n    }\n    YQV5.trackSingle({\n        YQ_ContainerId: \"YQContainer\",\n        YQ_Height: 560,\n        YQ_Fc: \"0\",\n        YQ_Lang: \"en\",\n        YQ_Num: num\n    });\n}\n<\/script>\n\n\n\n<h2 class=\"wp-block-heading\">Free delivery<\/h2>\n\n\n\n<p>Waaqt offers delivery anywhere in the world. Packages are shipped via carriers such as DHL Express or Colissimo. The item is delivered to your home. This guarantees you fast and secure delivery. You will be notified by email of each delivery stage and will be able to track your package using the tracking number provided during shipping.<\/p>\n\n\n\n<h3 class=\"wp-block-heading\">Shipping time <\/h3>\n\n\n\n<p>Your order is generally shipped within 1 to 3 days may vary depending on the period and volume of orders. During busy periods, the shipping process may require a little extra time to ensure your package is prepared and sent.<\/p>\n\n\n\n<h3 class=\"wp-block-heading\">Delivery time <\/h3>\n\n\n\n<ul class=\"wp-block-list\">\n<li><strong>Mainland France<\/strong> :\n<ul class=\"wp-block-list\">\n<li>Watches: Delivery within 72 working hours.<\/li>\n\n\n\n<li>Accessories: Delivery in 4 to 6 working days.<\/li>\n<\/ul>\n<\/li>\n\n\n\n<li><strong>Europe<\/strong> :\n<ul class=\"wp-block-list\">\n<li>Watches: Delivery in 4 to 6 working days.<\/li>\n\n\n\n<li>Accessories: Delivery in 4 to 8 working days.<\/li>\n<\/ul>\n<\/li>\n\n\n\n<li><strong>Rest of the world<\/strong> :\n<ul class=\"wp-block-list\">\n<li>Watches and Accessories: Delivery in 4 to 8 working days.<\/li>\n<\/ul>\n<\/li>\n<\/ul>\n\n\n\n<p>We make every effort to ship and deliver your orders as quickly as possible, while ensuring the security and integrity of your purchases.<\/p>\n\n\n\n<p><em>Working days = Sundays and public holidays excluded<\/em><\/p>\n\n\n\n<h3 class=\"wp-block-heading\">Hand delivery<\/h3>\n\n\n\n<p>Some of our customers prefer a more personal approach to receiving their order. This is why we offer the possibility of hand delivery for your purchases. If you would like to benefit from this service, please contact us directly at <strong>+33 6 52 57 22 27 to schedule a meeting<\/strong>. We will be happy to meet you and deliver your order in person, ensuring a service that is both safe and friendly. We also offer the possibility of paying for your order directly on site.<\/p>\n\n\n\n<p>Delivery times for watches vary between 2 and 4 working days once the watch is shipped. Delivery times for accessories &amp; bracelets are between 4 and 8 working days. <\/p>\n\n\n\n<p>Customs fees may be applied depending on the country of receipt. These are borne by the recipient of the package (the customer). These costs remain relatively low, less than 10% of the value of the watch. These can be reimbursed in the form of credits by contacting us by email: contact@waaqt-arabicdial.com<\/p>\n\n\n\n<p>Our watches <a href=\"https:\/\/waaqt-arabicdial.com\/en\/product-category\/seiko-arabic-dial\/\">Seiko Arabic Dial<\/a> by clicking here. <\/p>","protected":false},"excerpt":{"rendered":"<p>All about our deliveries Order tracking: Please enter the tracking number received by email. The tracking number may take between 12 and 72 working hours to be received. If the tracking tool does not work, go to 17track.net to track your order. Be sure to enter the tracking number without spaces [...].<\/p>","protected":false},"author":1,"featured_media":0,"parent":0,"menu_order":0,"comment_status":"closed","ping_status":"closed","template":"","meta":{"site-sidebar-layout":"default","site-content-layout":"","ast-site-content-layout":"default","site-content-style":"default","site-sidebar-style":"default","ast-global-header-display":"","ast-banner-title-visibility":"","ast-main-header-display":"","ast-hfb-above-header-display":"","ast-hfb-below-header-display":"","ast-hfb-mobile-header-display":"","site-post-title":"","ast-breadcrumbs-content":"","ast-featured-img":"","footer-sml-layout":"","ast-disable-related-posts":"","theme-transparent-header-meta":"","adv-header-id-meta":"","stick-header-meta":"","header-above-stick-meta":"","header-main-stick-meta":"","header-below-stick-meta":"","astra-migrate-meta-layouts":"set","ast-page-background-enabled":"default","ast-page-background-meta":{"desktop":{"background-color":"","background-image":"","background-repeat":"repeat","background-position":"center center","background-size":"auto","background-attachment":"scroll","background-type":"","background-media":"","overlay-type":"","overlay-color":"","overlay-opacity":"","overlay-gradient":""},"tablet":{"background-color":"","background-image":"","background-repeat":"repeat","background-position":"center center","background-size":"auto","background-attachment":"scroll","background-type":"","background-media":"","overlay-type":"","overlay-color":"","overlay-opacity":"","overlay-gradient":""},"mobile":{"background-color":"","background-image":"","background-repeat":"repeat","background-position":"center center","background-size":"auto","background-attachment":"scroll","background-type":"","background-media":"","overlay-type":"","overlay-color":"","overlay-opacity":"","overlay-gradient":""}},"ast-content-background-meta":{"desktop":{"background-color":"var(--ast-global-color-5)","background-image":"","background-repeat":"repeat","background-position":"center center","background-size":"auto","background-attachment":"scroll","background-type":"","background-media":"","overlay-type":"","overlay-color":"","overlay-opacity":"","overlay-gradient":""},"tablet":{"background-color":"var(--ast-global-color-5)","background-image":"","background-repeat":"repeat","background-position":"center center","background-size":"auto","background-attachment":"scroll","background-type":"","background-media":"","overlay-type":"","overlay-color":"","overlay-opacity":"","overlay-gradient":""},"mobile":{"background-color":"var(--ast-global-color-5)","background-image":"","background-repeat":"repeat","background-position":"center center","background-size":"auto","background-attachment":"scroll","background-type":"","background-media":"","overlay-type":"","overlay-color":"","overlay-opacity":"","overlay-gradient":""}},"footnotes":""},"class_list":["post-1864","page","type-page","status-publish","hentry"],"yoast_head":"<!-- This site is optimized with the Yoast SEO plugin v27.4 - https:\/\/yoast.com\/product\/yoast-seo-wordpress\/ -->\n<title>Politique d&#039;exp\u00e9dition - Waaqt - Expert Seiko Arabic Dial<\/title>\n<meta name=\"robots\" content=\"index, follow, max-snippet:-1, max-image-preview:large, max-video-preview:-1\" \/>\n<link rel=\"canonical\" href=\"https:\/\/waaqt-arabicdial.com\/en\/shipping-policy\/\" \/>\n<meta property=\"og:locale\" content=\"en_US\" \/>\n<meta property=\"og:type\" content=\"article\" \/>\n<meta property=\"og:title\" content=\"Politique d&#039;exp\u00e9dition - Waaqt - Expert Seiko Arabic Dial\" \/>\n<meta property=\"og:description\" content=\"Tout savoir nos livraisons Suivi de commande : Veuillez entrer le num\u00e9ro de suivi re\u00e7u par email. Le num\u00e9ro de suivi peut prendre entre 12h et 72h ouvr\u00e9s avant d&rsquo;\u00eatre re\u00e7u. Si l&rsquo;outil de suivi ne fonctionne pas, rendez-vous sur le site 17track.net pour suivre votre commande. Assurez-vous d&rsquo;entrer le num\u00e9ro de suivi sans espaces [&hellip;]\" \/>\n<meta property=\"og:url\" content=\"https:\/\/waaqt-arabicdial.com\/en\/shipping-policy\/\" \/>\n<meta property=\"og:site_name\" content=\"Waaqt - Expert Seiko Arabic Dial\" \/>\n<meta property=\"article:modified_time\" content=\"2024-08-27T06:46:31+00:00\" \/>\n<meta name=\"twitter:card\" content=\"summary_large_image\" \/>\n<meta name=\"twitter:label1\" content=\"Est. reading time\" \/>\n\t<meta name=\"twitter:data1\" content=\"3 minutes\" \/>\n<script type=\"application\/ld+json\" class=\"yoast-schema-graph\">{\"@context\":\"https:\\\/\\\/schema.org\",\"@graph\":[{\"@type\":\"WebPage\",\"@id\":\"https:\\\/\\\/waaqt-arabicdial.com\\\/politique-dexpedition\\\/\",\"url\":\"https:\\\/\\\/waaqt-arabicdial.com\\\/politique-dexpedition\\\/\",\"name\":\"Politique d'exp\u00e9dition - Waaqt - Expert Seiko Arabic Dial\",\"isPartOf\":{\"@id\":\"https:\\\/\\\/waaqt-arabicdial.com\\\/#website\"},\"datePublished\":\"2023-05-26T23:06:13+00:00\",\"dateModified\":\"2024-08-27T06:46:31+00:00\",\"breadcrumb\":{\"@id\":\"https:\\\/\\\/waaqt-arabicdial.com\\\/politique-dexpedition\\\/#breadcrumb\"},\"inLanguage\":\"en-US\",\"potentialAction\":[{\"@type\":\"ReadAction\",\"target\":[\"https:\\\/\\\/waaqt-arabicdial.com\\\/politique-dexpedition\\\/\"]}]},{\"@type\":\"BreadcrumbList\",\"@id\":\"https:\\\/\\\/waaqt-arabicdial.com\\\/politique-dexpedition\\\/#breadcrumb\",\"itemListElement\":[{\"@type\":\"ListItem\",\"position\":1,\"name\":\"Accueil\",\"item\":\"https:\\\/\\\/waaqt-arabicdial.com\\\/\"},{\"@type\":\"ListItem\",\"position\":2,\"name\":\"Politique d&#8217;exp\u00e9dition\"}]},{\"@type\":\"WebSite\",\"@id\":\"https:\\\/\\\/waaqt-arabicdial.com\\\/#website\",\"url\":\"https:\\\/\\\/waaqt-arabicdial.com\\\/\",\"name\":\"Waaqt - Expert Seiko Arabic Dial\",\"description\":\"Expert Seiko Arabic Dial en France\",\"publisher\":{\"@id\":\"https:\\\/\\\/waaqt-arabicdial.com\\\/#organization\"},\"potentialAction\":[{\"@type\":\"SearchAction\",\"target\":{\"@type\":\"EntryPoint\",\"urlTemplate\":\"https:\\\/\\\/waaqt-arabicdial.com\\\/?s={search_term_string}\"},\"query-input\":{\"@type\":\"PropertyValueSpecification\",\"valueRequired\":true,\"valueName\":\"search_term_string\"}}],\"inLanguage\":\"en-US\"},{\"@type\":\"Organization\",\"@id\":\"https:\\\/\\\/waaqt-arabicdial.com\\\/#organization\",\"name\":\"Waaqt - Expert Seiko Arabic Dial\",\"url\":\"https:\\\/\\\/waaqt-arabicdial.com\\\/\",\"logo\":{\"@type\":\"ImageObject\",\"inLanguage\":\"en-US\",\"@id\":\"https:\\\/\\\/waaqt-arabicdial.com\\\/#\\\/schema\\\/logo\\\/image\\\/\",\"url\":\"https:\\\/\\\/waaqt-arabicdial.com\\\/wp-content\\\/uploads\\\/2023\\\/06\\\/WhatsApp_Image_2023-05-26_a_22.33.08-removebg-preview.png\",\"contentUrl\":\"https:\\\/\\\/waaqt-arabicdial.com\\\/wp-content\\\/uploads\\\/2023\\\/06\\\/WhatsApp_Image_2023-05-26_a_22.33.08-removebg-preview.png\",\"width\":500,\"height\":500,\"caption\":\"Waaqt - Expert Seiko Arabic Dial\"},\"image\":{\"@id\":\"https:\\\/\\\/waaqt-arabicdial.com\\\/#\\\/schema\\\/logo\\\/image\\\/\"},\"sameAs\":[\"https:\\\/\\\/www.tiktok.com\\\/@waaqt.com?_t=8ctOXkcAvyV&_r=1\"]}]}<\/script>\n<!-- \/ Yoast SEO plugin. -->","yoast_head_json":{"title":"Politique d'exp\u00e9dition - Waaqt - Expert Seiko Arabic Dial","robots":{"index":"index","follow":"follow","max-snippet":"max-snippet:-1","max-image-preview":"max-image-preview:large","max-video-preview":"max-video-preview:-1"},"canonical":"https:\/\/waaqt-arabicdial.com\/en\/shipping-policy\/","og_locale":"en_US","og_type":"article","og_title":"Politique d'exp\u00e9dition - Waaqt - Expert Seiko Arabic Dial","og_description":"Tout savoir nos livraisons Suivi de commande : Veuillez entrer le num\u00e9ro de suivi re\u00e7u par email. Le num\u00e9ro de suivi peut prendre entre 12h et 72h ouvr\u00e9s avant d&rsquo;\u00eatre re\u00e7u. Si l&rsquo;outil de suivi ne fonctionne pas, rendez-vous sur le site 17track.net pour suivre votre commande. Assurez-vous d&rsquo;entrer le num\u00e9ro de suivi sans espaces [&hellip;]","og_url":"https:\/\/waaqt-arabicdial.com\/en\/shipping-policy\/","og_site_name":"Waaqt - Expert Seiko Arabic Dial","article_modified_time":"2024-08-27T06:46:31+00:00","twitter_card":"summary_large_image","twitter_misc":{"Est. reading time":"3 minutes"},"schema":{"@context":"https:\/\/schema.org","@graph":[{"@type":"WebPage","@id":"https:\/\/waaqt-arabicdial.com\/politique-dexpedition\/","url":"https:\/\/waaqt-arabicdial.com\/politique-dexpedition\/","name":"Politique d'exp\u00e9dition - Waaqt - Expert Seiko Arabic Dial","isPartOf":{"@id":"https:\/\/waaqt-arabicdial.com\/#website"},"datePublished":"2023-05-26T23:06:13+00:00","dateModified":"2024-08-27T06:46:31+00:00","breadcrumb":{"@id":"https:\/\/waaqt-arabicdial.com\/politique-dexpedition\/#breadcrumb"},"inLanguage":"en-US","potentialAction":[{"@type":"ReadAction","target":["https:\/\/waaqt-arabicdial.com\/politique-dexpedition\/"]}]},{"@type":"BreadcrumbList","@id":"https:\/\/waaqt-arabicdial.com\/politique-dexpedition\/#breadcrumb","itemListElement":[{"@type":"ListItem","position":1,"name":"Accueil","item":"https:\/\/waaqt-arabicdial.com\/"},{"@type":"ListItem","position":2,"name":"Politique d&#8217;exp\u00e9dition"}]},{"@type":"WebSite","@id":"https:\/\/waaqt-arabicdial.com\/#website","url":"https:\/\/waaqt-arabicdial.com\/","name":"Waaqt - Expert Seiko Arabic Dial","description":"Expert Seiko Arabic Dial en France","publisher":{"@id":"https:\/\/waaqt-arabicdial.com\/#organization"},"potentialAction":[{"@type":"SearchAction","target":{"@type":"EntryPoint","urlTemplate":"https:\/\/waaqt-arabicdial.com\/?s={search_term_string}"},"query-input":{"@type":"PropertyValueSpecification","valueRequired":true,"valueName":"search_term_string"}}],"inLanguage":"en-US"},{"@type":"Organization","@id":"https:\/\/waaqt-arabicdial.com\/#organization","name":"Waaqt - Expert Seiko Arabic Dial","url":"https:\/\/waaqt-arabicdial.com\/","logo":{"@type":"ImageObject","inLanguage":"en-US","@id":"https:\/\/waaqt-arabicdial.com\/#\/schema\/logo\/image\/","url":"https:\/\/waaqt-arabicdial.com\/wp-content\/uploads\/2023\/06\/WhatsApp_Image_2023-05-26_a_22.33.08-removebg-preview.png","contentUrl":"https:\/\/waaqt-arabicdial.com\/wp-content\/uploads\/2023\/06\/WhatsApp_Image_2023-05-26_a_22.33.08-removebg-preview.png","width":500,"height":500,"caption":"Waaqt - Expert Seiko Arabic Dial"},"image":{"@id":"https:\/\/waaqt-arabicdial.com\/#\/schema\/logo\/image\/"},"sameAs":["https:\/\/www.tiktok.com\/@waaqt.com?_t=8ctOXkcAvyV&_r=1"]}]}},"jetpack_sharing_enabled":true,"_links":{"self":[{"href":"https:\/\/waaqt-arabicdial.com\/en\/wp-json\/wp\/v2\/pages\/1864","targetHints":{"allow":["GET"]}}],"collection":[{"href":"https:\/\/waaqt-arabicdial.com\/en\/wp-json\/wp\/v2\/pages"}],"about":[{"href":"https:\/\/waaqt-arabicdial.com\/en\/wp-json\/wp\/v2\/types\/page"}],"author":[{"embeddable":true,"href":"https:\/\/waaqt-arabicdial.com\/en\/wp-json\/wp\/v2\/users\/1"}],"replies":[{"embeddable":true,"href":"https:\/\/waaqt-arabicdial.com\/en\/wp-json\/wp\/v2\/comments?post=1864"}],"version-history":[{"count":29,"href":"https:\/\/waaqt-arabicdial.com\/en\/wp-json\/wp\/v2\/pages\/1864\/revisions"}],"predecessor-version":[{"id":6880,"href":"https:\/\/waaqt-arabicdial.com\/en\/wp-json\/wp\/v2\/pages\/1864\/revisions\/6880"}],"wp:attachment":[{"href":"https:\/\/waaqt-arabicdial.com\/en\/wp-json\/wp\/v2\/media?parent=1864"}],"curies":[{"name":"wp","href":"https:\/\/api.w.org\/{rel}","templated":true}]}}