{"id":5663,"date":"2024-05-26T17:20:29","date_gmt":"2024-05-26T17:20:29","guid":{"rendered":"https:\/\/waaqt-arabicdial.com\/?post_type=product&#038;p=5663"},"modified":"2025-12-08T21:47:07","modified_gmt":"2025-12-08T21:47:07","slug":"salvador-dali-uhr-2","status":"publish","type":"product","link":"https:\/\/waaqt-arabicdial.com\/de\/produit\/montre-salvador-dali\/","title":{"rendered":"Salvador Dali Uhr"},"content":{"rendered":"<h2><span style=\"font-size: 14pt;\">Umarmen Sie die Traumwelt von Salvador Dal\u00ed mit unserem <em>Salvador Dal\u00ed Uhr von Waaqt<\/em>. Inspiriert von Dal\u00eds ikonischer Darstellung weicher Uhren in seinem Werk \"La Persistencia de la Memoria \/ Die Best\u00e4ndigkeit der Erinnerung\", ist diese Uhr nicht nur ein Zeitmessger\u00e4t, sondern auch ein tragbares Kunstst\u00fcck.<\/span><\/h2>\n<p>Diese <strong>1. Kreation von Waaqt endlich k\u00e4uflich zu erwerben<\/strong>, die so konzipiert ist, dass sie <strong>unisex<\/strong>Diese Uhr spricht sowohl M\u00e4nner als auch Frauen an, die Kunst und Stil zu sch\u00e4tzen wissen. Die Details und Farben des Geh\u00e4uses sind in zwei eleganten Farbt\u00f6nen erh\u00e4ltlich. <strong>versilbert \/ vergoldet<\/strong>. Der Zeitmesser tr\u00e4gt ein <strong>Cabochon mit einem Stein verziert<\/strong>Die Uhr wurde von den sch\u00f6nsten Cartier-Uhren inspiriert.<\/p>\n<h3><span style=\"font-size: 12pt;\">Als Alternative zur Cartier Crash l\u00e4sst die unregelm\u00e4\u00dfige Uhr mit ihrem Zifferblatt, das auf Ihrem Handgelenk zu schmelzen scheint, Ihrer Fantasie freien Lauf - genauso wie der spanische Maler im Jahr 1931. Das Quarzwerk, das hochwertige Lederarmband und die Dornschlie\u00dfe werden Sie begeistern.\u00a0<\/span><\/h3>\n<p>&nbsp;<\/p>\n<table>\n<thead>\n<tr>\n<th>Technische Daten<\/th>\n<th>Dali-Uhr<\/th>\n<\/tr>\n<\/thead>\n<tbody>\n<tr>\n<td>Art der Bewegung<\/td>\n<td>Quarzwerk (Japanisch)<\/td>\n<\/tr>\n<tr>\n<td>Dicke des Geh\u00e4uses<\/td>\n<td>8mm<\/td>\n<\/tr>\n<tr>\n<td>Material des Geh\u00e4uses<\/td>\n<td>Rostfreier Stahl<\/td>\n<\/tr>\n<tr>\n<td>Art des verwendeten Glases<\/td>\n<td>Synthetischer Saphirkristall<\/td>\n<\/tr>\n<tr>\n<td>Durchmesser des Zifferblatts<\/td>\n<td>30mm<\/td>\n<\/tr>\n<tr>\n<td>Genre<\/td>\n<td>Mann \/ Frau - Unisex-Uhr<\/td>\n<\/tr>\n<tr>\n<td>Wasserdichtheit<\/td>\n<td>Bis zu 3 ATM (30 Meter)<\/td>\n<\/tr>\n<tr>\n<td>Tiefe der Abdichtung<\/td>\n<td>Wasserdicht bis 30 Meter f\u00fcr den Alltag<\/td>\n<\/tr>\n<tr>\n<td>Material des Armbands<\/td>\n<td>Echtes Leder<\/td>\n<\/tr>\n<tr>\n<td>Farbklassifizierung<\/td>\n<td>Vergoldetes (Gold) \/ versilbertes Metall<\/td>\n<\/tr>\n<tr>\n<td>Methode der Anzeige<\/td>\n<td>Zeiger (Stunde \/ Minute \/ Sekunde)<\/td>\n<\/tr>\n<tr>\n<td>Art der Uhr<\/td>\n<td>Neutral<\/td>\n<\/tr>\n<tr>\n<td>Art des Hintergrunds<\/td>\n<td>Standard<\/td>\n<\/tr>\n<tr>\n<td>Stil der Schnalle<\/td>\n<td>Akrone Faltschlie\u00dfe<\/td>\n<\/tr>\n<\/tbody>\n<\/table>\n<div class=\"flex flex-grow flex-col max-w-full\">\n<div class=\"min-h-[20px] text-message flex flex-col items-start whitespace-pre-wrap break-words [.text-message+&amp;]:mt-5 juice:w-full juice:items-end overflow-x-auto gap-2\" dir=\"auto\" data-message-author-role=\"assistant\" data-message-id=\"925ea374-a6d0-4578-97eb-1d0c0d57f204\">\n<div class=\"flex w-full flex-col gap-1 juice:empty:hidden juice:first:pt-[3px]\">\n<div class=\"markdown prose w-full break-words dark:prose-invert dark\">\n<p>In der gleichen Inspiration finden Sie die<a href=\"https:\/\/waaqt-arabicdial.com\/de\/produkt\/uhr-salvador-dali-2\/\">Wanduhr Salvador Dali<\/a>Mit dem \"Kuscheltier\" k\u00f6nnen Sie Ihrer Inneneinrichtung einen k\u00fcnstlerischen und surrealen Touch verleihen.<\/p>\n<\/div>\n<\/div>\n<\/div>\n<\/div>","protected":false},"excerpt":{"rendered":"<p>Umarmen Sie die Traumwelt mit unserer Uhr von Waaqt. Inspiriert von der ikonischen Darstellung weicher Uhren in seinem Werk \"La Persistencia de la Memoria \/ Die Best\u00e4ndigkeit der Erinnerung\", ist diese Uhr nicht nur ein Zeitmessger\u00e4t, sondern auch ein tragbares Kunstwerk. Diese 1. [...].<\/p>","protected":false},"featured_media":5901,"comment_status":"open","ping_status":"closed","template":"","meta":{"site-sidebar-layout":"default","site-content-layout":"","ast-site-content-layout":"default","site-content-style":"default","site-sidebar-style":"default","ast-global-header-display":"","ast-banner-title-visibility":"","ast-main-header-display":"","ast-hfb-above-header-display":"","ast-hfb-below-header-display":"","ast-hfb-mobile-header-display":"","site-post-title":"","ast-breadcrumbs-content":"","ast-featured-img":"","footer-sml-layout":"","ast-disable-related-posts":"","theme-transparent-header-meta":"default","adv-header-id-meta":"","stick-header-meta":"","header-above-stick-meta":"","header-main-stick-meta":"","header-below-stick-meta":"","astra-migrate-meta-layouts":"set","ast-page-background-enabled":"default","ast-page-background-meta":{"desktop":{"background-color":"","background-image":"","background-repeat":"repeat","background-position":"center center","background-size":"auto","background-attachment":"scroll","background-type":"","background-media":"","overlay-type":"","overlay-color":"","overlay-opacity":"","overlay-gradient":""},"tablet":{"background-color":"","background-image":"","background-repeat":"repeat","background-position":"center center","background-size":"auto","background-attachment":"scroll","background-type":"","background-media":"","overlay-type":"","overlay-color":"","overlay-opacity":"","overlay-gradient":""},"mobile":{"background-color":"","background-image":"","background-repeat":"repeat","background-position":"center center","background-size":"auto","background-attachment":"scroll","background-type":"","background-media":"","overlay-type":"","overlay-color":"","overlay-opacity":"","overlay-gradient":""}},"ast-content-background-meta":{"desktop":{"background-color":"var(--ast-global-color-5)","background-image":"","background-repeat":"repeat","background-position":"center center","background-size":"auto","background-attachment":"scroll","background-type":"","background-media":"","overlay-type":"","overlay-color":"","overlay-opacity":"","overlay-gradient":""},"tablet":{"background-color":"var(--ast-global-color-5)","background-image":"","background-repeat":"repeat","background-position":"center center","background-size":"auto","background-attachment":"scroll","background-type":"","background-media":"","overlay-type":"","overlay-color":"","overlay-opacity":"","overlay-gradient":""},"mobile":{"background-color":"var(--ast-global-color-5)","background-image":"","background-repeat":"repeat","background-position":"center center","background-size":"auto","background-attachment":"scroll","background-type":"","background-media":"","overlay-type":"","overlay-color":"","overlay-opacity":"","overlay-gradient":""}}},"product_brand":[],"product_cat":[82],"product_tag":[],"class_list":{"0":"post-5663","1":"product","2":"type-product","3":"status-publish","4":"has-post-thumbnail","6":"product_cat-accessoires-montre","7":"desktop-align-center","8":"tablet-align-center","9":"mobile-align-center","10":"ast-product-gallery-layout-vertical","11":"ast-product-single-variable","12":"ast-product-tabs-layout-accordion","14":"first","15":"instock","16":"taxable","17":"shipping-taxable","18":"purchasable","19":"product-type-variable"},"yoast_head":"<!-- This site is optimized with the Yoast SEO plugin v27.4 - https:\/\/yoast.com\/product\/yoast-seo-wordpress\/ -->\n<title>Montre Salvador Dali | Livraison Offerte \u2611\ufe0f<\/title>\n<meta name=\"description\" content=\"D\u00e9couvrez la Montre Salvador Dali, un accessoire unique qui fusionne l&#039;art surr\u00e9aliste avec l&#039;\u00e9l\u00e9gance horlog\u00e8re. Inspir\u00e9e des c\u00e9l\u00e8bres \u0153uvres de Dali. \u2611\ufe0f\" \/>\n<meta name=\"robots\" content=\"index, follow, max-snippet:-1, max-image-preview:large, max-video-preview:-1\" \/>\n<link rel=\"canonical\" href=\"https:\/\/waaqt-arabicdial.com\/de\/produkt\/salvador-dali-uhr-2\/\" \/>\n<meta property=\"og:locale\" content=\"de_DE\" \/>\n<meta property=\"og:type\" content=\"article\" \/>\n<meta property=\"og:title\" content=\"Montre Salvador Dali | Livraison Offerte \u2611\ufe0f\" \/>\n<meta property=\"og:description\" content=\"D\u00e9couvrez la Montre Salvador Dali, un accessoire unique qui fusionne l&#039;art surr\u00e9aliste avec l&#039;\u00e9l\u00e9gance horlog\u00e8re. Inspir\u00e9e des c\u00e9l\u00e8bres \u0153uvres de Dali. \u2611\ufe0f\" \/>\n<meta property=\"og:url\" content=\"https:\/\/waaqt-arabicdial.com\/de\/produkt\/salvador-dali-uhr-2\/\" \/>\n<meta property=\"og:site_name\" content=\"Waaqt - Expert Seiko Arabic Dial\" \/>\n<meta property=\"article:modified_time\" content=\"2025-12-08T21:47:07+00:00\" \/>\n<meta property=\"og:image\" content=\"https:\/\/waaqt-arabicdial.com\/wp-content\/uploads\/2024\/05\/Dali-4.jpg.png\" \/>\n\t<meta property=\"og:image:width\" content=\"500\" \/>\n\t<meta property=\"og:image:height\" content=\"500\" \/>\n\t<meta property=\"og:image:type\" content=\"image\/png\" \/>\n<meta name=\"twitter:card\" content=\"summary_large_image\" \/>\n<meta name=\"twitter:label1\" content=\"Gesch\u00e4tzte Lesezeit\" \/>\n\t<meta name=\"twitter:data1\" content=\"2\u00a0Minuten\" \/>\n<script type=\"application\/ld+json\" class=\"yoast-schema-graph\">{\"@context\":\"https:\\\/\\\/schema.org\",\"@graph\":[{\"@type\":\"WebPage\",\"@id\":\"https:\\\/\\\/waaqt-arabicdial.com\\\/produit\\\/montre-salvador-dali\\\/\",\"url\":\"https:\\\/\\\/waaqt-arabicdial.com\\\/produit\\\/montre-salvador-dali\\\/\",\"name\":\"Montre Salvador Dali | Livraison Offerte \u2611\ufe0f\",\"isPartOf\":{\"@id\":\"https:\\\/\\\/waaqt-arabicdial.com\\\/#website\"},\"primaryImageOfPage\":{\"@id\":\"https:\\\/\\\/waaqt-arabicdial.com\\\/produit\\\/montre-salvador-dali\\\/#primaryimage\"},\"image\":{\"@id\":\"https:\\\/\\\/waaqt-arabicdial.com\\\/produit\\\/montre-salvador-dali\\\/#primaryimage\"},\"thumbnailUrl\":\"https:\\\/\\\/waaqt-arabicdial.com\\\/wp-content\\\/uploads\\\/2024\\\/05\\\/Dali-4.jpg.png\",\"datePublished\":\"2024-05-26T17:20:29+00:00\",\"dateModified\":\"2025-12-08T21:47:07+00:00\",\"description\":\"D\u00e9couvrez la Montre Salvador Dali, un accessoire unique qui fusionne l'art surr\u00e9aliste avec l'\u00e9l\u00e9gance horlog\u00e8re. Inspir\u00e9e des c\u00e9l\u00e8bres \u0153uvres de Dali. \u2611\ufe0f\",\"breadcrumb\":{\"@id\":\"https:\\\/\\\/waaqt-arabicdial.com\\\/produit\\\/montre-salvador-dali\\\/#breadcrumb\"},\"inLanguage\":\"de\",\"potentialAction\":[{\"@type\":\"ReadAction\",\"target\":[\"https:\\\/\\\/waaqt-arabicdial.com\\\/produit\\\/montre-salvador-dali\\\/\"]}]},{\"@type\":\"ImageObject\",\"inLanguage\":\"de\",\"@id\":\"https:\\\/\\\/waaqt-arabicdial.com\\\/produit\\\/montre-salvador-dali\\\/#primaryimage\",\"url\":\"https:\\\/\\\/waaqt-arabicdial.com\\\/wp-content\\\/uploads\\\/2024\\\/05\\\/Dali-4.jpg.png\",\"contentUrl\":\"https:\\\/\\\/waaqt-arabicdial.com\\\/wp-content\\\/uploads\\\/2024\\\/05\\\/Dali-4.jpg.png\",\"width\":500,\"height\":500,\"caption\":\"Montre Salvador Dali\"},{\"@type\":\"BreadcrumbList\",\"@id\":\"https:\\\/\\\/waaqt-arabicdial.com\\\/produit\\\/montre-salvador-dali\\\/#breadcrumb\",\"itemListElement\":[{\"@type\":\"ListItem\",\"position\":1,\"name\":\"Accueil\",\"item\":\"https:\\\/\\\/waaqt-arabicdial.com\\\/\"},{\"@type\":\"ListItem\",\"position\":2,\"name\":\"Montres Seiko Arabic Dial authentiques\",\"item\":\"https:\\\/\\\/waaqt-arabicdial.com\\\/shop\\\/\"},{\"@type\":\"ListItem\",\"position\":3,\"name\":\"Montre Salvador Dali\"}]},{\"@type\":\"WebSite\",\"@id\":\"https:\\\/\\\/waaqt-arabicdial.com\\\/#website\",\"url\":\"https:\\\/\\\/waaqt-arabicdial.com\\\/\",\"name\":\"Waaqt - Expert Seiko Arabic Dial\",\"description\":\"Expert Seiko Arabic Dial en France\",\"publisher\":{\"@id\":\"https:\\\/\\\/waaqt-arabicdial.com\\\/#organization\"},\"potentialAction\":[{\"@type\":\"SearchAction\",\"target\":{\"@type\":\"EntryPoint\",\"urlTemplate\":\"https:\\\/\\\/waaqt-arabicdial.com\\\/?s={search_term_string}\"},\"query-input\":{\"@type\":\"PropertyValueSpecification\",\"valueRequired\":true,\"valueName\":\"search_term_string\"}}],\"inLanguage\":\"de\"},{\"@type\":\"Organization\",\"@id\":\"https:\\\/\\\/waaqt-arabicdial.com\\\/#organization\",\"name\":\"Waaqt - Expert Seiko Arabic Dial\",\"url\":\"https:\\\/\\\/waaqt-arabicdial.com\\\/\",\"logo\":{\"@type\":\"ImageObject\",\"inLanguage\":\"de\",\"@id\":\"https:\\\/\\\/waaqt-arabicdial.com\\\/#\\\/schema\\\/logo\\\/image\\\/\",\"url\":\"https:\\\/\\\/waaqt-arabicdial.com\\\/wp-content\\\/uploads\\\/2023\\\/06\\\/WhatsApp_Image_2023-05-26_a_22.33.08-removebg-preview.png\",\"contentUrl\":\"https:\\\/\\\/waaqt-arabicdial.com\\\/wp-content\\\/uploads\\\/2023\\\/06\\\/WhatsApp_Image_2023-05-26_a_22.33.08-removebg-preview.png\",\"width\":500,\"height\":500,\"caption\":\"Waaqt - Expert Seiko Arabic Dial\"},\"image\":{\"@id\":\"https:\\\/\\\/waaqt-arabicdial.com\\\/#\\\/schema\\\/logo\\\/image\\\/\"},\"sameAs\":[\"https:\\\/\\\/www.tiktok.com\\\/@waaqt.com?_t=8ctOXkcAvyV&_r=1\"]}]}<\/script>\n<!-- \/ Yoast SEO plugin. -->","yoast_head_json":{"title":"Montre Salvador Dali | Livraison Offerte \u2611\ufe0f","description":"D\u00e9couvrez la Montre Salvador Dali, un accessoire unique qui fusionne l'art surr\u00e9aliste avec l'\u00e9l\u00e9gance horlog\u00e8re. Inspir\u00e9e des c\u00e9l\u00e8bres \u0153uvres de Dali. \u2611\ufe0f","robots":{"index":"index","follow":"follow","max-snippet":"max-snippet:-1","max-image-preview":"max-image-preview:large","max-video-preview":"max-video-preview:-1"},"canonical":"https:\/\/waaqt-arabicdial.com\/de\/produkt\/salvador-dali-uhr-2\/","og_locale":"de_DE","og_type":"article","og_title":"Montre Salvador Dali | Livraison Offerte \u2611\ufe0f","og_description":"D\u00e9couvrez la Montre Salvador Dali, un accessoire unique qui fusionne l'art surr\u00e9aliste avec l'\u00e9l\u00e9gance horlog\u00e8re. Inspir\u00e9e des c\u00e9l\u00e8bres \u0153uvres de Dali. \u2611\ufe0f","og_url":"https:\/\/waaqt-arabicdial.com\/de\/produkt\/salvador-dali-uhr-2\/","og_site_name":"Waaqt - Expert Seiko Arabic Dial","article_modified_time":"2025-12-08T21:47:07+00:00","og_image":[{"width":500,"height":500,"url":"https:\/\/waaqt-arabicdial.com\/wp-content\/uploads\/2024\/05\/Dali-4.jpg.png","type":"image\/png"}],"twitter_card":"summary_large_image","twitter_misc":{"Gesch\u00e4tzte Lesezeit":"2\u00a0Minuten"},"schema":{"@context":"https:\/\/schema.org","@graph":[{"@type":"WebPage","@id":"https:\/\/waaqt-arabicdial.com\/produit\/montre-salvador-dali\/","url":"https:\/\/waaqt-arabicdial.com\/produit\/montre-salvador-dali\/","name":"Montre Salvador Dali | Livraison Offerte \u2611\ufe0f","isPartOf":{"@id":"https:\/\/waaqt-arabicdial.com\/#website"},"primaryImageOfPage":{"@id":"https:\/\/waaqt-arabicdial.com\/produit\/montre-salvador-dali\/#primaryimage"},"image":{"@id":"https:\/\/waaqt-arabicdial.com\/produit\/montre-salvador-dali\/#primaryimage"},"thumbnailUrl":"https:\/\/waaqt-arabicdial.com\/wp-content\/uploads\/2024\/05\/Dali-4.jpg.png","datePublished":"2024-05-26T17:20:29+00:00","dateModified":"2025-12-08T21:47:07+00:00","description":"D\u00e9couvrez la Montre Salvador Dali, un accessoire unique qui fusionne l'art surr\u00e9aliste avec l'\u00e9l\u00e9gance horlog\u00e8re. Inspir\u00e9e des c\u00e9l\u00e8bres \u0153uvres de Dali. \u2611\ufe0f","breadcrumb":{"@id":"https:\/\/waaqt-arabicdial.com\/produit\/montre-salvador-dali\/#breadcrumb"},"inLanguage":"de","potentialAction":[{"@type":"ReadAction","target":["https:\/\/waaqt-arabicdial.com\/produit\/montre-salvador-dali\/"]}]},{"@type":"ImageObject","inLanguage":"de","@id":"https:\/\/waaqt-arabicdial.com\/produit\/montre-salvador-dali\/#primaryimage","url":"https:\/\/waaqt-arabicdial.com\/wp-content\/uploads\/2024\/05\/Dali-4.jpg.png","contentUrl":"https:\/\/waaqt-arabicdial.com\/wp-content\/uploads\/2024\/05\/Dali-4.jpg.png","width":500,"height":500,"caption":"Montre Salvador Dali"},{"@type":"BreadcrumbList","@id":"https:\/\/waaqt-arabicdial.com\/produit\/montre-salvador-dali\/#breadcrumb","itemListElement":[{"@type":"ListItem","position":1,"name":"Accueil","item":"https:\/\/waaqt-arabicdial.com\/"},{"@type":"ListItem","position":2,"name":"Montres Seiko Arabic Dial authentiques","item":"https:\/\/waaqt-arabicdial.com\/shop\/"},{"@type":"ListItem","position":3,"name":"Montre Salvador Dali"}]},{"@type":"WebSite","@id":"https:\/\/waaqt-arabicdial.com\/#website","url":"https:\/\/waaqt-arabicdial.com\/","name":"Waaqt - Expert Seiko Arabic Dial","description":"Expert Seiko Arabic Dial en France","publisher":{"@id":"https:\/\/waaqt-arabicdial.com\/#organization"},"potentialAction":[{"@type":"SearchAction","target":{"@type":"EntryPoint","urlTemplate":"https:\/\/waaqt-arabicdial.com\/?s={search_term_string}"},"query-input":{"@type":"PropertyValueSpecification","valueRequired":true,"valueName":"search_term_string"}}],"inLanguage":"de"},{"@type":"Organization","@id":"https:\/\/waaqt-arabicdial.com\/#organization","name":"Waaqt - Expert Seiko Arabic Dial","url":"https:\/\/waaqt-arabicdial.com\/","logo":{"@type":"ImageObject","inLanguage":"de","@id":"https:\/\/waaqt-arabicdial.com\/#\/schema\/logo\/image\/","url":"https:\/\/waaqt-arabicdial.com\/wp-content\/uploads\/2023\/06\/WhatsApp_Image_2023-05-26_a_22.33.08-removebg-preview.png","contentUrl":"https:\/\/waaqt-arabicdial.com\/wp-content\/uploads\/2023\/06\/WhatsApp_Image_2023-05-26_a_22.33.08-removebg-preview.png","width":500,"height":500,"caption":"Waaqt - Expert Seiko Arabic Dial"},"image":{"@id":"https:\/\/waaqt-arabicdial.com\/#\/schema\/logo\/image\/"},"sameAs":["https:\/\/www.tiktok.com\/@waaqt.com?_t=8ctOXkcAvyV&_r=1"]}]}},"jetpack_sharing_enabled":true,"_links":{"self":[{"href":"https:\/\/waaqt-arabicdial.com\/de\/wp-json\/wp\/v2\/product\/5663","targetHints":{"allow":["GET"]}}],"collection":[{"href":"https:\/\/waaqt-arabicdial.com\/de\/wp-json\/wp\/v2\/product"}],"about":[{"href":"https:\/\/waaqt-arabicdial.com\/de\/wp-json\/wp\/v2\/types\/product"}],"replies":[{"embeddable":true,"href":"https:\/\/waaqt-arabicdial.com\/de\/wp-json\/wp\/v2\/comments?post=5663"}],"version-history":[{"count":10,"href":"https:\/\/waaqt-arabicdial.com\/de\/wp-json\/wp\/v2\/product\/5663\/revisions"}],"predecessor-version":[{"id":7285,"href":"https:\/\/waaqt-arabicdial.com\/de\/wp-json\/wp\/v2\/product\/5663\/revisions\/7285"}],"wp:featuredmedia":[{"embeddable":true,"href":"https:\/\/waaqt-arabicdial.com\/de\/wp-json\/wp\/v2\/media\/5901"}],"wp:attachment":[{"href":"https:\/\/waaqt-arabicdial.com\/de\/wp-json\/wp\/v2\/media?parent=5663"}],"wp:term":[{"taxonomy":"product_brand","embeddable":true,"href":"https:\/\/waaqt-arabicdial.com\/de\/wp-json\/wp\/v2\/product_brand?post=5663"},{"taxonomy":"product_cat","embeddable":true,"href":"https:\/\/waaqt-arabicdial.com\/de\/wp-json\/wp\/v2\/product_cat?post=5663"},{"taxonomy":"product_tag","embeddable":true,"href":"https:\/\/waaqt-arabicdial.com\/de\/wp-json\/wp\/v2\/product_tag?post=5663"}],"curies":[{"name":"wp","href":"https:\/\/api.w.org\/{rel}","templated":true}]}}