{"id":4453,"date":"2023-12-01T13:51:18","date_gmt":"2023-12-01T13:51:18","guid":{"rendered":"https:\/\/waaqt-arabicdial.com\/?post_type=product&#038;p=4453"},"modified":"2026-02-26T18:38:39","modified_gmt":"2026-02-26T18:38:39","slug":"armband-uhr-president","status":"publish","type":"product","link":"https:\/\/waaqt-arabicdial.com\/de\/produit\/bracelet-montre-president\/","title":{"rendered":"President Armband (18mm, 19mm, 20mm, 21mm, 22mm)"},"content":{"rendered":"<h2 data-pm-slice=\"1 1 []\"><span style=\"font-size: 14pt;\">Die <strong>von Rolex erdachtes President-Armband<\/strong> tauchte erstmals 1956 auf dem Daydate und einigen Datejust 41 auf. Sie wurde ausschlie\u00dflich in Edelmetallen, insbesondere Gold, hergestellt. Wir bieten Ihnen ein erschwinglicheres Modell aus hochwertigem, geb\u00fcrstetem Edelstahl f\u00fcr Ihre Seiko &amp; Co. an. Es ist mit einem <strong>Crownclasp-Schlie\u00dfe, die nach dem Schlie\u00dfen der Uhr nicht sichtbar ist<\/strong>. Die <strong>Armband ist dreireihig<\/strong> mit einem ikonischen Design und Gliedern aus Stahl (Stainless Steel).<\/span><\/h2>\n<p>Entdecken Sie diesen <strong>armband Pr\u00e4sident von Rolex<\/strong>ein unverzichtbarer Klassiker von <strong>die Uhrmacherei<\/strong>Dieses Armband ist f\u00fcr seine Robustheit und Eleganz bekannt. Dieses Armband wurde mit akribischer Sorgfalt entworfen und ist hergestellt aus <strong>hochwertige Materialien<\/strong>Die Uhr ist aus hochwertigem Edelstahl gefertigt, der eine au\u00dfergew\u00f6hnliche Haltbarkeit garantiert. Er ist in verschiedenen Gr\u00f6\u00dfen erh\u00e4ltlich und passt perfekt zu verschiedenen Uhrenmodellen, mit einer<strong> Breite, die zwischen 18 mm und 22 mm variiert.<\/strong><\/p>\n<p><strong>Eigenschaften :<\/strong><\/p>\n<ul>\n<li><strong>Material :<\/strong> Hochwertiger Edelstahl, poliertes Silberfinish<\/li>\n<li><strong>Einstellbar :<\/strong> Die Kettenglieder k\u00f6nnen herausgenommen werden, um sich jeder Gr\u00f6\u00dfe anzupassen<\/li>\n<li><strong>Stil des Kettenglieds :<\/strong> Halbkreisf\u00f6rmige Glieder, unverwechselbares Design des Armbands Pr\u00e4sident<\/li>\n<li><strong>Schlie\u00dfen :<\/strong> Faltschlie\u00dfe f\u00fcr einen sicheren Sitz<\/li>\n<\/ul>\n<h3><span style=\"font-size: 12pt;\">Die <strong>President armband auf Seiko<\/strong> bietet eine unvergleichliche Vielseitigkeit. Dieses Armband von Rolex hat seinen Namen daher, dass es regelm\u00e4\u00dfig mit den Handgelenken der US-Pr\u00e4sidenten verbunden wurde. Passend f\u00fcr die meisten Uhren mit einem Standard-Zwischenring, die Gr\u00f6\u00dfen liegen oft zwischen <strong>18mm und 22mm<\/strong>. Egal, ob Sie eine Seiko 5 Sports, GMT, SRPD oder eine andere Uhr besitzen. Dieses ikonische Armband ist perfekt, um Ihren Zeitmesser zu veredeln.<\/span><\/h3>\n<p>Wenn Ihnen dieses Armband gef\u00e4llt, entdecken Sie unser <a href=\"https:\/\/waaqt-arabicdial.com\/de\/produkt\/armband-oyster-uhr\/\" rel=\"noopener noreferrer\">Armband Jubilee<\/a>. Wir schlagen Ihnen die folgende Tabelle vor, die alle <a href=\"https:\/\/waaqt-arabicdial.com\/de\/produktkategorie\/seiko-uhrenarmband\/\" rel=\"noopener noreferrer\">Seiko-Uhrenarmband<\/a>. Dort finden Sie alle <a href=\"https:\/\/waaqt-arabicdial.com\/de\/produktkategorie\/seiko-arabic-dial\/\" rel=\"noopener noreferrer\">Arabic Dial Seiko<\/a> die auf der Website verf\u00fcgbar sind, mit ihren Zwischenhornkorrespondenzen :<\/p>\n<table style=\"width: 100%; height: 304px;\">\n<thead>\n<tr>\n<th style=\"width: 50.8403%;\">Modell der Uhr Seiko Arabic Dial<\/th>\n<th style=\"width: 49.0546%;\">Gr\u00f6\u00dfe des Zwischenhorns<\/th>\n<\/tr>\n<\/thead>\n<tbody>\n<tr>\n<td style=\"width: 50.8403%;\">Seiko Arabic Dial SNK063J5 34mm<\/td>\n<td style=\"width: 49.0546%;\">10mm (Armband nicht von Waaqt angeboten)<\/td>\n<\/tr>\n<tr>\n<td style=\"width: 50.8403%;\">Seiko Arabic SNXS79 37mm<\/td>\n<td style=\"width: 49.0546%;\">19mm<\/td>\n<\/tr>\n<tr>\n<td style=\"width: 50.8403%;\">Seiko Arabic Dial Green SRPH49 40mm<\/td>\n<td style=\"width: 49.0546%;\">20mm<\/td>\n<\/tr>\n<tr>\n<td style=\"width: 50.8403%;\">Seiko Arabic Dial Blau SRPH50 40mm<\/td>\n<td style=\"width: 49.0546%;\">20mm<\/td>\n<\/tr>\n<tr>\n<td style=\"width: 50.8403%;\">Seiko Arabic Dial SNKP21J1 42mm<\/td>\n<td style=\"width: 49.0546%;\">22mm<\/td>\n<\/tr>\n<tr>\n<td style=\"width: 50.8403%;\">Seiko Arabic Dial Wei\u00df SNKP22J1 42mm<\/td>\n<td style=\"width: 49.0546%;\">22mm<\/td>\n<\/tr>\n<\/tbody>\n<\/table>\n<h2 style=\"text-align: center;\">H\u00e4ufig gestellte Fragen zum President Armband :<\/h2>\n<h3 data-pm-slice=\"1 3 []\"><strong>Welche Arten von Uhren eignen sich f\u00fcr das President Armband ?<\/strong><\/h3>\n<p>Die <strong>armband uhr Pr\u00e4sident<\/strong> ist universell anpassbar an die meisten Uhren, deren Spaltma\u00dfe von <strong>18mm bis 22mm<\/strong>. Diese Standardgr\u00f6\u00dfen passen f\u00fcr die \u00fcberwiegende Mehrheit der auf dem Markt erh\u00e4ltlichen Uhren. Um eine perfekte \u00dcbereinstimmung mit Ihrer Uhr zu gew\u00e4hrleisten, k\u00f6nnen Sie die Spezifikationen Ihres Modells online \u00fcberpr\u00fcfen, messen <strong>das Zwischenhorn mit einem Lineal<\/strong> f\u00fcr maximale Genauigkeit, oder kontaktieren Sie uns f\u00fcr schnelle Hilfe per E-Mail an <a href=\"mailto:contact@waaqt-arabicdial.com\" rel=\"noopener noreferrer\">contact@waaqt-arabicdial.com<\/a> bevor Sie Ihre Auswahl treffen.<\/p>\n<h3><strong>Ist das President's Armband wasserdicht?<\/strong><\/h3>\n<p>Effektiv <strong>Armbanduhr President ist aus Edelstahl gefertigt<\/strong> aus hochwertigem Material, das eine hervorragende Wasserbest\u00e4ndigkeit bietet. Dieses Armband eignet sich perfekt f\u00fcr den t\u00e4glichen Gebrauch, auch in Situationen, in denen es Wasser ausgesetzt sein kann. Um den Glanz und die Funktionalit\u00e4t des Armbands zu erhalten, empfehlen wir jedoch, es zu trocknen.<strong>e nach jeder Exposition reinigen<\/strong> l\u00e4ngere Zeit in Salz- oder Chlorwasser.<\/p>\n<h3><strong>Wie pflegt und reinigt man das President's Armband?<\/strong><\/h3>\n<p>Um den <strong>armband uhr Pr\u00e4sident<\/strong> in ausgezeichnetem Zustand ist, sollten Sie es regelm\u00e4\u00dfig mit einem weichen, trockenen Tuch reinigen, um angesammelten Staub und Schmutz zu entfernen. <strong>F\u00fcr eine gr\u00fcndliche Reinigung<\/strong>Feuchten Sie ein Tuch leicht mit Wasser und milder Seife an.<strong> trocknen Sie das Armband sofort vorsichtig ab<\/strong>. Vermeiden Sie den Kontakt mit aggressiven Chemikalien und \u00e4tzenden Fl\u00fcssigkeiten wie Parf\u00fcm oder Salzwasser.<\/p>\n<h3><strong>Wie kann ich das President's Armband an meiner Uhr anbringen?<\/strong><\/h3>\n<p>Die Installation Ihres Uhrenarmbands Pr\u00e4sident kann von Ihnen selbst oder von einem Fachmann durchgef\u00fchrt werden. Dabei gehen Sie wie folgt vor:<\/p>\n<ul>\n<li><strong>Konsultation mit einem Uhrmacher<\/strong> : Oft ist es besser, einen professionellen Uhrmacher zu beauftragen, der die Uhr schnell und effizient installiert, meist zu einem geringen Preis.<\/li>\n<li><strong>Das alte Armband entfernen<\/strong> : Wenn Sie sich daf\u00fcr entscheiden, es selbst zu tun, verwenden Sie ein spezielles Werkzeug f\u00fcr Uhrenarmb\u00e4nder (Splinttreiber), um das alte Armband zu entfernen.<\/li>\n<li><strong>Positionieren Sie das neue Armband<\/strong> : Richten Sie die Enden des Pr\u00e4sidentenarmbands mit den Verankerungspunkten der Uhr aus.<\/li>\n<li><strong>Befestigung der Stifte<\/strong> : Verwenden Sie das Entfernungswerkzeug, um die Stifte einzuf\u00fchren und zu sichern und so sicherzustellen, dass das Armband fest sitzt.<\/li>\n<li><strong>Videoanleitung<\/strong> : Visuelle Anleitungen finden Sie in unserer Tutorial-Serie auf unserem YouTube-Kanal, die Sie durch die einzelnen Schritte der Installation f\u00fchrt, wenn Sie sich daf\u00fcr entscheiden, die Installation selbst durchzuf\u00fchren.<\/li>\n<\/ul>","protected":false},"excerpt":{"rendered":"<div style=\"background-color: #fef3e7; padding: 20px; border: 2px solid #f9d5a7; border-radius: 10px; box-shadow: 0 4px 8px rgba(0, 0, 0, 0.1);\">\n<div style=\"color: #14134c; font-weight: bold; text-align: center; font-size: 1.5em; margin-bottom: 15px;\">\ud83c\udf81 AKTUELLES ANGEBOT \ud83c\udf81.<\/div>\n<p style=\"font-size: 1.3em; color: #333; text-align: center;\">Zus\u00e4tzlich zu Ihrem Armband erhalten Sie <strong>alle notwendigen Zubeh\u00f6rteile<\/strong> zu seiner Montage :<\/p>\n<ul style=\"font-size: 1.2em; color: #555; list-style-type: none; padding-left: 0; margin-top: 20px;\">\n<li style=\"margin-bottom: 10px;\">\ud83d\udd27 <strong>1 Splinttreiber<\/strong> (Wert: 9\u20ac)<\/li>\n<li style=\"margin-bottom: 10px;\">\ud83d\udd29 <strong>1 Sp\u00fclpumpe<\/strong> (Wert: 9\u20ac)<\/li>\n<li>\ud83d\udd17 <strong>Gebogene Endlinks<\/strong><\/li>\n<\/ul>\n<\/div>","protected":false},"featured_media":6621,"comment_status":"open","ping_status":"closed","template":"","meta":{"site-sidebar-layout":"default","site-content-layout":"","ast-site-content-layout":"default","site-content-style":"default","site-sidebar-style":"default","ast-global-header-display":"","ast-banner-title-visibility":"","ast-main-header-display":"","ast-hfb-above-header-display":"","ast-hfb-below-header-display":"","ast-hfb-mobile-header-display":"","site-post-title":"","ast-breadcrumbs-content":"","ast-featured-img":"","footer-sml-layout":"","ast-disable-related-posts":"","theme-transparent-header-meta":"default","adv-header-id-meta":"","stick-header-meta":"","header-above-stick-meta":"","header-main-stick-meta":"","header-below-stick-meta":"","astra-migrate-meta-layouts":"set","ast-page-background-enabled":"default","ast-page-background-meta":{"desktop":{"background-color":"","background-image":"","background-repeat":"repeat","background-position":"center center","background-size":"auto","background-attachment":"scroll","background-type":"","background-media":"","overlay-type":"","overlay-color":"","overlay-opacity":"","overlay-gradient":""},"tablet":{"background-color":"","background-image":"","background-repeat":"repeat","background-position":"center center","background-size":"auto","background-attachment":"scroll","background-type":"","background-media":"","overlay-type":"","overlay-color":"","overlay-opacity":"","overlay-gradient":""},"mobile":{"background-color":"","background-image":"","background-repeat":"repeat","background-position":"center center","background-size":"auto","background-attachment":"scroll","background-type":"","background-media":"","overlay-type":"","overlay-color":"","overlay-opacity":"","overlay-gradient":""}},"ast-content-background-meta":{"desktop":{"background-color":"var(--ast-global-color-5)","background-image":"","background-repeat":"repeat","background-position":"center center","background-size":"auto","background-attachment":"scroll","background-type":"","background-media":"","overlay-type":"","overlay-color":"","overlay-opacity":"","overlay-gradient":""},"tablet":{"background-color":"var(--ast-global-color-5)","background-image":"","background-repeat":"repeat","background-position":"center center","background-size":"auto","background-attachment":"scroll","background-type":"","background-media":"","overlay-type":"","overlay-color":"","overlay-opacity":"","overlay-gradient":""},"mobile":{"background-color":"var(--ast-global-color-5)","background-image":"","background-repeat":"repeat","background-position":"center center","background-size":"auto","background-attachment":"scroll","background-type":"","background-media":"","overlay-type":"","overlay-color":"","overlay-opacity":"","overlay-gradient":""}}},"product_brand":[],"product_cat":[110],"product_tag":[],"class_list":{"0":"post-4453","1":"product","2":"type-product","3":"status-publish","4":"has-post-thumbnail","6":"product_cat-bracelet-montre-seiko","7":"desktop-align-center","8":"tablet-align-center","9":"mobile-align-center","10":"ast-product-gallery-layout-vertical","11":"ast-product-single-variable","12":"ast-product-tabs-layout-accordion","14":"first","15":"instock","16":"taxable","17":"shipping-taxable","18":"purchasable","19":"product-type-variable"},"yoast_head":"<!-- This site is optimized with the Yoast SEO plugin v27.4 - https:\/\/yoast.com\/product\/yoast-seo-wordpress\/ -->\n<title>Bracelet Montre President | Livraison Offerte \u2611\ufe0f<\/title>\n<meta name=\"description\" content=\"D\u00e9couvrez le Bracelet Montre President Rolex en acier inoxydable avec ses mailles mythiques. Con\u00e7u pour sublimer vos montres Seiko 19mm, 20mm, 22mm \u2611\ufe0f\" \/>\n<meta name=\"robots\" content=\"index, follow, max-snippet:-1, max-image-preview:large, max-video-preview:-1\" \/>\n<link rel=\"canonical\" href=\"https:\/\/waaqt-arabicdial.com\/de\/produkt\/armband-uhr-president\/\" \/>\n<meta property=\"og:locale\" content=\"de_DE\" \/>\n<meta property=\"og:type\" content=\"article\" \/>\n<meta property=\"og:title\" content=\"Bracelet Montre President | Livraison Offerte \u2611\ufe0f\" \/>\n<meta property=\"og:description\" content=\"D\u00e9couvrez le Bracelet Montre President Rolex en acier inoxydable avec ses mailles mythiques. Con\u00e7u pour sublimer vos montres Seiko 19mm, 20mm, 22mm \u2611\ufe0f\" \/>\n<meta property=\"og:url\" content=\"https:\/\/waaqt-arabicdial.com\/de\/produkt\/armband-uhr-president\/\" \/>\n<meta property=\"og:site_name\" content=\"Waaqt - Expert Seiko Arabic Dial\" \/>\n<meta property=\"article:modified_time\" content=\"2026-02-26T18:38:39+00:00\" \/>\n<meta property=\"og:image\" content=\"https:\/\/waaqt-arabicdial.com\/wp-content\/uploads\/2023\/12\/Bracelet-President-2.png\" \/>\n\t<meta property=\"og:image:width\" content=\"500\" \/>\n\t<meta property=\"og:image:height\" content=\"500\" \/>\n\t<meta property=\"og:image:type\" content=\"image\/png\" \/>\n<meta name=\"twitter:card\" content=\"summary_large_image\" \/>\n<meta name=\"twitter:label1\" content=\"Gesch\u00e4tzte Lesezeit\" \/>\n\t<meta name=\"twitter:data1\" content=\"4\u00a0Minuten\" \/>\n<script type=\"application\/ld+json\" class=\"yoast-schema-graph\">{\"@context\":\"https:\\\/\\\/schema.org\",\"@graph\":[{\"@type\":\"WebPage\",\"@id\":\"https:\\\/\\\/waaqt-arabicdial.com\\\/produit\\\/bracelet-montre-president\\\/\",\"url\":\"https:\\\/\\\/waaqt-arabicdial.com\\\/produit\\\/bracelet-montre-president\\\/\",\"name\":\"Bracelet Montre President | Livraison Offerte \u2611\ufe0f\",\"isPartOf\":{\"@id\":\"https:\\\/\\\/waaqt-arabicdial.com\\\/#website\"},\"primaryImageOfPage\":{\"@id\":\"https:\\\/\\\/waaqt-arabicdial.com\\\/produit\\\/bracelet-montre-president\\\/#primaryimage\"},\"image\":{\"@id\":\"https:\\\/\\\/waaqt-arabicdial.com\\\/produit\\\/bracelet-montre-president\\\/#primaryimage\"},\"thumbnailUrl\":\"https:\\\/\\\/waaqt-arabicdial.com\\\/wp-content\\\/uploads\\\/2023\\\/12\\\/Bracelet-President-2.png\",\"datePublished\":\"2023-12-01T13:51:18+00:00\",\"dateModified\":\"2026-02-26T18:38:39+00:00\",\"description\":\"D\u00e9couvrez le Bracelet Montre President Rolex en acier inoxydable avec ses mailles mythiques. Con\u00e7u pour sublimer vos montres Seiko 19mm, 20mm, 22mm \u2611\ufe0f\",\"breadcrumb\":{\"@id\":\"https:\\\/\\\/waaqt-arabicdial.com\\\/produit\\\/bracelet-montre-president\\\/#breadcrumb\"},\"inLanguage\":\"de\",\"potentialAction\":[{\"@type\":\"ReadAction\",\"target\":[\"https:\\\/\\\/waaqt-arabicdial.com\\\/produit\\\/bracelet-montre-president\\\/\"]}]},{\"@type\":\"ImageObject\",\"inLanguage\":\"de\",\"@id\":\"https:\\\/\\\/waaqt-arabicdial.com\\\/produit\\\/bracelet-montre-president\\\/#primaryimage\",\"url\":\"https:\\\/\\\/waaqt-arabicdial.com\\\/wp-content\\\/uploads\\\/2023\\\/12\\\/Bracelet-President-2.png\",\"contentUrl\":\"https:\\\/\\\/waaqt-arabicdial.com\\\/wp-content\\\/uploads\\\/2023\\\/12\\\/Bracelet-President-2.png\",\"width\":500,\"height\":500,\"caption\":\"Bracelet montre President\"},{\"@type\":\"BreadcrumbList\",\"@id\":\"https:\\\/\\\/waaqt-arabicdial.com\\\/produit\\\/bracelet-montre-president\\\/#breadcrumb\",\"itemListElement\":[{\"@type\":\"ListItem\",\"position\":1,\"name\":\"Accueil\",\"item\":\"https:\\\/\\\/waaqt-arabicdial.com\\\/\"},{\"@type\":\"ListItem\",\"position\":2,\"name\":\"Montres Seiko Arabic Dial authentiques\",\"item\":\"https:\\\/\\\/waaqt-arabicdial.com\\\/shop\\\/\"},{\"@type\":\"ListItem\",\"position\":3,\"name\":\"Bracelet Montre President (18mm, 19mm, 20mm, 21mm, 22mm)\"}]},{\"@type\":\"WebSite\",\"@id\":\"https:\\\/\\\/waaqt-arabicdial.com\\\/#website\",\"url\":\"https:\\\/\\\/waaqt-arabicdial.com\\\/\",\"name\":\"Waaqt - Expert Seiko Arabic Dial\",\"description\":\"Expert Seiko Arabic Dial en France\",\"publisher\":{\"@id\":\"https:\\\/\\\/waaqt-arabicdial.com\\\/#organization\"},\"potentialAction\":[{\"@type\":\"SearchAction\",\"target\":{\"@type\":\"EntryPoint\",\"urlTemplate\":\"https:\\\/\\\/waaqt-arabicdial.com\\\/?s={search_term_string}\"},\"query-input\":{\"@type\":\"PropertyValueSpecification\",\"valueRequired\":true,\"valueName\":\"search_term_string\"}}],\"inLanguage\":\"de\"},{\"@type\":\"Organization\",\"@id\":\"https:\\\/\\\/waaqt-arabicdial.com\\\/#organization\",\"name\":\"Waaqt - Expert Seiko Arabic Dial\",\"url\":\"https:\\\/\\\/waaqt-arabicdial.com\\\/\",\"logo\":{\"@type\":\"ImageObject\",\"inLanguage\":\"de\",\"@id\":\"https:\\\/\\\/waaqt-arabicdial.com\\\/#\\\/schema\\\/logo\\\/image\\\/\",\"url\":\"https:\\\/\\\/waaqt-arabicdial.com\\\/wp-content\\\/uploads\\\/2023\\\/06\\\/WhatsApp_Image_2023-05-26_a_22.33.08-removebg-preview.png\",\"contentUrl\":\"https:\\\/\\\/waaqt-arabicdial.com\\\/wp-content\\\/uploads\\\/2023\\\/06\\\/WhatsApp_Image_2023-05-26_a_22.33.08-removebg-preview.png\",\"width\":500,\"height\":500,\"caption\":\"Waaqt - Expert Seiko Arabic Dial\"},\"image\":{\"@id\":\"https:\\\/\\\/waaqt-arabicdial.com\\\/#\\\/schema\\\/logo\\\/image\\\/\"},\"sameAs\":[\"https:\\\/\\\/www.tiktok.com\\\/@waaqt.com?_t=8ctOXkcAvyV&_r=1\"]}]}<\/script>\n<!-- \/ Yoast SEO plugin. -->","yoast_head_json":{"title":"Bracelet Montre President | Livraison Offerte \u2611\ufe0f","description":"D\u00e9couvrez le Bracelet Montre President Rolex en acier inoxydable avec ses mailles mythiques. Con\u00e7u pour sublimer vos montres Seiko 19mm, 20mm, 22mm \u2611\ufe0f","robots":{"index":"index","follow":"follow","max-snippet":"max-snippet:-1","max-image-preview":"max-image-preview:large","max-video-preview":"max-video-preview:-1"},"canonical":"https:\/\/waaqt-arabicdial.com\/de\/produkt\/armband-uhr-president\/","og_locale":"de_DE","og_type":"article","og_title":"Bracelet Montre President | Livraison Offerte \u2611\ufe0f","og_description":"D\u00e9couvrez le Bracelet Montre President Rolex en acier inoxydable avec ses mailles mythiques. Con\u00e7u pour sublimer vos montres Seiko 19mm, 20mm, 22mm \u2611\ufe0f","og_url":"https:\/\/waaqt-arabicdial.com\/de\/produkt\/armband-uhr-president\/","og_site_name":"Waaqt - Expert Seiko Arabic Dial","article_modified_time":"2026-02-26T18:38:39+00:00","og_image":[{"width":500,"height":500,"url":"https:\/\/waaqt-arabicdial.com\/wp-content\/uploads\/2023\/12\/Bracelet-President-2.png","type":"image\/png"}],"twitter_card":"summary_large_image","twitter_misc":{"Gesch\u00e4tzte Lesezeit":"4\u00a0Minuten"},"schema":{"@context":"https:\/\/schema.org","@graph":[{"@type":"WebPage","@id":"https:\/\/waaqt-arabicdial.com\/produit\/bracelet-montre-president\/","url":"https:\/\/waaqt-arabicdial.com\/produit\/bracelet-montre-president\/","name":"Bracelet Montre President | Livraison Offerte \u2611\ufe0f","isPartOf":{"@id":"https:\/\/waaqt-arabicdial.com\/#website"},"primaryImageOfPage":{"@id":"https:\/\/waaqt-arabicdial.com\/produit\/bracelet-montre-president\/#primaryimage"},"image":{"@id":"https:\/\/waaqt-arabicdial.com\/produit\/bracelet-montre-president\/#primaryimage"},"thumbnailUrl":"https:\/\/waaqt-arabicdial.com\/wp-content\/uploads\/2023\/12\/Bracelet-President-2.png","datePublished":"2023-12-01T13:51:18+00:00","dateModified":"2026-02-26T18:38:39+00:00","description":"D\u00e9couvrez le Bracelet Montre President Rolex en acier inoxydable avec ses mailles mythiques. Con\u00e7u pour sublimer vos montres Seiko 19mm, 20mm, 22mm \u2611\ufe0f","breadcrumb":{"@id":"https:\/\/waaqt-arabicdial.com\/produit\/bracelet-montre-president\/#breadcrumb"},"inLanguage":"de","potentialAction":[{"@type":"ReadAction","target":["https:\/\/waaqt-arabicdial.com\/produit\/bracelet-montre-president\/"]}]},{"@type":"ImageObject","inLanguage":"de","@id":"https:\/\/waaqt-arabicdial.com\/produit\/bracelet-montre-president\/#primaryimage","url":"https:\/\/waaqt-arabicdial.com\/wp-content\/uploads\/2023\/12\/Bracelet-President-2.png","contentUrl":"https:\/\/waaqt-arabicdial.com\/wp-content\/uploads\/2023\/12\/Bracelet-President-2.png","width":500,"height":500,"caption":"Bracelet montre President"},{"@type":"BreadcrumbList","@id":"https:\/\/waaqt-arabicdial.com\/produit\/bracelet-montre-president\/#breadcrumb","itemListElement":[{"@type":"ListItem","position":1,"name":"Accueil","item":"https:\/\/waaqt-arabicdial.com\/"},{"@type":"ListItem","position":2,"name":"Montres Seiko Arabic Dial authentiques","item":"https:\/\/waaqt-arabicdial.com\/shop\/"},{"@type":"ListItem","position":3,"name":"Bracelet Montre President (18mm, 19mm, 20mm, 21mm, 22mm)"}]},{"@type":"WebSite","@id":"https:\/\/waaqt-arabicdial.com\/#website","url":"https:\/\/waaqt-arabicdial.com\/","name":"Waaqt - Expert Seiko Arabic Dial","description":"Expert Seiko Arabic Dial en France","publisher":{"@id":"https:\/\/waaqt-arabicdial.com\/#organization"},"potentialAction":[{"@type":"SearchAction","target":{"@type":"EntryPoint","urlTemplate":"https:\/\/waaqt-arabicdial.com\/?s={search_term_string}"},"query-input":{"@type":"PropertyValueSpecification","valueRequired":true,"valueName":"search_term_string"}}],"inLanguage":"de"},{"@type":"Organization","@id":"https:\/\/waaqt-arabicdial.com\/#organization","name":"Waaqt - Expert Seiko Arabic Dial","url":"https:\/\/waaqt-arabicdial.com\/","logo":{"@type":"ImageObject","inLanguage":"de","@id":"https:\/\/waaqt-arabicdial.com\/#\/schema\/logo\/image\/","url":"https:\/\/waaqt-arabicdial.com\/wp-content\/uploads\/2023\/06\/WhatsApp_Image_2023-05-26_a_22.33.08-removebg-preview.png","contentUrl":"https:\/\/waaqt-arabicdial.com\/wp-content\/uploads\/2023\/06\/WhatsApp_Image_2023-05-26_a_22.33.08-removebg-preview.png","width":500,"height":500,"caption":"Waaqt - Expert Seiko Arabic Dial"},"image":{"@id":"https:\/\/waaqt-arabicdial.com\/#\/schema\/logo\/image\/"},"sameAs":["https:\/\/www.tiktok.com\/@waaqt.com?_t=8ctOXkcAvyV&_r=1"]}]}},"jetpack_sharing_enabled":true,"_links":{"self":[{"href":"https:\/\/waaqt-arabicdial.com\/de\/wp-json\/wp\/v2\/product\/4453","targetHints":{"allow":["GET"]}}],"collection":[{"href":"https:\/\/waaqt-arabicdial.com\/de\/wp-json\/wp\/v2\/product"}],"about":[{"href":"https:\/\/waaqt-arabicdial.com\/de\/wp-json\/wp\/v2\/types\/product"}],"replies":[{"embeddable":true,"href":"https:\/\/waaqt-arabicdial.com\/de\/wp-json\/wp\/v2\/comments?post=4453"}],"version-history":[{"count":21,"href":"https:\/\/waaqt-arabicdial.com\/de\/wp-json\/wp\/v2\/product\/4453\/revisions"}],"predecessor-version":[{"id":6629,"href":"https:\/\/waaqt-arabicdial.com\/de\/wp-json\/wp\/v2\/product\/4453\/revisions\/6629"}],"wp:featuredmedia":[{"embeddable":true,"href":"https:\/\/waaqt-arabicdial.com\/de\/wp-json\/wp\/v2\/media\/6621"}],"wp:attachment":[{"href":"https:\/\/waaqt-arabicdial.com\/de\/wp-json\/wp\/v2\/media?parent=4453"}],"wp:term":[{"taxonomy":"product_brand","embeddable":true,"href":"https:\/\/waaqt-arabicdial.com\/de\/wp-json\/wp\/v2\/product_brand?post=4453"},{"taxonomy":"product_cat","embeddable":true,"href":"https:\/\/waaqt-arabicdial.com\/de\/wp-json\/wp\/v2\/product_cat?post=4453"},{"taxonomy":"product_tag","embeddable":true,"href":"https:\/\/waaqt-arabicdial.com\/de\/wp-json\/wp\/v2\/product_tag?post=4453"}],"curies":[{"name":"wp","href":"https:\/\/api.w.org\/{rel}","templated":true}]}}