{"id":4374,"date":"2023-11-30T17:29:06","date_gmt":"2023-11-30T17:29:06","guid":{"rendered":"https:\/\/waaqt-arabicdial.com\/?post_type=product&#038;p=4374"},"modified":"2025-11-27T17:21:15","modified_gmt":"2025-11-27T17:21:15","slug":"armband-uhr-jubilee","status":"publish","type":"product","link":"https:\/\/waaqt-arabicdial.com\/de\/produit\/bracelet-montre-jubilee\/","title":{"rendered":"Jubilee Armband (18mm, 19mm, 20mm, 21mm, 22mm)"},"content":{"rendered":"<h2 data-pm-slice=\"1 1 []\"><span style=\"font-size: 14pt;\">Das von Rolex kreierte Jubilee-Uhrenarmband tauchte erstmals 1945 an der Datejust 41 aus rostfreiem Stahl auf. Es ist das ideale Metall-Accessoire f\u00fcr<strong> den Stil Ihrer Uhren aufwerten.<\/strong> Diese Referenz ist bekannt f\u00fcr ihr legend\u00e4res 5-reihiges Design aus massiven, gemischten Stahlgliedern \".<em>geb\u00fcrstet und gl\u00e4nzend\"<\/em>. Ikonisches Armband auch 80 Jahre sp\u00e4ter.<\/span><\/h2>\n<p>Unser Produkt <strong>Armband Jubilee<\/strong>Die aus erstklassigem rostfreiem Stahl gefertigte, elegante Farbe und der Glanz -. <strong>un\u00fcbertroffen in der Welt der Uhrmacherei<\/strong>. Die Details sind auf den Stegen des Armbands vorhanden, sein Design bietet au\u00dfergew\u00f6hnliche Korrosions- und Kratzfestigkeit. Seine <strong>gelenkige Struktur aus 5 Gliedern<\/strong> sorgt den ganzen Tag lang f\u00fcr Tragekomfort und passt sich perfekt an Ihr Handgelenk an.<\/p>\n<p style=\"text-align: center;\">Sie k\u00f6nnen sich unser Montage-Tutorial auf unserem YouTube-Kanal ansehen :<\/p>\n<div class=\"ast-oembed-container\" style=\"height: 100%;\"><iframe title=\"TUTO: Ein Uhrenarmband in 5 Minuten wechseln! Armband Jubilee\" width=\"500\" height=\"281\" src=\"https:\/\/www.youtube.com\/embed\/3g5QaOrDxqY?feature=oembed\" frameborder=\"0\" allow=\"accelerometer; autoplay; clipboard-write; encrypted-media; gyroscope; picture-in-picture; web-share\" referrerpolicy=\"strict-origin-when-cross-origin\" allowfullscreen><\/iframe><\/div>\n<p>&nbsp;<\/p>\n<p>Die Oberfl\u00e4che des Armbands ist sorgf\u00e4ltig poliert, und in Verbindung mit dem raffinierten Design verleiht dies der \u00c4sthetik Ihrer Uhr unabh\u00e4ngig von ihrem Durchmesser noch mehr Prestige. Dies ist umso bedeutender, wenn man bedenkt, dass dieses Design urspr\u00fcnglich von <strong>Rolex f\u00fcr die ber\u00fchmte Chronometeruhr Datejust<\/strong>Dabei wird Ihr Zeitmesser durch die Faltschlie\u00dfe gesch\u00fctzt.<\/p>\n<p><strong>Eigenschaften :<\/strong><\/p>\n<ul>\n<li><strong>Material :<\/strong> Hochwertiges Armband aus Edelstahl mit polierter Silberoberfl\u00e4che<\/li>\n<li><strong>Einstellbar :<\/strong> Die Glieder k\u00f6nnen herausgenommen werden, um sie an die Gr\u00f6\u00dfe Ihres Handgelenks anzupassen. Das Verkleinern des Jubil\u00e4ums-Uhrenarmbands ist ganz einfach.<\/li>\n<li><strong>Stil des Kettenglieds :<\/strong> Jubilee-Glieder in der ikonischen \"V\"-Form, erh\u00e4ltlich in 18mm, 19mm, 20mm, 21mm, 22mm<\/li>\n<li><strong>Schlie\u00dfen :<\/strong> Faltschlie\u00dfe f\u00fcr optimale Sicherheit.<\/li>\n<\/ul>\n<h3><span style=\"font-size: 14pt;\">Die <strong>Rolex Jubilee-Armband<\/strong> bietet eine nahezu universelle Anpassungsf\u00e4higkeit<strong>.<\/strong> Diese <strong>Rolex Uhrenarmband<\/strong> passt zu den meisten Uhren mit einem Standardhornabstand. Die g\u00e4ngigsten Gr\u00f6\u00dfen des Hornspalts sind der <strong>20mm und der 22mm<\/strong>. Ob f\u00fcr Ihr <strong>Seiko<\/strong> 5 Sports, GMT, SRPD oder jeder andere Zeitmesser - Sie k\u00f6nnen dieses legend\u00e4re Armband tragen, um das Aussehen Ihrer Uhr zu ver\u00e4ndern.<\/span><\/h3>\n<p>Unser <strong>Armbanduhr Jubilee ist mit einer Faltschlie\u00dfe ausgestattet <\/strong>entwickelt, um Sicherheit und Benutzerfreundlichkeit zu maximieren. Diese Funktion erm\u00f6glicht nicht nur einen sicheren Verschluss, der Ihre Uhr fest an Ort und Stelle h\u00e4lt <strong>um Ihr Handgelenk<\/strong>Sie erleichtert auch <strong>das Anpassen und Entfernen des Armbands<\/strong>. Die Faltschlie\u00dfe ist bekannt f\u00fcr ihre Haltbarkeit und ihre F\u00e4higkeit, dem t\u00e4glichen Verschlei\u00df standzuhalten. Ihre Uhr bleibt mit dieser Super-Jubilee unter allen Umst\u00e4nden sicher. Ideal f\u00fcr alle, die ein aktives Leben f\u00fchren und nach einer praktischen und gleichzeitig eleganten L\u00f6sung zum Schutz ihres wertvollen Zeitmessers suchen.<\/p>\n<p>Wenn Ihnen das Super-Jubilee-Armband gef\u00e4llt, entdecken Sie unsere <a href=\"https:\/\/waaqt-arabicdial.com\/de\/produkt\/armband-oyster-uhr\/\" rel=\"noopener noreferrer\">Armband Uhr Oyster<\/a>. Wir schlagen Ihnen die folgende Tabelle vor, die alle <a href=\"https:\/\/waaqt-arabicdial.com\/de\/produktkategorie\/seiko-uhrenarmband\/\" rel=\"noopener noreferrer\">Seiko-Uhrenarmband<\/a>. Dort finden Sie alle <a href=\"https:\/\/waaqt-arabicdial.com\/de\/produktkategorie\/seiko-arabic-dial\/\" rel=\"noopener noreferrer\">Seiko mit arabischen Ziffern<\/a> die auf der Website verf\u00fcgbar sind, mit ihren Entsprechungen f\u00fcr das Zwischenhorn, um Ihnen den Kauf zu erleichtern:<\/p>\n<table style=\"width: 100%; height: 350px;\">\n<thead>\n<tr>\n<th style=\"width: 50.8403%;\">Modell der Uhr Seiko Arabic Dial<\/th>\n<th style=\"width: 49.0546%;\">Gr\u00f6\u00dfe des Zwischenhorns<\/th>\n<\/tr>\n<\/thead>\n<tbody>\n<tr>\n<td style=\"width: 50.8403%;\">Seiko Arabic Dial SNK063J5 34mm<\/td>\n<td style=\"width: 49.0546%;\">10mm (Armband nicht von Waaqt angeboten)<\/td>\n<\/tr>\n<tr>\n<td style=\"width: 50.8403%;\">Seiko Arabic SNXS79 37mm<\/td>\n<td style=\"width: 49.0546%;\">19mm<\/td>\n<\/tr>\n<tr>\n<td style=\"width: 50.8403%;\">Seiko Arabic Dial Green SRPH49 40mm<\/td>\n<td style=\"width: 49.0546%;\">20mm<\/td>\n<\/tr>\n<tr>\n<td style=\"width: 50.8403%;\">Seiko Arabic Dial Blau SRPH50 40mm<\/td>\n<td style=\"width: 49.0546%;\">20mm<\/td>\n<\/tr>\n<tr>\n<td style=\"width: 50.8403%;\">Seiko Arabic Dial SNKP21J1 42mm<\/td>\n<td style=\"width: 49.0546%;\">22mm<\/td>\n<\/tr>\n<tr>\n<td style=\"width: 50.8403%;\">Seiko Arabic Dial Wei\u00df SNKP22J1 42mm<\/td>\n<td style=\"width: 49.0546%;\">22mm<\/td>\n<\/tr>\n<\/tbody>\n<\/table>\n<h2><\/h2>\n<h2 style=\"text-align: center;\"><span style=\"font-size: 18pt;\">H\u00e4ufig gestellte Fragen \u00fcber das Jubilee armband :<\/span><\/h2>\n<ol>\n<li style=\"list-style-type: none;\">\n<ol>\n<li>\n<h3 style=\"text-align: left;\"><span style=\"font-size: 14pt;\">Welche Uhrenmodelle sind mit dem Jubilee-Uhrenarmband kompatibel?<\/span><\/h3>\n<\/li>\n<\/ol>\n<p>Das Jubilee-Uhrenarmband ist universell mit praktisch jeder Uhr kompatibel, die mit einem <strong>Hornzwischenraum von 18mm, 19mm, 20mm, 21mm oder 22mm<\/strong>. Diese <strong>Abmessungen sind Standard und decken die \u00fcberwiegende Mehrheit der Uhren ab<\/strong> - Mit anderen Worten: Der Zwischenring Ihrer Uhr entspricht mit Sicherheit einer dieser Gr\u00f6\u00dfen. Um eine problemlose Installation zu gew\u00e4hrleisten, k\u00f6nnen Sie sich im Internet auf die Spezifikationen Ihrer Uhr beziehen oder <strong>messen Sie den Hornspalt mit einem Lineal<\/strong>Oder kontaktieren Sie uns, um Unterst\u00fctzung zu erhalten. <span style=\"text-decoration: underline;\">innerhalb weniger Stunden per E-Mail<\/span> : contact@waaqt-arabicdial.com bevor Sie das passende Armband f\u00fcr Ihren Zeitmesser w\u00e4hlen<\/li>\n<li>\n<h3><span style=\"font-size: 14pt;\">Ist das Jubilee-Uhrenarmband wasserfest?<\/span><\/h3>\n<p>Ja, der <strong>Armband Jubilee-Uhr<\/strong> wird mit einem <strong>hochwertiger rostfreier Stahl, der wasserfest ist<\/strong>. Das macht es ideal f\u00fcr den t\u00e4glichen Gebrauch, auch bei Aktivit\u00e4ten, bei denen es mit Wasser in Ber\u00fchrung kommen kann. Es wird jedoch empfohlen, dass Sie<strong> das Armband reinigen, nachdem es \u00fcber einen l\u00e4ngeren Zeitraum Salz- oder Chlorwasser ausgesetzt war<\/strong> um ihren Glanz und ihre Funktionalit\u00e4t zu erhalten.<\/li>\n<li>\n<h3><span style=\"font-size: 14pt;\">Wie pflege und reinige ich mein Jubilee-Uhrenarmband?<\/span><\/h3>\n<p>Um Ihr Jubilee-Uhrenarmband in gutem Zustand zu halten,<strong> reinigen Sie ihn regelm\u00e4\u00dfig mit einem weichen, trockenen Tuch<\/strong> um Staub und Verunreinigungen zu entfernen. F\u00fcr eine gr\u00fcndliche Reinigung verwenden Sie <strong>ein leicht feuchtes Tuch mit milder Seife<\/strong>und trocknen Sie sie sofort ab. Vermeiden Sie den Kontakt mit \u00e4tzenden Chemikalien und Fl\u00fcssigkeiten, z. B.<strong> das Parf\u00fcm oder das Meerwasser.\u00a0<\/strong><\/li>\n<li>\n<h3><span style=\"font-size: 14pt;\">Wie bringe ich das Jubilee-Armband an meiner Uhr an?<\/span><\/h3>\n<p>Um Ihr Jubilee-Uhrenarmband zu installieren, k\u00f6nnen Sie diesen praktischen Schritten folgen oder <strong>einen professionellen Uhrmacher konsultieren<\/strong>\u00a0:<\/p>\n<ul>\n<li><strong>Konsultieren Sie einen Uhrmacher<\/strong> : Wir empfehlen Ihnen, einen Fachmann aufzusuchen. Ein Uhrmacher kann dies schnell (5-10 Minuten) und effizient f\u00fcr ein paar Euro (maximal 5-10\u20ac) erledigen.<\/li>\n<li><strong>Entfernen Sie das alte Armband<\/strong> : Wenn Sie sich daf\u00fcr entscheiden, es selbst zu tun, verwenden Sie ein Werkzeug zum Entfernen von Armb\u00e4ndern (Uhrensplinttreiber), um das alte Armband von Ihrer Uhr zu l\u00f6sen.<\/li>\n<li><strong>Richten Sie das neue Armband aus<\/strong> : Positionieren Sie die Enden des Jubilee-Uhrenarmbands mit den Stiften an Ihrer Uhr.<\/li>\n<li><strong>Befestigen Sie die Stifte<\/strong> : F\u00fchren Sie mit dem Entfernungswerkzeug die Stifte ein und sichern Sie sie, um das Jubilee-Armband sicher an seinem Platz zu befestigen.<\/li>\n<li><strong>Sehen Sie sich unsere Tutorials an<\/strong> : Besuchen Sie unseren YouTube-Kanal f\u00fcr Tutorial-Videos, die Sie Schritt f\u00fcr Schritt durch den Installationsprozess f\u00fchren, wenn Sie sich daf\u00fcr entscheiden, die Installation selbst durchzuf\u00fchren.<\/li>\n<\/ul>\n<\/li>\n<\/ol>","protected":false},"excerpt":{"rendered":"<div style=\"background-color: #fef3e7; padding: 20px; border: 2px solid #f9d5a7; border-radius: 10px; box-shadow: 0 4px 8px rgba(0, 0, 0, 0.1);\">\n<div style=\"color: #14134c; font-weight: bold; text-align: center; font-size: 1.5em; margin-bottom: 15px;\">\ud83c\udf81 AKTUELLES ANGEBOT \ud83c\udf81.<\/div>\n<p style=\"font-size: 1.3em; color: #333; text-align: center;\">Zus\u00e4tzlich zu Ihrem Armband erhalten Sie <strong>alle notwendigen Zubeh\u00f6rteile<\/strong> zu seiner Montage :<\/p>\n<ul style=\"font-size: 1.2em; color: #555; list-style-type: none; padding-left: 0; margin-top: 20px;\">\n<li style=\"margin-bottom: 10px;\">\ud83d\udd27 <strong>1 Splinttreiber<\/strong> (Wert: 9\u20ac)<\/li>\n<li style=\"margin-bottom: 10px;\">\ud83d\udd29 <strong>1 Sp\u00fclpumpe<\/strong> (Wert: 9\u20ac)<\/li>\n<li>\ud83d\udd17 <strong>Gebogene Endlinks<\/strong><\/li>\n<\/ul>\n<\/div>","protected":false},"featured_media":6615,"comment_status":"open","ping_status":"closed","template":"","meta":{"site-sidebar-layout":"default","site-content-layout":"","ast-site-content-layout":"default","site-content-style":"default","site-sidebar-style":"default","ast-global-header-display":"","ast-banner-title-visibility":"","ast-main-header-display":"","ast-hfb-above-header-display":"","ast-hfb-below-header-display":"","ast-hfb-mobile-header-display":"","site-post-title":"","ast-breadcrumbs-content":"","ast-featured-img":"","footer-sml-layout":"","ast-disable-related-posts":"","theme-transparent-header-meta":"default","adv-header-id-meta":"","stick-header-meta":"","header-above-stick-meta":"","header-main-stick-meta":"","header-below-stick-meta":"","astra-migrate-meta-layouts":"set","ast-page-background-enabled":"default","ast-page-background-meta":{"desktop":{"background-color":"","background-image":"","background-repeat":"repeat","background-position":"center center","background-size":"auto","background-attachment":"scroll","background-type":"","background-media":"","overlay-type":"","overlay-color":"","overlay-opacity":"","overlay-gradient":""},"tablet":{"background-color":"","background-image":"","background-repeat":"repeat","background-position":"center center","background-size":"auto","background-attachment":"scroll","background-type":"","background-media":"","overlay-type":"","overlay-color":"","overlay-opacity":"","overlay-gradient":""},"mobile":{"background-color":"","background-image":"","background-repeat":"repeat","background-position":"center center","background-size":"auto","background-attachment":"scroll","background-type":"","background-media":"","overlay-type":"","overlay-color":"","overlay-opacity":"","overlay-gradient":""}},"ast-content-background-meta":{"desktop":{"background-color":"var(--ast-global-color-5)","background-image":"","background-repeat":"repeat","background-position":"center center","background-size":"auto","background-attachment":"scroll","background-type":"","background-media":"","overlay-type":"","overlay-color":"","overlay-opacity":"","overlay-gradient":""},"tablet":{"background-color":"var(--ast-global-color-5)","background-image":"","background-repeat":"repeat","background-position":"center center","background-size":"auto","background-attachment":"scroll","background-type":"","background-media":"","overlay-type":"","overlay-color":"","overlay-opacity":"","overlay-gradient":""},"mobile":{"background-color":"var(--ast-global-color-5)","background-image":"","background-repeat":"repeat","background-position":"center center","background-size":"auto","background-attachment":"scroll","background-type":"","background-media":"","overlay-type":"","overlay-color":"","overlay-opacity":"","overlay-gradient":""}}},"product_brand":[],"product_cat":[110],"product_tag":[],"class_list":{"0":"post-4374","1":"product","2":"type-product","3":"status-publish","4":"has-post-thumbnail","6":"product_cat-bracelet-montre-seiko","7":"desktop-align-center","8":"tablet-align-center","9":"mobile-align-center","10":"ast-product-gallery-layout-vertical","11":"ast-product-single-variable","12":"ast-product-tabs-layout-accordion","14":"first","15":"instock","16":"taxable","17":"shipping-taxable","18":"purchasable","19":"product-type-variable"},"yoast_head":"<!-- This site is optimized with the Yoast SEO plugin v27.4 - https:\/\/yoast.com\/product\/yoast-seo-wordpress\/ -->\n<title>Bracelet Montre Jubilee | Livraison Offerte \u2611\ufe0f<\/title>\n<meta name=\"description\" content=\"D\u00e9couvrez le Bracelet Jubilee en acier inoxydable avec ses mailles con\u00e7u par Rolex pour sublimer vos montres Seiko 19mm, 20mm, 22mm \u2611\ufe0f\" \/>\n<meta name=\"robots\" content=\"index, follow, max-snippet:-1, max-image-preview:large, max-video-preview:-1\" \/>\n<link rel=\"canonical\" href=\"https:\/\/waaqt-arabicdial.com\/de\/produkt\/armband-uhr-jubilee\/\" \/>\n<meta property=\"og:locale\" content=\"de_DE\" \/>\n<meta property=\"og:type\" content=\"article\" \/>\n<meta property=\"og:title\" content=\"Bracelet Montre Jubilee | Livraison Offerte \u2611\ufe0f\" \/>\n<meta property=\"og:description\" content=\"D\u00e9couvrez le Bracelet Jubilee en acier inoxydable avec ses mailles con\u00e7u par Rolex pour sublimer vos montres Seiko 19mm, 20mm, 22mm \u2611\ufe0f\" \/>\n<meta property=\"og:url\" content=\"https:\/\/waaqt-arabicdial.com\/de\/produkt\/armband-uhr-jubilee\/\" \/>\n<meta property=\"og:site_name\" content=\"Waaqt - Expert Seiko Arabic Dial\" \/>\n<meta property=\"article:modified_time\" content=\"2025-11-27T17:21:15+00:00\" \/>\n<meta property=\"og:image\" content=\"https:\/\/waaqt-arabicdial.com\/wp-content\/uploads\/2023\/11\/Design-sans-titre-3.png\" \/>\n\t<meta property=\"og:image:width\" content=\"500\" \/>\n\t<meta property=\"og:image:height\" content=\"500\" \/>\n\t<meta property=\"og:image:type\" content=\"image\/png\" \/>\n<meta name=\"twitter:card\" content=\"summary_large_image\" \/>\n<meta name=\"twitter:label1\" content=\"Gesch\u00e4tzte Lesezeit\" \/>\n\t<meta name=\"twitter:data1\" content=\"5\u00a0Minuten\" \/>\n<script type=\"application\/ld+json\" class=\"yoast-schema-graph\">{\"@context\":\"https:\\\/\\\/schema.org\",\"@graph\":[{\"@type\":\"WebPage\",\"@id\":\"https:\\\/\\\/waaqt-arabicdial.com\\\/produit\\\/bracelet-montre-jubilee\\\/\",\"url\":\"https:\\\/\\\/waaqt-arabicdial.com\\\/produit\\\/bracelet-montre-jubilee\\\/\",\"name\":\"Bracelet Montre Jubilee | Livraison Offerte \u2611\ufe0f\",\"isPartOf\":{\"@id\":\"https:\\\/\\\/waaqt-arabicdial.com\\\/#website\"},\"primaryImageOfPage\":{\"@id\":\"https:\\\/\\\/waaqt-arabicdial.com\\\/produit\\\/bracelet-montre-jubilee\\\/#primaryimage\"},\"image\":{\"@id\":\"https:\\\/\\\/waaqt-arabicdial.com\\\/produit\\\/bracelet-montre-jubilee\\\/#primaryimage\"},\"thumbnailUrl\":\"https:\\\/\\\/waaqt-arabicdial.com\\\/wp-content\\\/uploads\\\/2023\\\/11\\\/Design-sans-titre-3.png\",\"datePublished\":\"2023-11-30T17:29:06+00:00\",\"dateModified\":\"2025-11-27T17:21:15+00:00\",\"description\":\"D\u00e9couvrez le Bracelet Jubilee en acier inoxydable avec ses mailles con\u00e7u par Rolex pour sublimer vos montres Seiko 19mm, 20mm, 22mm \u2611\ufe0f\",\"breadcrumb\":{\"@id\":\"https:\\\/\\\/waaqt-arabicdial.com\\\/produit\\\/bracelet-montre-jubilee\\\/#breadcrumb\"},\"inLanguage\":\"de\",\"potentialAction\":[{\"@type\":\"ReadAction\",\"target\":[\"https:\\\/\\\/waaqt-arabicdial.com\\\/produit\\\/bracelet-montre-jubilee\\\/\"]}]},{\"@type\":\"ImageObject\",\"inLanguage\":\"de\",\"@id\":\"https:\\\/\\\/waaqt-arabicdial.com\\\/produit\\\/bracelet-montre-jubilee\\\/#primaryimage\",\"url\":\"https:\\\/\\\/waaqt-arabicdial.com\\\/wp-content\\\/uploads\\\/2023\\\/11\\\/Design-sans-titre-3.png\",\"contentUrl\":\"https:\\\/\\\/waaqt-arabicdial.com\\\/wp-content\\\/uploads\\\/2023\\\/11\\\/Design-sans-titre-3.png\",\"width\":500,\"height\":500,\"caption\":\"Bracelet Jubilee Seiko\"},{\"@type\":\"BreadcrumbList\",\"@id\":\"https:\\\/\\\/waaqt-arabicdial.com\\\/produit\\\/bracelet-montre-jubilee\\\/#breadcrumb\",\"itemListElement\":[{\"@type\":\"ListItem\",\"position\":1,\"name\":\"Accueil\",\"item\":\"https:\\\/\\\/waaqt-arabicdial.com\\\/\"},{\"@type\":\"ListItem\",\"position\":2,\"name\":\"Montres Seiko Arabic Dial authentiques\",\"item\":\"https:\\\/\\\/waaqt-arabicdial.com\\\/shop\\\/\"},{\"@type\":\"ListItem\",\"position\":3,\"name\":\"Bracelet Montre Jubilee (18mm, 19mm, 20mm, 21mm, 22mm)\"}]},{\"@type\":\"WebSite\",\"@id\":\"https:\\\/\\\/waaqt-arabicdial.com\\\/#website\",\"url\":\"https:\\\/\\\/waaqt-arabicdial.com\\\/\",\"name\":\"Waaqt - Expert Seiko Arabic Dial\",\"description\":\"Expert Seiko Arabic Dial en France\",\"publisher\":{\"@id\":\"https:\\\/\\\/waaqt-arabicdial.com\\\/#organization\"},\"potentialAction\":[{\"@type\":\"SearchAction\",\"target\":{\"@type\":\"EntryPoint\",\"urlTemplate\":\"https:\\\/\\\/waaqt-arabicdial.com\\\/?s={search_term_string}\"},\"query-input\":{\"@type\":\"PropertyValueSpecification\",\"valueRequired\":true,\"valueName\":\"search_term_string\"}}],\"inLanguage\":\"de\"},{\"@type\":\"Organization\",\"@id\":\"https:\\\/\\\/waaqt-arabicdial.com\\\/#organization\",\"name\":\"Waaqt - Expert Seiko Arabic Dial\",\"url\":\"https:\\\/\\\/waaqt-arabicdial.com\\\/\",\"logo\":{\"@type\":\"ImageObject\",\"inLanguage\":\"de\",\"@id\":\"https:\\\/\\\/waaqt-arabicdial.com\\\/#\\\/schema\\\/logo\\\/image\\\/\",\"url\":\"https:\\\/\\\/waaqt-arabicdial.com\\\/wp-content\\\/uploads\\\/2023\\\/06\\\/WhatsApp_Image_2023-05-26_a_22.33.08-removebg-preview.png\",\"contentUrl\":\"https:\\\/\\\/waaqt-arabicdial.com\\\/wp-content\\\/uploads\\\/2023\\\/06\\\/WhatsApp_Image_2023-05-26_a_22.33.08-removebg-preview.png\",\"width\":500,\"height\":500,\"caption\":\"Waaqt - Expert Seiko Arabic Dial\"},\"image\":{\"@id\":\"https:\\\/\\\/waaqt-arabicdial.com\\\/#\\\/schema\\\/logo\\\/image\\\/\"},\"sameAs\":[\"https:\\\/\\\/www.tiktok.com\\\/@waaqt.com?_t=8ctOXkcAvyV&_r=1\"]}]}<\/script>\n<!-- \/ Yoast SEO plugin. -->","yoast_head_json":{"title":"Bracelet Montre Jubilee | Livraison Offerte \u2611\ufe0f","description":"D\u00e9couvrez le Bracelet Jubilee en acier inoxydable avec ses mailles con\u00e7u par Rolex pour sublimer vos montres Seiko 19mm, 20mm, 22mm \u2611\ufe0f","robots":{"index":"index","follow":"follow","max-snippet":"max-snippet:-1","max-image-preview":"max-image-preview:large","max-video-preview":"max-video-preview:-1"},"canonical":"https:\/\/waaqt-arabicdial.com\/de\/produkt\/armband-uhr-jubilee\/","og_locale":"de_DE","og_type":"article","og_title":"Bracelet Montre Jubilee | Livraison Offerte \u2611\ufe0f","og_description":"D\u00e9couvrez le Bracelet Jubilee en acier inoxydable avec ses mailles con\u00e7u par Rolex pour sublimer vos montres Seiko 19mm, 20mm, 22mm \u2611\ufe0f","og_url":"https:\/\/waaqt-arabicdial.com\/de\/produkt\/armband-uhr-jubilee\/","og_site_name":"Waaqt - Expert Seiko Arabic Dial","article_modified_time":"2025-11-27T17:21:15+00:00","og_image":[{"width":500,"height":500,"url":"https:\/\/waaqt-arabicdial.com\/wp-content\/uploads\/2023\/11\/Design-sans-titre-3.png","type":"image\/png"}],"twitter_card":"summary_large_image","twitter_misc":{"Gesch\u00e4tzte Lesezeit":"5\u00a0Minuten"},"schema":{"@context":"https:\/\/schema.org","@graph":[{"@type":"WebPage","@id":"https:\/\/waaqt-arabicdial.com\/produit\/bracelet-montre-jubilee\/","url":"https:\/\/waaqt-arabicdial.com\/produit\/bracelet-montre-jubilee\/","name":"Bracelet Montre Jubilee | Livraison Offerte \u2611\ufe0f","isPartOf":{"@id":"https:\/\/waaqt-arabicdial.com\/#website"},"primaryImageOfPage":{"@id":"https:\/\/waaqt-arabicdial.com\/produit\/bracelet-montre-jubilee\/#primaryimage"},"image":{"@id":"https:\/\/waaqt-arabicdial.com\/produit\/bracelet-montre-jubilee\/#primaryimage"},"thumbnailUrl":"https:\/\/waaqt-arabicdial.com\/wp-content\/uploads\/2023\/11\/Design-sans-titre-3.png","datePublished":"2023-11-30T17:29:06+00:00","dateModified":"2025-11-27T17:21:15+00:00","description":"D\u00e9couvrez le Bracelet Jubilee en acier inoxydable avec ses mailles con\u00e7u par Rolex pour sublimer vos montres Seiko 19mm, 20mm, 22mm \u2611\ufe0f","breadcrumb":{"@id":"https:\/\/waaqt-arabicdial.com\/produit\/bracelet-montre-jubilee\/#breadcrumb"},"inLanguage":"de","potentialAction":[{"@type":"ReadAction","target":["https:\/\/waaqt-arabicdial.com\/produit\/bracelet-montre-jubilee\/"]}]},{"@type":"ImageObject","inLanguage":"de","@id":"https:\/\/waaqt-arabicdial.com\/produit\/bracelet-montre-jubilee\/#primaryimage","url":"https:\/\/waaqt-arabicdial.com\/wp-content\/uploads\/2023\/11\/Design-sans-titre-3.png","contentUrl":"https:\/\/waaqt-arabicdial.com\/wp-content\/uploads\/2023\/11\/Design-sans-titre-3.png","width":500,"height":500,"caption":"Bracelet Jubilee Seiko"},{"@type":"BreadcrumbList","@id":"https:\/\/waaqt-arabicdial.com\/produit\/bracelet-montre-jubilee\/#breadcrumb","itemListElement":[{"@type":"ListItem","position":1,"name":"Accueil","item":"https:\/\/waaqt-arabicdial.com\/"},{"@type":"ListItem","position":2,"name":"Montres Seiko Arabic Dial authentiques","item":"https:\/\/waaqt-arabicdial.com\/shop\/"},{"@type":"ListItem","position":3,"name":"Bracelet Montre Jubilee (18mm, 19mm, 20mm, 21mm, 22mm)"}]},{"@type":"WebSite","@id":"https:\/\/waaqt-arabicdial.com\/#website","url":"https:\/\/waaqt-arabicdial.com\/","name":"Waaqt - Expert Seiko Arabic Dial","description":"Expert Seiko Arabic Dial en France","publisher":{"@id":"https:\/\/waaqt-arabicdial.com\/#organization"},"potentialAction":[{"@type":"SearchAction","target":{"@type":"EntryPoint","urlTemplate":"https:\/\/waaqt-arabicdial.com\/?s={search_term_string}"},"query-input":{"@type":"PropertyValueSpecification","valueRequired":true,"valueName":"search_term_string"}}],"inLanguage":"de"},{"@type":"Organization","@id":"https:\/\/waaqt-arabicdial.com\/#organization","name":"Waaqt - Expert Seiko Arabic Dial","url":"https:\/\/waaqt-arabicdial.com\/","logo":{"@type":"ImageObject","inLanguage":"de","@id":"https:\/\/waaqt-arabicdial.com\/#\/schema\/logo\/image\/","url":"https:\/\/waaqt-arabicdial.com\/wp-content\/uploads\/2023\/06\/WhatsApp_Image_2023-05-26_a_22.33.08-removebg-preview.png","contentUrl":"https:\/\/waaqt-arabicdial.com\/wp-content\/uploads\/2023\/06\/WhatsApp_Image_2023-05-26_a_22.33.08-removebg-preview.png","width":500,"height":500,"caption":"Waaqt - Expert Seiko Arabic Dial"},"image":{"@id":"https:\/\/waaqt-arabicdial.com\/#\/schema\/logo\/image\/"},"sameAs":["https:\/\/www.tiktok.com\/@waaqt.com?_t=8ctOXkcAvyV&_r=1"]}]}},"jetpack_sharing_enabled":true,"_links":{"self":[{"href":"https:\/\/waaqt-arabicdial.com\/de\/wp-json\/wp\/v2\/product\/4374","targetHints":{"allow":["GET"]}}],"collection":[{"href":"https:\/\/waaqt-arabicdial.com\/de\/wp-json\/wp\/v2\/product"}],"about":[{"href":"https:\/\/waaqt-arabicdial.com\/de\/wp-json\/wp\/v2\/types\/product"}],"replies":[{"embeddable":true,"href":"https:\/\/waaqt-arabicdial.com\/de\/wp-json\/wp\/v2\/comments?post=4374"}],"version-history":[{"count":50,"href":"https:\/\/waaqt-arabicdial.com\/de\/wp-json\/wp\/v2\/product\/4374\/revisions"}],"predecessor-version":[{"id":4412,"href":"https:\/\/waaqt-arabicdial.com\/de\/wp-json\/wp\/v2\/product\/4374\/revisions\/4412"}],"wp:featuredmedia":[{"embeddable":true,"href":"https:\/\/waaqt-arabicdial.com\/de\/wp-json\/wp\/v2\/media\/6615"}],"wp:attachment":[{"href":"https:\/\/waaqt-arabicdial.com\/de\/wp-json\/wp\/v2\/media?parent=4374"}],"wp:term":[{"taxonomy":"product_brand","embeddable":true,"href":"https:\/\/waaqt-arabicdial.com\/de\/wp-json\/wp\/v2\/product_brand?post=4374"},{"taxonomy":"product_cat","embeddable":true,"href":"https:\/\/waaqt-arabicdial.com\/de\/wp-json\/wp\/v2\/product_cat?post=4374"},{"taxonomy":"product_tag","embeddable":true,"href":"https:\/\/waaqt-arabicdial.com\/de\/wp-json\/wp\/v2\/product_tag?post=4374"}],"curies":[{"name":"wp","href":"https:\/\/api.w.org\/{rel}","templated":true}]}}