{"id":3510,"date":"2023-10-22T15:12:04","date_gmt":"2023-10-22T15:12:04","guid":{"rendered":"https:\/\/waaqt-arabicdial.com\/?post_type=product&#038;p=3510"},"modified":"2024-11-03T13:13:39","modified_gmt":"2024-11-03T13:13:39","slug":"seiko-arabic-dial-srpf90k1","status":"publish","type":"product","link":"https:\/\/waaqt-arabicdial.com\/de\/produit\/seiko-arabic-dial-srpf90k1\/","title":{"rendered":"Seiko Arabic Dial SRPF90K1 Gold"},"content":{"rendered":"<p><em>Dieses Produkt wird derzeit wieder aufgef\u00fcllt, daher kann es zu l\u00e4ngeren Versandzeiten kommen. Bitte kontaktieren Sie uns, um weitere Informationen zu erhalten.<\/em><\/p>\n<p>Entdecken Sie eine brandneue Seiko Arabic Dial SRPF90. Dieser automatische Zeitmesser verk\u00f6rpert <strong>die Pr\u00e4zision des Hauses Seiko<\/strong> Diese Automatikuhr verk\u00f6rpert die Essenz von Luxus und Authentizit\u00e4t und bietet gleichzeitig uhrmacherische H\u00f6chstleistungen. Brauchen Sie noch mehr? <strong>Sie kann das Datum auf Arabisch und Englisch anzeigen!<\/strong><\/p>\n<p>&nbsp;<\/p>\n<h3><strong>Hauptmerkmale :<\/strong><\/h3>\n<ul>\n<li><strong>Automatisches Uhrwerk :<\/strong> Die Seiko besteht aus einem Uhrwerk mit <strong>Hochpr\u00e4ziser Handaufzug (4R36)<\/strong>. Dieses sehr zuverl\u00e4ssige Uhrwerk hat sich in zahlreichen Uhren bew\u00e4hrt.<\/li>\n<li><strong>Arabic Dial :<\/strong> Die <strong>\u00fcppiges Zifferblatt<\/strong> ist mit goldenen arabischen Ziffern verziert und schafft einen <strong>visuell fesselnder Kontrast.<\/strong><\/li>\n<li><strong>Seiko Diver :<\/strong> Die Uhr ist bis zu 100 m wasserdicht und eignet sich daher f\u00fcr verschiedene Wassersportaktivit\u00e4ten.<\/li>\n<li><strong>Hardlex-Glas :<\/strong> Das Hardlex-Glas sch\u00fctzt das Zifferblatt der Uhr vor Kratzern.<\/li>\n<li><strong>Datum Arabisch &amp; Englisch :<\/strong> Bei der SRPF90 kann das Datum sowohl auf Arabisch als auch auf Englisch abgelesen werden, was der Uhr eine noch arabischere Dimension verleiht.<\/li>\n<\/ul>\n<h2><strong>Warum Sie sich f\u00fcr die Herrenuhr Gold Seiko Arabic Dial SRPF90K1 entscheiden sollten :<\/strong><\/h2>\n<p>Die Seiko Arabic Dial SRPF90K1 Uhr in Gold ist ein Meisterwerk an Sch\u00f6nheit und Leistung. Sie wurde f\u00fcr diejenigen entworfen, die Luxus, Authentizit\u00e4t und hervorragende Uhrmacherkunst zu sch\u00e4tzen wissen. Auch f\u00fcr diejenigen, die auf der Suche nach einer Seiko Arabic Dial Green sind.<br \/>\nDies ist die einzige arabische Uhr von Seiko, die vollst\u00e4ndig vergoldet ist.<\/p>\n<p>Weil Ihnen die goldene Farbe zu wenig ist, brauchen Sie ein schlichteres Design und ein schlichteres Zifferblatt. Sie k\u00f6nnen die gro\u00dfe Schwester in Schwarz entdecken, die <a href=\"https:\/\/waaqt-arabicdial.com\/de\/produkt\/seiko-arabic-dial-srpf89k1\/\">Seiko Arabic Dial SRPF89K1 Schwarz<\/a> beige und schwarze Variante. F\u00fcr einen v\u00f6llig anderen Stil k\u00f6nnen Sie in den anderen st\u00f6bern <a href=\"https:\/\/waaqt-arabicdial.com\/de\/produktkategorie\/seiko-arabic-dial\/\">Seiko Arabic Uhren<\/a> die von Seiko in Japan produziert werden!<\/p>\n<p>&#8212;&#8211;<\/p>\n<p><em><strong>Lieferung Full Set, Direkt in Plastik &amp; Sticky<\/strong> : Wenn Sie bei Waaqt einkaufen, kommt jede Seiko-Uhr in einem kompletten Set. <strong>Sie erhalten Folgendes:<\/strong><\/em><\/p>\n<ul>\n<li><strong>Original- &amp; \u00dcberschachtel Seiko<\/strong> : Eine elegante Aufmachung, um Ihren wertvollen Zeitmesser zu bewahren und hervorzuheben.<\/li>\n<li><strong>Seiko Pflegeheft<\/strong> : Um Sie bei der Pflege Ihrer Uhr mit allen Empfehlungen des Herstellers anzuleiten.<\/li>\n<li><strong>Internationale Garantiebescheinigung<\/strong> : Dieses Zertifikat best\u00e4tigt die Echtheit Ihrer Uhr, abgestempelt auf das Datum Ihres Kaufs.<\/li>\n<\/ul>\n<p>Seien Sie gelassen. <strong>Ihre Uhr wartet auf Sie, gesch\u00fctzt, mit einem Sticker versehen und bereit, getragen zu werden.<\/strong><\/p>","protected":false},"excerpt":{"rendered":"<div style=\"background-color: #eef2f7; padding: 20px; border: 2px solid #c1c7d0; border-radius: 10px;\">\n<div style=\"color: #14134c; font-weight: bold; text-align: center; font-size: 1.5em; margin-bottom: 15px;\">\ud83d\udea8 Restock in progress\ud83d\udea8 : SEIKO ARABIC OR<\/div>\n<p style=\"font-size: 1.3em; color: #333; text-align: center;\">Bitte kontaktieren Sie uns per E-Mail an <span style=\"color: #000080;\">contact@waaqt-arabicdial.com<\/span> um zu \u00fcberpr\u00fcfen, ob die Uhr bestellt werden kann, sowie die gew\u00fcnschte Menge.<br \/>\n<strong>Die Uhr ist neu, full-set &amp; mit allen Papieren versehen.<\/strong><\/p>\n<p style=\"text-align: center;\"><strong>(Preisliste Vorbestellung)<\/strong><\/p>\n<\/div>","protected":false},"featured_media":6726,"comment_status":"open","ping_status":"closed","template":"","meta":{"site-sidebar-layout":"default","site-content-layout":"default","ast-site-content-layout":"default","site-content-style":"default","site-sidebar-style":"default","ast-global-header-display":"","ast-banner-title-visibility":"","ast-main-header-display":"","ast-hfb-above-header-display":"","ast-hfb-below-header-display":"","ast-hfb-mobile-header-display":"","site-post-title":"","ast-breadcrumbs-content":"","ast-featured-img":"","footer-sml-layout":"","ast-disable-related-posts":"","theme-transparent-header-meta":"default","adv-header-id-meta":"","stick-header-meta":"","header-above-stick-meta":"","header-main-stick-meta":"","header-below-stick-meta":"","astra-migrate-meta-layouts":"set","ast-page-background-enabled":"default","ast-page-background-meta":{"desktop":{"background-color":"","background-image":"","background-repeat":"repeat","background-position":"center center","background-size":"auto","background-attachment":"scroll","background-type":"","background-media":"","overlay-type":"","overlay-color":"","overlay-opacity":"","overlay-gradient":""},"tablet":{"background-color":"","background-image":"","background-repeat":"repeat","background-position":"center center","background-size":"auto","background-attachment":"scroll","background-type":"","background-media":"","overlay-type":"","overlay-color":"","overlay-opacity":"","overlay-gradient":""},"mobile":{"background-color":"","background-image":"","background-repeat":"repeat","background-position":"center center","background-size":"auto","background-attachment":"scroll","background-type":"","background-media":"","overlay-type":"","overlay-color":"","overlay-opacity":"","overlay-gradient":""}},"ast-content-background-meta":{"desktop":{"background-color":"var(--ast-global-color-5)","background-image":"","background-repeat":"repeat","background-position":"center center","background-size":"auto","background-attachment":"scroll","background-type":"","background-media":"","overlay-type":"","overlay-color":"","overlay-opacity":"","overlay-gradient":""},"tablet":{"background-color":"var(--ast-global-color-5)","background-image":"","background-repeat":"repeat","background-position":"center center","background-size":"auto","background-attachment":"scroll","background-type":"","background-media":"","overlay-type":"","overlay-color":"","overlay-opacity":"","overlay-gradient":""},"mobile":{"background-color":"var(--ast-global-color-5)","background-image":"","background-repeat":"repeat","background-position":"center center","background-size":"auto","background-attachment":"scroll","background-type":"","background-media":"","overlay-type":"","overlay-color":"","overlay-opacity":"","overlay-gradient":""}}},"product_brand":[],"product_cat":[74],"product_tag":[],"class_list":{"0":"post-3510","1":"product","2":"type-product","3":"status-publish","4":"has-post-thumbnail","6":"product_cat-seiko-arabic-dial","7":"product_shipping_class-montres-seiko-arabic-dial","8":"desktop-align-center","9":"tablet-align-center","10":"mobile-align-center","11":"ast-product-gallery-layout-vertical","12":"ast-product-tabs-layout-accordion","14":"first","15":"onbackorder","16":"taxable","17":"shipping-taxable","18":"purchasable","19":"product-type-simple"},"yoast_head":"<!-- This site is optimized with the Yoast SEO plugin v27.4 - https:\/\/yoast.com\/product\/yoast-seo-wordpress\/ -->\n<title>Seiko Arabic Dial SRPF90K1 Or - Waaqt<\/title>\n<meta name=\"description\" content=\"D\u00e9couvrez une toute nouvelle Seiko Arabic Dial Verte. La SRPH89K1 est la seule Seiko enti\u00e8rement dor\u00e9e. Faisant ressortir son cadran vert\" \/>\n<meta name=\"robots\" content=\"index, follow, max-snippet:-1, max-image-preview:large, max-video-preview:-1\" \/>\n<link rel=\"canonical\" href=\"https:\/\/waaqt-arabicdial.com\/de\/produkt\/seiko-arabic-dial-srpf90k1\/\" \/>\n<meta property=\"og:locale\" content=\"de_DE\" \/>\n<meta property=\"og:type\" content=\"article\" \/>\n<meta property=\"og:title\" content=\"Seiko Arabic Dial SRPF90K1 Or - Waaqt\" \/>\n<meta property=\"og:description\" content=\"D\u00e9couvrez une toute nouvelle Seiko Arabic Dial Verte. La SRPH89K1 est la seule Seiko enti\u00e8rement dor\u00e9e. Faisant ressortir son cadran vert\" \/>\n<meta property=\"og:url\" content=\"https:\/\/waaqt-arabicdial.com\/de\/produkt\/seiko-arabic-dial-srpf90k1\/\" \/>\n<meta property=\"og:site_name\" content=\"Waaqt - Expert Seiko Arabic Dial\" \/>\n<meta property=\"article:modified_time\" content=\"2024-11-03T13:13:39+00:00\" \/>\n<meta property=\"og:image\" content=\"https:\/\/waaqt-arabicdial.com\/wp-content\/uploads\/2018\/07\/Montre-Seiko-chiffres-arabes-8.webp\" \/>\n\t<meta property=\"og:image:width\" content=\"500\" \/>\n\t<meta property=\"og:image:height\" content=\"500\" \/>\n\t<meta property=\"og:image:type\" content=\"image\/webp\" \/>\n<meta name=\"twitter:card\" content=\"summary_large_image\" \/>\n<meta name=\"twitter:label1\" content=\"Gesch\u00e4tzte Lesezeit\" \/>\n\t<meta name=\"twitter:data1\" content=\"3\u00a0Minuten\" \/>\n<script type=\"application\/ld+json\" class=\"yoast-schema-graph\">{\"@context\":\"https:\\\/\\\/schema.org\",\"@graph\":[{\"@type\":\"WebPage\",\"@id\":\"https:\\\/\\\/waaqt-arabicdial.com\\\/produit\\\/seiko-arabic-dial-srpf90k1\\\/\",\"url\":\"https:\\\/\\\/waaqt-arabicdial.com\\\/produit\\\/seiko-arabic-dial-srpf90k1\\\/\",\"name\":\"Seiko Arabic Dial SRPF90K1 Or - Waaqt\",\"isPartOf\":{\"@id\":\"https:\\\/\\\/waaqt-arabicdial.com\\\/#website\"},\"primaryImageOfPage\":{\"@id\":\"https:\\\/\\\/waaqt-arabicdial.com\\\/produit\\\/seiko-arabic-dial-srpf90k1\\\/#primaryimage\"},\"image\":{\"@id\":\"https:\\\/\\\/waaqt-arabicdial.com\\\/produit\\\/seiko-arabic-dial-srpf90k1\\\/#primaryimage\"},\"thumbnailUrl\":\"https:\\\/\\\/waaqt-arabicdial.com\\\/wp-content\\\/uploads\\\/2018\\\/07\\\/Montre-Seiko-chiffres-arabes-8.webp\",\"datePublished\":\"2023-10-22T15:12:04+00:00\",\"dateModified\":\"2024-11-03T13:13:39+00:00\",\"description\":\"D\u00e9couvrez une toute nouvelle Seiko Arabic Dial Verte. La SRPH89K1 est la seule Seiko enti\u00e8rement dor\u00e9e. Faisant ressortir son cadran vert\",\"breadcrumb\":{\"@id\":\"https:\\\/\\\/waaqt-arabicdial.com\\\/produit\\\/seiko-arabic-dial-srpf90k1\\\/#breadcrumb\"},\"inLanguage\":\"de\",\"potentialAction\":[{\"@type\":\"ReadAction\",\"target\":[\"https:\\\/\\\/waaqt-arabicdial.com\\\/produit\\\/seiko-arabic-dial-srpf90k1\\\/\"]}]},{\"@type\":\"ImageObject\",\"inLanguage\":\"de\",\"@id\":\"https:\\\/\\\/waaqt-arabicdial.com\\\/produit\\\/seiko-arabic-dial-srpf90k1\\\/#primaryimage\",\"url\":\"https:\\\/\\\/waaqt-arabicdial.com\\\/wp-content\\\/uploads\\\/2018\\\/07\\\/Montre-Seiko-chiffres-arabes-8.webp\",\"contentUrl\":\"https:\\\/\\\/waaqt-arabicdial.com\\\/wp-content\\\/uploads\\\/2018\\\/07\\\/Montre-Seiko-chiffres-arabes-8.webp\",\"width\":500,\"height\":500,\"caption\":\"Seiko Arabic Dial SRPF90K1\"},{\"@type\":\"BreadcrumbList\",\"@id\":\"https:\\\/\\\/waaqt-arabicdial.com\\\/produit\\\/seiko-arabic-dial-srpf90k1\\\/#breadcrumb\",\"itemListElement\":[{\"@type\":\"ListItem\",\"position\":1,\"name\":\"Accueil\",\"item\":\"https:\\\/\\\/waaqt-arabicdial.com\\\/\"},{\"@type\":\"ListItem\",\"position\":2,\"name\":\"Montres Seiko Arabic Dial authentiques\",\"item\":\"https:\\\/\\\/waaqt-arabicdial.com\\\/shop\\\/\"},{\"@type\":\"ListItem\",\"position\":3,\"name\":\"Seiko Arabic Dial SRPF90K1 Or\"}]},{\"@type\":\"WebSite\",\"@id\":\"https:\\\/\\\/waaqt-arabicdial.com\\\/#website\",\"url\":\"https:\\\/\\\/waaqt-arabicdial.com\\\/\",\"name\":\"Waaqt - Expert Seiko Arabic Dial\",\"description\":\"Expert Seiko Arabic Dial en France\",\"publisher\":{\"@id\":\"https:\\\/\\\/waaqt-arabicdial.com\\\/#organization\"},\"potentialAction\":[{\"@type\":\"SearchAction\",\"target\":{\"@type\":\"EntryPoint\",\"urlTemplate\":\"https:\\\/\\\/waaqt-arabicdial.com\\\/?s={search_term_string}\"},\"query-input\":{\"@type\":\"PropertyValueSpecification\",\"valueRequired\":true,\"valueName\":\"search_term_string\"}}],\"inLanguage\":\"de\"},{\"@type\":\"Organization\",\"@id\":\"https:\\\/\\\/waaqt-arabicdial.com\\\/#organization\",\"name\":\"Waaqt - Expert Seiko Arabic Dial\",\"url\":\"https:\\\/\\\/waaqt-arabicdial.com\\\/\",\"logo\":{\"@type\":\"ImageObject\",\"inLanguage\":\"de\",\"@id\":\"https:\\\/\\\/waaqt-arabicdial.com\\\/#\\\/schema\\\/logo\\\/image\\\/\",\"url\":\"https:\\\/\\\/waaqt-arabicdial.com\\\/wp-content\\\/uploads\\\/2023\\\/06\\\/WhatsApp_Image_2023-05-26_a_22.33.08-removebg-preview.png\",\"contentUrl\":\"https:\\\/\\\/waaqt-arabicdial.com\\\/wp-content\\\/uploads\\\/2023\\\/06\\\/WhatsApp_Image_2023-05-26_a_22.33.08-removebg-preview.png\",\"width\":500,\"height\":500,\"caption\":\"Waaqt - Expert Seiko Arabic Dial\"},\"image\":{\"@id\":\"https:\\\/\\\/waaqt-arabicdial.com\\\/#\\\/schema\\\/logo\\\/image\\\/\"},\"sameAs\":[\"https:\\\/\\\/www.tiktok.com\\\/@waaqt.com?_t=8ctOXkcAvyV&_r=1\"]}]}<\/script>\n<!-- \/ Yoast SEO plugin. -->","yoast_head_json":{"title":"Seiko Arabic Dial SRPF90K1 Or - Waaqt","description":"D\u00e9couvrez une toute nouvelle Seiko Arabic Dial Verte. La SRPH89K1 est la seule Seiko enti\u00e8rement dor\u00e9e. Faisant ressortir son cadran vert","robots":{"index":"index","follow":"follow","max-snippet":"max-snippet:-1","max-image-preview":"max-image-preview:large","max-video-preview":"max-video-preview:-1"},"canonical":"https:\/\/waaqt-arabicdial.com\/de\/produkt\/seiko-arabic-dial-srpf90k1\/","og_locale":"de_DE","og_type":"article","og_title":"Seiko Arabic Dial SRPF90K1 Or - Waaqt","og_description":"D\u00e9couvrez une toute nouvelle Seiko Arabic Dial Verte. La SRPH89K1 est la seule Seiko enti\u00e8rement dor\u00e9e. Faisant ressortir son cadran vert","og_url":"https:\/\/waaqt-arabicdial.com\/de\/produkt\/seiko-arabic-dial-srpf90k1\/","og_site_name":"Waaqt - Expert Seiko Arabic Dial","article_modified_time":"2024-11-03T13:13:39+00:00","og_image":[{"width":500,"height":500,"url":"https:\/\/waaqt-arabicdial.com\/wp-content\/uploads\/2018\/07\/Montre-Seiko-chiffres-arabes-8.webp","type":"image\/webp"}],"twitter_card":"summary_large_image","twitter_misc":{"Gesch\u00e4tzte Lesezeit":"3\u00a0Minuten"},"schema":{"@context":"https:\/\/schema.org","@graph":[{"@type":"WebPage","@id":"https:\/\/waaqt-arabicdial.com\/produit\/seiko-arabic-dial-srpf90k1\/","url":"https:\/\/waaqt-arabicdial.com\/produit\/seiko-arabic-dial-srpf90k1\/","name":"Seiko Arabic Dial SRPF90K1 Or - Waaqt","isPartOf":{"@id":"https:\/\/waaqt-arabicdial.com\/#website"},"primaryImageOfPage":{"@id":"https:\/\/waaqt-arabicdial.com\/produit\/seiko-arabic-dial-srpf90k1\/#primaryimage"},"image":{"@id":"https:\/\/waaqt-arabicdial.com\/produit\/seiko-arabic-dial-srpf90k1\/#primaryimage"},"thumbnailUrl":"https:\/\/waaqt-arabicdial.com\/wp-content\/uploads\/2018\/07\/Montre-Seiko-chiffres-arabes-8.webp","datePublished":"2023-10-22T15:12:04+00:00","dateModified":"2024-11-03T13:13:39+00:00","description":"D\u00e9couvrez une toute nouvelle Seiko Arabic Dial Verte. La SRPH89K1 est la seule Seiko enti\u00e8rement dor\u00e9e. Faisant ressortir son cadran vert","breadcrumb":{"@id":"https:\/\/waaqt-arabicdial.com\/produit\/seiko-arabic-dial-srpf90k1\/#breadcrumb"},"inLanguage":"de","potentialAction":[{"@type":"ReadAction","target":["https:\/\/waaqt-arabicdial.com\/produit\/seiko-arabic-dial-srpf90k1\/"]}]},{"@type":"ImageObject","inLanguage":"de","@id":"https:\/\/waaqt-arabicdial.com\/produit\/seiko-arabic-dial-srpf90k1\/#primaryimage","url":"https:\/\/waaqt-arabicdial.com\/wp-content\/uploads\/2018\/07\/Montre-Seiko-chiffres-arabes-8.webp","contentUrl":"https:\/\/waaqt-arabicdial.com\/wp-content\/uploads\/2018\/07\/Montre-Seiko-chiffres-arabes-8.webp","width":500,"height":500,"caption":"Seiko Arabic Dial SRPF90K1"},{"@type":"BreadcrumbList","@id":"https:\/\/waaqt-arabicdial.com\/produit\/seiko-arabic-dial-srpf90k1\/#breadcrumb","itemListElement":[{"@type":"ListItem","position":1,"name":"Accueil","item":"https:\/\/waaqt-arabicdial.com\/"},{"@type":"ListItem","position":2,"name":"Montres Seiko Arabic Dial authentiques","item":"https:\/\/waaqt-arabicdial.com\/shop\/"},{"@type":"ListItem","position":3,"name":"Seiko Arabic Dial SRPF90K1 Or"}]},{"@type":"WebSite","@id":"https:\/\/waaqt-arabicdial.com\/#website","url":"https:\/\/waaqt-arabicdial.com\/","name":"Waaqt - Expert Seiko Arabic Dial","description":"Expert Seiko Arabic Dial en France","publisher":{"@id":"https:\/\/waaqt-arabicdial.com\/#organization"},"potentialAction":[{"@type":"SearchAction","target":{"@type":"EntryPoint","urlTemplate":"https:\/\/waaqt-arabicdial.com\/?s={search_term_string}"},"query-input":{"@type":"PropertyValueSpecification","valueRequired":true,"valueName":"search_term_string"}}],"inLanguage":"de"},{"@type":"Organization","@id":"https:\/\/waaqt-arabicdial.com\/#organization","name":"Waaqt - Expert Seiko Arabic Dial","url":"https:\/\/waaqt-arabicdial.com\/","logo":{"@type":"ImageObject","inLanguage":"de","@id":"https:\/\/waaqt-arabicdial.com\/#\/schema\/logo\/image\/","url":"https:\/\/waaqt-arabicdial.com\/wp-content\/uploads\/2023\/06\/WhatsApp_Image_2023-05-26_a_22.33.08-removebg-preview.png","contentUrl":"https:\/\/waaqt-arabicdial.com\/wp-content\/uploads\/2023\/06\/WhatsApp_Image_2023-05-26_a_22.33.08-removebg-preview.png","width":500,"height":500,"caption":"Waaqt - Expert Seiko Arabic Dial"},"image":{"@id":"https:\/\/waaqt-arabicdial.com\/#\/schema\/logo\/image\/"},"sameAs":["https:\/\/www.tiktok.com\/@waaqt.com?_t=8ctOXkcAvyV&_r=1"]}]}},"jetpack_sharing_enabled":true,"_links":{"self":[{"href":"https:\/\/waaqt-arabicdial.com\/de\/wp-json\/wp\/v2\/product\/3510","targetHints":{"allow":["GET"]}}],"collection":[{"href":"https:\/\/waaqt-arabicdial.com\/de\/wp-json\/wp\/v2\/product"}],"about":[{"href":"https:\/\/waaqt-arabicdial.com\/de\/wp-json\/wp\/v2\/types\/product"}],"replies":[{"embeddable":true,"href":"https:\/\/waaqt-arabicdial.com\/de\/wp-json\/wp\/v2\/comments?post=3510"}],"version-history":[{"count":8,"href":"https:\/\/waaqt-arabicdial.com\/de\/wp-json\/wp\/v2\/product\/3510\/revisions"}],"predecessor-version":[{"id":7114,"href":"https:\/\/waaqt-arabicdial.com\/de\/wp-json\/wp\/v2\/product\/3510\/revisions\/7114"}],"wp:featuredmedia":[{"embeddable":true,"href":"https:\/\/waaqt-arabicdial.com\/de\/wp-json\/wp\/v2\/media\/6726"}],"wp:attachment":[{"href":"https:\/\/waaqt-arabicdial.com\/de\/wp-json\/wp\/v2\/media?parent=3510"}],"wp:term":[{"taxonomy":"product_brand","embeddable":true,"href":"https:\/\/waaqt-arabicdial.com\/de\/wp-json\/wp\/v2\/product_brand?post=3510"},{"taxonomy":"product_cat","embeddable":true,"href":"https:\/\/waaqt-arabicdial.com\/de\/wp-json\/wp\/v2\/product_cat?post=3510"},{"taxonomy":"product_tag","embeddable":true,"href":"https:\/\/waaqt-arabicdial.com\/de\/wp-json\/wp\/v2\/product_tag?post=3510"}],"curies":[{"name":"wp","href":"https:\/\/api.w.org\/{rel}","templated":true}]}}