{"id":3405,"date":"2023-10-19T19:03:50","date_gmt":"2023-10-19T19:03:50","guid":{"rendered":"https:\/\/waaqt-arabicdial.com\/?post_type=product&#038;p=3405"},"modified":"2024-02-20T08:26:20","modified_gmt":"2024-02-20T08:26:20","slug":"reinigungsset-fur-die-uhr","status":"publish","type":"product","link":"https:\/\/waaqt-arabicdial.com\/de\/produit\/kit-nettoyage-montre\/","title":{"rendered":"Uhrenreinigungsset (3 Elemente)"},"content":{"rendered":"<p>Das Professional Watch Cleaning Kit soll Ihnen dabei helfen<strong> den Glanz und die Sch\u00f6nheit bewahren<\/strong> Ihrer wertvollen Zeitmesser. Dieses Set ist f\u00fcr all diejenigen gedacht, die ihre Sammlung in einem <strong>ausgezeichneter Zustand<\/strong>. \u2728<\/p>\n<p>Unser <strong>Reinigungsl\u00f6sung ist ungiftig und mit hochwertigen Produkten formuliert<\/strong> um die Sicherheit Ihrer Uhren und Ihrer Haut zu gew\u00e4hrleisten. Sie bietet eine <strong>Tiefenreinigung<\/strong> <strong>ohne Verf\u00e4rbungen zu verursachen<\/strong> noch unbeschichtete Metalloberfl\u00e4chen besch\u00e4digen. \u267b\ufe0f<\/p>\n<h2><strong>Was das Reinigungsset enth\u00e4lt (3 Teile) :<\/strong><\/h2>\n<ul>\n<li><strong>1 Spezial-Reinigungsspray :<\/strong> Unser Reinigungsspray wurde speziell f\u00fcr Uhren entwickelt, um Schmutz, Staub und R\u00fcckst\u00e4nde zu entfernen und gleichzeitig den Glanz Ihrer Uhren zu erhalten.<\/li>\n<li><strong>1 Pr\u00e4zisionsb\u00fcrste :<\/strong> Mit der weichen B\u00fcrste k\u00f6nnen Sie auch schwer zug\u00e4ngliche Stellen wie die Glieder des Armbands erreichen, ohne Sch\u00e4den zu verursachen.<\/li>\n<li><strong>2 Schutzhandschuhe :<\/strong> Die Handschuhe wurden entwickelt, um Ihre Uhren sanft zu handhaben und gleichzeitig Kratzer zu vermeiden.<\/li>\n<\/ul>\n<h2><strong>Warum Sie sich f\u00fcr Unser Kit entscheiden sollten :<\/strong><\/h2>\n<ul>\n<li><strong>Qualit\u00e4t :<\/strong> Die hochwertige Formel sorgt daf\u00fcr, dass Ihre Uhren in perfektem Zustand bleiben.<\/li>\n<li><strong>Effektivit\u00e4t :<\/strong> Eine schnelle und starke Reinigungsleistung, die alle Verschmutzungen wirksam entfernt.<\/li>\n<li><strong>Leichtigkeit :<\/strong> Sch\u00fctteln Sie ihn einfach vor Gebrauch, spr\u00fchen Sie die Fl\u00fcssigkeit auf die Uhr, lassen Sie sie eine Minute lang einwirken und wischen Sie sie schlie\u00dflich ab. Nichts weiter!<\/li>\n<li><strong>Interview:<\/strong> Bewahren Sie den Glanz und den Wert Ihrer Uhren, indem Sie sie regelm\u00e4\u00dfig pflegen.<\/li>\n<\/ul>","protected":false},"excerpt":{"rendered":"<p>Das Professionelle Reinigungsset f\u00fcr Uhren soll Ihnen helfen, den Glanz und die Sch\u00f6nheit Ihrer wertvollen Zeitmesser zu bewahren. Dieses Set wurde f\u00fcr alle entwickelt, die ihre Sammlung in einem ausgezeichneten Zustand halten m\u00f6chten. \u2728 Unsere Reinigungsl\u00f6sung ist ungiftig und mit hochwertigen Produkten formuliert, um [...].<\/p>","protected":false},"featured_media":3659,"comment_status":"open","ping_status":"closed","template":"","meta":{"site-sidebar-layout":"default","site-content-layout":"default","ast-site-content-layout":"default","site-content-style":"default","site-sidebar-style":"default","ast-global-header-display":"","ast-banner-title-visibility":"","ast-main-header-display":"","ast-hfb-above-header-display":"","ast-hfb-below-header-display":"","ast-hfb-mobile-header-display":"","site-post-title":"","ast-breadcrumbs-content":"","ast-featured-img":"","footer-sml-layout":"","ast-disable-related-posts":"","theme-transparent-header-meta":"default","adv-header-id-meta":"","stick-header-meta":"","header-above-stick-meta":"","header-main-stick-meta":"","header-below-stick-meta":"","astra-migrate-meta-layouts":"default","ast-page-background-enabled":"default","ast-page-background-meta":{"desktop":{"background-color":"","background-image":"","background-repeat":"repeat","background-position":"center center","background-size":"auto","background-attachment":"scroll","background-type":"","background-media":"","overlay-type":"","overlay-color":"","overlay-opacity":"","overlay-gradient":""},"tablet":{"background-color":"","background-image":"","background-repeat":"repeat","background-position":"center center","background-size":"auto","background-attachment":"scroll","background-type":"","background-media":"","overlay-type":"","overlay-color":"","overlay-opacity":"","overlay-gradient":""},"mobile":{"background-color":"","background-image":"","background-repeat":"repeat","background-position":"center center","background-size":"auto","background-attachment":"scroll","background-type":"","background-media":"","overlay-type":"","overlay-color":"","overlay-opacity":"","overlay-gradient":""}},"ast-content-background-meta":{"desktop":{"background-color":"var(--ast-global-color-5)","background-image":"","background-repeat":"repeat","background-position":"center center","background-size":"auto","background-attachment":"scroll","background-type":"","background-media":"","overlay-type":"","overlay-color":"","overlay-opacity":"","overlay-gradient":""},"tablet":{"background-color":"var(--ast-global-color-5)","background-image":"","background-repeat":"repeat","background-position":"center center","background-size":"auto","background-attachment":"scroll","background-type":"","background-media":"","overlay-type":"","overlay-color":"","overlay-opacity":"","overlay-gradient":""},"mobile":{"background-color":"var(--ast-global-color-5)","background-image":"","background-repeat":"repeat","background-position":"center center","background-size":"auto","background-attachment":"scroll","background-type":"","background-media":"","overlay-type":"","overlay-color":"","overlay-opacity":"","overlay-gradient":""}}},"product_brand":[],"product_cat":[82],"product_tag":[],"class_list":{"0":"post-3405","1":"product","2":"type-product","3":"status-publish","4":"has-post-thumbnail","6":"product_cat-accessoires-montre","7":"product_shipping_class-montres-seiko-arabic-dial","8":"desktop-align-center","9":"tablet-align-center","10":"mobile-align-center","11":"ast-product-gallery-layout-vertical","12":"ast-product-tabs-layout-accordion","14":"first","15":"instock","16":"taxable","17":"shipping-taxable","18":"purchasable","19":"product-type-simple"},"yoast_head":"<!-- This site is optimized with the Yoast SEO plugin v27.4 - https:\/\/yoast.com\/product\/yoast-seo-wordpress\/ -->\n<title>Kit Nettoyage Montres (3 \u00e9l\u00e9ments) - Waaqt - Expert Seiko Arabic Dial<\/title>\n<meta name=\"description\" content=\"Kit de Nettoyage Profesionnel pour Montres en spray. Pour un nettoyage et un entretien rapide et efficace. Id\u00e9al pour les montres en acier inoxydable.\" \/>\n<meta name=\"robots\" content=\"index, follow, max-snippet:-1, max-image-preview:large, max-video-preview:-1\" \/>\n<link rel=\"canonical\" href=\"https:\/\/waaqt-arabicdial.com\/de\/produkt\/reinigungsset-fur-die-uhr\/\" \/>\n<meta property=\"og:locale\" content=\"de_DE\" \/>\n<meta property=\"og:type\" content=\"article\" \/>\n<meta property=\"og:title\" content=\"Kit Nettoyage Montres (3 \u00e9l\u00e9ments) - Waaqt - Expert Seiko Arabic Dial\" \/>\n<meta property=\"og:description\" content=\"Kit de Nettoyage Profesionnel pour Montres en spray. Pour un nettoyage et un entretien rapide et efficace. Id\u00e9al pour les montres en acier inoxydable.\" \/>\n<meta property=\"og:url\" content=\"https:\/\/waaqt-arabicdial.com\/de\/produkt\/reinigungsset-fur-die-uhr\/\" \/>\n<meta property=\"og:site_name\" content=\"Waaqt - Expert Seiko Arabic Dial\" \/>\n<meta property=\"article:modified_time\" content=\"2024-02-20T08:26:20+00:00\" \/>\n<meta property=\"og:image\" content=\"https:\/\/waaqt-arabicdial.com\/wp-content\/uploads\/2023\/10\/Watch_Cleaner-removebg-preview.png\" \/>\n\t<meta property=\"og:image:width\" content=\"500\" \/>\n\t<meta property=\"og:image:height\" content=\"500\" \/>\n\t<meta property=\"og:image:type\" content=\"image\/png\" \/>\n<meta name=\"twitter:card\" content=\"summary_large_image\" \/>\n<meta name=\"twitter:label1\" content=\"Gesch\u00e4tzte Lesezeit\" \/>\n\t<meta name=\"twitter:data1\" content=\"2\u00a0Minuten\" \/>\n<script type=\"application\/ld+json\" class=\"yoast-schema-graph\">{\"@context\":\"https:\\\/\\\/schema.org\",\"@graph\":[{\"@type\":\"WebPage\",\"@id\":\"https:\\\/\\\/waaqt-arabicdial.com\\\/produit\\\/kit-nettoyage-montre\\\/\",\"url\":\"https:\\\/\\\/waaqt-arabicdial.com\\\/produit\\\/kit-nettoyage-montre\\\/\",\"name\":\"Kit Nettoyage Montres (3 \u00e9l\u00e9ments) - Waaqt - Expert Seiko Arabic Dial\",\"isPartOf\":{\"@id\":\"https:\\\/\\\/waaqt-arabicdial.com\\\/#website\"},\"primaryImageOfPage\":{\"@id\":\"https:\\\/\\\/waaqt-arabicdial.com\\\/produit\\\/kit-nettoyage-montre\\\/#primaryimage\"},\"image\":{\"@id\":\"https:\\\/\\\/waaqt-arabicdial.com\\\/produit\\\/kit-nettoyage-montre\\\/#primaryimage\"},\"thumbnailUrl\":\"https:\\\/\\\/waaqt-arabicdial.com\\\/wp-content\\\/uploads\\\/2023\\\/10\\\/Watch_Cleaner-removebg-preview.png\",\"datePublished\":\"2023-10-19T19:03:50+00:00\",\"dateModified\":\"2024-02-20T08:26:20+00:00\",\"description\":\"Kit de Nettoyage Profesionnel pour Montres en spray. Pour un nettoyage et un entretien rapide et efficace. Id\u00e9al pour les montres en acier inoxydable.\",\"breadcrumb\":{\"@id\":\"https:\\\/\\\/waaqt-arabicdial.com\\\/produit\\\/kit-nettoyage-montre\\\/#breadcrumb\"},\"inLanguage\":\"de\",\"potentialAction\":[{\"@type\":\"ReadAction\",\"target\":[\"https:\\\/\\\/waaqt-arabicdial.com\\\/produit\\\/kit-nettoyage-montre\\\/\"]}]},{\"@type\":\"ImageObject\",\"inLanguage\":\"de\",\"@id\":\"https:\\\/\\\/waaqt-arabicdial.com\\\/produit\\\/kit-nettoyage-montre\\\/#primaryimage\",\"url\":\"https:\\\/\\\/waaqt-arabicdial.com\\\/wp-content\\\/uploads\\\/2023\\\/10\\\/Watch_Cleaner-removebg-preview.png\",\"contentUrl\":\"https:\\\/\\\/waaqt-arabicdial.com\\\/wp-content\\\/uploads\\\/2023\\\/10\\\/Watch_Cleaner-removebg-preview.png\",\"width\":500,\"height\":500,\"caption\":\"Kit nettoyage montre spray\"},{\"@type\":\"BreadcrumbList\",\"@id\":\"https:\\\/\\\/waaqt-arabicdial.com\\\/produit\\\/kit-nettoyage-montre\\\/#breadcrumb\",\"itemListElement\":[{\"@type\":\"ListItem\",\"position\":1,\"name\":\"Accueil\",\"item\":\"https:\\\/\\\/waaqt-arabicdial.com\\\/\"},{\"@type\":\"ListItem\",\"position\":2,\"name\":\"Montres Seiko Arabic Dial authentiques\",\"item\":\"https:\\\/\\\/waaqt-arabicdial.com\\\/shop\\\/\"},{\"@type\":\"ListItem\",\"position\":3,\"name\":\"Kit Nettoyage Montres (3 \u00e9l\u00e9ments)\"}]},{\"@type\":\"WebSite\",\"@id\":\"https:\\\/\\\/waaqt-arabicdial.com\\\/#website\",\"url\":\"https:\\\/\\\/waaqt-arabicdial.com\\\/\",\"name\":\"Waaqt - Expert Seiko Arabic Dial\",\"description\":\"Expert Seiko Arabic Dial en France\",\"publisher\":{\"@id\":\"https:\\\/\\\/waaqt-arabicdial.com\\\/#organization\"},\"potentialAction\":[{\"@type\":\"SearchAction\",\"target\":{\"@type\":\"EntryPoint\",\"urlTemplate\":\"https:\\\/\\\/waaqt-arabicdial.com\\\/?s={search_term_string}\"},\"query-input\":{\"@type\":\"PropertyValueSpecification\",\"valueRequired\":true,\"valueName\":\"search_term_string\"}}],\"inLanguage\":\"de\"},{\"@type\":\"Organization\",\"@id\":\"https:\\\/\\\/waaqt-arabicdial.com\\\/#organization\",\"name\":\"Waaqt - Expert Seiko Arabic Dial\",\"url\":\"https:\\\/\\\/waaqt-arabicdial.com\\\/\",\"logo\":{\"@type\":\"ImageObject\",\"inLanguage\":\"de\",\"@id\":\"https:\\\/\\\/waaqt-arabicdial.com\\\/#\\\/schema\\\/logo\\\/image\\\/\",\"url\":\"https:\\\/\\\/waaqt-arabicdial.com\\\/wp-content\\\/uploads\\\/2023\\\/06\\\/WhatsApp_Image_2023-05-26_a_22.33.08-removebg-preview.png\",\"contentUrl\":\"https:\\\/\\\/waaqt-arabicdial.com\\\/wp-content\\\/uploads\\\/2023\\\/06\\\/WhatsApp_Image_2023-05-26_a_22.33.08-removebg-preview.png\",\"width\":500,\"height\":500,\"caption\":\"Waaqt - Expert Seiko Arabic Dial\"},\"image\":{\"@id\":\"https:\\\/\\\/waaqt-arabicdial.com\\\/#\\\/schema\\\/logo\\\/image\\\/\"},\"sameAs\":[\"https:\\\/\\\/www.tiktok.com\\\/@waaqt.com?_t=8ctOXkcAvyV&_r=1\"]}]}<\/script>\n<!-- \/ Yoast SEO plugin. -->","yoast_head_json":{"title":"Kit Nettoyage Montres (3 \u00e9l\u00e9ments) - Waaqt - Expert Seiko Arabic Dial","description":"Kit de Nettoyage Profesionnel pour Montres en spray. Pour un nettoyage et un entretien rapide et efficace. Id\u00e9al pour les montres en acier inoxydable.","robots":{"index":"index","follow":"follow","max-snippet":"max-snippet:-1","max-image-preview":"max-image-preview:large","max-video-preview":"max-video-preview:-1"},"canonical":"https:\/\/waaqt-arabicdial.com\/de\/produkt\/reinigungsset-fur-die-uhr\/","og_locale":"de_DE","og_type":"article","og_title":"Kit Nettoyage Montres (3 \u00e9l\u00e9ments) - Waaqt - Expert Seiko Arabic Dial","og_description":"Kit de Nettoyage Profesionnel pour Montres en spray. Pour un nettoyage et un entretien rapide et efficace. Id\u00e9al pour les montres en acier inoxydable.","og_url":"https:\/\/waaqt-arabicdial.com\/de\/produkt\/reinigungsset-fur-die-uhr\/","og_site_name":"Waaqt - Expert Seiko Arabic Dial","article_modified_time":"2024-02-20T08:26:20+00:00","og_image":[{"width":500,"height":500,"url":"https:\/\/waaqt-arabicdial.com\/wp-content\/uploads\/2023\/10\/Watch_Cleaner-removebg-preview.png","type":"image\/png"}],"twitter_card":"summary_large_image","twitter_misc":{"Gesch\u00e4tzte Lesezeit":"2\u00a0Minuten"},"schema":{"@context":"https:\/\/schema.org","@graph":[{"@type":"WebPage","@id":"https:\/\/waaqt-arabicdial.com\/produit\/kit-nettoyage-montre\/","url":"https:\/\/waaqt-arabicdial.com\/produit\/kit-nettoyage-montre\/","name":"Kit Nettoyage Montres (3 \u00e9l\u00e9ments) - Waaqt - Expert Seiko Arabic Dial","isPartOf":{"@id":"https:\/\/waaqt-arabicdial.com\/#website"},"primaryImageOfPage":{"@id":"https:\/\/waaqt-arabicdial.com\/produit\/kit-nettoyage-montre\/#primaryimage"},"image":{"@id":"https:\/\/waaqt-arabicdial.com\/produit\/kit-nettoyage-montre\/#primaryimage"},"thumbnailUrl":"https:\/\/waaqt-arabicdial.com\/wp-content\/uploads\/2023\/10\/Watch_Cleaner-removebg-preview.png","datePublished":"2023-10-19T19:03:50+00:00","dateModified":"2024-02-20T08:26:20+00:00","description":"Kit de Nettoyage Profesionnel pour Montres en spray. Pour un nettoyage et un entretien rapide et efficace. Id\u00e9al pour les montres en acier inoxydable.","breadcrumb":{"@id":"https:\/\/waaqt-arabicdial.com\/produit\/kit-nettoyage-montre\/#breadcrumb"},"inLanguage":"de","potentialAction":[{"@type":"ReadAction","target":["https:\/\/waaqt-arabicdial.com\/produit\/kit-nettoyage-montre\/"]}]},{"@type":"ImageObject","inLanguage":"de","@id":"https:\/\/waaqt-arabicdial.com\/produit\/kit-nettoyage-montre\/#primaryimage","url":"https:\/\/waaqt-arabicdial.com\/wp-content\/uploads\/2023\/10\/Watch_Cleaner-removebg-preview.png","contentUrl":"https:\/\/waaqt-arabicdial.com\/wp-content\/uploads\/2023\/10\/Watch_Cleaner-removebg-preview.png","width":500,"height":500,"caption":"Kit nettoyage montre spray"},{"@type":"BreadcrumbList","@id":"https:\/\/waaqt-arabicdial.com\/produit\/kit-nettoyage-montre\/#breadcrumb","itemListElement":[{"@type":"ListItem","position":1,"name":"Accueil","item":"https:\/\/waaqt-arabicdial.com\/"},{"@type":"ListItem","position":2,"name":"Montres Seiko Arabic Dial authentiques","item":"https:\/\/waaqt-arabicdial.com\/shop\/"},{"@type":"ListItem","position":3,"name":"Kit Nettoyage Montres (3 \u00e9l\u00e9ments)"}]},{"@type":"WebSite","@id":"https:\/\/waaqt-arabicdial.com\/#website","url":"https:\/\/waaqt-arabicdial.com\/","name":"Waaqt - Expert Seiko Arabic Dial","description":"Expert Seiko Arabic Dial en France","publisher":{"@id":"https:\/\/waaqt-arabicdial.com\/#organization"},"potentialAction":[{"@type":"SearchAction","target":{"@type":"EntryPoint","urlTemplate":"https:\/\/waaqt-arabicdial.com\/?s={search_term_string}"},"query-input":{"@type":"PropertyValueSpecification","valueRequired":true,"valueName":"search_term_string"}}],"inLanguage":"de"},{"@type":"Organization","@id":"https:\/\/waaqt-arabicdial.com\/#organization","name":"Waaqt - Expert Seiko Arabic Dial","url":"https:\/\/waaqt-arabicdial.com\/","logo":{"@type":"ImageObject","inLanguage":"de","@id":"https:\/\/waaqt-arabicdial.com\/#\/schema\/logo\/image\/","url":"https:\/\/waaqt-arabicdial.com\/wp-content\/uploads\/2023\/06\/WhatsApp_Image_2023-05-26_a_22.33.08-removebg-preview.png","contentUrl":"https:\/\/waaqt-arabicdial.com\/wp-content\/uploads\/2023\/06\/WhatsApp_Image_2023-05-26_a_22.33.08-removebg-preview.png","width":500,"height":500,"caption":"Waaqt - Expert Seiko Arabic Dial"},"image":{"@id":"https:\/\/waaqt-arabicdial.com\/#\/schema\/logo\/image\/"},"sameAs":["https:\/\/www.tiktok.com\/@waaqt.com?_t=8ctOXkcAvyV&_r=1"]}]}},"jetpack_sharing_enabled":true,"_links":{"self":[{"href":"https:\/\/waaqt-arabicdial.com\/de\/wp-json\/wp\/v2\/product\/3405","targetHints":{"allow":["GET"]}}],"collection":[{"href":"https:\/\/waaqt-arabicdial.com\/de\/wp-json\/wp\/v2\/product"}],"about":[{"href":"https:\/\/waaqt-arabicdial.com\/de\/wp-json\/wp\/v2\/types\/product"}],"replies":[{"embeddable":true,"href":"https:\/\/waaqt-arabicdial.com\/de\/wp-json\/wp\/v2\/comments?post=3405"}],"version-history":[{"count":3,"href":"https:\/\/waaqt-arabicdial.com\/de\/wp-json\/wp\/v2\/product\/3405\/revisions"}],"predecessor-version":[{"id":3512,"href":"https:\/\/waaqt-arabicdial.com\/de\/wp-json\/wp\/v2\/product\/3405\/revisions\/3512"}],"wp:featuredmedia":[{"embeddable":true,"href":"https:\/\/waaqt-arabicdial.com\/de\/wp-json\/wp\/v2\/media\/3659"}],"wp:attachment":[{"href":"https:\/\/waaqt-arabicdial.com\/de\/wp-json\/wp\/v2\/media?parent=3405"}],"wp:term":[{"taxonomy":"product_brand","embeddable":true,"href":"https:\/\/waaqt-arabicdial.com\/de\/wp-json\/wp\/v2\/product_brand?post=3405"},{"taxonomy":"product_cat","embeddable":true,"href":"https:\/\/waaqt-arabicdial.com\/de\/wp-json\/wp\/v2\/product_cat?post=3405"},{"taxonomy":"product_tag","embeddable":true,"href":"https:\/\/waaqt-arabicdial.com\/de\/wp-json\/wp\/v2\/product_tag?post=3405"}],"curies":[{"name":"wp","href":"https:\/\/api.w.org\/{rel}","templated":true}]}}