{"id":3284,"date":"2023-09-26T09:37:16","date_gmt":"2023-09-26T09:37:16","guid":{"rendered":"https:\/\/waaqt-arabicdial.com\/?post_type=product&#038;p=3284"},"modified":"2024-10-25T04:24:43","modified_gmt":"2024-10-25T04:24:43","slug":"schatulle-mit-herrenuhr-und-braunem-lederetui","status":"publish","type":"product","link":"https:\/\/waaqt-arabicdial.com\/de\/produit\/coffret-montre-homme-etui-cuir-marron\/","title":{"rendered":"Herrenuhr Set - Braunes Lederetui"},"content":{"rendered":"<h2>Herren Uhrenbox - Lederetui - Aufbewahrungsbox mit 3 Slots - Schutz f\u00fcr Uhren.<\/h2>\n<p>Sie haben eine hochwertige Automatikuhr und m\u00f6chten ihren Glanz verl\u00e4ngern? Sie m\u00fcssen<strong> Ihre Automatikuhren dauerhaft sch\u00fctzen<\/strong> und sie vor Kratzern und Staub sch\u00fctzen.<\/p>\n<p>Wenn Sie Ihre Uhren in dieser Schatulle aufbewahren, sind sie vor neugierigen Blicken gesch\u00fctzt. Ausgestattet mit einem <strong>Vintage-Design aus Leder<\/strong> Sie k\u00f6nnen die Box auf einem Tisch, einem Schreibtisch oder auf einer Bank stehen lassen. <strong>t<\/strong>ransportieren Sie Ihre Uhren ganz einfach.<\/p>\n<p>Dieses Etui ist die perfekte L\u00f6sung, um Ihre wertvollen Uhren zu sch\u00fctzen, zu transportieren und zu pr\u00e4sentieren. Mit drei speziellen F\u00e4chern bietet dieses Etui einen eleganten und sicheren Platz f\u00fcr jede Ihrer Uhren.<\/p>\n<p>Diese <strong>Uhrenschatulle<\/strong> ist so gestaltet, dass sie zu allen Uhrenstilen passt, egal ob es sich um eine Seiko Arabic Dial handelt oder nicht.<\/p>\n<h2><strong>Hauptmerkmale :<\/strong><\/h2>\n<ul>\n<li><strong>Waaqt-Qualit\u00e4t :<\/strong> Von einem tollen<strong> braunes Leder<\/strong>Diese Uhrentasche bietet einen robusten Schutz und ein luxuri\u00f6ses Aussehen, damit Ihre Uhren in perfektem Zustand bleiben.<\/li>\n<li><strong>Elegantes Design :<\/strong> Das schlichte und raffinierte Design des Etuis macht es zu einem ebenso praktischen wie \u00e4sthetischen Gegenstand, der in jede Umgebung passt, sei es zu Hause oder in Ihrer Reisetasche.<\/li>\n<li><strong>Optimaler Schutz :<\/strong> Alle drei Pl\u00e4tze sind mit <strong>weich gepolsterte Kissen<\/strong>Die Oberfl\u00e4che ist mit einer speziellen Beschichtung versehen, die einen optimalen Schutz vor Kratzern, St\u00f6\u00dfen und Staub bietet.<\/li>\n<li><strong>Sichere Schlie\u00dfung:<\/strong> Das Etui ist mit einem Druckknopfverschluss ausgestattet und bewahrt Ihre Uhren unterwegs sicher auf.<\/li>\n<\/ul>\n<h2><strong>Warum sollten Sie sich f\u00fcr unser Uhrenetui aus Leder entscheiden?<\/strong><\/h2>\n<p>Die<strong> Uhrenschatulle Mann - Lederetui<\/strong> ist das unverzichtbare Zubeh\u00f6r f\u00fcr Ihre Seiko Arabic Dial oder andere Automatikuhren. Es ist nicht nur ein Aufbewahrungszubeh\u00f6r. Sondern DIE perfekte Erg\u00e4nzung f\u00fcr Ihre Uhrensammlung, die die Eleganz und Qualit\u00e4t widerspiegelt, die Sie an Ihren Uhren so sch\u00e4tzen.<\/p>\n<p>&nbsp;<\/p>","protected":false},"excerpt":{"rendered":"<p>Herren Uhrenbox - Lederetui - Aufbewahrungsbox mit 3 Slots - Schutz f\u00fcr Uhren. Sie besitzen eine hochwertige Automatikuhr und m\u00f6chten ihren Glanz verl\u00e4ngern? Dann sollten Sie Ihre Automatikuhren dauerhaft sch\u00fctzen und sie vor Kratzern und Staub bewahren. Die Aufbewahrung Ihrer Uhren in dieser Box erm\u00f6glicht es Ihnen, Ihre Uhren [...].<\/p>","protected":false},"featured_media":3290,"comment_status":"open","ping_status":"closed","template":"","meta":{"site-sidebar-layout":"default","site-content-layout":"default","ast-site-content-layout":"default","site-content-style":"default","site-sidebar-style":"default","ast-global-header-display":"","ast-banner-title-visibility":"","ast-main-header-display":"","ast-hfb-above-header-display":"","ast-hfb-below-header-display":"","ast-hfb-mobile-header-display":"","site-post-title":"","ast-breadcrumbs-content":"","ast-featured-img":"","footer-sml-layout":"","ast-disable-related-posts":"","theme-transparent-header-meta":"default","adv-header-id-meta":"","stick-header-meta":"","header-above-stick-meta":"","header-main-stick-meta":"","header-below-stick-meta":"","astra-migrate-meta-layouts":"set","ast-page-background-enabled":"default","ast-page-background-meta":{"desktop":{"background-color":"","background-image":"","background-repeat":"repeat","background-position":"center center","background-size":"auto","background-attachment":"scroll","background-type":"","background-media":"","overlay-type":"","overlay-color":"","overlay-opacity":"","overlay-gradient":""},"tablet":{"background-color":"","background-image":"","background-repeat":"repeat","background-position":"center center","background-size":"auto","background-attachment":"scroll","background-type":"","background-media":"","overlay-type":"","overlay-color":"","overlay-opacity":"","overlay-gradient":""},"mobile":{"background-color":"","background-image":"","background-repeat":"repeat","background-position":"center center","background-size":"auto","background-attachment":"scroll","background-type":"","background-media":"","overlay-type":"","overlay-color":"","overlay-opacity":"","overlay-gradient":""}},"ast-content-background-meta":{"desktop":{"background-color":"var(--ast-global-color-5)","background-image":"","background-repeat":"repeat","background-position":"center center","background-size":"auto","background-attachment":"scroll","background-type":"","background-media":"","overlay-type":"","overlay-color":"","overlay-opacity":"","overlay-gradient":""},"tablet":{"background-color":"var(--ast-global-color-5)","background-image":"","background-repeat":"repeat","background-position":"center center","background-size":"auto","background-attachment":"scroll","background-type":"","background-media":"","overlay-type":"","overlay-color":"","overlay-opacity":"","overlay-gradient":""},"mobile":{"background-color":"var(--ast-global-color-5)","background-image":"","background-repeat":"repeat","background-position":"center center","background-size":"auto","background-attachment":"scroll","background-type":"","background-media":"","overlay-type":"","overlay-color":"","overlay-opacity":"","overlay-gradient":""}}},"product_brand":[],"product_cat":[82],"product_tag":[],"class_list":{"0":"post-3284","1":"product","2":"type-product","3":"status-publish","4":"has-post-thumbnail","6":"product_cat-accessoires-montre","7":"desktop-align-center","8":"tablet-align-center","9":"mobile-align-center","10":"ast-product-gallery-layout-vertical","11":"ast-product-tabs-layout-accordion","13":"first","14":"instock","15":"taxable","16":"shipping-taxable","17":"purchasable","18":"product-type-simple"},"yoast_head":"<!-- This site is optimized with the Yoast SEO plugin v27.4 - https:\/\/yoast.com\/product\/yoast-seo-wordpress\/ -->\n<title>Coffret Montre Homme - \u00c9tui cuir marron<\/title>\n<meta name=\"description\" content=\"D\u00e9couvrez notre Coffret Montre Homme en Cuir marron \u00e9l\u00e9gant et fonctionnel. Protection optimale, design raffin\u00e9, id\u00e9al pour vos montres automatiques !\" \/>\n<meta name=\"robots\" content=\"index, follow, max-snippet:-1, max-image-preview:large, max-video-preview:-1\" \/>\n<link rel=\"canonical\" href=\"https:\/\/waaqt-arabicdial.com\/de\/produkt\/schatulle-mit-herrenuhr-und-braunem-lederetui\/\" \/>\n<meta property=\"og:locale\" content=\"de_DE\" \/>\n<meta property=\"og:type\" content=\"article\" \/>\n<meta property=\"og:title\" content=\"Coffret Montre Homme - \u00c9tui cuir marron\" \/>\n<meta property=\"og:description\" content=\"D\u00e9couvrez notre Coffret Montre Homme en Cuir marron \u00e9l\u00e9gant et fonctionnel. Protection optimale, design raffin\u00e9, id\u00e9al pour vos montres automatiques !\" \/>\n<meta property=\"og:url\" content=\"https:\/\/waaqt-arabicdial.com\/de\/produkt\/schatulle-mit-herrenuhr-und-braunem-lederetui\/\" \/>\n<meta property=\"og:site_name\" content=\"Waaqt - Expert Seiko Arabic Dial\" \/>\n<meta property=\"article:modified_time\" content=\"2024-10-25T04:24:43+00:00\" \/>\n<meta property=\"og:image\" content=\"https:\/\/waaqt-arabicdial.com\/wp-content\/uploads\/2023\/09\/71mOg1DOudL._AC_SL1500_.jpg\" \/>\n\t<meta property=\"og:image:width\" content=\"1500\" \/>\n\t<meta property=\"og:image:height\" content=\"1500\" \/>\n\t<meta property=\"og:image:type\" content=\"image\/jpeg\" \/>\n<meta name=\"twitter:card\" content=\"summary_large_image\" \/>\n<meta name=\"twitter:label1\" content=\"Gesch\u00e4tzte Lesezeit\" \/>\n\t<meta name=\"twitter:data1\" content=\"2\u00a0Minuten\" \/>\n<script type=\"application\/ld+json\" class=\"yoast-schema-graph\">{\"@context\":\"https:\\\/\\\/schema.org\",\"@graph\":[{\"@type\":\"WebPage\",\"@id\":\"https:\\\/\\\/waaqt-arabicdial.com\\\/produit\\\/coffret-montre-homme-etui-cuir-marron\\\/\",\"url\":\"https:\\\/\\\/waaqt-arabicdial.com\\\/produit\\\/coffret-montre-homme-etui-cuir-marron\\\/\",\"name\":\"Coffret Montre Homme - \u00c9tui cuir marron\",\"isPartOf\":{\"@id\":\"https:\\\/\\\/waaqt-arabicdial.com\\\/#website\"},\"primaryImageOfPage\":{\"@id\":\"https:\\\/\\\/waaqt-arabicdial.com\\\/produit\\\/coffret-montre-homme-etui-cuir-marron\\\/#primaryimage\"},\"image\":{\"@id\":\"https:\\\/\\\/waaqt-arabicdial.com\\\/produit\\\/coffret-montre-homme-etui-cuir-marron\\\/#primaryimage\"},\"thumbnailUrl\":\"https:\\\/\\\/waaqt-arabicdial.com\\\/wp-content\\\/uploads\\\/2023\\\/09\\\/71mOg1DOudL._AC_SL1500_.jpg\",\"datePublished\":\"2023-09-26T09:37:16+00:00\",\"dateModified\":\"2024-10-25T04:24:43+00:00\",\"description\":\"D\u00e9couvrez notre Coffret Montre Homme en Cuir marron \u00e9l\u00e9gant et fonctionnel. Protection optimale, design raffin\u00e9, id\u00e9al pour vos montres automatiques !\",\"breadcrumb\":{\"@id\":\"https:\\\/\\\/waaqt-arabicdial.com\\\/produit\\\/coffret-montre-homme-etui-cuir-marron\\\/#breadcrumb\"},\"inLanguage\":\"de\",\"potentialAction\":[{\"@type\":\"ReadAction\",\"target\":[\"https:\\\/\\\/waaqt-arabicdial.com\\\/produit\\\/coffret-montre-homme-etui-cuir-marron\\\/\"]}]},{\"@type\":\"ImageObject\",\"inLanguage\":\"de\",\"@id\":\"https:\\\/\\\/waaqt-arabicdial.com\\\/produit\\\/coffret-montre-homme-etui-cuir-marron\\\/#primaryimage\",\"url\":\"https:\\\/\\\/waaqt-arabicdial.com\\\/wp-content\\\/uploads\\\/2023\\\/09\\\/71mOg1DOudL._AC_SL1500_.jpg\",\"contentUrl\":\"https:\\\/\\\/waaqt-arabicdial.com\\\/wp-content\\\/uploads\\\/2023\\\/09\\\/71mOg1DOudL._AC_SL1500_.jpg\",\"width\":1500,\"height\":1500,\"caption\":\"Coffret montre en cuir marron avec 3 montres\"},{\"@type\":\"BreadcrumbList\",\"@id\":\"https:\\\/\\\/waaqt-arabicdial.com\\\/produit\\\/coffret-montre-homme-etui-cuir-marron\\\/#breadcrumb\",\"itemListElement\":[{\"@type\":\"ListItem\",\"position\":1,\"name\":\"Accueil\",\"item\":\"https:\\\/\\\/waaqt-arabicdial.com\\\/\"},{\"@type\":\"ListItem\",\"position\":2,\"name\":\"Montres Seiko Arabic Dial authentiques\",\"item\":\"https:\\\/\\\/waaqt-arabicdial.com\\\/shop\\\/\"},{\"@type\":\"ListItem\",\"position\":3,\"name\":\"Coffret Montre Homme &#8211; \u00c9tui cuir marron\"}]},{\"@type\":\"WebSite\",\"@id\":\"https:\\\/\\\/waaqt-arabicdial.com\\\/#website\",\"url\":\"https:\\\/\\\/waaqt-arabicdial.com\\\/\",\"name\":\"Waaqt - Expert Seiko Arabic Dial\",\"description\":\"Expert Seiko Arabic Dial en France\",\"publisher\":{\"@id\":\"https:\\\/\\\/waaqt-arabicdial.com\\\/#organization\"},\"potentialAction\":[{\"@type\":\"SearchAction\",\"target\":{\"@type\":\"EntryPoint\",\"urlTemplate\":\"https:\\\/\\\/waaqt-arabicdial.com\\\/?s={search_term_string}\"},\"query-input\":{\"@type\":\"PropertyValueSpecification\",\"valueRequired\":true,\"valueName\":\"search_term_string\"}}],\"inLanguage\":\"de\"},{\"@type\":\"Organization\",\"@id\":\"https:\\\/\\\/waaqt-arabicdial.com\\\/#organization\",\"name\":\"Waaqt - Expert Seiko Arabic Dial\",\"url\":\"https:\\\/\\\/waaqt-arabicdial.com\\\/\",\"logo\":{\"@type\":\"ImageObject\",\"inLanguage\":\"de\",\"@id\":\"https:\\\/\\\/waaqt-arabicdial.com\\\/#\\\/schema\\\/logo\\\/image\\\/\",\"url\":\"https:\\\/\\\/waaqt-arabicdial.com\\\/wp-content\\\/uploads\\\/2023\\\/06\\\/WhatsApp_Image_2023-05-26_a_22.33.08-removebg-preview.png\",\"contentUrl\":\"https:\\\/\\\/waaqt-arabicdial.com\\\/wp-content\\\/uploads\\\/2023\\\/06\\\/WhatsApp_Image_2023-05-26_a_22.33.08-removebg-preview.png\",\"width\":500,\"height\":500,\"caption\":\"Waaqt - Expert Seiko Arabic Dial\"},\"image\":{\"@id\":\"https:\\\/\\\/waaqt-arabicdial.com\\\/#\\\/schema\\\/logo\\\/image\\\/\"},\"sameAs\":[\"https:\\\/\\\/www.tiktok.com\\\/@waaqt.com?_t=8ctOXkcAvyV&_r=1\"]}]}<\/script>\n<!-- \/ Yoast SEO plugin. -->","yoast_head_json":{"title":"Coffret Montre Homme - \u00c9tui cuir marron","description":"D\u00e9couvrez notre Coffret Montre Homme en Cuir marron \u00e9l\u00e9gant et fonctionnel. Protection optimale, design raffin\u00e9, id\u00e9al pour vos montres automatiques !","robots":{"index":"index","follow":"follow","max-snippet":"max-snippet:-1","max-image-preview":"max-image-preview:large","max-video-preview":"max-video-preview:-1"},"canonical":"https:\/\/waaqt-arabicdial.com\/de\/produkt\/schatulle-mit-herrenuhr-und-braunem-lederetui\/","og_locale":"de_DE","og_type":"article","og_title":"Coffret Montre Homme - \u00c9tui cuir marron","og_description":"D\u00e9couvrez notre Coffret Montre Homme en Cuir marron \u00e9l\u00e9gant et fonctionnel. Protection optimale, design raffin\u00e9, id\u00e9al pour vos montres automatiques !","og_url":"https:\/\/waaqt-arabicdial.com\/de\/produkt\/schatulle-mit-herrenuhr-und-braunem-lederetui\/","og_site_name":"Waaqt - Expert Seiko Arabic Dial","article_modified_time":"2024-10-25T04:24:43+00:00","og_image":[{"width":1500,"height":1500,"url":"https:\/\/waaqt-arabicdial.com\/wp-content\/uploads\/2023\/09\/71mOg1DOudL._AC_SL1500_.jpg","type":"image\/jpeg"}],"twitter_card":"summary_large_image","twitter_misc":{"Gesch\u00e4tzte Lesezeit":"2\u00a0Minuten"},"schema":{"@context":"https:\/\/schema.org","@graph":[{"@type":"WebPage","@id":"https:\/\/waaqt-arabicdial.com\/produit\/coffret-montre-homme-etui-cuir-marron\/","url":"https:\/\/waaqt-arabicdial.com\/produit\/coffret-montre-homme-etui-cuir-marron\/","name":"Coffret Montre Homme - \u00c9tui cuir marron","isPartOf":{"@id":"https:\/\/waaqt-arabicdial.com\/#website"},"primaryImageOfPage":{"@id":"https:\/\/waaqt-arabicdial.com\/produit\/coffret-montre-homme-etui-cuir-marron\/#primaryimage"},"image":{"@id":"https:\/\/waaqt-arabicdial.com\/produit\/coffret-montre-homme-etui-cuir-marron\/#primaryimage"},"thumbnailUrl":"https:\/\/waaqt-arabicdial.com\/wp-content\/uploads\/2023\/09\/71mOg1DOudL._AC_SL1500_.jpg","datePublished":"2023-09-26T09:37:16+00:00","dateModified":"2024-10-25T04:24:43+00:00","description":"D\u00e9couvrez notre Coffret Montre Homme en Cuir marron \u00e9l\u00e9gant et fonctionnel. Protection optimale, design raffin\u00e9, id\u00e9al pour vos montres automatiques !","breadcrumb":{"@id":"https:\/\/waaqt-arabicdial.com\/produit\/coffret-montre-homme-etui-cuir-marron\/#breadcrumb"},"inLanguage":"de","potentialAction":[{"@type":"ReadAction","target":["https:\/\/waaqt-arabicdial.com\/produit\/coffret-montre-homme-etui-cuir-marron\/"]}]},{"@type":"ImageObject","inLanguage":"de","@id":"https:\/\/waaqt-arabicdial.com\/produit\/coffret-montre-homme-etui-cuir-marron\/#primaryimage","url":"https:\/\/waaqt-arabicdial.com\/wp-content\/uploads\/2023\/09\/71mOg1DOudL._AC_SL1500_.jpg","contentUrl":"https:\/\/waaqt-arabicdial.com\/wp-content\/uploads\/2023\/09\/71mOg1DOudL._AC_SL1500_.jpg","width":1500,"height":1500,"caption":"Coffret montre en cuir marron avec 3 montres"},{"@type":"BreadcrumbList","@id":"https:\/\/waaqt-arabicdial.com\/produit\/coffret-montre-homme-etui-cuir-marron\/#breadcrumb","itemListElement":[{"@type":"ListItem","position":1,"name":"Accueil","item":"https:\/\/waaqt-arabicdial.com\/"},{"@type":"ListItem","position":2,"name":"Montres Seiko Arabic Dial authentiques","item":"https:\/\/waaqt-arabicdial.com\/shop\/"},{"@type":"ListItem","position":3,"name":"Coffret Montre Homme &#8211; \u00c9tui cuir marron"}]},{"@type":"WebSite","@id":"https:\/\/waaqt-arabicdial.com\/#website","url":"https:\/\/waaqt-arabicdial.com\/","name":"Waaqt - Expert Seiko Arabic Dial","description":"Expert Seiko Arabic Dial en France","publisher":{"@id":"https:\/\/waaqt-arabicdial.com\/#organization"},"potentialAction":[{"@type":"SearchAction","target":{"@type":"EntryPoint","urlTemplate":"https:\/\/waaqt-arabicdial.com\/?s={search_term_string}"},"query-input":{"@type":"PropertyValueSpecification","valueRequired":true,"valueName":"search_term_string"}}],"inLanguage":"de"},{"@type":"Organization","@id":"https:\/\/waaqt-arabicdial.com\/#organization","name":"Waaqt - Expert Seiko Arabic Dial","url":"https:\/\/waaqt-arabicdial.com\/","logo":{"@type":"ImageObject","inLanguage":"de","@id":"https:\/\/waaqt-arabicdial.com\/#\/schema\/logo\/image\/","url":"https:\/\/waaqt-arabicdial.com\/wp-content\/uploads\/2023\/06\/WhatsApp_Image_2023-05-26_a_22.33.08-removebg-preview.png","contentUrl":"https:\/\/waaqt-arabicdial.com\/wp-content\/uploads\/2023\/06\/WhatsApp_Image_2023-05-26_a_22.33.08-removebg-preview.png","width":500,"height":500,"caption":"Waaqt - Expert Seiko Arabic Dial"},"image":{"@id":"https:\/\/waaqt-arabicdial.com\/#\/schema\/logo\/image\/"},"sameAs":["https:\/\/www.tiktok.com\/@waaqt.com?_t=8ctOXkcAvyV&_r=1"]}]}},"jetpack_sharing_enabled":true,"_links":{"self":[{"href":"https:\/\/waaqt-arabicdial.com\/de\/wp-json\/wp\/v2\/product\/3284","targetHints":{"allow":["GET"]}}],"collection":[{"href":"https:\/\/waaqt-arabicdial.com\/de\/wp-json\/wp\/v2\/product"}],"about":[{"href":"https:\/\/waaqt-arabicdial.com\/de\/wp-json\/wp\/v2\/types\/product"}],"replies":[{"embeddable":true,"href":"https:\/\/waaqt-arabicdial.com\/de\/wp-json\/wp\/v2\/comments?post=3284"}],"version-history":[{"count":4,"href":"https:\/\/waaqt-arabicdial.com\/de\/wp-json\/wp\/v2\/product\/3284\/revisions"}],"predecessor-version":[{"id":4841,"href":"https:\/\/waaqt-arabicdial.com\/de\/wp-json\/wp\/v2\/product\/3284\/revisions\/4841"}],"wp:featuredmedia":[{"embeddable":true,"href":"https:\/\/waaqt-arabicdial.com\/de\/wp-json\/wp\/v2\/media\/3290"}],"wp:attachment":[{"href":"https:\/\/waaqt-arabicdial.com\/de\/wp-json\/wp\/v2\/media?parent=3284"}],"wp:term":[{"taxonomy":"product_brand","embeddable":true,"href":"https:\/\/waaqt-arabicdial.com\/de\/wp-json\/wp\/v2\/product_brand?post=3284"},{"taxonomy":"product_cat","embeddable":true,"href":"https:\/\/waaqt-arabicdial.com\/de\/wp-json\/wp\/v2\/product_cat?post=3284"},{"taxonomy":"product_tag","embeddable":true,"href":"https:\/\/waaqt-arabicdial.com\/de\/wp-json\/wp\/v2\/product_tag?post=3284"}],"curies":[{"name":"wp","href":"https:\/\/api.w.org\/{rel}","templated":true}]}}