{"id":146,"date":"2018-07-24T06:47:21","date_gmt":"2018-07-24T06:47:21","guid":{"rendered":"https:\/\/waaqt-arabicdial.com\/produit\/air-pro-x3-aqua\/"},"modified":"2026-04-18T11:33:29","modified_gmt":"2026-04-18T11:33:29","slug":"seiko-arabic-dial-42mm","status":"publish","type":"product","link":"https:\/\/waaqt-arabicdial.com\/de\/produit\/seiko-arabic-dial-42mm\/","title":{"rendered":"Seiko Arabic Dial 42mm SNKP21J1"},"content":{"rendered":"<p><strong>Seiko Arabic Dial SNKP21J1 42mm<\/strong> oder \"La Polyvalente\" ist <strong>DIE perfekte Automatikuhr mit arabischem Zifferblatt f\u00fcr alle M\u00e4nner<\/strong>.<\/p>\n<p>Mit seinem<strong> 42-mm-Geh\u00e4use in Standardgr\u00f6\u00dfe<\/strong>Diese Uhr bietet <b>eine robuste Pr\u00e4senz am Handgelenk<\/b>. <b>Suchen Sie ein originelles Geschenk f\u00fcr einen Mann?<\/b> Diese Uhr ist erh\u00e4ltlich und k\u00f6nnte die Antwort sein, nach der Sie suchen.<\/p>\n<h2>Warum Sie die Seiko 5 SNKP21J1 Uhr kaufen sollten :<\/h2>\n<ul>\n<li><strong>Arabisches Zifferblatt<\/strong>: Die Tage k\u00f6nnen in Englisch &amp; Arabisch angezeigt werden.<\/li>\n<li><strong>42-mm-Geh\u00e4use <\/strong>: Aus hochwertigem Edelstahl, <b>nicht zu gro\u00df und nicht zu klein<\/b>.<\/li>\n<li><strong>Seiko Automatik-Uhrwerk <\/strong>Die Uhr wird von einem Seiko 7s26 Automatikwerk angetrieben, das f\u00fcr Pr\u00e4zision steht.<\/li>\n<li><strong>Die Zeit lesen... zu jeder Zeit <\/strong>: Mit seinen <strong>Leuchtzeiger<\/strong> k\u00f6nnen Sie sicher sein, dass Sie die Uhrzeit auch im Dunkeln ablesen k\u00f6nnen.<\/li>\n<li><strong>Wasserfestigkeit bei 5 ATM <\/strong>: Wasserdicht bis <strong>50 Meter unter Wasser<\/strong>.<\/li>\n<li><strong>Widerstandsf\u00e4higkeit gegen Kratzer <\/strong>: Der<strong> Hardlex-Glas von Seiko<\/strong> &amp; das Armband aus rostfreiem Stahl bieten eine hohe Widerstandsf\u00e4higkeit.<\/li>\n<\/ul>\n<p>Wir stellen Ihnen die kleine Schwester vor <b>: <\/b>die <a href=\"https:\/\/waaqt-arabicdial.com\/de\/produkt\/seiko-arabic-dial-34mm\/\">Seiko Arabic Dial SNK063J5 34mm<\/a>. Entdecken Sie ansonsten <a href=\"https:\/\/waaqt-arabicdial.com\/de\/produktkategorie\/seiko-arabic-dial\/\">Seiko Arabic Dial<\/a> die sich einen Platz in Ihrer Uhrensammlung sichern werden.<\/p>\n<p>&#8212;&#8211;<\/p>\n<p><em><strong>Lieferung Full Set, Direkt in Plastik &amp; Sticky<\/strong> : Wenn Sie bei Waaqt einkaufen, kommt jede neue Seiko-Uhr in einem kompletten Set an. <strong>Sie erhalten Folgendes:<\/strong><\/em><\/p>\n<ul>\n<li><strong>Original- &amp; \u00dcberschachtel Seiko<\/strong> : Eine elegante Aufmachung, um Ihren wertvollen Zeitmesser zu bewahren und hervorzuheben.<\/li>\n<li><strong>Seiko Pflegeheft<\/strong> : Um Sie bei der Pflege Ihrer Uhr mit allen Empfehlungen des Herstellers anzuleiten.<\/li>\n<li><strong>Internationale Garantiebescheinigung<\/strong> : Dieses Zertifikat best\u00e4tigt die Echtheit Ihrer Uhr, abgestempelt auf das Datum Ihres Kaufs.<\/li>\n<\/ul>\n<p>Seien Sie gelassen. <strong>Ihre Uhr wartet auf Sie, gesch\u00fctzt, mit einem Sticker versehen und bereit, getragen zu werden.<\/strong><\/p>","protected":false},"excerpt":{"rendered":"<p>Seiko Arabic Dial SNKP21J1 42mm oder \"La Polyvalente\" ist DIE Automatikuhr mit arabischem Zifferblatt, die perfekt f\u00fcr alle M\u00e4nner ist. Mit ihrem Geh\u00e4use in Standardgr\u00f6\u00dfe von 42 mm bietet diese Uhr eine robuste Pr\u00e4senz am Handgelenk. Suchen Sie ein originelles Geschenk f\u00fcr einen Mann? Diese Uhr ist erh\u00e4ltlich und k\u00f6nnte die [...].<\/p>","protected":false},"featured_media":6724,"comment_status":"open","ping_status":"closed","template":"","meta":{"site-sidebar-layout":"default","site-content-layout":"default","ast-site-content-layout":"default","site-content-style":"default","site-sidebar-style":"default","ast-global-header-display":"","ast-banner-title-visibility":"","ast-main-header-display":"","ast-hfb-above-header-display":"","ast-hfb-below-header-display":"","ast-hfb-mobile-header-display":"","site-post-title":"","ast-breadcrumbs-content":"","ast-featured-img":"","footer-sml-layout":"","ast-disable-related-posts":"","theme-transparent-header-meta":"default","adv-header-id-meta":"","stick-header-meta":"default","header-above-stick-meta":"","header-main-stick-meta":"","header-below-stick-meta":"","astra-migrate-meta-layouts":"set","ast-page-background-enabled":"default","ast-page-background-meta":{"desktop":{"background-color":"","background-image":"","background-repeat":"repeat","background-position":"center center","background-size":"auto","background-attachment":"scroll","background-type":"","background-media":"","overlay-type":"","overlay-color":"","overlay-opacity":"","overlay-gradient":""},"tablet":{"background-color":"","background-image":"","background-repeat":"repeat","background-position":"center center","background-size":"auto","background-attachment":"scroll","background-type":"","background-media":"","overlay-type":"","overlay-color":"","overlay-opacity":"","overlay-gradient":""},"mobile":{"background-color":"","background-image":"","background-repeat":"repeat","background-position":"center center","background-size":"auto","background-attachment":"scroll","background-type":"","background-media":"","overlay-type":"","overlay-color":"","overlay-opacity":"","overlay-gradient":""}},"ast-content-background-meta":{"desktop":{"background-color":"var(--ast-global-color-5)","background-image":"","background-repeat":"repeat","background-position":"center center","background-size":"auto","background-attachment":"scroll","background-type":"","background-media":"","overlay-type":"","overlay-color":"","overlay-opacity":"","overlay-gradient":""},"tablet":{"background-color":"var(--ast-global-color-5)","background-image":"","background-repeat":"repeat","background-position":"center center","background-size":"auto","background-attachment":"scroll","background-type":"","background-media":"","overlay-type":"","overlay-color":"","overlay-opacity":"","overlay-gradient":""},"mobile":{"background-color":"var(--ast-global-color-5)","background-image":"","background-repeat":"repeat","background-position":"center center","background-size":"auto","background-attachment":"scroll","background-type":"","background-media":"","overlay-type":"","overlay-color":"","overlay-opacity":"","overlay-gradient":""}}},"product_brand":[],"product_cat":[74],"product_tag":[],"class_list":{"0":"post-146","1":"product","2":"type-product","3":"status-publish","4":"has-post-thumbnail","6":"product_cat-seiko-arabic-dial","7":"product_shipping_class-montres-seiko-arabic-dial","8":"desktop-align-center","9":"tablet-align-center","10":"mobile-align-center","11":"ast-product-gallery-layout-vertical","12":"ast-product-tabs-layout-accordion","14":"first","15":"instock","16":"taxable","17":"shipping-taxable","18":"purchasable","19":"product-type-simple"},"yoast_head":"<!-- This site is optimized with the Yoast SEO plugin v27.4 - https:\/\/yoast.com\/product\/yoast-seo-wordpress\/ -->\n<title>Seiko Arabic Dial 42mm SNKP21J1 | Livraison 72h \u2611\ufe0f<\/title>\n<meta name=\"description\" content=\"Seiko Arabic Dial SNKP21J1 42mm Black. Avec son bo\u00eetier noir arabe et son mouvement automatique de pr\u00e9cision, cette montre allie style et performance.\" \/>\n<meta name=\"robots\" content=\"index, follow, max-snippet:-1, max-image-preview:large, max-video-preview:-1\" \/>\n<link rel=\"canonical\" href=\"https:\/\/waaqt-arabicdial.com\/de\/produkt\/seiko-arabic-dial-42mm\/\" \/>\n<meta property=\"og:locale\" content=\"de_DE\" \/>\n<meta property=\"og:type\" content=\"article\" \/>\n<meta property=\"og:title\" content=\"Seiko Arabic Dial 42mm SNKP21J1 | Livraison 72h \u2611\ufe0f\" \/>\n<meta property=\"og:description\" content=\"Seiko Arabic Dial SNKP21J1 42mm Black. Avec son bo\u00eetier noir arabe et son mouvement automatique de pr\u00e9cision, cette montre allie style et performance.\" \/>\n<meta property=\"og:url\" content=\"https:\/\/waaqt-arabicdial.com\/de\/produkt\/seiko-arabic-dial-42mm\/\" \/>\n<meta property=\"og:site_name\" content=\"Waaqt - Expert Seiko Arabic Dial\" \/>\n<meta property=\"article:modified_time\" content=\"2026-04-18T11:33:29+00:00\" \/>\n<meta property=\"og:image\" content=\"https:\/\/waaqt-arabicdial.com\/wp-content\/uploads\/2018\/07\/Montre-Seiko-chiffres-arabes-6.webp\" \/>\n\t<meta property=\"og:image:width\" content=\"500\" \/>\n\t<meta property=\"og:image:height\" content=\"500\" \/>\n\t<meta property=\"og:image:type\" content=\"image\/webp\" \/>\n<meta name=\"twitter:card\" content=\"summary_large_image\" \/>\n<meta name=\"twitter:label1\" content=\"Gesch\u00e4tzte Lesezeit\" \/>\n\t<meta name=\"twitter:data1\" content=\"2\u00a0Minuten\" \/>\n<script type=\"application\/ld+json\" class=\"yoast-schema-graph\">{\"@context\":\"https:\\\/\\\/schema.org\",\"@graph\":[{\"@type\":\"WebPage\",\"@id\":\"https:\\\/\\\/waaqt-arabicdial.com\\\/produit\\\/seiko-arabic-dial-42mm\\\/\",\"url\":\"https:\\\/\\\/waaqt-arabicdial.com\\\/produit\\\/seiko-arabic-dial-42mm\\\/\",\"name\":\"Seiko Arabic Dial 42mm SNKP21J1 | Livraison 72h \u2611\ufe0f\",\"isPartOf\":{\"@id\":\"https:\\\/\\\/waaqt-arabicdial.com\\\/#website\"},\"primaryImageOfPage\":{\"@id\":\"https:\\\/\\\/waaqt-arabicdial.com\\\/produit\\\/seiko-arabic-dial-42mm\\\/#primaryimage\"},\"image\":{\"@id\":\"https:\\\/\\\/waaqt-arabicdial.com\\\/produit\\\/seiko-arabic-dial-42mm\\\/#primaryimage\"},\"thumbnailUrl\":\"https:\\\/\\\/waaqt-arabicdial.com\\\/wp-content\\\/uploads\\\/2018\\\/07\\\/Montre-Seiko-chiffres-arabes-6.webp\",\"datePublished\":\"2018-07-24T06:47:21+00:00\",\"dateModified\":\"2026-04-18T11:33:29+00:00\",\"description\":\"Seiko Arabic Dial SNKP21J1 42mm Black. Avec son bo\u00eetier noir arabe et son mouvement automatique de pr\u00e9cision, cette montre allie style et performance.\",\"breadcrumb\":{\"@id\":\"https:\\\/\\\/waaqt-arabicdial.com\\\/produit\\\/seiko-arabic-dial-42mm\\\/#breadcrumb\"},\"inLanguage\":\"de\",\"potentialAction\":[{\"@type\":\"ReadAction\",\"target\":[\"https:\\\/\\\/waaqt-arabicdial.com\\\/produit\\\/seiko-arabic-dial-42mm\\\/\"]}]},{\"@type\":\"ImageObject\",\"inLanguage\":\"de\",\"@id\":\"https:\\\/\\\/waaqt-arabicdial.com\\\/produit\\\/seiko-arabic-dial-42mm\\\/#primaryimage\",\"url\":\"https:\\\/\\\/waaqt-arabicdial.com\\\/wp-content\\\/uploads\\\/2018\\\/07\\\/Montre-Seiko-chiffres-arabes-6.webp\",\"contentUrl\":\"https:\\\/\\\/waaqt-arabicdial.com\\\/wp-content\\\/uploads\\\/2018\\\/07\\\/Montre-Seiko-chiffres-arabes-6.webp\",\"width\":500,\"height\":500,\"caption\":\"Seiko Arabic Dial 42mm SNKP21J1\"},{\"@type\":\"BreadcrumbList\",\"@id\":\"https:\\\/\\\/waaqt-arabicdial.com\\\/produit\\\/seiko-arabic-dial-42mm\\\/#breadcrumb\",\"itemListElement\":[{\"@type\":\"ListItem\",\"position\":1,\"name\":\"Accueil\",\"item\":\"https:\\\/\\\/waaqt-arabicdial.com\\\/\"},{\"@type\":\"ListItem\",\"position\":2,\"name\":\"Montres Seiko Arabic Dial authentiques\",\"item\":\"https:\\\/\\\/waaqt-arabicdial.com\\\/shop\\\/\"},{\"@type\":\"ListItem\",\"position\":3,\"name\":\"Seiko Arabic Dial 42mm SNKP21J1\"}]},{\"@type\":\"WebSite\",\"@id\":\"https:\\\/\\\/waaqt-arabicdial.com\\\/#website\",\"url\":\"https:\\\/\\\/waaqt-arabicdial.com\\\/\",\"name\":\"Waaqt - Expert Seiko Arabic Dial\",\"description\":\"Expert Seiko Arabic Dial en France\",\"publisher\":{\"@id\":\"https:\\\/\\\/waaqt-arabicdial.com\\\/#organization\"},\"potentialAction\":[{\"@type\":\"SearchAction\",\"target\":{\"@type\":\"EntryPoint\",\"urlTemplate\":\"https:\\\/\\\/waaqt-arabicdial.com\\\/?s={search_term_string}\"},\"query-input\":{\"@type\":\"PropertyValueSpecification\",\"valueRequired\":true,\"valueName\":\"search_term_string\"}}],\"inLanguage\":\"de\"},{\"@type\":\"Organization\",\"@id\":\"https:\\\/\\\/waaqt-arabicdial.com\\\/#organization\",\"name\":\"Waaqt - Expert Seiko Arabic Dial\",\"url\":\"https:\\\/\\\/waaqt-arabicdial.com\\\/\",\"logo\":{\"@type\":\"ImageObject\",\"inLanguage\":\"de\",\"@id\":\"https:\\\/\\\/waaqt-arabicdial.com\\\/#\\\/schema\\\/logo\\\/image\\\/\",\"url\":\"https:\\\/\\\/waaqt-arabicdial.com\\\/wp-content\\\/uploads\\\/2023\\\/06\\\/WhatsApp_Image_2023-05-26_a_22.33.08-removebg-preview.png\",\"contentUrl\":\"https:\\\/\\\/waaqt-arabicdial.com\\\/wp-content\\\/uploads\\\/2023\\\/06\\\/WhatsApp_Image_2023-05-26_a_22.33.08-removebg-preview.png\",\"width\":500,\"height\":500,\"caption\":\"Waaqt - Expert Seiko Arabic Dial\"},\"image\":{\"@id\":\"https:\\\/\\\/waaqt-arabicdial.com\\\/#\\\/schema\\\/logo\\\/image\\\/\"},\"sameAs\":[\"https:\\\/\\\/www.tiktok.com\\\/@waaqt.com?_t=8ctOXkcAvyV&_r=1\"]}]}<\/script>\n<!-- \/ Yoast SEO plugin. -->","yoast_head_json":{"title":"Seiko Arabic Dial 42mm SNKP21J1 | Livraison 72h \u2611\ufe0f","description":"Seiko Arabic Dial SNKP21J1 42mm Black. Avec son bo\u00eetier noir arabe et son mouvement automatique de pr\u00e9cision, cette montre allie style et performance.","robots":{"index":"index","follow":"follow","max-snippet":"max-snippet:-1","max-image-preview":"max-image-preview:large","max-video-preview":"max-video-preview:-1"},"canonical":"https:\/\/waaqt-arabicdial.com\/de\/produkt\/seiko-arabic-dial-42mm\/","og_locale":"de_DE","og_type":"article","og_title":"Seiko Arabic Dial 42mm SNKP21J1 | Livraison 72h \u2611\ufe0f","og_description":"Seiko Arabic Dial SNKP21J1 42mm Black. Avec son bo\u00eetier noir arabe et son mouvement automatique de pr\u00e9cision, cette montre allie style et performance.","og_url":"https:\/\/waaqt-arabicdial.com\/de\/produkt\/seiko-arabic-dial-42mm\/","og_site_name":"Waaqt - Expert Seiko Arabic Dial","article_modified_time":"2026-04-18T11:33:29+00:00","og_image":[{"width":500,"height":500,"url":"https:\/\/waaqt-arabicdial.com\/wp-content\/uploads\/2018\/07\/Montre-Seiko-chiffres-arabes-6.webp","type":"image\/webp"}],"twitter_card":"summary_large_image","twitter_misc":{"Gesch\u00e4tzte Lesezeit":"2\u00a0Minuten"},"schema":{"@context":"https:\/\/schema.org","@graph":[{"@type":"WebPage","@id":"https:\/\/waaqt-arabicdial.com\/produit\/seiko-arabic-dial-42mm\/","url":"https:\/\/waaqt-arabicdial.com\/produit\/seiko-arabic-dial-42mm\/","name":"Seiko Arabic Dial 42mm SNKP21J1 | Livraison 72h \u2611\ufe0f","isPartOf":{"@id":"https:\/\/waaqt-arabicdial.com\/#website"},"primaryImageOfPage":{"@id":"https:\/\/waaqt-arabicdial.com\/produit\/seiko-arabic-dial-42mm\/#primaryimage"},"image":{"@id":"https:\/\/waaqt-arabicdial.com\/produit\/seiko-arabic-dial-42mm\/#primaryimage"},"thumbnailUrl":"https:\/\/waaqt-arabicdial.com\/wp-content\/uploads\/2018\/07\/Montre-Seiko-chiffres-arabes-6.webp","datePublished":"2018-07-24T06:47:21+00:00","dateModified":"2026-04-18T11:33:29+00:00","description":"Seiko Arabic Dial SNKP21J1 42mm Black. Avec son bo\u00eetier noir arabe et son mouvement automatique de pr\u00e9cision, cette montre allie style et performance.","breadcrumb":{"@id":"https:\/\/waaqt-arabicdial.com\/produit\/seiko-arabic-dial-42mm\/#breadcrumb"},"inLanguage":"de","potentialAction":[{"@type":"ReadAction","target":["https:\/\/waaqt-arabicdial.com\/produit\/seiko-arabic-dial-42mm\/"]}]},{"@type":"ImageObject","inLanguage":"de","@id":"https:\/\/waaqt-arabicdial.com\/produit\/seiko-arabic-dial-42mm\/#primaryimage","url":"https:\/\/waaqt-arabicdial.com\/wp-content\/uploads\/2018\/07\/Montre-Seiko-chiffres-arabes-6.webp","contentUrl":"https:\/\/waaqt-arabicdial.com\/wp-content\/uploads\/2018\/07\/Montre-Seiko-chiffres-arabes-6.webp","width":500,"height":500,"caption":"Seiko Arabic Dial 42mm SNKP21J1"},{"@type":"BreadcrumbList","@id":"https:\/\/waaqt-arabicdial.com\/produit\/seiko-arabic-dial-42mm\/#breadcrumb","itemListElement":[{"@type":"ListItem","position":1,"name":"Accueil","item":"https:\/\/waaqt-arabicdial.com\/"},{"@type":"ListItem","position":2,"name":"Montres Seiko Arabic Dial authentiques","item":"https:\/\/waaqt-arabicdial.com\/shop\/"},{"@type":"ListItem","position":3,"name":"Seiko Arabic Dial 42mm SNKP21J1"}]},{"@type":"WebSite","@id":"https:\/\/waaqt-arabicdial.com\/#website","url":"https:\/\/waaqt-arabicdial.com\/","name":"Waaqt - Expert Seiko Arabic Dial","description":"Expert Seiko Arabic Dial en France","publisher":{"@id":"https:\/\/waaqt-arabicdial.com\/#organization"},"potentialAction":[{"@type":"SearchAction","target":{"@type":"EntryPoint","urlTemplate":"https:\/\/waaqt-arabicdial.com\/?s={search_term_string}"},"query-input":{"@type":"PropertyValueSpecification","valueRequired":true,"valueName":"search_term_string"}}],"inLanguage":"de"},{"@type":"Organization","@id":"https:\/\/waaqt-arabicdial.com\/#organization","name":"Waaqt - Expert Seiko Arabic Dial","url":"https:\/\/waaqt-arabicdial.com\/","logo":{"@type":"ImageObject","inLanguage":"de","@id":"https:\/\/waaqt-arabicdial.com\/#\/schema\/logo\/image\/","url":"https:\/\/waaqt-arabicdial.com\/wp-content\/uploads\/2023\/06\/WhatsApp_Image_2023-05-26_a_22.33.08-removebg-preview.png","contentUrl":"https:\/\/waaqt-arabicdial.com\/wp-content\/uploads\/2023\/06\/WhatsApp_Image_2023-05-26_a_22.33.08-removebg-preview.png","width":500,"height":500,"caption":"Waaqt - Expert Seiko Arabic Dial"},"image":{"@id":"https:\/\/waaqt-arabicdial.com\/#\/schema\/logo\/image\/"},"sameAs":["https:\/\/www.tiktok.com\/@waaqt.com?_t=8ctOXkcAvyV&_r=1"]}]}},"jetpack_sharing_enabled":true,"_links":{"self":[{"href":"https:\/\/waaqt-arabicdial.com\/de\/wp-json\/wp\/v2\/product\/146","targetHints":{"allow":["GET"]}}],"collection":[{"href":"https:\/\/waaqt-arabicdial.com\/de\/wp-json\/wp\/v2\/product"}],"about":[{"href":"https:\/\/waaqt-arabicdial.com\/de\/wp-json\/wp\/v2\/types\/product"}],"replies":[{"embeddable":true,"href":"https:\/\/waaqt-arabicdial.com\/de\/wp-json\/wp\/v2\/comments?post=146"}],"version-history":[{"count":52,"href":"https:\/\/waaqt-arabicdial.com\/de\/wp-json\/wp\/v2\/product\/146\/revisions"}],"predecessor-version":[{"id":8857,"href":"https:\/\/waaqt-arabicdial.com\/de\/wp-json\/wp\/v2\/product\/146\/revisions\/8857"}],"wp:featuredmedia":[{"embeddable":true,"href":"https:\/\/waaqt-arabicdial.com\/de\/wp-json\/wp\/v2\/media\/6724"}],"wp:attachment":[{"href":"https:\/\/waaqt-arabicdial.com\/de\/wp-json\/wp\/v2\/media?parent=146"}],"wp:term":[{"taxonomy":"product_brand","embeddable":true,"href":"https:\/\/waaqt-arabicdial.com\/de\/wp-json\/wp\/v2\/product_brand?post=146"},{"taxonomy":"product_cat","embeddable":true,"href":"https:\/\/waaqt-arabicdial.com\/de\/wp-json\/wp\/v2\/product_cat?post=146"},{"taxonomy":"product_tag","embeddable":true,"href":"https:\/\/waaqt-arabicdial.com\/de\/wp-json\/wp\/v2\/product_tag?post=146"}],"curies":[{"name":"wp","href":"https:\/\/api.w.org\/{rel}","templated":true}]}}