{"id":137,"date":"2018-07-24T06:45:22","date_gmt":"2018-07-24T06:45:22","guid":{"rendered":"https:\/\/waaqt-arabicdial.com\/produit\/air-pro-x3-orange\/"},"modified":"2026-04-28T16:27:03","modified_gmt":"2026-04-28T16:27:03","slug":"seiko-arabic-dial-34mm","status":"publish","type":"product","link":"https:\/\/waaqt-arabicdial.com\/de\/produit\/seiko-arabic-dial-34mm\/","title":{"rendered":"Seiko Arabic Dial 34mm SNK063J5"},"content":{"rendered":"<p><strong>Seiko Arabic Dial SNK063J5 34mm<\/strong> oder \"Die <em>Klassisch<\/em>\u00a0\" ist DIE Automatikuhr mit arabischem Zifferblatt von Seiko.<b> <\/b>Sie ist eine der Unisex-Uhren mit dem besten Preis-Leistungs-Verh\u00e4ltnis, die es heute auf dem Uhrenmarkt gibt.<\/p>\n<h2>D\u00e9couvrez notre review compl\u00e8te sur le mod\u00e8le Seiko Arabic Dial 34m :<\/h2>\n<div class=\"ast-oembed-container\" style=\"height: 100%;\"><iframe title=\"Seiko Arabic Dial 34mm SNK063J5 : UNBOXING\" width=\"500\" height=\"281\" src=\"https:\/\/www.youtube.com\/embed\/j7fMGQ6WuaA?feature=oembed&#038;enablejsapi=1&#038;origin=https:\/\/waaqt-arabicdial.com\" frameborder=\"0\" allow=\"accelerometer; autoplay; clipboard-write; encrypted-media; gyroscope; picture-in-picture; web-share\" referrerpolicy=\"strict-origin-when-cross-origin\" allowfullscreen><\/iframe><\/div>\n<h2>Hauptmerkmale dieser Seiko 5 SNK063J5 :<\/h2>\n<ul>\n<li><strong>Arabisch-indisches Zifferblatt <\/strong>: Die<strong> arabische Ziffern<\/strong> machen den Reiz dieser einzigartigen Uhr aus.<\/li>\n<li><strong>Unisex-Geh\u00e4use mit 34 mm Durchmesser :<\/strong> Dieser Zeitmesser passt an jedes Handgelenk, <strong>sowohl f\u00fcr M\u00e4nner als auch f\u00fcr Frauen.<\/strong><\/li>\n<li><strong>Seiko Automatik-Uhrwerk :<\/strong> Moderiert von der <strong>Kaliber 7S26<\/strong> aus japanischer Herstellung.<\/li>\n<li><strong>Lumibrite-Technologie<\/strong>\u00a0: Zus\u00e4tzlich zu den <strong>Leuchtzeiger <\/strong>im Dunkeln, von <strong>Marker vorhanden sind.<\/strong><\/li>\n<li><strong>Wasserdichtheit<\/strong><strong> 30 Meter<\/strong><strong> :<\/strong> Wasserbest\u00e4ndig bis 3 ATM.<\/li>\n<li><strong>Widerstandsf\u00e4higkeit gegen Kratzer <\/strong>: Der<strong> Material Seiko Hardlex-Glas<\/strong> bietet Widerstand gegen alle kleinen Unf\u00e4lle des Alltags.<\/li>\n<\/ul>\n<p>Entdecken Sie die Farbe Gr\u00fcn mit der <a href=\"https:\/\/waaqt-arabicdial.com\/de\/produkt\/seiko-arabic-dial-green\/\">Seiko Arabic Dial Green SRPH49 40mm<\/a> der Reihe <a href=\"https:\/\/waaqt-arabicdial.com\/de\/produktkategorie\/seiko-arabic-dial\/\">Seiko 5 Arabic Dial<\/a> finden Sie Modelle, die Ihrem Geschmack entsprechen.<\/p>\n<p>&#8212;&#8211;<\/p>\n<p><em><strong>Lieferung Full Set, Direkt in Plastik &amp; Sticky<\/strong> : Wenn Sie bei Waaqt einkaufen, kommt jede Seiko-Uhr in einem kompletten Set. <strong>Sie erhalten Folgendes:<\/strong><\/em><\/p>\n<ul>\n<li><strong>Original- &amp; \u00dcberschachtel Seiko<\/strong> : Eine elegante Aufmachung, um Ihren wertvollen Zeitmesser zu bewahren und hervorzuheben.<\/li>\n<li><strong>Seiko Pflegeheft<\/strong> : Um Sie bei der Pflege Ihrer Uhr mit allen Empfehlungen des Herstellers anzuleiten.<\/li>\n<li><strong>Internationale Garantiebescheinigung<\/strong> : Dieses Zertifikat best\u00e4tigt die Echtheit Ihrer Uhr, abgestempelt auf das Datum Ihres Kaufs.<\/li>\n<\/ul>\n<p>Seien Sie gelassen. <strong>Ihre Uhr mit Rechnung wartet auf Sie, gesch\u00fctzt, mit einem Sticker versehen und bereit, getragen zu werden.<\/strong><\/p>","protected":false},"excerpt":{"rendered":"<p>Seiko Arabic Dial SNK063J5 34mm ou \u00ab\u00a0La Classique\u00a0\u00bb est LA montre automatique au cadran arabe par Seiko. C&rsquo;est l&rsquo;une des montres unisexe avec le meilleur rapport qualit\u00e9-prix aujourd&rsquo;hui sur le march\u00e9 de l&rsquo;horlogerie. D\u00e9couvrez notre review compl\u00e8te sur le mod\u00e8le Seiko Arabic Dial 34m : Caract\u00e9ristiques principales de cette Seiko 5 SNK063J5 : Cadran arabo-indien [&hellip;]<\/p>","protected":false},"featured_media":6723,"comment_status":"open","ping_status":"closed","template":"","meta":{"site-sidebar-layout":"default","site-content-layout":"default","ast-site-content-layout":"default","site-content-style":"default","site-sidebar-style":"default","ast-global-header-display":"","ast-banner-title-visibility":"","ast-main-header-display":"","ast-hfb-above-header-display":"","ast-hfb-below-header-display":"","ast-hfb-mobile-header-display":"","site-post-title":"","ast-breadcrumbs-content":"","ast-featured-img":"","footer-sml-layout":"","ast-disable-related-posts":"","theme-transparent-header-meta":"default","adv-header-id-meta":"","stick-header-meta":"default","header-above-stick-meta":"","header-main-stick-meta":"","header-below-stick-meta":"","astra-migrate-meta-layouts":"set","ast-page-background-enabled":"default","ast-page-background-meta":{"desktop":{"background-color":"","background-image":"","background-repeat":"repeat","background-position":"center center","background-size":"auto","background-attachment":"scroll","background-type":"","background-media":"","overlay-type":"","overlay-color":"","overlay-opacity":"","overlay-gradient":""},"tablet":{"background-color":"","background-image":"","background-repeat":"repeat","background-position":"center center","background-size":"auto","background-attachment":"scroll","background-type":"","background-media":"","overlay-type":"","overlay-color":"","overlay-opacity":"","overlay-gradient":""},"mobile":{"background-color":"","background-image":"","background-repeat":"repeat","background-position":"center center","background-size":"auto","background-attachment":"scroll","background-type":"","background-media":"","overlay-type":"","overlay-color":"","overlay-opacity":"","overlay-gradient":""}},"ast-content-background-meta":{"desktop":{"background-color":"var(--ast-global-color-5)","background-image":"","background-repeat":"repeat","background-position":"center center","background-size":"auto","background-attachment":"scroll","background-type":"","background-media":"","overlay-type":"","overlay-color":"","overlay-opacity":"","overlay-gradient":""},"tablet":{"background-color":"var(--ast-global-color-5)","background-image":"","background-repeat":"repeat","background-position":"center center","background-size":"auto","background-attachment":"scroll","background-type":"","background-media":"","overlay-type":"","overlay-color":"","overlay-opacity":"","overlay-gradient":""},"mobile":{"background-color":"var(--ast-global-color-5)","background-image":"","background-repeat":"repeat","background-position":"center center","background-size":"auto","background-attachment":"scroll","background-type":"","background-media":"","overlay-type":"","overlay-color":"","overlay-opacity":"","overlay-gradient":""}}},"product_brand":[],"product_cat":[74],"product_tag":[],"class_list":{"0":"post-137","1":"product","2":"type-product","3":"status-publish","4":"has-post-thumbnail","6":"product_cat-seiko-arabic-dial","7":"product_shipping_class-montres-seiko-arabic-dial","8":"desktop-align-center","9":"tablet-align-center","10":"mobile-align-center","11":"ast-product-gallery-layout-vertical","12":"ast-product-tabs-layout-accordion","14":"first","15":"instock","16":"taxable","17":"shipping-taxable","18":"purchasable","19":"product-type-simple"},"yoast_head":"<!-- This site is optimized with the Yoast SEO plugin v27.4 - https:\/\/yoast.com\/product\/yoast-seo-wordpress\/ -->\n<title>Seiko Arabic Dial 34mm SNK063J5<\/title>\n<meta name=\"description\" content=\"La montre Seiko Arabic Dial SNK063J5 34mm est unique. Exprimez votre singularit\u00e9 avec cette pi\u00e8ce horlog\u00e8re au cadran arabe embl\u00e9matique.\" \/>\n<meta name=\"robots\" content=\"index, follow, max-snippet:-1, max-image-preview:large, max-video-preview:-1\" \/>\n<link rel=\"canonical\" href=\"https:\/\/waaqt-arabicdial.com\/de\/produkt\/seiko-arabic-dial-34mm\/\" \/>\n<meta property=\"og:locale\" content=\"de_DE\" \/>\n<meta property=\"og:type\" content=\"article\" \/>\n<meta property=\"og:title\" content=\"Seiko Arabic Dial 34mm SNK063J5\" \/>\n<meta property=\"og:description\" content=\"La montre Seiko Arabic Dial SNK063J5 34mm est unique. Exprimez votre singularit\u00e9 avec cette pi\u00e8ce horlog\u00e8re au cadran arabe embl\u00e9matique.\" \/>\n<meta property=\"og:url\" content=\"https:\/\/waaqt-arabicdial.com\/de\/produkt\/seiko-arabic-dial-34mm\/\" \/>\n<meta property=\"og:site_name\" content=\"Waaqt - Expert Seiko Arabic Dial\" \/>\n<meta property=\"article:modified_time\" content=\"2026-04-28T16:27:03+00:00\" \/>\n<meta property=\"og:image\" content=\"https:\/\/waaqt-arabicdial.com\/wp-content\/uploads\/2018\/07\/Montre-Seiko-chiffres-arabes-5.webp\" \/>\n\t<meta property=\"og:image:width\" content=\"500\" \/>\n\t<meta property=\"og:image:height\" content=\"500\" \/>\n\t<meta property=\"og:image:type\" content=\"image\/webp\" \/>\n<meta name=\"twitter:card\" content=\"summary_large_image\" \/>\n<meta name=\"twitter:label1\" content=\"Gesch\u00e4tzte Lesezeit\" \/>\n\t<meta name=\"twitter:data1\" content=\"2\u00a0Minuten\" \/>\n<script type=\"application\/ld+json\" class=\"yoast-schema-graph\">{\"@context\":\"https:\\\/\\\/schema.org\",\"@graph\":[{\"@type\":\"WebPage\",\"@id\":\"https:\\\/\\\/waaqt-arabicdial.com\\\/produit\\\/seiko-arabic-dial-34mm\\\/\",\"url\":\"https:\\\/\\\/waaqt-arabicdial.com\\\/produit\\\/seiko-arabic-dial-34mm\\\/\",\"name\":\"Seiko Arabic Dial 34mm SNK063J5\",\"isPartOf\":{\"@id\":\"https:\\\/\\\/waaqt-arabicdial.com\\\/#website\"},\"primaryImageOfPage\":{\"@id\":\"https:\\\/\\\/waaqt-arabicdial.com\\\/produit\\\/seiko-arabic-dial-34mm\\\/#primaryimage\"},\"image\":{\"@id\":\"https:\\\/\\\/waaqt-arabicdial.com\\\/produit\\\/seiko-arabic-dial-34mm\\\/#primaryimage\"},\"thumbnailUrl\":\"https:\\\/\\\/waaqt-arabicdial.com\\\/wp-content\\\/uploads\\\/2018\\\/07\\\/Montre-Seiko-chiffres-arabes-5.webp\",\"datePublished\":\"2018-07-24T06:45:22+00:00\",\"dateModified\":\"2026-04-28T16:27:03+00:00\",\"description\":\"La montre Seiko Arabic Dial SNK063J5 34mm est unique. Exprimez votre singularit\u00e9 avec cette pi\u00e8ce horlog\u00e8re au cadran arabe embl\u00e9matique.\",\"breadcrumb\":{\"@id\":\"https:\\\/\\\/waaqt-arabicdial.com\\\/produit\\\/seiko-arabic-dial-34mm\\\/#breadcrumb\"},\"inLanguage\":\"de\",\"potentialAction\":[{\"@type\":\"ReadAction\",\"target\":[\"https:\\\/\\\/waaqt-arabicdial.com\\\/produit\\\/seiko-arabic-dial-34mm\\\/\"]}]},{\"@type\":\"ImageObject\",\"inLanguage\":\"de\",\"@id\":\"https:\\\/\\\/waaqt-arabicdial.com\\\/produit\\\/seiko-arabic-dial-34mm\\\/#primaryimage\",\"url\":\"https:\\\/\\\/waaqt-arabicdial.com\\\/wp-content\\\/uploads\\\/2018\\\/07\\\/Montre-Seiko-chiffres-arabes-5.webp\",\"contentUrl\":\"https:\\\/\\\/waaqt-arabicdial.com\\\/wp-content\\\/uploads\\\/2018\\\/07\\\/Montre-Seiko-chiffres-arabes-5.webp\",\"width\":500,\"height\":500,\"caption\":\"Seiko Arabic Dial SNK063J5 34mm\"},{\"@type\":\"BreadcrumbList\",\"@id\":\"https:\\\/\\\/waaqt-arabicdial.com\\\/produit\\\/seiko-arabic-dial-34mm\\\/#breadcrumb\",\"itemListElement\":[{\"@type\":\"ListItem\",\"position\":1,\"name\":\"Accueil\",\"item\":\"https:\\\/\\\/waaqt-arabicdial.com\\\/\"},{\"@type\":\"ListItem\",\"position\":2,\"name\":\"Montres Seiko Arabic Dial authentiques\",\"item\":\"https:\\\/\\\/waaqt-arabicdial.com\\\/shop\\\/\"},{\"@type\":\"ListItem\",\"position\":3,\"name\":\"Seiko Arabic Dial 34mm SNK063J5\"}]},{\"@type\":\"WebSite\",\"@id\":\"https:\\\/\\\/waaqt-arabicdial.com\\\/#website\",\"url\":\"https:\\\/\\\/waaqt-arabicdial.com\\\/\",\"name\":\"Waaqt - Expert Seiko Arabic Dial\",\"description\":\"Expert Seiko Arabic Dial en France\",\"publisher\":{\"@id\":\"https:\\\/\\\/waaqt-arabicdial.com\\\/#organization\"},\"potentialAction\":[{\"@type\":\"SearchAction\",\"target\":{\"@type\":\"EntryPoint\",\"urlTemplate\":\"https:\\\/\\\/waaqt-arabicdial.com\\\/?s={search_term_string}\"},\"query-input\":{\"@type\":\"PropertyValueSpecification\",\"valueRequired\":true,\"valueName\":\"search_term_string\"}}],\"inLanguage\":\"de\"},{\"@type\":\"Organization\",\"@id\":\"https:\\\/\\\/waaqt-arabicdial.com\\\/#organization\",\"name\":\"Waaqt - Expert Seiko Arabic Dial\",\"url\":\"https:\\\/\\\/waaqt-arabicdial.com\\\/\",\"logo\":{\"@type\":\"ImageObject\",\"inLanguage\":\"de\",\"@id\":\"https:\\\/\\\/waaqt-arabicdial.com\\\/#\\\/schema\\\/logo\\\/image\\\/\",\"url\":\"https:\\\/\\\/waaqt-arabicdial.com\\\/wp-content\\\/uploads\\\/2023\\\/06\\\/WhatsApp_Image_2023-05-26_a_22.33.08-removebg-preview.png\",\"contentUrl\":\"https:\\\/\\\/waaqt-arabicdial.com\\\/wp-content\\\/uploads\\\/2023\\\/06\\\/WhatsApp_Image_2023-05-26_a_22.33.08-removebg-preview.png\",\"width\":500,\"height\":500,\"caption\":\"Waaqt - Expert Seiko Arabic Dial\"},\"image\":{\"@id\":\"https:\\\/\\\/waaqt-arabicdial.com\\\/#\\\/schema\\\/logo\\\/image\\\/\"},\"sameAs\":[\"https:\\\/\\\/www.tiktok.com\\\/@waaqt.com?_t=8ctOXkcAvyV&_r=1\"]}]}<\/script>\n<!-- \/ Yoast SEO plugin. -->","yoast_head_json":{"title":"Seiko Arabic Dial 34mm SNK063J5","description":"La montre Seiko Arabic Dial SNK063J5 34mm est unique. Exprimez votre singularit\u00e9 avec cette pi\u00e8ce horlog\u00e8re au cadran arabe embl\u00e9matique.","robots":{"index":"index","follow":"follow","max-snippet":"max-snippet:-1","max-image-preview":"max-image-preview:large","max-video-preview":"max-video-preview:-1"},"canonical":"https:\/\/waaqt-arabicdial.com\/de\/produkt\/seiko-arabic-dial-34mm\/","og_locale":"de_DE","og_type":"article","og_title":"Seiko Arabic Dial 34mm SNK063J5","og_description":"La montre Seiko Arabic Dial SNK063J5 34mm est unique. Exprimez votre singularit\u00e9 avec cette pi\u00e8ce horlog\u00e8re au cadran arabe embl\u00e9matique.","og_url":"https:\/\/waaqt-arabicdial.com\/de\/produkt\/seiko-arabic-dial-34mm\/","og_site_name":"Waaqt - Expert Seiko Arabic Dial","article_modified_time":"2026-04-28T16:27:03+00:00","og_image":[{"width":500,"height":500,"url":"https:\/\/waaqt-arabicdial.com\/wp-content\/uploads\/2018\/07\/Montre-Seiko-chiffres-arabes-5.webp","type":"image\/webp"}],"twitter_card":"summary_large_image","twitter_misc":{"Gesch\u00e4tzte Lesezeit":"2\u00a0Minuten"},"schema":{"@context":"https:\/\/schema.org","@graph":[{"@type":"WebPage","@id":"https:\/\/waaqt-arabicdial.com\/produit\/seiko-arabic-dial-34mm\/","url":"https:\/\/waaqt-arabicdial.com\/produit\/seiko-arabic-dial-34mm\/","name":"Seiko Arabic Dial 34mm SNK063J5","isPartOf":{"@id":"https:\/\/waaqt-arabicdial.com\/#website"},"primaryImageOfPage":{"@id":"https:\/\/waaqt-arabicdial.com\/produit\/seiko-arabic-dial-34mm\/#primaryimage"},"image":{"@id":"https:\/\/waaqt-arabicdial.com\/produit\/seiko-arabic-dial-34mm\/#primaryimage"},"thumbnailUrl":"https:\/\/waaqt-arabicdial.com\/wp-content\/uploads\/2018\/07\/Montre-Seiko-chiffres-arabes-5.webp","datePublished":"2018-07-24T06:45:22+00:00","dateModified":"2026-04-28T16:27:03+00:00","description":"La montre Seiko Arabic Dial SNK063J5 34mm est unique. Exprimez votre singularit\u00e9 avec cette pi\u00e8ce horlog\u00e8re au cadran arabe embl\u00e9matique.","breadcrumb":{"@id":"https:\/\/waaqt-arabicdial.com\/produit\/seiko-arabic-dial-34mm\/#breadcrumb"},"inLanguage":"de","potentialAction":[{"@type":"ReadAction","target":["https:\/\/waaqt-arabicdial.com\/produit\/seiko-arabic-dial-34mm\/"]}]},{"@type":"ImageObject","inLanguage":"de","@id":"https:\/\/waaqt-arabicdial.com\/produit\/seiko-arabic-dial-34mm\/#primaryimage","url":"https:\/\/waaqt-arabicdial.com\/wp-content\/uploads\/2018\/07\/Montre-Seiko-chiffres-arabes-5.webp","contentUrl":"https:\/\/waaqt-arabicdial.com\/wp-content\/uploads\/2018\/07\/Montre-Seiko-chiffres-arabes-5.webp","width":500,"height":500,"caption":"Seiko Arabic Dial SNK063J5 34mm"},{"@type":"BreadcrumbList","@id":"https:\/\/waaqt-arabicdial.com\/produit\/seiko-arabic-dial-34mm\/#breadcrumb","itemListElement":[{"@type":"ListItem","position":1,"name":"Accueil","item":"https:\/\/waaqt-arabicdial.com\/"},{"@type":"ListItem","position":2,"name":"Montres Seiko Arabic Dial authentiques","item":"https:\/\/waaqt-arabicdial.com\/shop\/"},{"@type":"ListItem","position":3,"name":"Seiko Arabic Dial 34mm SNK063J5"}]},{"@type":"WebSite","@id":"https:\/\/waaqt-arabicdial.com\/#website","url":"https:\/\/waaqt-arabicdial.com\/","name":"Waaqt - Expert Seiko Arabic Dial","description":"Expert Seiko Arabic Dial en France","publisher":{"@id":"https:\/\/waaqt-arabicdial.com\/#organization"},"potentialAction":[{"@type":"SearchAction","target":{"@type":"EntryPoint","urlTemplate":"https:\/\/waaqt-arabicdial.com\/?s={search_term_string}"},"query-input":{"@type":"PropertyValueSpecification","valueRequired":true,"valueName":"search_term_string"}}],"inLanguage":"de"},{"@type":"Organization","@id":"https:\/\/waaqt-arabicdial.com\/#organization","name":"Waaqt - Expert Seiko Arabic Dial","url":"https:\/\/waaqt-arabicdial.com\/","logo":{"@type":"ImageObject","inLanguage":"de","@id":"https:\/\/waaqt-arabicdial.com\/#\/schema\/logo\/image\/","url":"https:\/\/waaqt-arabicdial.com\/wp-content\/uploads\/2023\/06\/WhatsApp_Image_2023-05-26_a_22.33.08-removebg-preview.png","contentUrl":"https:\/\/waaqt-arabicdial.com\/wp-content\/uploads\/2023\/06\/WhatsApp_Image_2023-05-26_a_22.33.08-removebg-preview.png","width":500,"height":500,"caption":"Waaqt - Expert Seiko Arabic Dial"},"image":{"@id":"https:\/\/waaqt-arabicdial.com\/#\/schema\/logo\/image\/"},"sameAs":["https:\/\/www.tiktok.com\/@waaqt.com?_t=8ctOXkcAvyV&_r=1"]}]}},"jetpack_sharing_enabled":true,"_links":{"self":[{"href":"https:\/\/waaqt-arabicdial.com\/de\/wp-json\/wp\/v2\/product\/137","targetHints":{"allow":["GET"]}}],"collection":[{"href":"https:\/\/waaqt-arabicdial.com\/de\/wp-json\/wp\/v2\/product"}],"about":[{"href":"https:\/\/waaqt-arabicdial.com\/de\/wp-json\/wp\/v2\/types\/product"}],"replies":[{"embeddable":true,"href":"https:\/\/waaqt-arabicdial.com\/de\/wp-json\/wp\/v2\/comments?post=137"}],"version-history":[{"count":27,"href":"https:\/\/waaqt-arabicdial.com\/de\/wp-json\/wp\/v2\/product\/137\/revisions"}],"predecessor-version":[{"id":8799,"href":"https:\/\/waaqt-arabicdial.com\/de\/wp-json\/wp\/v2\/product\/137\/revisions\/8799"}],"wp:featuredmedia":[{"embeddable":true,"href":"https:\/\/waaqt-arabicdial.com\/de\/wp-json\/wp\/v2\/media\/6723"}],"wp:attachment":[{"href":"https:\/\/waaqt-arabicdial.com\/de\/wp-json\/wp\/v2\/media?parent=137"}],"wp:term":[{"taxonomy":"product_brand","embeddable":true,"href":"https:\/\/waaqt-arabicdial.com\/de\/wp-json\/wp\/v2\/product_brand?post=137"},{"taxonomy":"product_cat","embeddable":true,"href":"https:\/\/waaqt-arabicdial.com\/de\/wp-json\/wp\/v2\/product_cat?post=137"},{"taxonomy":"product_tag","embeddable":true,"href":"https:\/\/waaqt-arabicdial.com\/de\/wp-json\/wp\/v2\/product_tag?post=137"}],"curies":[{"name":"wp","href":"https:\/\/api.w.org\/{rel}","templated":true}]}}