{"id":126,"date":"2018-07-24T05:35:26","date_gmt":"2018-07-24T05:35:26","guid":{"rendered":"https:\/\/waaqt-arabicdial.com\/produit\/air-pro-x3-whole-blue\/"},"modified":"2026-04-28T12:15:31","modified_gmt":"2026-04-28T12:15:31","slug":"seiko-arabic-dial-green","status":"publish","type":"product","link":"https:\/\/waaqt-arabicdial.com\/de\/produit\/seiko-arabic-dial-green\/","title":{"rendered":"Seiko Arabic Dial Green SRPH49K1 40mm"},"content":{"rendered":"<p><strong>Seiko Arabic Dial Green SRPH49K1 40mm<\/strong> oder \"Die Neue\" gr\u00fcne Variante aus rostfreiem Stahl, die sich von den Modellen abhebt <strong>Seiko mit arabischen Ziffern<\/strong>.<\/p>\n<p>Sie finden dieses Modell von <strong>Seiko Arabic Dial Authentisches Gr\u00fcn auf Lager<\/strong>Sie sind versandfertig und noch neu in Plastik eingeschwei\u00dft: <strong>exklusiv bei Waaqt Arabic Dial<\/strong>.<\/p>\n<div class=\"ast-oembed-container\" style=\"height: 100%;\"><iframe title=\"Seiko Arabic Dial Green SRPH49K1: Die Beste Seiko von 2025?\" width=\"500\" height=\"281\" src=\"https:\/\/www.youtube.com\/embed\/-WVfWP-aCq8?start=8&#038;feature=oembed&#038;enablejsapi=1&#038;origin=https:\/\/waaqt-arabicdial.com\" frameborder=\"0\" allow=\"accelerometer; autoplay; clipboard-write; encrypted-media; gyroscope; picture-in-picture; web-share\" referrerpolicy=\"strict-origin-when-cross-origin\" allowfullscreen><\/iframe><\/div>\n<h2><strong>Was sind die Merkmale der Seiko Arabic Dial Green Original <\/strong>:<\/h2>\n<ul>\n<li><strong>Ein einzigartiges Gr\u00fcn <\/strong>: Eine intensive Green-Farbe, die in der Sonne perfekt zur Geltung kommt.<\/li>\n<li><strong>Uhrmacherische Pr\u00e4zision<\/strong> : Das Automatikwerk 4R36 von <strong>Seiko 5 Sport <\/strong>sorgt f\u00fcr eine genaue Zeitmessung.<\/li>\n<li><strong>40-mm-Geh\u00e4use<\/strong> : Mit seinem Saphirglas ist das Stahlgeh\u00e4use robust und elegant zugleich.<\/li>\n<li><strong>Helligkeit in der Dunkelheit <\/strong>: Die Nadeln und<strong> lumineszierende Markierungen<\/strong> bieten eine perfekte Lesbarkeit.<\/li>\n<li><strong>Armband mit Faltschlie\u00dfe<\/strong> Die Uhr ist wasserdicht bis 5 ATM.<\/li>\n<li><strong>Limitierte Auflage : <\/strong>Ihre Gangreserve von 41 Stunden macht sie zu einer begehrten Rarit\u00e4t.<\/li>\n<\/ul>\n<p>Finden Sie diese Uhr elegant? Das liegt daran, dass Sie noch nicht die unterbewertete<strong> Uhren mit arabischen Ziffern<\/strong>. Mit ihrem wei\u00dfen <a href=\"https:\/\/waaqt-arabicdial.com\/de\/produkt\/seiko-arabic-dial-white\/\">Seiko Arabic Dial Wei\u00df SNKP22J1 42mm<\/a> wird Ihnen das Gef\u00fchl von Eleganz vermitteln. Sie k\u00f6nnen die Modelle von <a href=\"https:\/\/waaqt-arabicdial.com\/de\/produktkategorie\/seiko-arabic-dial\/\">Seiko Arabic <\/a>ebenso schick.<\/p>\n<p>&#8212;&#8211;<\/p>\n<p><em><strong>Lieferung Full Set, Direkt in Plastik &amp; Sticky<\/strong> : Wenn Sie bei Waaqt einkaufen, kommt jede Seiko-Uhr in einem kompletten Set. <strong>Sie erhalten Folgendes:<\/strong><\/em><\/p>\n<ul>\n<li><strong>Original- &amp; \u00dcberschachtel Seiko<\/strong> : Eine elegante Aufmachung, um Ihren wertvollen Zeitmesser zu bewahren und hervorzuheben.<\/li>\n<li><strong>Seiko Pflegeheft<\/strong> : Um Sie bei der Pflege Ihrer Uhr mit allen Empfehlungen des Herstellers anzuleiten.<\/li>\n<li><strong>Internationale Garantiebescheinigung<\/strong> : Dieses Zertifikat best\u00e4tigt die Echtheit Ihrer Uhr, abgestempelt auf das Datum Ihres Kaufs.<\/li>\n<\/ul>\n<p>Seien Sie gelassen. <strong>Ihre Uhr wartet auf Sie, gesch\u00fctzt, mit einem Sticker versehen und bereit, getragen zu werden.<\/strong><\/p>","protected":false},"excerpt":{"rendered":"<div style=\"background-color: #eef2f7;padding: 20px;border: 2px solid #c1c7d0;border-radius: 10px\">\n<div style=\"color: #14134c;font-weight: bold;text-align: center;font-size: 1.5em;margin-bottom: 15px\">\ud83d\udea8 EXKLUSIV WAAQT \ud83d\udea8 : SEIKO ARABIC GREEN AUF LAGER!<\/div>\n<p style=\"font-size: 1.3em;color: #333;text-align: center\">Nutzen Sie diese seltene Gelegenheit, dieses einzigartige St\u00fcck zu erwerben. Die Uhr ist neu, full-set &amp; begleitet von allen Papieren.<br \/>\n<strong>Lieferung: Innerhalb von 72 Stunden. Versandfertig.<\/strong><\/p>\n<\/div>","protected":false},"featured_media":6722,"comment_status":"open","ping_status":"closed","template":"","meta":{"site-sidebar-layout":"default","site-content-layout":"default","ast-site-content-layout":"default","site-content-style":"default","site-sidebar-style":"default","ast-global-header-display":"","ast-banner-title-visibility":"","ast-main-header-display":"","ast-hfb-above-header-display":"","ast-hfb-below-header-display":"","ast-hfb-mobile-header-display":"","site-post-title":"","ast-breadcrumbs-content":"","ast-featured-img":"","footer-sml-layout":"","ast-disable-related-posts":"","theme-transparent-header-meta":"default","adv-header-id-meta":"","stick-header-meta":"default","header-above-stick-meta":"","header-main-stick-meta":"","header-below-stick-meta":"","astra-migrate-meta-layouts":"set","ast-page-background-enabled":"default","ast-page-background-meta":{"desktop":{"background-color":"","background-image":"","background-repeat":"repeat","background-position":"center center","background-size":"auto","background-attachment":"scroll","background-type":"","background-media":"","overlay-type":"","overlay-color":"","overlay-opacity":"","overlay-gradient":""},"tablet":{"background-color":"","background-image":"","background-repeat":"repeat","background-position":"center center","background-size":"auto","background-attachment":"scroll","background-type":"","background-media":"","overlay-type":"","overlay-color":"","overlay-opacity":"","overlay-gradient":""},"mobile":{"background-color":"","background-image":"","background-repeat":"repeat","background-position":"center center","background-size":"auto","background-attachment":"scroll","background-type":"","background-media":"","overlay-type":"","overlay-color":"","overlay-opacity":"","overlay-gradient":""}},"ast-content-background-meta":{"desktop":{"background-color":"var(--ast-global-color-5)","background-image":"","background-repeat":"repeat","background-position":"center center","background-size":"auto","background-attachment":"scroll","background-type":"","background-media":"","overlay-type":"","overlay-color":"","overlay-opacity":"","overlay-gradient":""},"tablet":{"background-color":"var(--ast-global-color-5)","background-image":"","background-repeat":"repeat","background-position":"center center","background-size":"auto","background-attachment":"scroll","background-type":"","background-media":"","overlay-type":"","overlay-color":"","overlay-opacity":"","overlay-gradient":""},"mobile":{"background-color":"var(--ast-global-color-5)","background-image":"","background-repeat":"repeat","background-position":"center center","background-size":"auto","background-attachment":"scroll","background-type":"","background-media":"","overlay-type":"","overlay-color":"","overlay-opacity":"","overlay-gradient":""}}},"product_brand":[],"product_cat":[74],"product_tag":[],"class_list":{"0":"post-126","1":"product","2":"type-product","3":"status-publish","4":"has-post-thumbnail","6":"product_cat-seiko-arabic-dial","7":"product_shipping_class-montres-seiko-arabic-dial","8":"desktop-align-center","9":"tablet-align-center","10":"mobile-align-center","11":"ast-product-gallery-layout-vertical","12":"ast-product-tabs-layout-accordion","14":"first","15":"outofstock","16":"sale","17":"taxable","18":"shipping-taxable","19":"purchasable","20":"product-type-simple"},"yoast_head":"<!-- This site is optimized with the Yoast SEO plugin v27.4 - https:\/\/yoast.com\/product\/yoast-seo-wordpress\/ -->\n<title>Seiko Arabic Dial Green SRPH49K1 40mm | Livraison Offerte \u2611\ufe0f<\/title>\n<meta name=\"description\" content=\"Montre Seiko Arabic Dial Green SRPH49K1 40mm Verte : D\u00e9couvrez ce chef-d&#039;\u0153uvre au cadran vert envo\u00fbtant, synonyme de luxe et de tradition.\" \/>\n<meta name=\"robots\" content=\"index, follow, max-snippet:-1, max-image-preview:large, max-video-preview:-1\" \/>\n<link rel=\"canonical\" href=\"https:\/\/waaqt-arabicdial.com\/de\/produkt\/seiko-arabic-dial-green\/\" \/>\n<meta property=\"og:locale\" content=\"de_DE\" \/>\n<meta property=\"og:type\" content=\"article\" \/>\n<meta property=\"og:title\" content=\"Seiko Arabic Dial Green SRPH49K1 40mm | Livraison Offerte \u2611\ufe0f\" \/>\n<meta property=\"og:description\" content=\"Montre Seiko Arabic Dial Green SRPH49K1 40mm Verte : D\u00e9couvrez ce chef-d&#039;\u0153uvre au cadran vert envo\u00fbtant, synonyme de luxe et de tradition.\" \/>\n<meta property=\"og:url\" content=\"https:\/\/waaqt-arabicdial.com\/de\/produkt\/seiko-arabic-dial-green\/\" \/>\n<meta property=\"og:site_name\" content=\"Waaqt - Expert Seiko Arabic Dial\" \/>\n<meta property=\"article:modified_time\" content=\"2026-04-28T12:15:31+00:00\" \/>\n<meta property=\"og:image\" content=\"https:\/\/waaqt-arabicdial.com\/wp-content\/uploads\/2018\/07\/Montre-Seiko-chiffres-arabes-3.webp\" \/>\n\t<meta property=\"og:image:width\" content=\"500\" \/>\n\t<meta property=\"og:image:height\" content=\"500\" \/>\n\t<meta property=\"og:image:type\" content=\"image\/webp\" \/>\n<meta name=\"twitter:card\" content=\"summary_large_image\" \/>\n<meta name=\"twitter:label1\" content=\"Gesch\u00e4tzte Lesezeit\" \/>\n\t<meta name=\"twitter:data1\" content=\"2\u00a0Minuten\" \/>\n<script type=\"application\/ld+json\" class=\"yoast-schema-graph\">{\"@context\":\"https:\\\/\\\/schema.org\",\"@graph\":[{\"@type\":\"WebPage\",\"@id\":\"https:\\\/\\\/waaqt-arabicdial.com\\\/produit\\\/seiko-arabic-dial-green\\\/\",\"url\":\"https:\\\/\\\/waaqt-arabicdial.com\\\/produit\\\/seiko-arabic-dial-green\\\/\",\"name\":\"Seiko Arabic Dial Green SRPH49K1 40mm | Livraison Offerte \u2611\ufe0f\",\"isPartOf\":{\"@id\":\"https:\\\/\\\/waaqt-arabicdial.com\\\/#website\"},\"primaryImageOfPage\":{\"@id\":\"https:\\\/\\\/waaqt-arabicdial.com\\\/produit\\\/seiko-arabic-dial-green\\\/#primaryimage\"},\"image\":{\"@id\":\"https:\\\/\\\/waaqt-arabicdial.com\\\/produit\\\/seiko-arabic-dial-green\\\/#primaryimage\"},\"thumbnailUrl\":\"https:\\\/\\\/waaqt-arabicdial.com\\\/wp-content\\\/uploads\\\/2018\\\/07\\\/Montre-Seiko-chiffres-arabes-3.webp\",\"datePublished\":\"2018-07-24T05:35:26+00:00\",\"dateModified\":\"2026-04-28T12:15:31+00:00\",\"description\":\"Montre Seiko Arabic Dial Green SRPH49K1 40mm Verte : D\u00e9couvrez ce chef-d'\u0153uvre au cadran vert envo\u00fbtant, synonyme de luxe et de tradition.\",\"breadcrumb\":{\"@id\":\"https:\\\/\\\/waaqt-arabicdial.com\\\/produit\\\/seiko-arabic-dial-green\\\/#breadcrumb\"},\"inLanguage\":\"de\",\"potentialAction\":[{\"@type\":\"ReadAction\",\"target\":[\"https:\\\/\\\/waaqt-arabicdial.com\\\/produit\\\/seiko-arabic-dial-green\\\/\"]}]},{\"@type\":\"ImageObject\",\"inLanguage\":\"de\",\"@id\":\"https:\\\/\\\/waaqt-arabicdial.com\\\/produit\\\/seiko-arabic-dial-green\\\/#primaryimage\",\"url\":\"https:\\\/\\\/waaqt-arabicdial.com\\\/wp-content\\\/uploads\\\/2018\\\/07\\\/Montre-Seiko-chiffres-arabes-3.webp\",\"contentUrl\":\"https:\\\/\\\/waaqt-arabicdial.com\\\/wp-content\\\/uploads\\\/2018\\\/07\\\/Montre-Seiko-chiffres-arabes-3.webp\",\"width\":500,\"height\":500,\"caption\":\"Seiko Arabic Dial Green SRPH49\"},{\"@type\":\"BreadcrumbList\",\"@id\":\"https:\\\/\\\/waaqt-arabicdial.com\\\/produit\\\/seiko-arabic-dial-green\\\/#breadcrumb\",\"itemListElement\":[{\"@type\":\"ListItem\",\"position\":1,\"name\":\"Accueil\",\"item\":\"https:\\\/\\\/waaqt-arabicdial.com\\\/\"},{\"@type\":\"ListItem\",\"position\":2,\"name\":\"Montres Seiko Arabic Dial authentiques\",\"item\":\"https:\\\/\\\/waaqt-arabicdial.com\\\/shop\\\/\"},{\"@type\":\"ListItem\",\"position\":3,\"name\":\"Seiko Arabic Dial Green SRPH49K1 40mm\"}]},{\"@type\":\"WebSite\",\"@id\":\"https:\\\/\\\/waaqt-arabicdial.com\\\/#website\",\"url\":\"https:\\\/\\\/waaqt-arabicdial.com\\\/\",\"name\":\"Waaqt - Expert Seiko Arabic Dial\",\"description\":\"Expert Seiko Arabic Dial en France\",\"publisher\":{\"@id\":\"https:\\\/\\\/waaqt-arabicdial.com\\\/#organization\"},\"potentialAction\":[{\"@type\":\"SearchAction\",\"target\":{\"@type\":\"EntryPoint\",\"urlTemplate\":\"https:\\\/\\\/waaqt-arabicdial.com\\\/?s={search_term_string}\"},\"query-input\":{\"@type\":\"PropertyValueSpecification\",\"valueRequired\":true,\"valueName\":\"search_term_string\"}}],\"inLanguage\":\"de\"},{\"@type\":\"Organization\",\"@id\":\"https:\\\/\\\/waaqt-arabicdial.com\\\/#organization\",\"name\":\"Waaqt - Expert Seiko Arabic Dial\",\"url\":\"https:\\\/\\\/waaqt-arabicdial.com\\\/\",\"logo\":{\"@type\":\"ImageObject\",\"inLanguage\":\"de\",\"@id\":\"https:\\\/\\\/waaqt-arabicdial.com\\\/#\\\/schema\\\/logo\\\/image\\\/\",\"url\":\"https:\\\/\\\/waaqt-arabicdial.com\\\/wp-content\\\/uploads\\\/2023\\\/06\\\/WhatsApp_Image_2023-05-26_a_22.33.08-removebg-preview.png\",\"contentUrl\":\"https:\\\/\\\/waaqt-arabicdial.com\\\/wp-content\\\/uploads\\\/2023\\\/06\\\/WhatsApp_Image_2023-05-26_a_22.33.08-removebg-preview.png\",\"width\":500,\"height\":500,\"caption\":\"Waaqt - Expert Seiko Arabic Dial\"},\"image\":{\"@id\":\"https:\\\/\\\/waaqt-arabicdial.com\\\/#\\\/schema\\\/logo\\\/image\\\/\"},\"sameAs\":[\"https:\\\/\\\/www.tiktok.com\\\/@waaqt.com?_t=8ctOXkcAvyV&_r=1\"]}]}<\/script>\n<!-- \/ Yoast SEO plugin. -->","yoast_head_json":{"title":"Seiko Arabic Dial Green SRPH49K1 40mm | Livraison Offerte \u2611\ufe0f","description":"Montre Seiko Arabic Dial Green SRPH49K1 40mm Verte : D\u00e9couvrez ce chef-d'\u0153uvre au cadran vert envo\u00fbtant, synonyme de luxe et de tradition.","robots":{"index":"index","follow":"follow","max-snippet":"max-snippet:-1","max-image-preview":"max-image-preview:large","max-video-preview":"max-video-preview:-1"},"canonical":"https:\/\/waaqt-arabicdial.com\/de\/produkt\/seiko-arabic-dial-green\/","og_locale":"de_DE","og_type":"article","og_title":"Seiko Arabic Dial Green SRPH49K1 40mm | Livraison Offerte \u2611\ufe0f","og_description":"Montre Seiko Arabic Dial Green SRPH49K1 40mm Verte : D\u00e9couvrez ce chef-d'\u0153uvre au cadran vert envo\u00fbtant, synonyme de luxe et de tradition.","og_url":"https:\/\/waaqt-arabicdial.com\/de\/produkt\/seiko-arabic-dial-green\/","og_site_name":"Waaqt - Expert Seiko Arabic Dial","article_modified_time":"2026-04-28T12:15:31+00:00","og_image":[{"width":500,"height":500,"url":"https:\/\/waaqt-arabicdial.com\/wp-content\/uploads\/2018\/07\/Montre-Seiko-chiffres-arabes-3.webp","type":"image\/webp"}],"twitter_card":"summary_large_image","twitter_misc":{"Gesch\u00e4tzte Lesezeit":"2\u00a0Minuten"},"schema":{"@context":"https:\/\/schema.org","@graph":[{"@type":"WebPage","@id":"https:\/\/waaqt-arabicdial.com\/produit\/seiko-arabic-dial-green\/","url":"https:\/\/waaqt-arabicdial.com\/produit\/seiko-arabic-dial-green\/","name":"Seiko Arabic Dial Green SRPH49K1 40mm | Livraison Offerte \u2611\ufe0f","isPartOf":{"@id":"https:\/\/waaqt-arabicdial.com\/#website"},"primaryImageOfPage":{"@id":"https:\/\/waaqt-arabicdial.com\/produit\/seiko-arabic-dial-green\/#primaryimage"},"image":{"@id":"https:\/\/waaqt-arabicdial.com\/produit\/seiko-arabic-dial-green\/#primaryimage"},"thumbnailUrl":"https:\/\/waaqt-arabicdial.com\/wp-content\/uploads\/2018\/07\/Montre-Seiko-chiffres-arabes-3.webp","datePublished":"2018-07-24T05:35:26+00:00","dateModified":"2026-04-28T12:15:31+00:00","description":"Montre Seiko Arabic Dial Green SRPH49K1 40mm Verte : D\u00e9couvrez ce chef-d'\u0153uvre au cadran vert envo\u00fbtant, synonyme de luxe et de tradition.","breadcrumb":{"@id":"https:\/\/waaqt-arabicdial.com\/produit\/seiko-arabic-dial-green\/#breadcrumb"},"inLanguage":"de","potentialAction":[{"@type":"ReadAction","target":["https:\/\/waaqt-arabicdial.com\/produit\/seiko-arabic-dial-green\/"]}]},{"@type":"ImageObject","inLanguage":"de","@id":"https:\/\/waaqt-arabicdial.com\/produit\/seiko-arabic-dial-green\/#primaryimage","url":"https:\/\/waaqt-arabicdial.com\/wp-content\/uploads\/2018\/07\/Montre-Seiko-chiffres-arabes-3.webp","contentUrl":"https:\/\/waaqt-arabicdial.com\/wp-content\/uploads\/2018\/07\/Montre-Seiko-chiffres-arabes-3.webp","width":500,"height":500,"caption":"Seiko Arabic Dial Green SRPH49"},{"@type":"BreadcrumbList","@id":"https:\/\/waaqt-arabicdial.com\/produit\/seiko-arabic-dial-green\/#breadcrumb","itemListElement":[{"@type":"ListItem","position":1,"name":"Accueil","item":"https:\/\/waaqt-arabicdial.com\/"},{"@type":"ListItem","position":2,"name":"Montres Seiko Arabic Dial authentiques","item":"https:\/\/waaqt-arabicdial.com\/shop\/"},{"@type":"ListItem","position":3,"name":"Seiko Arabic Dial Green SRPH49K1 40mm"}]},{"@type":"WebSite","@id":"https:\/\/waaqt-arabicdial.com\/#website","url":"https:\/\/waaqt-arabicdial.com\/","name":"Waaqt - Expert Seiko Arabic Dial","description":"Expert Seiko Arabic Dial en France","publisher":{"@id":"https:\/\/waaqt-arabicdial.com\/#organization"},"potentialAction":[{"@type":"SearchAction","target":{"@type":"EntryPoint","urlTemplate":"https:\/\/waaqt-arabicdial.com\/?s={search_term_string}"},"query-input":{"@type":"PropertyValueSpecification","valueRequired":true,"valueName":"search_term_string"}}],"inLanguage":"de"},{"@type":"Organization","@id":"https:\/\/waaqt-arabicdial.com\/#organization","name":"Waaqt - Expert Seiko Arabic Dial","url":"https:\/\/waaqt-arabicdial.com\/","logo":{"@type":"ImageObject","inLanguage":"de","@id":"https:\/\/waaqt-arabicdial.com\/#\/schema\/logo\/image\/","url":"https:\/\/waaqt-arabicdial.com\/wp-content\/uploads\/2023\/06\/WhatsApp_Image_2023-05-26_a_22.33.08-removebg-preview.png","contentUrl":"https:\/\/waaqt-arabicdial.com\/wp-content\/uploads\/2023\/06\/WhatsApp_Image_2023-05-26_a_22.33.08-removebg-preview.png","width":500,"height":500,"caption":"Waaqt - Expert Seiko Arabic Dial"},"image":{"@id":"https:\/\/waaqt-arabicdial.com\/#\/schema\/logo\/image\/"},"sameAs":["https:\/\/www.tiktok.com\/@waaqt.com?_t=8ctOXkcAvyV&_r=1"]}]}},"jetpack_sharing_enabled":true,"_links":{"self":[{"href":"https:\/\/waaqt-arabicdial.com\/de\/wp-json\/wp\/v2\/product\/126","targetHints":{"allow":["GET"]}}],"collection":[{"href":"https:\/\/waaqt-arabicdial.com\/de\/wp-json\/wp\/v2\/product"}],"about":[{"href":"https:\/\/waaqt-arabicdial.com\/de\/wp-json\/wp\/v2\/types\/product"}],"replies":[{"embeddable":true,"href":"https:\/\/waaqt-arabicdial.com\/de\/wp-json\/wp\/v2\/comments?post=126"}],"version-history":[{"count":49,"href":"https:\/\/waaqt-arabicdial.com\/de\/wp-json\/wp\/v2\/product\/126\/revisions"}],"predecessor-version":[{"id":8138,"href":"https:\/\/waaqt-arabicdial.com\/de\/wp-json\/wp\/v2\/product\/126\/revisions\/8138"}],"wp:featuredmedia":[{"embeddable":true,"href":"https:\/\/waaqt-arabicdial.com\/de\/wp-json\/wp\/v2\/media\/6722"}],"wp:attachment":[{"href":"https:\/\/waaqt-arabicdial.com\/de\/wp-json\/wp\/v2\/media?parent=126"}],"wp:term":[{"taxonomy":"product_brand","embeddable":true,"href":"https:\/\/waaqt-arabicdial.com\/de\/wp-json\/wp\/v2\/product_brand?post=126"},{"taxonomy":"product_cat","embeddable":true,"href":"https:\/\/waaqt-arabicdial.com\/de\/wp-json\/wp\/v2\/product_cat?post=126"},{"taxonomy":"product_tag","embeddable":true,"href":"https:\/\/waaqt-arabicdial.com\/de\/wp-json\/wp\/v2\/product_tag?post=126"}],"curies":[{"name":"wp","href":"https:\/\/api.w.org\/{rel}","templated":true}]}}