{"id":121,"date":"2018-07-24T05:32:37","date_gmt":"2018-07-24T05:32:37","guid":{"rendered":"https:\/\/waaqt-arabicdial.com\/produit\/air-pro-x3-yellow\/"},"modified":"2026-03-03T16:53:47","modified_gmt":"2026-03-03T16:53:47","slug":"seiko-arabic-dial-white","status":"publish","type":"product","link":"https:\/\/waaqt-arabicdial.com\/de\/produit\/seiko-arabic-dial-white\/","title":{"rendered":"Seiko Arabic Dial Wei\u00df SNKP22J1 42mm"},"content":{"rendered":"<p><strong>Seiko 5 Arabic Dial SNKP22J1 42mm White and Gold<\/strong> oder \"Die Prestigetr\u00e4chtige\" Variante <strong>wei\u00df<\/strong> &amp; <strong>vergoldet<\/strong>Hier ist die gr\u00f6\u00dfte <b>klar<\/b> &amp; <strong>strahlend<\/strong> der Seiko Arabic Dial. Die <b>wei\u00df<\/b> bietet eine <b>Klarheit<\/b> der sich mit <b>Sanftheit<\/b> auf Ihr Handgelenk.<\/p>\n<h2><strong>Was sind die Merkmale der Seiko 5 Arabic Dial White <\/strong>?<\/h2>\n<ul>\n<li><strong>Seiko Arabic Dial Wei\u00df <\/strong>: Der<strong> wei\u00dfes und goldenes Zifferblatt <\/strong>der SNKP22J1 hebt die <strong>arabische Ziffern.<\/strong><\/li>\n<li><strong>Unfehlbare Genauigkeit<\/strong> : Der <strong>Seiko-Mechanismus 7S26<\/strong>Die meisten von ihnen sind in den USA ans\u00e4ssig und f\u00fcr ihre Langlebigkeit und Zuverl\u00e4ssigkeit bekannt.<\/li>\n<li><strong>Universeller Durchmesser<\/strong> : Das 42-mm-Geh\u00e4use ist aus rostfreiem Stahl.<\/li>\n<li><b>Lumibrite <\/b>: Ses <strong>Leuchtzeiger<\/strong> garantieren ein klares und deutliches Ablesen der Uhrzeit.<\/li>\n<li><strong>Wasserdicht <\/strong>: Bis <strong>30 Meter wasserfest<\/strong>.<\/li>\n<li><strong>Widerstandsf\u00e4higkeit gegen Kratzer <\/strong>: Der<strong> Hardlex-Saphirglas von Seiko<\/strong> sorgt daf\u00fcr, dass das Glas kratzerfrei bleibt.<\/li>\n<\/ul>\n<p>Off-White passt nicht ganz zu Ihrem Lebensstil? Dann brauchen Sie das genaue Gegenteil, ein tiefschwarzes Grey-Zifferblatt mit der <a href=\"https:\/\/waaqt-arabicdial.com\/de\/produkt\/seiko-arabic-dial-grey\/\">Seiko Arabic Dial Grau SRPH47 40mm<\/a>. Die Sammlung von <a href=\"https:\/\/waaqt-arabicdial.com\/de\/produktkategorie\/seiko-arabic-dial\/\">Seiko Arabic Dial-Uhren<\/a> ausreichend ausgestattet, um allen zu gefallen.<\/p>\n<p>&#8212;&#8211;<\/p>\n<p><em><strong>Lieferung Full Set, Direkt in Plastik &amp; Sticky<\/strong> : Wenn Sie bei Waaqt einkaufen, kommt jede Seiko-Uhr in einem kompletten Set. <strong>Sie erhalten Folgendes:<\/strong><\/em><\/p>\n<ul>\n<li><strong>Original- &amp; \u00dcberschachtel Seiko<\/strong> : Eine elegante Aufmachung, um Ihren wertvollen Zeitmesser zu bewahren und hervorzuheben.<\/li>\n<li><strong>Seiko Pflegeheft<\/strong> : Um Sie bei der Pflege Ihrer Uhr mit allen Empfehlungen des Herstellers anzuleiten.<\/li>\n<li><strong>Internationale Garantiebescheinigung<\/strong> : Dieses Zertifikat best\u00e4tigt die Echtheit Ihrer Uhr, abgestempelt auf das Datum Ihres Kaufs.<\/li>\n<\/ul>\n<p>Seien Sie gelassen. <strong>Ihre Uhr wartet auf Sie, gesch\u00fctzt, mit einem Sticker versehen und bereit, getragen zu werden.<\/strong><\/p>","protected":false},"excerpt":{"rendered":"<p>Seiko 5 Arabic Dial SNKP22J1 42mm White and Gold oder \"La Prestigieuse\", die wei\u00df-goldene Variante, ist die hellste und strahlendste der Seiko Arabic Dials. Das Wei\u00df bietet eine Klarheit, die sich sanft an Ihr Handgelenk schmiegen wird. Was sind die Merkmale der Seiko 5 Arabic Dial White? Seiko Arabic Dial Wei\u00df [...].<\/p>","protected":false},"featured_media":6727,"comment_status":"open","ping_status":"closed","template":"","meta":{"site-sidebar-layout":"default","site-content-layout":"default","ast-site-content-layout":"default","site-content-style":"default","site-sidebar-style":"default","ast-global-header-display":"","ast-banner-title-visibility":"","ast-main-header-display":"","ast-hfb-above-header-display":"","ast-hfb-below-header-display":"","ast-hfb-mobile-header-display":"","site-post-title":"","ast-breadcrumbs-content":"","ast-featured-img":"","footer-sml-layout":"","ast-disable-related-posts":"","theme-transparent-header-meta":"default","adv-header-id-meta":"","stick-header-meta":"default","header-above-stick-meta":"","header-main-stick-meta":"","header-below-stick-meta":"","astra-migrate-meta-layouts":"set","ast-page-background-enabled":"default","ast-page-background-meta":{"desktop":{"background-color":"","background-image":"","background-repeat":"repeat","background-position":"center center","background-size":"auto","background-attachment":"scroll","background-type":"","background-media":"","overlay-type":"","overlay-color":"","overlay-opacity":"","overlay-gradient":""},"tablet":{"background-color":"","background-image":"","background-repeat":"repeat","background-position":"center center","background-size":"auto","background-attachment":"scroll","background-type":"","background-media":"","overlay-type":"","overlay-color":"","overlay-opacity":"","overlay-gradient":""},"mobile":{"background-color":"","background-image":"","background-repeat":"repeat","background-position":"center center","background-size":"auto","background-attachment":"scroll","background-type":"","background-media":"","overlay-type":"","overlay-color":"","overlay-opacity":"","overlay-gradient":""}},"ast-content-background-meta":{"desktop":{"background-color":"var(--ast-global-color-5)","background-image":"","background-repeat":"repeat","background-position":"center center","background-size":"auto","background-attachment":"scroll","background-type":"","background-media":"","overlay-type":"","overlay-color":"","overlay-opacity":"","overlay-gradient":""},"tablet":{"background-color":"var(--ast-global-color-5)","background-image":"","background-repeat":"repeat","background-position":"center center","background-size":"auto","background-attachment":"scroll","background-type":"","background-media":"","overlay-type":"","overlay-color":"","overlay-opacity":"","overlay-gradient":""},"mobile":{"background-color":"var(--ast-global-color-5)","background-image":"","background-repeat":"repeat","background-position":"center center","background-size":"auto","background-attachment":"scroll","background-type":"","background-media":"","overlay-type":"","overlay-color":"","overlay-opacity":"","overlay-gradient":""}}},"product_brand":[],"product_cat":[74],"product_tag":[],"class_list":{"0":"post-121","1":"product","2":"type-product","3":"status-publish","4":"has-post-thumbnail","6":"product_cat-seiko-arabic-dial","7":"product_shipping_class-montres-seiko-arabic-dial","8":"desktop-align-center","9":"tablet-align-center","10":"mobile-align-center","11":"ast-product-gallery-layout-vertical","12":"ast-product-tabs-layout-accordion","14":"first","15":"instock","16":"taxable","17":"shipping-taxable","18":"purchasable","19":"product-type-simple"},"yoast_head":"<!-- This site is optimized with the Yoast SEO plugin v27.4 - https:\/\/yoast.com\/product\/yoast-seo-wordpress\/ -->\n<title>Seiko Arabic Dial Blanc SNKP22J1 42mm | Livraison Offerte \u2611\ufe0f<\/title>\n<meta name=\"description\" content=\"D\u00e9couvrez la Seiko Arabic Dial SNKP22J1 White 42mm, avec son cadran blanc et or \u00e9pur\u00e9 et sa pr\u00e9cision horlog\u00e8re in\u00e9gal\u00e9e.\" \/>\n<meta name=\"robots\" content=\"index, follow, max-snippet:-1, max-image-preview:large, max-video-preview:-1\" \/>\n<link rel=\"canonical\" href=\"https:\/\/waaqt-arabicdial.com\/de\/produkt\/seiko-arabic-dial-white\/\" \/>\n<meta property=\"og:locale\" content=\"de_DE\" \/>\n<meta property=\"og:type\" content=\"article\" \/>\n<meta property=\"og:title\" content=\"Seiko Arabic Dial Blanc SNKP22J1 42mm | Livraison Offerte \u2611\ufe0f\" \/>\n<meta property=\"og:description\" content=\"D\u00e9couvrez la Seiko Arabic Dial SNKP22J1 White 42mm, avec son cadran blanc et or \u00e9pur\u00e9 et sa pr\u00e9cision horlog\u00e8re in\u00e9gal\u00e9e.\" \/>\n<meta property=\"og:url\" content=\"https:\/\/waaqt-arabicdial.com\/de\/produkt\/seiko-arabic-dial-white\/\" \/>\n<meta property=\"og:site_name\" content=\"Waaqt - Expert Seiko Arabic Dial\" \/>\n<meta property=\"article:modified_time\" content=\"2026-03-03T16:53:47+00:00\" \/>\n<meta property=\"og:image\" content=\"https:\/\/waaqt-arabicdial.com\/wp-content\/uploads\/2018\/07\/Montre-Seiko-chiffres-arabes-9.webp\" \/>\n\t<meta property=\"og:image:width\" content=\"500\" \/>\n\t<meta property=\"og:image:height\" content=\"500\" \/>\n\t<meta property=\"og:image:type\" content=\"image\/webp\" \/>\n<meta name=\"twitter:card\" content=\"summary_large_image\" \/>\n<meta name=\"twitter:label1\" content=\"Gesch\u00e4tzte Lesezeit\" \/>\n\t<meta name=\"twitter:data1\" content=\"2\u00a0Minuten\" \/>\n<script type=\"application\/ld+json\" class=\"yoast-schema-graph\">{\"@context\":\"https:\\\/\\\/schema.org\",\"@graph\":[{\"@type\":\"WebPage\",\"@id\":\"https:\\\/\\\/waaqt-arabicdial.com\\\/produit\\\/seiko-arabic-dial-white\\\/\",\"url\":\"https:\\\/\\\/waaqt-arabicdial.com\\\/produit\\\/seiko-arabic-dial-white\\\/\",\"name\":\"Seiko Arabic Dial Blanc SNKP22J1 42mm | Livraison Offerte \u2611\ufe0f\",\"isPartOf\":{\"@id\":\"https:\\\/\\\/waaqt-arabicdial.com\\\/#website\"},\"primaryImageOfPage\":{\"@id\":\"https:\\\/\\\/waaqt-arabicdial.com\\\/produit\\\/seiko-arabic-dial-white\\\/#primaryimage\"},\"image\":{\"@id\":\"https:\\\/\\\/waaqt-arabicdial.com\\\/produit\\\/seiko-arabic-dial-white\\\/#primaryimage\"},\"thumbnailUrl\":\"https:\\\/\\\/waaqt-arabicdial.com\\\/wp-content\\\/uploads\\\/2018\\\/07\\\/Montre-Seiko-chiffres-arabes-9.webp\",\"datePublished\":\"2018-07-24T05:32:37+00:00\",\"dateModified\":\"2026-03-03T16:53:47+00:00\",\"description\":\"D\u00e9couvrez la Seiko Arabic Dial SNKP22J1 White 42mm, avec son cadran blanc et or \u00e9pur\u00e9 et sa pr\u00e9cision horlog\u00e8re in\u00e9gal\u00e9e.\",\"breadcrumb\":{\"@id\":\"https:\\\/\\\/waaqt-arabicdial.com\\\/produit\\\/seiko-arabic-dial-white\\\/#breadcrumb\"},\"inLanguage\":\"de\",\"potentialAction\":[{\"@type\":\"ReadAction\",\"target\":[\"https:\\\/\\\/waaqt-arabicdial.com\\\/produit\\\/seiko-arabic-dial-white\\\/\"]}]},{\"@type\":\"ImageObject\",\"inLanguage\":\"de\",\"@id\":\"https:\\\/\\\/waaqt-arabicdial.com\\\/produit\\\/seiko-arabic-dial-white\\\/#primaryimage\",\"url\":\"https:\\\/\\\/waaqt-arabicdial.com\\\/wp-content\\\/uploads\\\/2018\\\/07\\\/Montre-Seiko-chiffres-arabes-9.webp\",\"contentUrl\":\"https:\\\/\\\/waaqt-arabicdial.com\\\/wp-content\\\/uploads\\\/2018\\\/07\\\/Montre-Seiko-chiffres-arabes-9.webp\",\"width\":500,\"height\":500,\"caption\":\"Seiko Arabic Dial White SNKP22J1\"},{\"@type\":\"BreadcrumbList\",\"@id\":\"https:\\\/\\\/waaqt-arabicdial.com\\\/produit\\\/seiko-arabic-dial-white\\\/#breadcrumb\",\"itemListElement\":[{\"@type\":\"ListItem\",\"position\":1,\"name\":\"Accueil\",\"item\":\"https:\\\/\\\/waaqt-arabicdial.com\\\/\"},{\"@type\":\"ListItem\",\"position\":2,\"name\":\"Montres Seiko Arabic Dial authentiques\",\"item\":\"https:\\\/\\\/waaqt-arabicdial.com\\\/shop\\\/\"},{\"@type\":\"ListItem\",\"position\":3,\"name\":\"Seiko Arabic Dial Blanc SNKP22J1 42mm\"}]},{\"@type\":\"WebSite\",\"@id\":\"https:\\\/\\\/waaqt-arabicdial.com\\\/#website\",\"url\":\"https:\\\/\\\/waaqt-arabicdial.com\\\/\",\"name\":\"Waaqt - Expert Seiko Arabic Dial\",\"description\":\"Expert Seiko Arabic Dial en France\",\"publisher\":{\"@id\":\"https:\\\/\\\/waaqt-arabicdial.com\\\/#organization\"},\"potentialAction\":[{\"@type\":\"SearchAction\",\"target\":{\"@type\":\"EntryPoint\",\"urlTemplate\":\"https:\\\/\\\/waaqt-arabicdial.com\\\/?s={search_term_string}\"},\"query-input\":{\"@type\":\"PropertyValueSpecification\",\"valueRequired\":true,\"valueName\":\"search_term_string\"}}],\"inLanguage\":\"de\"},{\"@type\":\"Organization\",\"@id\":\"https:\\\/\\\/waaqt-arabicdial.com\\\/#organization\",\"name\":\"Waaqt - Expert Seiko Arabic Dial\",\"url\":\"https:\\\/\\\/waaqt-arabicdial.com\\\/\",\"logo\":{\"@type\":\"ImageObject\",\"inLanguage\":\"de\",\"@id\":\"https:\\\/\\\/waaqt-arabicdial.com\\\/#\\\/schema\\\/logo\\\/image\\\/\",\"url\":\"https:\\\/\\\/waaqt-arabicdial.com\\\/wp-content\\\/uploads\\\/2023\\\/06\\\/WhatsApp_Image_2023-05-26_a_22.33.08-removebg-preview.png\",\"contentUrl\":\"https:\\\/\\\/waaqt-arabicdial.com\\\/wp-content\\\/uploads\\\/2023\\\/06\\\/WhatsApp_Image_2023-05-26_a_22.33.08-removebg-preview.png\",\"width\":500,\"height\":500,\"caption\":\"Waaqt - Expert Seiko Arabic Dial\"},\"image\":{\"@id\":\"https:\\\/\\\/waaqt-arabicdial.com\\\/#\\\/schema\\\/logo\\\/image\\\/\"},\"sameAs\":[\"https:\\\/\\\/www.tiktok.com\\\/@waaqt.com?_t=8ctOXkcAvyV&_r=1\"]}]}<\/script>\n<!-- \/ Yoast SEO plugin. -->","yoast_head_json":{"title":"Seiko Arabic Dial Blanc SNKP22J1 42mm | Livraison Offerte \u2611\ufe0f","description":"D\u00e9couvrez la Seiko Arabic Dial SNKP22J1 White 42mm, avec son cadran blanc et or \u00e9pur\u00e9 et sa pr\u00e9cision horlog\u00e8re in\u00e9gal\u00e9e.","robots":{"index":"index","follow":"follow","max-snippet":"max-snippet:-1","max-image-preview":"max-image-preview:large","max-video-preview":"max-video-preview:-1"},"canonical":"https:\/\/waaqt-arabicdial.com\/de\/produkt\/seiko-arabic-dial-white\/","og_locale":"de_DE","og_type":"article","og_title":"Seiko Arabic Dial Blanc SNKP22J1 42mm | Livraison Offerte \u2611\ufe0f","og_description":"D\u00e9couvrez la Seiko Arabic Dial SNKP22J1 White 42mm, avec son cadran blanc et or \u00e9pur\u00e9 et sa pr\u00e9cision horlog\u00e8re in\u00e9gal\u00e9e.","og_url":"https:\/\/waaqt-arabicdial.com\/de\/produkt\/seiko-arabic-dial-white\/","og_site_name":"Waaqt - Expert Seiko Arabic Dial","article_modified_time":"2026-03-03T16:53:47+00:00","og_image":[{"width":500,"height":500,"url":"https:\/\/waaqt-arabicdial.com\/wp-content\/uploads\/2018\/07\/Montre-Seiko-chiffres-arabes-9.webp","type":"image\/webp"}],"twitter_card":"summary_large_image","twitter_misc":{"Gesch\u00e4tzte Lesezeit":"2\u00a0Minuten"},"schema":{"@context":"https:\/\/schema.org","@graph":[{"@type":"WebPage","@id":"https:\/\/waaqt-arabicdial.com\/produit\/seiko-arabic-dial-white\/","url":"https:\/\/waaqt-arabicdial.com\/produit\/seiko-arabic-dial-white\/","name":"Seiko Arabic Dial Blanc SNKP22J1 42mm | Livraison Offerte \u2611\ufe0f","isPartOf":{"@id":"https:\/\/waaqt-arabicdial.com\/#website"},"primaryImageOfPage":{"@id":"https:\/\/waaqt-arabicdial.com\/produit\/seiko-arabic-dial-white\/#primaryimage"},"image":{"@id":"https:\/\/waaqt-arabicdial.com\/produit\/seiko-arabic-dial-white\/#primaryimage"},"thumbnailUrl":"https:\/\/waaqt-arabicdial.com\/wp-content\/uploads\/2018\/07\/Montre-Seiko-chiffres-arabes-9.webp","datePublished":"2018-07-24T05:32:37+00:00","dateModified":"2026-03-03T16:53:47+00:00","description":"D\u00e9couvrez la Seiko Arabic Dial SNKP22J1 White 42mm, avec son cadran blanc et or \u00e9pur\u00e9 et sa pr\u00e9cision horlog\u00e8re in\u00e9gal\u00e9e.","breadcrumb":{"@id":"https:\/\/waaqt-arabicdial.com\/produit\/seiko-arabic-dial-white\/#breadcrumb"},"inLanguage":"de","potentialAction":[{"@type":"ReadAction","target":["https:\/\/waaqt-arabicdial.com\/produit\/seiko-arabic-dial-white\/"]}]},{"@type":"ImageObject","inLanguage":"de","@id":"https:\/\/waaqt-arabicdial.com\/produit\/seiko-arabic-dial-white\/#primaryimage","url":"https:\/\/waaqt-arabicdial.com\/wp-content\/uploads\/2018\/07\/Montre-Seiko-chiffres-arabes-9.webp","contentUrl":"https:\/\/waaqt-arabicdial.com\/wp-content\/uploads\/2018\/07\/Montre-Seiko-chiffres-arabes-9.webp","width":500,"height":500,"caption":"Seiko Arabic Dial White SNKP22J1"},{"@type":"BreadcrumbList","@id":"https:\/\/waaqt-arabicdial.com\/produit\/seiko-arabic-dial-white\/#breadcrumb","itemListElement":[{"@type":"ListItem","position":1,"name":"Accueil","item":"https:\/\/waaqt-arabicdial.com\/"},{"@type":"ListItem","position":2,"name":"Montres Seiko Arabic Dial authentiques","item":"https:\/\/waaqt-arabicdial.com\/shop\/"},{"@type":"ListItem","position":3,"name":"Seiko Arabic Dial Blanc SNKP22J1 42mm"}]},{"@type":"WebSite","@id":"https:\/\/waaqt-arabicdial.com\/#website","url":"https:\/\/waaqt-arabicdial.com\/","name":"Waaqt - Expert Seiko Arabic Dial","description":"Expert Seiko Arabic Dial en France","publisher":{"@id":"https:\/\/waaqt-arabicdial.com\/#organization"},"potentialAction":[{"@type":"SearchAction","target":{"@type":"EntryPoint","urlTemplate":"https:\/\/waaqt-arabicdial.com\/?s={search_term_string}"},"query-input":{"@type":"PropertyValueSpecification","valueRequired":true,"valueName":"search_term_string"}}],"inLanguage":"de"},{"@type":"Organization","@id":"https:\/\/waaqt-arabicdial.com\/#organization","name":"Waaqt - Expert Seiko Arabic Dial","url":"https:\/\/waaqt-arabicdial.com\/","logo":{"@type":"ImageObject","inLanguage":"de","@id":"https:\/\/waaqt-arabicdial.com\/#\/schema\/logo\/image\/","url":"https:\/\/waaqt-arabicdial.com\/wp-content\/uploads\/2023\/06\/WhatsApp_Image_2023-05-26_a_22.33.08-removebg-preview.png","contentUrl":"https:\/\/waaqt-arabicdial.com\/wp-content\/uploads\/2023\/06\/WhatsApp_Image_2023-05-26_a_22.33.08-removebg-preview.png","width":500,"height":500,"caption":"Waaqt - Expert Seiko Arabic Dial"},"image":{"@id":"https:\/\/waaqt-arabicdial.com\/#\/schema\/logo\/image\/"},"sameAs":["https:\/\/www.tiktok.com\/@waaqt.com?_t=8ctOXkcAvyV&_r=1"]}]}},"jetpack_sharing_enabled":true,"_links":{"self":[{"href":"https:\/\/waaqt-arabicdial.com\/de\/wp-json\/wp\/v2\/product\/121","targetHints":{"allow":["GET"]}}],"collection":[{"href":"https:\/\/waaqt-arabicdial.com\/de\/wp-json\/wp\/v2\/product"}],"about":[{"href":"https:\/\/waaqt-arabicdial.com\/de\/wp-json\/wp\/v2\/types\/product"}],"replies":[{"embeddable":true,"href":"https:\/\/waaqt-arabicdial.com\/de\/wp-json\/wp\/v2\/comments?post=121"}],"version-history":[{"count":23,"href":"https:\/\/waaqt-arabicdial.com\/de\/wp-json\/wp\/v2\/product\/121\/revisions"}],"predecessor-version":[{"id":8094,"href":"https:\/\/waaqt-arabicdial.com\/de\/wp-json\/wp\/v2\/product\/121\/revisions\/8094"}],"wp:featuredmedia":[{"embeddable":true,"href":"https:\/\/waaqt-arabicdial.com\/de\/wp-json\/wp\/v2\/media\/6727"}],"wp:attachment":[{"href":"https:\/\/waaqt-arabicdial.com\/de\/wp-json\/wp\/v2\/media?parent=121"}],"wp:term":[{"taxonomy":"product_brand","embeddable":true,"href":"https:\/\/waaqt-arabicdial.com\/de\/wp-json\/wp\/v2\/product_brand?post=121"},{"taxonomy":"product_cat","embeddable":true,"href":"https:\/\/waaqt-arabicdial.com\/de\/wp-json\/wp\/v2\/product_cat?post=121"},{"taxonomy":"product_tag","embeddable":true,"href":"https:\/\/waaqt-arabicdial.com\/de\/wp-json\/wp\/v2\/product_tag?post=121"}],"curies":[{"name":"wp","href":"https:\/\/api.w.org\/{rel}","templated":true}]}}